{"id":18484,"date":"2025-07-10T23:13:02","date_gmt":"2025-07-10T23:13:02","guid":{"rendered":"https:\/\/oudianvalve.com\/?post_type=product&#038;p=18484"},"modified":"2025-07-10T23:23:57","modified_gmt":"2025-07-10T23:23:57","slug":"2205-y-strainer-150lb-21-2-inch-flange-end","status":"publish","type":"product","link":"https:\/\/oudianvalve.com\/ro\/products\/y-strainer\/2205-y-strainer-150lb-21-2-inch-flange-end\/","title":{"rendered":"2205 Y Strainer,150LB,21\/2 Inch,Flange End"},"content":{"rendered":"<p><span class=\"HzN33d\" data-huuid=\"4372782203747120641\">Y strainer<\/span> are usually installed at the inlet of pressure reducing valves, relief valves, constant water level valves, or other equipment to remove impurities from the medium and protect the normal use of valves and equipment.<br \/>\nThe <span class=\"HzN33d\" data-huuid=\"4372782203747120641\">Y strainer<\/span> has the characteristics of advanced structure, low resistance, and convenient discharge.<br \/>\nMediul potrivit pentru filtrele de tip Y poate fi apa sau gazul uleios.<br \/>\nThe 2205\u00a0 <span class=\"HzN33d\" data-huuid=\"4372782203747120641\">Y strainer <\/span>produced by Oudian Valve generally has a water net of 18-30 mesh, a ventilation net of 10-100 mesh, and an oil net of 100-480 mesh.<br \/>\nThe 2205 <span class=\"HzN33d\" data-huuid=\"4372782203747120641\">Y strainer<\/span> should be composed of a valve body, a filter screen, a flange cover, and fasteners. After the liquid enters the filter screen through the pipeline, solid impurities and particles are blocked inside the filter screen, while clean fluid passes through the filter screen and is discharged from the filter outlet.<\/p>\n<p>2205 <span class=\"HzN33d\" data-huuid=\"4372782203747120641\">Y strainer <\/span>features:<br \/>\n1. \u00cen compara\u021bie cu o\u021belul inoxidabil austenitic 316L \u0219i 317L, aliajul 2205 de o\u021bel inoxidabil duplex are performan\u021be superioare \u00een ceea ce prive\u0219te rezisten\u021ba la coroziune pe puncte \u0219i la coroziunea fisurilor. Are rezisten\u021b\u0103 ridicat\u0103 la coroziune, coeficient de dilatare termic\u0103 mai sc\u0103zut \u0219i conductivitate termic\u0103 mai mare \u00een compara\u021bie cu austenita.<br \/>\n2. \u00cen compara\u021bie cu o\u021belul inoxidabil austenitic, aliajul duplex din o\u021bel inoxidabil 2205 are o rezisten\u021b\u0103 de dou\u0103 ori mai mare la compresiune. \u00cen compara\u021bie cu 316L \u0219i 317L, designerii \u00eei pot reduce greutatea. Supapa cu poart\u0103 22052205 este potrivit\u0103 \u00een special pentru intervalul de temperatur\u0103 de -50 \u00b0 F\/+600 \u00b0 F \u0219i poate fi folosit\u0103 \u0219i la temperaturi mai sc\u0103zute, sub restric\u021bii stricte (\u00een special pentru structurile sudate). Compozitie chimica: C0.030 Mns2.00 Si1.00 p0.030 S0.020 Cr 22.0~23.0 Ni 4.5-6.5 M3.0 3.5 N0.140.20 (tip ferita austenita)<\/p>\n<div class=\"WaaZC\">\n<div class=\"RJPOee EIJn2\">\n<div class=\"rPeykc\" data-hveid=\"CAMQAQ\" data-ved=\"2ahUKEwjTmI2JtbOOAxWDs4QIHf_KI_IQo_EKegQIAxAB\"><span class=\"HzN33d\" data-huuid=\"4372782203747120641\">A 2205 Y strainer is \u00a0a type of strainer used in piping systems to remove debris and impurities from a fluid flow, constructed from duplex stainless steel alloy 2205. This alloy offers high strength and excellent corrosion resistance, particularly against chloride and sulfide stress corrosion, making it suitable for harsh environments like seawater.<span class=\"pjBG2e\" data-cid=\"bb75d3f3-9d47-42db-8a79-74eb6bc19e80\"><span class=\"UV3uM\">\u00a0<\/span><\/span><\/span><\/p>\n<div class=\"NPrrbc\" data-cid=\"bb75d3f3-9d47-42db-8a79-74eb6bc19e80\" data-uuids=\"4372782203747120641\">\n<div class=\"BMebGe btku5b fCrZyc LwdV0e FR7ZSc OJeuxf\" tabindex=\"0\" role=\"button\" aria-label=\"\u67e5\u770b\u76f8\u5173\u94fe\u63a5\" data-hveid=\"CAQQAg\" data-ved=\"2ahUKEwjTmI2JtbOOAxWDs4QIHf_KI_IQ3fYKegQIBBAC\">\n<div class=\"niO4u\">\n<div class=\"kHtcsd\"><\/div>\n<\/div>\n<\/div>\n<\/div>\n<\/div>\n<\/div>\n<\/div>\n<div class=\"WaaZC\">\n<div class=\"RJPOee EIJn2\">\n<div class=\"rPeykc\" data-hveid=\"CAsQAQ\" data-ved=\"2ahUKEwjTmI2JtbOOAxWDs4QIHf_KI_IQo_EKegQICxAB\"><span class=\"HzN33d\" data-huuid=\"3285384560515508240\">Here&#8217;s a more detailed breakdown:<\/span><\/div>\n<\/div>\n<\/div>\n<div class=\"WaaZC\">\n<div class=\"RJPOee EIJn2\">\n<div class=\"rPeykc pyPiTc\" data-hveid=\"CAwQAQ\" data-ved=\"2ahUKEwjTmI2JtbOOAxWDs4QIHf_KI_IQo_EKegQIDBAB\"><span class=\"HzN33d\" data-huuid=\"3285384560515507246\">What is a Y Strainer?<\/span><\/div>\n<\/div>\n<\/div>\n<div class=\"WaaZC\">\n<div class=\"RJPOee EIJn2\">\n<ul data-hveid=\"CBgQAQ\" data-ved=\"2ahUKEwjTmI2JtbOOAxWDs4QIHf_KI_IQm_YKegQIGBAB\">\n<li><span class=\"HzN33d\" data-huuid=\"3285384560515509851\">A Y strainer is a pipeline filter with a Y-shaped body that houses a removable screen (usually made of stainless steel).<span class=\"pjBG2e\" data-cid=\"a962cbb7-46f9-4a46-b9d4-f60ce5ac4503\"><span class=\"UV3uM\">\u00a0<\/span><\/span><\/span>\n<div class=\"NPrrbc\" data-cid=\"a962cbb7-46f9-4a46-b9d4-f60ce5ac4503\" data-uuids=\"3285384560515509851\">\n<div class=\"BMebGe btku5b fCrZyc LwdV0e FR7ZSc OJeuxf\" tabindex=\"0\" role=\"button\" aria-label=\"\u67e5\u770b\u76f8\u5173\u94fe\u63a5\" data-hveid=\"CA4QAQ\" data-ved=\"2ahUKEwjTmI2JtbOOAxWDs4QIHf_KI_IQ3fYKegQIDhAB\">\n<div class=\"niO4u\">\n<div class=\"kHtcsd\"><\/div>\n<\/div>\n<\/div>\n<\/div>\n<\/li>\n<li><span class=\"HzN33d\" data-huuid=\"3285384560515508857\">It is designed to trap debris larger than the screen&#8217;s mesh size, preventing them from damaging downstream equipment like pumps or valves.<span class=\"pjBG2e\" data-cid=\"90869273-1bc0-4542-ad94-7cf5fdae14dc\"><span class=\"UV3uM\">\u00a0<\/span><\/span><\/span>\n<div class=\"NPrrbc\" data-cid=\"90869273-1bc0-4542-ad94-7cf5fdae14dc\" data-uuids=\"3285384560515508857\">\n<div class=\"BMebGe btku5b fCrZyc LwdV0e FR7ZSc OJeuxf\" tabindex=\"0\" role=\"button\" aria-label=\"\u67e5\u770b\u76f8\u5173\u94fe\u63a5\" data-hveid=\"CBYQAQ\" data-ved=\"2ahUKEwjTmI2JtbOOAxWDs4QIHf_KI_IQ3fYKegQIFhAB\">\n<div class=\"niO4u\">\n<div class=\"kHtcsd\"><\/div>\n<\/div>\n<\/div>\n<\/div>\n<\/li>\n<li><span class=\"HzN33d\" data-huuid=\"3285384560515507863\">Y strainers are known for their ability to be installed in both horizontal and vertical pipelines and are well-suited for low-pressure applications.<span class=\"pjBG2e\" data-cid=\"12c3f059-3019-4ab5-ae13-b72237166dc4\"><span class=\"UV3uM\">\u00a0<\/span><\/span><\/span>\n<div class=\"NPrrbc\" data-cid=\"12c3f059-3019-4ab5-ae13-b72237166dc4\" data-uuids=\"3285384560515507863\">\n<div class=\"BMebGe btku5b fCrZyc LwdV0e FR7ZSc OJeuxf\" tabindex=\"0\" role=\"button\" aria-label=\"\u67e5\u770b\u76f8\u5173\u94fe\u63a5\" data-hveid=\"CBUQAQ\" data-ved=\"2ahUKEwjTmI2JtbOOAxWDs4QIHf_KI_IQ3fYKegQIFRAB\">\n<div class=\"niO4u\">\n<div class=\"kHtcsd\"><\/div>\n<\/div>\n<\/div>\n<\/div>\n<\/li>\n<\/ul>\n<\/div>\n<\/div>\n<div class=\"WaaZC\">\n<div class=\"RJPOee EIJn2\">\n<div class=\"rPeykc pyPiTc\" data-hveid=\"CB8QAQ\" data-ved=\"2ahUKEwjTmI2JtbOOAxWDs4QIHf_KI_IQo_EKegQIHxAB\"><span class=\"HzN33d\" data-huuid=\"242254039327169425\">What is 2205 Stainless Steel?<\/span><\/div>\n<\/div>\n<\/div>\n<div class=\"WaaZC\">\n<div class=\"RJPOee EIJn2\">\n<ul data-hveid=\"CCIQAQ\" data-ved=\"2ahUKEwjTmI2JtbOOAxWDs4QIHf_KI_IQm_YKegQIIhAB\">\n<li><span class=\"HzN33d\" data-huuid=\"242254039327169550\">2205 is a duplex stainless steel alloy, meaning it contains both austenite and ferrite phases, resulting in high strength and corrosion resistance.<span class=\"pjBG2e\" data-cid=\"8ff803c3-f975-4b31-8b1b-13b45bf46a7a\"><span class=\"UV3uM\">\u00a0<\/span><\/span><\/span>\n<div class=\"NPrrbc\" data-cid=\"8ff803c3-f975-4b31-8b1b-13b45bf46a7a\" data-uuids=\"242254039327169550\">\n<div class=\"BMebGe btku5b fCrZyc LwdV0e FR7ZSc OJeuxf\" tabindex=\"0\" role=\"button\" aria-label=\"\u67e5\u770b\u76f8\u5173\u94fe\u63a5\" data-hveid=\"CCUQAQ\" data-ved=\"2ahUKEwjTmI2JtbOOAxWDs4QIHf_KI_IQ3fYKegQIJRAB\">\n<div class=\"niO4u\">\n<div class=\"kHtcsd\"><\/div>\n<\/div>\n<\/div>\n<\/div>\n<\/li>\n<li><span class=\"HzN33d\" data-huuid=\"242254039327168268\">It offers superior resistance to chloride pitting and crevice corrosion compared to other stainless steels like 316, making it ideal for marine and offshore applications.<span class=\"pjBG2e\" data-cid=\"ce07f05e-1391-4915-a1e2-efcf9ab96ffd\"><span class=\"UV3uM\">\u00a0<\/span><\/span><\/span>\n<div class=\"NPrrbc\" data-cid=\"ce07f05e-1391-4915-a1e2-efcf9ab96ffd\" data-uuids=\"242254039327168268\">\n<div class=\"BMebGe btku5b fCrZyc LwdV0e FR7ZSc OJeuxf\" tabindex=\"0\" role=\"button\" aria-label=\"\u67e5\u770b\u76f8\u5173\u94fe\u63a5\" data-hveid=\"CCoQAQ\" data-ved=\"2ahUKEwjTmI2JtbOOAxWDs4QIHf_KI_IQ3fYKegQIKhAB\">\n<div class=\"niO4u\">\n<div class=\"kHtcsd\"><\/div>\n<\/div>\n<\/div>\n<\/div>\n<\/li>\n<li><span class=\"HzN33d\" data-huuid=\"242254039327166986\">Specifically, 2205 is known for its resistance to stress corrosion cracking, especially in saltwater environments.<span class=\"pjBG2e\" data-cid=\"164d69fa-224f-4800-a95e-712891694475\"><span class=\"UV3uM\">\u00a0<\/span><\/span><\/span>\n<div class=\"NPrrbc\" data-cid=\"164d69fa-224f-4800-a95e-712891694475\" data-uuids=\"242254039327166986\">\n<div class=\"BMebGe btku5b fCrZyc LwdV0e FR7ZSc OJeuxf\" tabindex=\"0\" role=\"button\" aria-label=\"\u67e5\u770b\u76f8\u5173\u94fe\u63a5\" data-hveid=\"CCsQAQ\" data-ved=\"2ahUKEwjTmI2JtbOOAxWDs4QIHf_KI_IQ3fYKegQIKxAB\">\n<div class=\"niO4u\">\n<div class=\"kHtcsd\"><\/div>\n<\/div>\n<\/div>\n<\/div>\n<\/li>\n<\/ul>\n<\/div>\n<\/div>\n<div class=\"WaaZC\">\n<div class=\"RJPOee EIJn2\">\n<div class=\"rPeykc pyPiTc\" data-hveid=\"CDkQAQ\" data-ved=\"2ahUKEwjTmI2JtbOOAxWDs4QIHf_KI_IQo_EKegQIORAB\"><span class=\"HzN33d\" data-huuid=\"3128396355704556794\">Benefits of using a 2205 Y Strainer:<\/span><\/div>\n<\/div>\n<\/div>\n<div class=\"WaaZC\">\n<div class=\"RJPOee EIJn2\">\n<ul data-hveid=\"CEYQAQ\" data-ved=\"2ahUKEwjTmI2JtbOOAxWDs4QIHf_KI_IQm_YKegQIRhAB\">\n<li class=\"K3KsMc\">\n<div class=\"zMgcWd dSKvsb\" data-il=\"\">\n<div data-crb-p=\"\">\n<div class=\"xFTqob\">\n<div class=\"Gur8Ad\"><span class=\"HzN33d\" data-huuid=\"3128396355704555361\"><strong>High Corrosion Resistance:<\/strong><\/span><\/div>\n<div class=\"vM0jzc\"><span class=\"HzN33d\" data-huuid=\"3128396355704553518\">2205 provides excellent resistance to corrosion, making it suitable for use in harsh environments like seawater.<\/span><\/div>\n<\/div>\n<\/div>\n<\/div>\n<\/li>\n<li class=\"K3KsMc\">\n<div class=\"zMgcWd dSKvsb\" data-il=\"\">\n<div data-crb-p=\"\">\n<div class=\"xFTqob\">\n<div class=\"Gur8Ad\"><span class=\"HzN33d\" data-huuid=\"3128396355704553928\"><strong>Strength and Durability:<\/strong><\/span><\/div>\n<div class=\"vM0jzc\"><span class=\"HzN33d\" data-huuid=\"3128396355704556181\">The duplex structure of 2205 provides high strength, allowing for a more compact and lighter design compared to other materials.<\/span><\/div>\n<\/div>\n<\/div>\n<\/div>\n<\/li>\n<li class=\"K3KsMc\">\n<div class=\"zMgcWd dSKvsb\" data-il=\"\">\n<div data-crb-p=\"\">\n<div class=\"xFTqob\">\n<div class=\"Gur8Ad\"><span class=\"HzN33d\" data-huuid=\"3128396355704556591\"><strong>Long Service Life:<\/strong><\/span><\/div>\n<div class=\"vM0jzc\"><span class=\"HzN33d\" data-huuid=\"3128396355704554748\">The corrosion resistance of 2205 can lead to a longer service life for the strainer.<span class=\"pjBG2e\" data-cid=\"3f7b619d-5fb7-4793-8935-4c7b97ee1443\"><span class=\"UV3uM\">\u00a0<\/span><\/span><\/span><\/p>\n<div class=\"NPrrbc\" data-cid=\"3f7b619d-5fb7-4793-8935-4c7b97ee1443\" data-uuids=\"3128396355704555361,3128396355704553518,3128396355704553928,3128396355704556181,3128396355704556591,3128396355704554748\">\n<div class=\"BMebGe btku5b fCrZyc LwdV0e FR7ZSc OJeuxf\" tabindex=\"0\" role=\"button\" aria-label=\"\u67e5\u770b\u76f8\u5173\u94fe\u63a5\" data-hveid=\"CEQQAQ\" data-ved=\"2ahUKEwjTmI2JtbOOAxWDs4QIHf_KI_IQ3fYKegQIRBAB\">\n<div class=\"niO4u\">\n<div class=\"kHtcsd\"><\/div>\n<\/div>\n<\/div>\n<\/div>\n<\/div>\n<\/div>\n<\/div>\n<\/div>\n<\/li>\n<\/ul>\n<\/div>\n<\/div>\n<div class=\"WaaZC\">\n<div class=\"RJPOee EIJn2\">\n<div class=\"rPeykc pyPiTc\" data-hveid=\"CEoQAQ\" data-ved=\"2ahUKEwjTmI2JtbOOAxWDs4QIHf_KI_IQo_EKegQIShAB\"><span class=\"HzN33d\" data-huuid=\"16735998335273747560\">Applications:<\/span><\/div>\n<\/div>\n<\/div>\n<div class=\"WaaZC\">\n<div class=\"RJPOee EIJn2\">\n<ul data-hveid=\"CFkQAQ\" data-ved=\"2ahUKEwjTmI2JtbOOAxWDs4QIHf_KI_IQm_YKegQIWRAB\">\n<li class=\"K3KsMc\">\n<div class=\"zMgcWd dSKvsb\" data-il=\"\">\n<div data-crb-p=\"\">\n<div class=\"xFTqob\">\n<div class=\"Gur8Ad\"><span class=\"HzN33d\" data-huuid=\"16735998335273749383\"><strong>Marine and Offshore:<\/strong><\/span><\/div>\n<div class=\"vM0jzc\"><span class=\"HzN33d\" data-huuid=\"16735998335273747260\">2205 Y strainers are commonly used in seawater cooling systems for engines, pumps, and other equipment.<span class=\"pjBG2e\" data-cid=\"849d89ea-06bf-45e0-9d80-e1bacba62fda\"><span class=\"UV3uM\">\u00a0<\/span><\/span><\/span><\/p>\n<div class=\"NPrrbc\" data-cid=\"849d89ea-06bf-45e0-9d80-e1bacba62fda\" data-uuids=\"16735998335273749383,16735998335273747260\">\n<div class=\"BMebGe btku5b fCrZyc LwdV0e FR7ZSc OJeuxf\" tabindex=\"0\" role=\"button\" aria-label=\"\u67e5\u770b\u76f8\u5173\u94fe\u63a5\" data-hveid=\"CFEQAQ\" data-ved=\"2ahUKEwjTmI2JtbOOAxWDs4QIHf_KI_IQ3fYKegQIURAB\">\n<div class=\"niO4u\">\n<div class=\"kHtcsd\"><\/div>\n<\/div>\n<\/div>\n<\/div>\n<\/div>\n<\/div>\n<\/div>\n<\/div>\n<\/li>\n<li class=\"K3KsMc\">\n<div class=\"zMgcWd dSKvsb\" data-il=\"\">\n<div data-crb-p=\"\">\n<div class=\"xFTqob\">\n<div class=\"Gur8Ad\"><span class=\"HzN33d\" data-huuid=\"16735998335273747110\"><strong>Industrial Processes:<\/strong><\/span><\/div>\n<div class=\"vM0jzc\"><span class=\"HzN33d\" data-huuid=\"16735998335273749083\">They are also used in various industrial applications where corrosion resistance and filtration are needed.<span class=\"pjBG2e\" data-cid=\"ce3502a5-6cb0-4060-9ad6-c43788fb5842\"><span class=\"UV3uM\">\u00a0<\/span><\/span><\/span><\/p>\n<div class=\"NPrrbc\" data-cid=\"ce3502a5-6cb0-4060-9ad6-c43788fb5842\" data-uuids=\"16735998335273747110,16735998335273749083\">\n<div class=\"BMebGe btku5b fCrZyc LwdV0e FR7ZSc OJeuxf\" tabindex=\"0\" role=\"button\" aria-label=\"\u67e5\u770b\u76f8\u5173\u94fe\u63a5\" data-hveid=\"CFUQAQ\" data-ved=\"2ahUKEwjTmI2JtbOOAxWDs4QIHf_KI_IQ3fYKegQIVRAB\">\n<div class=\"niO4u\">\n<div class=\"kHtcsd\"><\/div>\n<\/div>\n<\/div>\n<\/div>\n<\/div>\n<\/div>\n<\/div>\n<\/div>\n<\/li>\n<li class=\"K3KsMc\">\n<div class=\"zMgcWd dSKvsb\" data-il=\"\">\n<div data-crb-p=\"\">\n<div class=\"xFTqob\">\n<div class=\"Gur8Ad\"><span class=\"HzN33d\" data-huuid=\"16735998335273748933\"><strong>Water Treatment:<\/strong><\/span><\/div>\n<div class=\"vM0jzc\"><span class=\"HzN33d\" data-huuid=\"16735998335273746810\">Y strainers are used in water treatment systems to remove debris and protect downstream equipment.<span class=\"pjBG2e\" data-cid=\"db4b1569-2c55-421d-8033-dbd1689a3618\"><span class=\"UV3uM\">\u00a0<\/span><\/span><\/span><\/p>\n<div class=\"NPrrbc\" data-cid=\"db4b1569-2c55-421d-8033-dbd1689a3618\" data-uuids=\"16735998335273748933,16735998335273746810\">\n<div class=\"BMebGe btku5b fCrZyc LwdV0e FR7ZSc OJeuxf\" tabindex=\"0\" role=\"button\" aria-label=\"\u67e5\u770b\u76f8\u5173\u94fe\u63a5\" data-hveid=\"CFIQAQ\" data-ved=\"2ahUKEwjTmI2JtbOOAxWDs4QIHf_KI_IQ3fYKegQIUhAB\">\n<div class=\"niO4u\">\n<div class=\"kHtcsd\"><\/div>\n<\/div>\n<\/div>\n<\/div>\n<\/div>\n<\/div>\n<\/div>\n<\/div>\n<\/li>\n<\/ul>\n<\/div>\n<\/div>\n<div class=\"WaaZC\">\n<div class=\"RJPOee EIJn2\">\n<div class=\"rPeykc pyPiTc\" data-hveid=\"CGUQAQ\" data-ved=\"2ahUKEwjTmI2JtbOOAxWDs4QIHf_KI_IQo_EKegQIZRAB\"><span class=\"HzN33d\" data-huuid=\"9474163650512363824\">Things to Consider:<\/span><\/div>\n<\/div>\n<\/div>\n<div class=\"WaaZC\">\n<div class=\"RJPOee EIJn2\">\n<ul data-hveid=\"CHUQAQ\" data-ved=\"2ahUKEwjTmI2JtbOOAxWDs4QIHf_KI_IQm_YKegQIdRAB\">\n<li><span class=\"HzN33d\" data-huuid=\"9474163650512367177\"><strong>Mesh Size:<\/strong>\u00a0<\/span><span class=\"HzN33d\" data-huuid=\"9474163650512365564\">The mesh size of the screen should be chosen based on the size of the debris you want to remove.<span class=\"pjBG2e\" data-cid=\"8a9f04b6-18c1-4193-9272-5c6da7e65cc8\"><span class=\"UV3uM\">\u00a0<\/span><\/span><\/span>\n<div class=\"NPrrbc\" data-cid=\"8a9f04b6-18c1-4193-9272-5c6da7e65cc8\" data-uuids=\"9474163650512367177,9474163650512365564\">\n<div class=\"BMebGe btku5b fCrZyc LwdV0e FR7ZSc OJeuxf\" tabindex=\"0\" role=\"button\" aria-label=\"\u67e5\u770b\u76f8\u5173\u94fe\u63a5\" data-hveid=\"CHIQAQ\" data-ved=\"2ahUKEwjTmI2JtbOOAxWDs4QIHf_KI_IQ3fYKegQIchAB\">\n<div class=\"niO4u\">\n<div class=\"kHtcsd\"><\/div>\n<\/div>\n<\/div>\n<\/div>\n<\/li>\n<li><span class=\"HzN33d\" data-huuid=\"9474163650512366434\"><strong>Flow Rate:<\/strong>\u00a0<\/span><span class=\"HzN33d\" data-huuid=\"9474163650512364821\">The flow rate of the fluid should be considered to ensure the strainer doesn&#8217;t create excessive pressure drop.<span class=\"pjBG2e\" data-cid=\"b30a4467-6dc6-427a-bfb3-84531e8a458d\"><span class=\"UV3uM\">\u00a0<\/span><\/span><\/span>\n<div class=\"NPrrbc\" data-cid=\"b30a4467-6dc6-427a-bfb3-84531e8a458d\" data-uuids=\"9474163650512366434,9474163650512364821\">\n<div class=\"BMebGe btku5b fCrZyc LwdV0e FR7ZSc OJeuxf\" tabindex=\"0\" role=\"button\" aria-label=\"\u67e5\u770b\u76f8\u5173\u94fe\u63a5\" data-hveid=\"CHEQAQ\" data-ved=\"2ahUKEwjTmI2JtbOOAxWDs4QIHf_KI_IQ3fYKegQIcRAB\">\n<div class=\"niO4u\">\n<div class=\"kHtcsd\"><\/div>\n<\/div>\n<\/div>\n<\/div>\n<\/li>\n<li><span class=\"HzN33d\" data-huuid=\"9474163650512365691\"><strong>Maintenance:<\/strong>\u00a0<\/span><span class=\"HzN33d\" data-huuid=\"9474163650512364078\">Y strainers need periodic cleaning to remove accumulated debris.<span class=\"pjBG2e\" data-cid=\"89e97493-e727-4ec7-b2f3-6400ce1ed71e\"><span class=\"UV3uM\">\u00a0<\/span><\/span><\/span><\/li>\n<li>\n<h2>\u00a02205 Y Strainer Mesh Size Comparison Chart<\/h2>\n<table class=\"tg\" style=\"height: 926px;\" width=\"1156\">\n<tbody>\n<tr>\n<th class=\"tg-q19q\">Mesh Number<\/th>\n<th class=\"tg-q19q\">Inches<\/th>\n<th class=\"tg-q19q\">Microns<\/th>\n<th class=\"tg-q19q\">Millimetres<\/th>\n<\/tr>\n<tr>\n<td class=\"tg-opv3\">3<\/td>\n<td class=\"tg-opv3\">0.265<\/td>\n<td class=\"tg-opv3\">6730<\/td>\n<td class=\"tg-opv3\">6.73<\/td>\n<\/tr>\n<tr>\n<td class=\"tg-q19q\">4<\/td>\n<td class=\"tg-q19q\">0.187<\/td>\n<td class=\"tg-q19q\">4760<\/td>\n<td class=\"tg-q19q\">4.76<\/td>\n<\/tr>\n<tr>\n<td class=\"tg-opv3\">5<\/td>\n<td class=\"tg-opv3\">0.157<\/td>\n<td class=\"tg-opv3\">4000<\/td>\n<td class=\"tg-opv3\">4<\/td>\n<\/tr>\n<tr>\n<td class=\"tg-q19q\">6<\/td>\n<td class=\"tg-q19q\">0.132<\/td>\n<td class=\"tg-q19q\">3360<\/td>\n<td class=\"tg-q19q\">3.36<\/td>\n<\/tr>\n<tr>\n<td class=\"tg-opv3\">7<\/td>\n<td class=\"tg-opv3\">0.111<\/td>\n<td class=\"tg-opv3\">2830<\/td>\n<td class=\"tg-opv3\">2.83<\/td>\n<\/tr>\n<tr>\n<td class=\"tg-q19q\">8<\/td>\n<td class=\"tg-q19q\">0.0937<\/td>\n<td class=\"tg-q19q\">2380<\/td>\n<td class=\"tg-q19q\">2.38<\/td>\n<\/tr>\n<tr>\n<td class=\"tg-opv3\">10<\/td>\n<td class=\"tg-opv3\">0.0787<\/td>\n<td class=\"tg-opv3\">2000<\/td>\n<td class=\"tg-opv3\">2<\/td>\n<\/tr>\n<tr>\n<td class=\"tg-q19q\">12<\/td>\n<td class=\"tg-q19q\">0.0661<\/td>\n<td class=\"tg-q19q\">1680<\/td>\n<td class=\"tg-q19q\">1.68<\/td>\n<\/tr>\n<tr>\n<td class=\"tg-opv3\">14<\/td>\n<td class=\"tg-opv3\">0.0555<\/td>\n<td class=\"tg-opv3\">1410<\/td>\n<td class=\"tg-opv3\">1.41<\/td>\n<\/tr>\n<tr>\n<td class=\"tg-q19q\">16<\/td>\n<td class=\"tg-q19q\">0.0469<\/td>\n<td class=\"tg-q19q\">1190<\/td>\n<td class=\"tg-q19q\">1.19<\/td>\n<\/tr>\n<tr>\n<td class=\"tg-opv3\">18<\/td>\n<td class=\"tg-opv3\">0.0394<\/td>\n<td class=\"tg-opv3\">1000<\/td>\n<td class=\"tg-opv3\">1<\/td>\n<\/tr>\n<tr>\n<td class=\"tg-q19q\">20<\/td>\n<td class=\"tg-q19q\">0.0331<\/td>\n<td class=\"tg-q19q\">841<\/td>\n<td class=\"tg-q19q\">0.841<\/td>\n<\/tr>\n<tr>\n<td class=\"tg-opv3\">25<\/td>\n<td class=\"tg-opv3\">0.028<\/td>\n<td class=\"tg-opv3\">707<\/td>\n<td class=\"tg-opv3\">0.707<\/td>\n<\/tr>\n<tr>\n<td class=\"tg-q19q\">30<\/td>\n<td class=\"tg-q19q\">0.0232<\/td>\n<td class=\"tg-q19q\">595<\/td>\n<td class=\"tg-q19q\">0.595<\/td>\n<\/tr>\n<tr>\n<td class=\"tg-opv3\">35<\/td>\n<td class=\"tg-opv3\">0.0197<\/td>\n<td class=\"tg-opv3\">500<\/td>\n<td class=\"tg-opv3\">0.5<\/td>\n<\/tr>\n<tr>\n<td class=\"tg-q19q\">40<\/td>\n<td class=\"tg-q19q\">0.0165<\/td>\n<td class=\"tg-q19q\">400<\/td>\n<td class=\"tg-q19q\">0.4<\/td>\n<\/tr>\n<tr>\n<td class=\"tg-opv3\">45<\/td>\n<td class=\"tg-opv3\">0.0138<\/td>\n<td class=\"tg-opv3\">354<\/td>\n<td class=\"tg-opv3\">0.354<\/td>\n<\/tr>\n<tr>\n<td class=\"tg-q19q\">50<\/td>\n<td class=\"tg-q19q\">0.0117<\/td>\n<td class=\"tg-q19q\">297<\/td>\n<td class=\"tg-q19q\">0.297<\/td>\n<\/tr>\n<tr>\n<td class=\"tg-opv3\">60<\/td>\n<td class=\"tg-opv3\">0.0098<\/td>\n<td class=\"tg-opv3\">250<\/td>\n<td class=\"tg-opv3\">0.25<\/td>\n<\/tr>\n<tr>\n<td class=\"tg-q19q\">70<\/td>\n<td class=\"tg-q19q\">0.0083<\/td>\n<td class=\"tg-q19q\">210<\/td>\n<td class=\"tg-q19q\">0.21<\/td>\n<\/tr>\n<tr>\n<td class=\"tg-opv3\">80<\/td>\n<td class=\"tg-opv3\">0.007<\/td>\n<td class=\"tg-opv3\">177<\/td>\n<td class=\"tg-opv3\">0.177<\/td>\n<\/tr>\n<tr>\n<td class=\"tg-q19q\">100<\/td>\n<td class=\"tg-q19q\">0.0059<\/td>\n<td class=\"tg-q19q\">149<\/td>\n<td class=\"tg-q19q\">0.149<\/td>\n<\/tr>\n<tr>\n<td class=\"tg-opv3\">120<\/td>\n<td class=\"tg-opv3\">0.0049<\/td>\n<td class=\"tg-opv3\">125<\/td>\n<td class=\"tg-opv3\">0.125<\/td>\n<\/tr>\n<tr>\n<td class=\"tg-q19q\">140<\/td>\n<td class=\"tg-q19q\">0.0041<\/td>\n<td class=\"tg-q19q\">105<\/td>\n<td class=\"tg-q19q\">0.105<\/td>\n<\/tr>\n<tr>\n<td class=\"tg-opv3\">170<\/td>\n<td class=\"tg-opv3\">0.0035<\/td>\n<td class=\"tg-opv3\">88<\/td>\n<td class=\"tg-opv3\">0.088<\/td>\n<\/tr>\n<tr>\n<td class=\"tg-q19q\">200<\/td>\n<td class=\"tg-q19q\">0.0029<\/td>\n<td class=\"tg-q19q\">74<\/td>\n<td class=\"tg-q19q\">0.074<\/td>\n<\/tr>\n<tr>\n<td class=\"tg-opv3\">230<\/td>\n<td class=\"tg-opv3\">0.0024<\/td>\n<td class=\"tg-opv3\">63<\/td>\n<td class=\"tg-opv3\">0.063<\/td>\n<\/tr>\n<tr>\n<td class=\"tg-q19q\">270<\/td>\n<td class=\"tg-q19q\">0.0021<\/td>\n<td class=\"tg-q19q\">53<\/td>\n<td class=\"tg-q19q\">0.053<\/td>\n<\/tr>\n<tr>\n<td class=\"tg-opv3\">325<\/td>\n<td class=\"tg-opv3\">0.0017<\/td>\n<td class=\"tg-opv3\">44<\/td>\n<td class=\"tg-opv3\">0.044<\/td>\n<\/tr>\n<tr>\n<td class=\"tg-q19q\">400<\/td>\n<td class=\"tg-q19q\">0.0015<\/td>\n<td class=\"tg-q19q\">37<\/td>\n<td class=\"tg-q19q\">0.037<\/td>\n<\/tr>\n<\/tbody>\n<\/table>\n<p>2205 Y Strainer,150LB 2205 Y Strainer,21\/2 Inch 2205 Y Strainer,Flange End 2205 Y Strainer<\/li>\n<\/ul>\n<\/div>\n<\/div>\n<p><script src=\"chrome-extension:\/\/fpelahbljekknahkcaegamhcndkfpfnc\/iFrame.js\" type=\"text\/javascript\"><\/script><\/p>","protected":false},"excerpt":{"rendered":"<p>Sita super duplex din o\u021bel inoxidabil tip Y o\u021bel turnat 5A \/ 2205 cu flan\u0219\u0103 la Ansi CL600LB<\/p>\n<p>Standarde pentru sita de tip Y<br \/>\nProiectare \u0219i fabrica\u021bie: ASME B16.34<br \/>\nInterval de dimensiuni: DN15 p\u00e2n\u0103 la DN1200<br \/>\nInterval de presiune: PN 10 p\u00e2n\u0103 la PN160<br \/>\nInspec\u021bie \u0219i testare: API 598<br \/>\nDimensiunea flan\u0219ei de cap\u0103t: ASME B16.5, ASME B16.47 A<br \/>\nDimensiune final\u0103 BW: ASME B16.25<br \/>\nFa\u021b\u0103 \u00een fa\u021b\u0103 \u0219i cap\u0103t la cap\u0103t: ASME B16.10<br \/>\nEvalu\u0103ri presiune-temperatura: ASME B16.34<br \/>\nMaterial: ASTM A351 CF8, ASTM A351 CF8M, ASTM A351 CF3M, ASTM A351 CF8C<br \/>\nCN3MN, CK3MCUN, CN7M, ASTM A890 4A(CD3MN), ASTM A890 5A(CE3MN)<\/p>\n<p>Aliajul de filtru de tip 2205 Y este un o\u021bel inoxidabil duplex compus din aliaje compozite de crom 21%, zinc 2,5% \u0219i aliaje compozite de nichel 4,5%. Are o rezisten\u021b\u0103 ridicat\u0103, o rezisten\u021b\u0103 bun\u0103 la impact \u0219i o bun\u0103 rezisten\u021b\u0103 general\u0103 \u0219i local\u0103 la coroziune la stres.<\/p>\n<p>Filtrul 2205 Y este un dispozitiv de filtrare indispensabil \u00een sistemul de conducte pentru transportul mediilor,<\/p>","protected":false},"featured_media":18485,"template":"","meta":{"advanced_seo_description":"","jetpack_seo_html_title":"","jetpack_seo_noindex":false},"product_brand":[],"product_cat":[84],"product_tag":[576,577,575,574,573,578],"class_list":{"0":"post-18484","1":"product","2":"type-product","3":"status-publish","4":"has-post-thumbnail","6":"product_cat-y-strainer","7":"product_tag-150lb-2205-y-strainer","8":"product_tag-21-2-inch-2205-y-strainer","9":"product_tag-2205-y-strainer","10":"product_tag-2205-y-strainer-features","11":"product_tag-2205-y-strainer-mesh-size","12":"product_tag-flange-end-2205-y-strainer","14":"first","15":"instock","16":"shipping-taxable","17":"product-type-simple"},"jetpack_sharing_enabled":true,"_links":{"self":[{"href":"https:\/\/oudianvalve.com\/ro\/wp-json\/wp\/v2\/product\/18484","targetHints":{"allow":["GET"]}}],"collection":[{"href":"https:\/\/oudianvalve.com\/ro\/wp-json\/wp\/v2\/product"}],"about":[{"href":"https:\/\/oudianvalve.com\/ro\/wp-json\/wp\/v2\/types\/product"}],"wp:featuredmedia":[{"embeddable":true,"href":"https:\/\/oudianvalve.com\/ro\/wp-json\/wp\/v2\/media\/18485"}],"wp:attachment":[{"href":"https:\/\/oudianvalve.com\/ro\/wp-json\/wp\/v2\/media?parent=18484"}],"wp:term":[{"taxonomy":"product_brand","embeddable":true,"href":"https:\/\/oudianvalve.com\/ro\/wp-json\/wp\/v2\/product_brand?post=18484"},{"taxonomy":"product_cat","embeddable":true,"href":"https:\/\/oudianvalve.com\/ro\/wp-json\/wp\/v2\/product_cat?post=18484"},{"taxonomy":"product_tag","embeddable":true,"href":"https:\/\/oudianvalve.com\/ro\/wp-json\/wp\/v2\/product_tag?post=18484"}],"curies":[{"name":"wp","href":"https:\/\/api.w.org\/{rel}","templated":true}]}}