{"id":18475,"date":"2025-07-09T02:34:07","date_gmt":"2025-07-09T02:34:07","guid":{"rendered":"https:\/\/oudianvalve.com\/?post_type=product&#038;p=18475"},"modified":"2025-07-09T02:34:08","modified_gmt":"2025-07-09T02:34:08","slug":"api602-piston-check-valveastm-a105n2-inchrf-end","status":"publish","type":"product","link":"https:\/\/oudianvalve.com\/ro\/products\/check-valves\/api602-piston-check-valveastm-a105n2-inchrf-end\/","title":{"rendered":"API602 Piston Check Valve,ASTM A105N,2 Inch,RF End"},"content":{"rendered":"<p>1. Proiectare \u0219i fabrica\u021bie: API 602<br \/>\n2. Construc\u021bii: OS&amp;Y, Capot\u0103 cu \u0219uruburi, Capot\u0103 sudat\u0103 \u0219i Capot\u0103 etan\u0219at\u0103 la presiune;<br \/>\n3. Port complet \/ Port redus<br \/>\n4. Size Range: 1\/2\u2033 to 4\u2033.<br \/>\n5. Presiune nominal\u0103: ANSI 800, 900, 1500 \u0219i 2500<br \/>\n6. Conexiuni la cap\u0103t: filetat, cu flan\u0219\u0103, sudur\u0103 cap la cap, sudur\u0103 cu muf\u0103.<br \/>\n7. Materiale Disponibil \u00een: A105, LF2, F5, F11, F22, F304, F316, F51 sau Echivalent;<br \/>\n8. Sunt disponibile diverse materiale de finisare pentru a se potrivi diferitelor condi\u021bii de service<br \/>\n9. NACE MR 0175 la cerere<br \/>\n10.Test \u0219i inspec\u021bie: API598<\/p>\n<p>&nbsp;<\/p>\n<p>Caracteristici importante:<br \/>\nUn design compact, dar extrem de robust pentru servicii de presiune \u0219i temperatur\u0103 ridicat\u0103 Design capac cu \u0219uruburi, capac u\u0219or de deschis<br \/>\nDisc de ghidare a corpului tip piston<br \/>\nAsigura\u021bi alinierea perfect\u0103 a discului \u0219i a arcului inel al scaunului, \u00eenc\u0103rcat la cerere<br \/>\nStellited F6 Disc &amp; Seat optional<br \/>\nElemente de fixare B7\/2H de \u00eenalt\u0103 rezisten\u021b\u0103<\/p>\n<p>Aplica\u021bie<br \/>\nCentrale electrice \u0219i industrii de procesUzini \u0219i rafin\u0103rii petrochimiceUzini de ciment \u0219i \u00eengr\u0103\u0219\u0103minte<br \/>\nO\u021bel\u0103rie<br \/>\nIndustrii de proces \u0219i generale<br \/>\nIndustrii de zah\u0103r \u0219i fabrici de distilerie<br \/>\nAp\u0103, abur, gaz, ulei \u0219i alte medii neagresive<\/p>","protected":false},"excerpt":{"rendered":"<p>1500LB Piston Check Valve,\u00a02 Inch 1500LB Piston Check Valve,\u00a0A105 1500LB Piston Check Valve, API 602 1500LB Piston Check Valve,\u00a0RF End 1500LB Piston Check Valve<\/p>","protected":false},"featured_media":18477,"template":"","meta":{"advanced_seo_description":"","jetpack_seo_html_title":"","jetpack_seo_noindex":false},"product_brand":[],"product_cat":[82],"product_tag":[558,559,560,561,562],"class_list":{"0":"post-18475","1":"product","2":"type-product","3":"status-publish","4":"has-post-thumbnail","6":"product_cat-check-valves","7":"product_tag-1500lb-piston-check-valve","8":"product_tag-2-inch-1500lb-piston-check-valve","9":"product_tag-a105-1500lb-piston-check-valve","10":"product_tag-api-602-1500lb-piston-check-valve","11":"product_tag-rf-end-1500lb-piston-check-valve","13":"first","14":"instock","15":"shipping-taxable","16":"product-type-simple"},"jetpack_sharing_enabled":true,"_links":{"self":[{"href":"https:\/\/oudianvalve.com\/ro\/wp-json\/wp\/v2\/product\/18475","targetHints":{"allow":["GET"]}}],"collection":[{"href":"https:\/\/oudianvalve.com\/ro\/wp-json\/wp\/v2\/product"}],"about":[{"href":"https:\/\/oudianvalve.com\/ro\/wp-json\/wp\/v2\/types\/product"}],"wp:featuredmedia":[{"embeddable":true,"href":"https:\/\/oudianvalve.com\/ro\/wp-json\/wp\/v2\/media\/18477"}],"wp:attachment":[{"href":"https:\/\/oudianvalve.com\/ro\/wp-json\/wp\/v2\/media?parent=18475"}],"wp:term":[{"taxonomy":"product_brand","embeddable":true,"href":"https:\/\/oudianvalve.com\/ro\/wp-json\/wp\/v2\/product_brand?post=18475"},{"taxonomy":"product_cat","embeddable":true,"href":"https:\/\/oudianvalve.com\/ro\/wp-json\/wp\/v2\/product_cat?post=18475"},{"taxonomy":"product_tag","embeddable":true,"href":"https:\/\/oudianvalve.com\/ro\/wp-json\/wp\/v2\/product_tag?post=18475"}],"curies":[{"name":"wp","href":"https:\/\/api.w.org\/{rel}","templated":true}]}}