{"id":18438,"date":"2025-06-14T13:01:23","date_gmt":"2025-06-14T13:01:23","guid":{"rendered":"https:\/\/oudianvalve.com\/?post_type=product&#038;p=18438"},"modified":"2025-06-14T13:10:57","modified_gmt":"2025-06-14T13:10:57","slug":"cn7m-gate-valve-3-inch-api-600-150lb-rf","status":"publish","type":"product","link":"https:\/\/oudianvalve.com\/ro\/products\/gate-valves\/cn7m-gate-valve-3-inch-api-600-150lb-rf\/","title":{"rendered":"Van\u0103 cu poart\u0103 CN7M, 3 inch, API 600, 150LB, RF"},"content":{"rendered":"<p>Nume produs: Valv\u0103 cu poart\u0103 flexibil\u0103 cu pan\u0103<br \/>\nStandard de proiectare: API 600<br \/>\nMaterialul corpului: Van\u0103 cu poart\u0103 CN7M<br \/>\nDimensiune: 3 inci, DN80<br \/>\nPresiune: Clasa 150 LB, PN20<br \/>\nConexiune final\u0103: Flan\u0219\u0103 RF<br \/>\nOperare: Roat\u0103 de m\u00e2n\u0103<\/p>\n<p data-pm-slice=\"0 0 []\">Vanele cu poart\u0103 din o\u021bel turnat Kosen sunt special proiectate pentru a ob\u021bine scurgeri minime, asigur\u00e2nd emisii de COV mai mici de 100 ppm (p\u0103r\u021bi per milion). Pentru a \u00eendeplini aceast\u0103 cerin\u021b\u0103, au fost efectuate teste de laborator extinse, inclusiv teste statice \u0219i ciclice. Aceste teste ajut\u0103 la stabilirea parametrilor critici de proiectare necesari pentru ob\u021binerea unei etan\u0219\u0103ri fiabile cu emisii reduse, at\u00e2t \u00een zonele de etan\u0219are a garniturii tijei, c\u00e2t \u0219i a garniturii capacului. \u00cen plus, se efectueaz\u0103 periodic o procedur\u0103 de testare intern\u0103 dedicat\u0103 pentru a verifica dac\u0103 procesele standard de proiectare \u0219i fabrica\u021bie au ca rezultat \u00een mod constant o rat\u0103 de scurgere a COV care nu dep\u0103\u0219e\u0219te 100 ppm, \u00eenainte de livrare.<\/p>\n<p><strong>Specificatii tehnice<\/strong><\/p>\n<p>\u00bb Diametru nominal: NPS 2-48 inch (DN50-DN1200)<br \/>\n\u00bb Interval de temperatur\u0103: -29\u00b0C p\u00e2n\u0103 la 595\u00b0C<br \/>\n\u00bb Presiune de proiectare: Clasa 150-2500 LB (PN10-PN420)<br \/>\n\u00bb Materiale: ASTM A216 WCB, WCC, A217 WC6, WC9, C5, C12A, A352 LCB, LCC, A351 CF8, CF8M, CF3M, CF8C, CN3MN, CK3MCUN, CN7M, A890 4A (CD3MN), 5A (CE3MN), 6A (CD3MWCuN), B148 C95800, C95500<br \/>\n\u00bb Conexiuni terminale: Flan\u0219e (FF, RF, RTJ) conform standardelor interna\u021bionale<br \/>\n\u00bb Ac\u021bionare: Roat\u0103 manual\u0103, Angrenaj conic, Electric\u0103, Pneumatic\u0103<br \/>\n\u00bb Standarde de proiectare \u0219i fabrica\u021bie: ANSI B16.34, API 600, API 6D, API 603, BS 1414<br \/>\n\u00bb Fa\u021b\u0103 \u00een fa\u021b\u0103 (Cap la Cap): ANSI B16.10, API 6D<br \/>\n\u00bb Conexiuni cu flan\u0219\u0103: 2-24 inch conform ANSI B16.5; 22 inch, 26-36 inch conform MSS-SP-44 sau API 605 (la cerere)<br \/>\n\u00bb Standarde de testare \u0219i inspec\u021bie: API 598, API 6D<br \/>\n\u00bb Capetele sudate cap la cap: ANSI B16.25<\/p>\n<p>Oudian Valve este un produc\u0103tor de valve cu poart\u0103 CN7M, valve cu poart\u0103 CN7M de 3 inch, valve cu poart\u0103 API 600 CN7M, valve cu poart\u0103 CN7M de 150 LB, valve cu poart\u0103 RF END CN7M.<br \/>\nValv\u0103 cu poart\u0103 M35-1 \u2013 Produc\u0103tori, Furnizori, Fabric\u0103 din China<\/p>","protected":false},"excerpt":{"rendered":"<p><strong>caracteristicile produsului<\/strong><\/p>\n<p>\u00bb OS&amp;Y (tij\u0103 exterioar\u0103 \u0219i furc\u0103), capac cu \u0219uruburi, tij\u0103 ascendent\u0103<br \/>\n\u00bb Curs\u0103 scurt\u0103 pentru deschidere\/\u00eenchidere u\u0219oar\u0103 \u0219i rapid\u0103<br \/>\n\u00bb Pentru dimensiuni mari \u0219i presiune ridicat\u0103: Con de relief = Bypass intern<br \/>\n\u00bb Op\u021biuni de etan\u0219are a discului: Etan\u0219are plan\u0103, Con de accelera\u021bie = Disc de reglare<br \/>\n\u00bb Op\u021biuni scaun corp: Scaun filetat sau scaun sudat<br \/>\n\u00bb Etan\u0219are metalic\u0103 (API Trim #1, #5, #8, #10 \u0219i altele)<br \/>\n\u00bb Dispozitiv de blocare op\u021bional sau extensie a tijei<br \/>\n\u00bb Montare direct\u0103 op\u021bional\u0103 conform ISO 5211<br \/>\n\u00bb Port redus\/Port complet<\/p>\n<p>Aceast\u0103 van\u0103 cu poart\u0103 ASTM A351 CN7M este o van\u0103 cu poart\u0103 OS&amp;Y fabricat\u0103 din o\u021bel inoxidabil turnat, conceput\u0103 pentru a oferi un control precis al debitului \u00een diverse aplica\u021bii industriale. Fabricat\u0103 conform standardelor API600\/ASME16.34, este disponibil\u0103 \u00eentr-o dimensiune de 3 inch (DN150) cu o presiune nominal\u0103 de Clasa 150 LB (PN20). Echipat\u0103 cu capete cu flan\u0219e RF pentru instalare u\u0219oar\u0103 \u0219i o roat\u0103 de m\u00e2n\u0103 pentru ac\u021bionare manual\u0103, aceast\u0103 van\u0103 asigur\u0103 performan\u021be durabile \u0219i fiabile \u00een medii solicitante.<\/p>","protected":false},"featured_media":18439,"template":"","meta":{"advanced_seo_description":"","jetpack_seo_html_title":"","jetpack_seo_noindex":false},"product_brand":[],"product_cat":[81],"product_tag":[531,204,530,529,207],"class_list":{"0":"post-18438","1":"product","2":"type-product","3":"status-publish","4":"has-post-thumbnail","6":"product_cat-gate-valves","7":"product_tag-150-lb-cn7m-gate-valve","8":"product_tag-3-inch-cn7m-gate-valve","9":"product_tag-api-600-cn7m-gate-valve","10":"product_tag-cn7m-gate-valve-manufacture","11":"product_tag-rf-end-cn7m-gate-valve","13":"first","14":"instock","15":"shipping-taxable","16":"product-type-simple"},"jetpack_sharing_enabled":true,"_links":{"self":[{"href":"https:\/\/oudianvalve.com\/ro\/wp-json\/wp\/v2\/product\/18438","targetHints":{"allow":["GET"]}}],"collection":[{"href":"https:\/\/oudianvalve.com\/ro\/wp-json\/wp\/v2\/product"}],"about":[{"href":"https:\/\/oudianvalve.com\/ro\/wp-json\/wp\/v2\/types\/product"}],"wp:featuredmedia":[{"embeddable":true,"href":"https:\/\/oudianvalve.com\/ro\/wp-json\/wp\/v2\/media\/18439"}],"wp:attachment":[{"href":"https:\/\/oudianvalve.com\/ro\/wp-json\/wp\/v2\/media?parent=18438"}],"wp:term":[{"taxonomy":"product_brand","embeddable":true,"href":"https:\/\/oudianvalve.com\/ro\/wp-json\/wp\/v2\/product_brand?post=18438"},{"taxonomy":"product_cat","embeddable":true,"href":"https:\/\/oudianvalve.com\/ro\/wp-json\/wp\/v2\/product_cat?post=18438"},{"taxonomy":"product_tag","embeddable":true,"href":"https:\/\/oudianvalve.com\/ro\/wp-json\/wp\/v2\/product_tag?post=18438"}],"curies":[{"name":"wp","href":"https:\/\/api.w.org\/{rel}","templated":true}]}}