{"id":18428,"date":"2025-06-14T07:51:33","date_gmt":"2025-06-14T07:51:33","guid":{"rendered":"https:\/\/oudianvalve.com\/?post_type=product&#038;p=18428"},"modified":"2025-07-11T00:08:31","modified_gmt":"2025-07-11T00:08:31","slug":"2505-gate-valve-3-inch-api-600-600-lb-rf","status":"publish","type":"product","link":"https:\/\/oudianvalve.com\/ro\/products\/gate-valves\/2505-gate-valve-3-inch-api-600-600-lb-rf\/","title":{"rendered":"2505 Gate Valve, 3 Inch, API 600, 600 LB, RF"},"content":{"rendered":"<p>Material principal:<\/p>\n<p><strong>Van\u0103 cu poart\u0103 duplex din o\u021bel inoxidabil 4A 2205 5A 2507 CD4MCuN CD3MWCuN<\/strong><\/p>\n<p>Clasificarea \u0219i caracteristicile supapei cu poart\u0103 din o\u021bel 2205<br \/>\nClasificarea metodelor de conectare<br \/>\nSupapa cu poart\u0103 din o\u021bel 2205 are diverse metode de conectare pentru a satisface nevoile diferitelor condi\u021bii de lucru, inclusiv \u00een principal tipul cu flan\u0219\u0103, tipul cu plachet\u0103, tipul cu sudur\u0103 etc.<\/p>\n<p>Van\u0103 cu flan\u0219\u0103:<br \/>\nConectarea cu flan\u0219\u0103 este cea mai comun\u0103 metod\u0103 de conectare a supapelor, potrivit\u0103 pentru diverse condi\u021bii de presiune \u0219i temperatur\u0103. Supapa cu poart\u0103 cu flan\u0219\u0103 din o\u021bel 2205 este conectat\u0103 str\u00e2ns la flan\u0219a conductei prin \u0219uruburi pentru a asigura etan\u0219area \u0219i stabilitatea. Avantajul s\u0103u este c\u0103 este u\u0219or de instalat, dezasamblat \u0219i reparat \u0219i este utilizat\u0103 pe scar\u0103 larg\u0103 \u00een sistemele de conducte din industria petrolier\u0103, chimic\u0103 \u0219i alte industrii.<\/p>\n<p>Supap\u0103 cu poart\u0103 tip wafer:<br \/>\nConexiunea plachetei utilizeaz\u0103 flan\u0219a original\u0103 a conductei pentru prindere \u0219i fixare, f\u0103r\u0103 a fi nevoie de flan\u0219e suplimentare, av\u00e2nd caracteristici precum structur\u0103 simpl\u0103, greutate redus\u0103 \u0219i instalare convenabil\u0103. Aceast\u0103 metod\u0103 de conectare este potrivit\u0103 \u00een special pentru situa\u021bii cu spa\u021biu limitat sau \u00eentre\u021binere frecvent\u0103, cum ar fi sistemele de alimentare cu ap\u0103 \u0219i drenaj \u0219i conductele de protec\u021bie \u00eempotriva incendiilor.<\/p>\n<p>Van\u0103 cu poart\u0103 sudat\u0103:<br \/>\nConexiunea sudat\u0103 sudeaz\u0103 direct robinetul la conduct\u0103 pentru a ob\u021bine o conexiune perfect\u0103, cu cea mai mare etan\u0219are \u0219i stabilitate. Potrivit pentru medii cu temperaturi ridicate, presiune ridicat\u0103 sau medii extrem de corozive, cum ar fi conducta de ie\u0219ire a unui reactor chimic, \u0219i poate rezista la testul condi\u021biilor dure de lucru pentru o perioad\u0103 lung\u0103 de timp.<\/p>\n<p>Clasificare structural\u0103<br \/>\nRobinetele cu poart\u0103 din o\u021bel 2205 pot fi \u00eemp\u0103r\u021bite \u00een mai multe tipuri \u00een func\u021bie de structur\u0103, cum ar fi robinete cu poart\u0103 cu tij\u0103 ascendent\u0103, robinete cu poart\u0103 cu tij\u0103 neascendent\u0103, robinete cu poart\u0103 paralel\u0103, robinete cu poart\u0103 elastic\u0103 etc. Fiecare structur\u0103 are propriul principiu de func\u021bionare unic \u0219i scenarii aplicabile.<\/p>\n<p>Van\u0103 cu poart\u0103 cu tij\u0103 ascendent\u0103:<br \/>\nPiuli\u021ba tijei robinetului cu tij\u0103 ascendent\u0103 se afl\u0103 pe capacul sau suportul robinetului. La deschiderea \u0219i \u00eenchiderea robinetului, piuli\u021ba tijei este rotit\u0103 pentru a realiza ridicarea \u0219i cobor\u00e2rea tijei robinetului. Aceast\u0103 structur\u0103 este benefic\u0103 pentru lubrifierea tijei robinetului, gradul de deschidere \u0219i \u00eenchidere este evident \u0219i este convenabil s\u0103 se observe starea robinetului \u0219i este utilizat\u0103 pe scar\u0103 larg\u0103.<\/p>\n<p>Van\u0103 cu poart\u0103 cu tij\u0103 neascendent\u0103:<br \/>\nPiuli\u021ba tijei vanei cu poart\u0103 neascendent\u0103 se afl\u0103 \u00een corpul vanei \u0219i este \u00een contact direct cu mediul. La deschiderea \u0219i \u00eenchiderea vanei, tija se rote\u0219te. Avantajul acestei structuri este c\u0103 \u00een\u0103l\u021bimea vanei r\u0103m\u00e2ne \u00eentotdeauna neschimbat\u0103, spa\u021biul de instalare este mic \u0219i este potrivit\u0103 pentru vane cu poart\u0103 cu diametre mari sau spa\u021biu de instalare limitat. Cu toate acestea, trebuie instalat un indicator de deschidere \u0219i \u00eenchidere pentru a indica gradul de deschidere \u0219i \u00eenchidere.<\/p>\n<p>Van\u0103 cu poart\u0103 paralel\u0103:<br \/>\nSuprafa\u021ba de etan\u0219are a vanei cu poart\u0103 paralel\u0103 este paralel\u0103 cu linia central\u0103 vertical\u0103, adic\u0103 cele dou\u0103 suprafe\u021be de etan\u0219are sunt paralele una cu cealalt\u0103. Aceast\u0103 structur\u0103 este de obicei utilizat\u0103 pentru vane cu poart\u0103 de joas\u0103 presiune, de calibru mic \u0219i mediu (DN40-300 mm), av\u00e2nd caracteristici de structur\u0103 simpl\u0103 \u0219i etan\u0219are fiabil\u0103.<\/p>\n<p>Supap\u0103 cu poart\u0103 elastic\u0103:<br \/>\nSupapa elastic\u0103 are o canelur\u0103 inelar\u0103 pe periferia pl\u0103cii de etan\u0219are, ceea ce \u00eei confer\u0103 acesteia o elasticitate adecvat\u0103. Aceast\u0103 structur\u0103 poate compensa abaterea unghiului suprafe\u021bei de etan\u0219are cauzat\u0103 de prelucrare, \u00eembun\u0103t\u0103\u021be\u0219te procesabilitatea, performan\u021ba de etan\u0219are \u0219i este potrivit\u0103 pentru medii cu presiune \u0219i temperatur\u0103 ridicat\u0103.<\/p>\n<p>Propriet\u0103\u021bile chimice \u0219i avantajele o\u021belului duplex 2205<br \/>\nAnaliza compozi\u021biei chimice<br \/>\nO\u021belul 2205 este un o\u021bel inoxidabil duplex, iar compozi\u021bia sa chimic\u0103 con\u021bine aproximativ 22% crom (Cr), aproximativ 5,5% nichel (Ni), aproximativ 3% molibden (Mo) \u0219i aproximativ 0,18% azot (N). Structura dual\u0103 de austenit\u0103 \u0219i ferit\u0103 (raport \u2248 50:50) are o rezisten\u021b\u0103 \u0219i o rezisten\u021b\u0103 la coroziune ridicate, o limit\u0103 de curgere \u2265 450 MPa, de peste dou\u0103 ori mai mare dec\u00e2t cea a o\u021belului inoxidabil 304. Acest raport unic de elemente confer\u0103 o\u021belului 2205 propriet\u0103\u021bi mecanice excelente \u0219i rezisten\u021b\u0103 la coroziune.<\/p>\n<p>Cromul (Cr): \u00cembun\u0103t\u0103\u021be\u0219te rezisten\u021ba la oxidare \u0219i la coroziune a o\u021belului \u0219i este un element cheie \u00een formarea peliculei de pasivizare.<br \/>\nNichel (Ni): Stabilizeaz\u0103 faza austenit\u0103 \u0219i \u00eembun\u0103t\u0103\u021be\u0219te tenacitatea \u0219i plasticitatea o\u021belului.<br \/>\nMolibden (Mo): \u00cembun\u0103t\u0103\u021be\u0219te rezisten\u021ba la coroziune a o\u021belului \u00een medii cu acid reduc\u0103tor \u0219i ioni de clorur\u0103.<br \/>\nAzot (N): Ca element stabilizator al austenitei, \u00eembun\u0103t\u0103\u021be\u0219te rezisten\u021ba \u0219i rezisten\u021ba la coroziune a o\u021belului.<br \/>\nCompararea avantajelor de performan\u021b\u0103<br \/>\nComparativ cu o\u021belul inoxidabil 304 obi\u0219nuit, o\u021belul 2205 prezint\u0103 avantaje semnificative \u00een multe aspecte:<\/p>\n<p>Propriet\u0103\u021bi mecanice: Rezisten\u021ba la curgere \u0219i rezisten\u021ba la trac\u021biune a o\u021belului 2205 sunt mai mari dec\u00e2t cele ale o\u021belului inoxidabil 304 \u0219i pot rezista la \u00eenc\u0103rc\u0103ri \u0219i solicit\u0103ri mai mari.<br \/>\nRezisten\u021b\u0103 la coroziune: \u00cen acizi neoxidan\u021bi (cum ar fi acidul sulfuric, acidul acetic) \u0219i medii care con\u021bin clorur\u0103, rezisten\u021ba la coroziune a o\u021belului 2205 este mult superioar\u0103 celei a o\u021belului inoxidabil 304 \u0219i este deosebit de potrivit\u0103 pentru medii marine \u0219i condi\u021bii de coroziune chimic\u0103.<br \/>\nRezisten\u021ba la coroziune sub stres: Structura bifazic\u0103 (austenit\u0103 + ferit\u0103) a o\u021belului 2205 previne eficient extinderea fisurilor de coroziune sub stres \u0219i este potrivit\u0103 pentru situa\u021bii predispuse la coroziune sub stres.<br \/>\nRezisten\u021b\u0103 la coroziunea prin pitting \u0219i fisuri: Con\u021binutul ridicat de crom, molibden \u0219i azot confer\u0103 o\u021belului 2205 o rezisten\u021b\u0103 excelent\u0103 la coroziunea prin pitting \u0219i fisuri, prelungind durata de via\u021b\u0103 a echipamentului.<br \/>\nDomenii de aplicare \u0219i condi\u021bii de lucru ale robinetelor \u0219i robinetelor cu sertar din o\u021bel 2205<br \/>\nPrezentare general\u0103 a industriei de aplica\u021bii<br \/>\nRobine\u021bii \u0219i vanele cu sertar din o\u021bel 2205 sunt utiliza\u021bi pe scar\u0103 larg\u0103 \u00een urm\u0103toarele industrii datorit\u0103 performan\u021belor lor excelente:<\/p>\n<p>Petrol \u0219i gaze: utilizate \u00een conducte de petrol \u0219i dispozitive de la capul sondelor de gaz pentru a preveni refluxul mediului \u0219i a provoca accidente de siguran\u021b\u0103.<br \/>\nChimice \u0219i farmaceutice: \u00een conductele de transport pentru medii corozive, asigur\u0103 siguran\u021ba procesului \u0219i previn contaminarea \u00eencruci\u0219at\u0103.<br \/>\nPutere \u0219i energie: Aplicat \u00een sistemul de circula\u021bie a apei al centralelor termice \u0219i \u00een circuitul de r\u0103cire al centralelor nucleare pentru a rezista la medii cu temperaturi ridicate \u0219i presiune ridicat\u0103.<br \/>\nDesalinizarea apei de mare \u0219i protec\u021bia mediului: \u00cen echipamentele de tratare a apei de mare, rezist\u0103 la coroziunea ionilor de clorur\u0103 \u0219i \u00eembun\u0103t\u0103\u021be\u0219te durabilitatea echipamentelor.<br \/>\nAnaliza condi\u021biilor tipice de lucru<br \/>\nCondi\u021bii de lucru la presiune \u00eenalt\u0103 \u0219i temperatur\u0103 \u00eenalt\u0103:<br \/>\n\u00cen conductele de abur ale centralelor termice, vanele cu poart\u0103 din o\u021bel 2205 pot rezista la temperaturi de lucru de p\u00e2n\u0103 la 550\u00b0C \u0219i presiuni de 25MPa, asigur\u00e2nd un flux unidirec\u021bional de abur \u0219i prevenind deteriorarea echipamentelor prin reflux din cauza fluctua\u021biilor de temperatur\u0103.<\/p>\n<p>Medii puternic corozive:<br \/>\n\u00cen conducta de transport a acidului sulfuric din industria chimic\u0103, rezisten\u021ba la coroziune a o\u021belului 2205 poate rezista eficient coroziunii acidului sulfuric \u0219i poate preveni defectarea supapelor din cauza coroziunii.<\/p>\n<p>Aplica\u021bie \u00een mediul marin:<br \/>\n\u00cen sistemul de tratare a apei de mare al platformelor petroliere offshore, vanele cu poart\u0103 din o\u021bel 2205 pot rezista la coroziunea ionilor de clorur\u0103 din apa de mare pentru o perioad\u0103 lung\u0103 de timp \u0219i pot prelungi durata de via\u021b\u0103 a echipamentelor.<\/p>\n<p>Instalarea \u0219i \u00eentre\u021binerea supapei cu poart\u0103 din o\u021bel 2205<br \/>\nPrecau\u021bii de instalare<br \/>\nInstalarea corect\u0103 este esen\u021bial\u0103 pentru asigurarea performan\u021bei vanei cu poart\u0103. Trebuie re\u021binute urm\u0103toarele aspecte:<\/p>\n<p>Alegerea loca\u021biei de instalare:<br \/>\nVana de \u00eenchidere trebuie instalat\u0103 \u00eentr-un loc convenabil pentru operare \u0219i \u00eentre\u021binere. Evita\u021bi instalarea acesteia \u00eentr-un loc unde se pot acumula sedimente pentru a nu afecta func\u021bionarea vanei.<\/p>\n<p>Confirmarea direc\u021biei:<br \/>\nEste necesar s\u0103 se asigure c\u0103 direc\u021bia de instalare a vanei cu poart\u0103 este \u00een concordan\u021b\u0103 cu direc\u021bia de curgere a fluidului, iar indica\u021bia s\u0103ge\u021bii trebuie s\u0103 fie \u00een concordan\u021b\u0103 cu direc\u021bia de curgere a mediului.<\/p>\n<p>Conexiune \u0219i etan\u0219are:<br \/>\nLa conectarea flan\u0219ei, trebuie utilizat\u0103 o garnitur\u0103 flexibil\u0103 corespunz\u0103toare tipului conductei, iar \u0219uruburile trebuie str\u00e2nse uniform \u0219i simetric pentru a asigura echilibrarea for\u021bei la ambele capete ale flan\u0219ei. Conexiunile sudate trebuie s\u0103 asigure calitatea sudurii pentru a evita sudarea la rece sau incluziunile de zgur\u0103.<\/p>\n<p>Spa\u021biu de operare:<br \/>\nLocul de instalare trebuie s\u0103 lase suficient spa\u021biu de operare pentru a facilita deschiderea, \u00eenchiderea \u0219i \u00eentre\u021binerea valvei.<\/p>\n<p>\u00centre\u021binere \u0219i \u00eentre\u021binere<br \/>\nInspec\u021bie regulat\u0103:<br \/>\nVerifica\u021bi periodic suprafa\u021ba de etan\u0219are, clapeta \u0219i tija supapei \u0219i \u00eenlocui\u021bi-le la timp dac\u0103 sunt deteriorate sau uzate.<\/p>\n<p>Cur\u0103\u021bare \u0219i \u00eentre\u021binere:<br \/>\nCur\u0103\u021ba\u021bi periodic cavitatea interioar\u0103 \u0219i suprafa\u021ba de etan\u0219are a valvei pentru a preveni acumularea impurit\u0103\u021bilor \u0219i afectarea \u00eenchiderii acesteia.<\/p>\n<p>Lubrifiere \u0219i \u00eentre\u021binere:<br \/>\nLubrifia\u021bi corespunz\u0103tor tija supapei \u0219i alte piese mobile pentru a reduce uzura \u0219i a prelungi durata de via\u021b\u0103.<\/p>\n<p>&nbsp;<\/p>\n<p>Oudian Valve is 2505 Gate Valve Manufacture, 3 Inch 2505 Gate Valve, API 600 2505 Gate Valve, 600 LB 2505 Gate Valve, RF 2505 Gate Valve.<\/p>\n<p><script src=\"chrome-extension:\/\/fpelahbljekknahkcaegamhcndkfpfnc\/iFrame.js\" type=\"text\/javascript\"><\/script><\/p>","protected":false},"excerpt":{"rendered":"<p>Standard de proiectare: API 600<br \/>\nEvalu\u0103ri presiune-temperatura: ASME B16.34<br \/>\nInterval de dimensiuni: de la 2\u201d la 48\u201d<br \/>\nInterval de presiune: Clasa 150 p\u00e2n\u0103 la 2500<br \/>\nConexiuni la cap\u0103t: RF cu flan\u0219\u0103, RTJ, sudare cap la cap<br \/>\nDimensiuni de cap\u0103t cu flan\u0219\u0103: ASME B16.5 (\u226424\u201d), ASME B16.47 Seria A sau B (&gt;24\u201d)<br \/>\nDimensiuni cap\u0103t de sudare cap la cap: ASME B16.25 fa\u021b\u0103 \u00een fa\u021b\u0103<br \/>\nDimensiuni fa\u021b\u0103 \u00een fa\u021b\u0103: ASME B16.10<br \/>\nInspec\u021bie \u0219i testare: API 598<br \/>\nMateriale caroserie: ASTM A351 CF8, ASTM A351 CF8M, ASTM A351 CF3M, ASTM A351 CF8C<br \/>\nCN3MN, CK3MCUN, CN7M, ASTM A890 4A(CD3MN), ASTM A890 5A(CE3MN),<br \/>\nASTM A890 6A(CD3MWCuN)<br \/>\nASTM B148 C95800, ASTM B148 C95500.<br \/>\nPacking materials:Ptfe,PPL, graphite, graphite with inconel wir<\/p>\n<ul>\n<li>Tulpina \u00een cre\u0219tere<\/li>\n<li>Scaun de supap\u0103 integral\/Scaune sudate cu etan\u0219are<\/li>\n<li>Sefi pentru robinete si bypass<\/li>\n<li>Ghidat complet, pan\u0103<\/li>\n<li>Emisii fugitive testate<\/li>\n<li>NACE MR0175 (op\u021bional)<\/li>\n<\/ul>","protected":false},"featured_media":18489,"template":"","meta":{"advanced_seo_description":"","jetpack_seo_html_title":"","jetpack_seo_noindex":false},"product_brand":[],"product_cat":[81],"product_tag":[590,591,586,588,587,589],"class_list":{"0":"post-18428","1":"product","2":"type-product","3":"status-publish","4":"has-post-thumbnail","6":"product_cat-gate-valves","7":"product_tag-2505-gate-valve-manufacture","8":"product_tag-3-inch-2505-gate-valve","9":"product_tag-3-inch-2507-gate-valve","10":"product_tag-600-lb-2505-gate-valve","11":"product_tag-api-600-2505-gate-valve","12":"product_tag-rf-2505-gate-valve","14":"first","15":"instock","16":"shipping-taxable","17":"product-type-simple"},"jetpack_sharing_enabled":true,"_links":{"self":[{"href":"https:\/\/oudianvalve.com\/ro\/wp-json\/wp\/v2\/product\/18428","targetHints":{"allow":["GET"]}}],"collection":[{"href":"https:\/\/oudianvalve.com\/ro\/wp-json\/wp\/v2\/product"}],"about":[{"href":"https:\/\/oudianvalve.com\/ro\/wp-json\/wp\/v2\/types\/product"}],"wp:featuredmedia":[{"embeddable":true,"href":"https:\/\/oudianvalve.com\/ro\/wp-json\/wp\/v2\/media\/18489"}],"wp:attachment":[{"href":"https:\/\/oudianvalve.com\/ro\/wp-json\/wp\/v2\/media?parent=18428"}],"wp:term":[{"taxonomy":"product_brand","embeddable":true,"href":"https:\/\/oudianvalve.com\/ro\/wp-json\/wp\/v2\/product_brand?post=18428"},{"taxonomy":"product_cat","embeddable":true,"href":"https:\/\/oudianvalve.com\/ro\/wp-json\/wp\/v2\/product_cat?post=18428"},{"taxonomy":"product_tag","embeddable":true,"href":"https:\/\/oudianvalve.com\/ro\/wp-json\/wp\/v2\/product_tag?post=18428"}],"curies":[{"name":"wp","href":"https:\/\/api.w.org\/{rel}","templated":true}]}}