{"id":18426,"date":"2025-06-14T07:44:54","date_gmt":"2025-06-14T07:44:54","guid":{"rendered":"https:\/\/oudianvalve.com\/?post_type=product&#038;p=18426"},"modified":"2025-06-14T07:48:25","modified_gmt":"2025-06-14T07:48:25","slug":"din3352-316l-gate-valve-pn25-dn50-rf-end","status":"publish","type":"product","link":"https:\/\/oudianvalve.com\/ro\/products\/gate-valves\/din3352-316l-gate-valve-pn25-dn50-rf-end\/","title":{"rendered":"Valv\u0103 cu poart\u0103 DIN3352 316L, PN25, DN50, cap\u0103t RF"},"content":{"rendered":"<p>Standard de proiectare \u0219i fabrica\u021bie: DIN3352<\/p>\n<p>Standard de presiune \u0219i temperatur\u0103: ASME B16.34\/DIN3230<\/p>\n<p>Standard de dimensiuni fa\u021b\u0103 \u00een fa\u021b\u0103: ASME B16.10\/DIN3202\/JIS B2002<\/p>\n<p>Standard de flan\u0219\u0103: ASME B16.5, ASME B16.47\/DIN2543-2545-2501\/JIS B2220<\/p>\n<p>Standard de testare \u0219i inspectare: API 598, API 6D\/DIN2401\/JIS B2003.<\/p>\n<p>Dimensiune: 1\/2\u201d-10\u201d(DN15~DN250)<\/p>\n<p>Presiune nominal\u0103: 150LB-600LB\/PN16~PN100\/10K~60K)<br \/>\nAplica\u021bii: petrol \u0219i gaze, tratare a apelor uzate, alimentare cu ap\u0103, proiect chimic<\/p>\n<p>Materialul principal al supapei cu bil\u0103 din o\u021bel inoxidabil 317L:<br \/>\nCF8, CF3, CF8M, CF3M, CG8M, CG3M, CF8C, CK20304, 304, 316, 316L, 316Ti, 317, 317L, 310, 310S<br \/>\nF304, F304, F316, F316L, F316Ti, F317, F317L, F310, F310S.<\/p>\n<p>Aliajul 317L (00Cr19Ni13Mo3, UNS S31726) este un o\u021bel inoxidabil austenitic pe baz\u0103 de molibden. Are o rezisten\u021b\u0103 mai puternic\u0103 la coroziune chimic\u0103 \u00een compara\u021bie cu o\u021belul inoxidabil austenitic conven\u021bional cu crom nichel, cum ar fi aliajul 304. \u00cen plus, \u00een compara\u021bie cu o\u021belul inoxidabil conven\u021bional, aliajul 317L are o ductilitate mai mare, rezisten\u021b\u0103 la coroziune, rezisten\u021b\u0103 la compresiune \u0219i rezisten\u021b\u0103 la temperaturi \u00eenalte. Este de grad sc\u0103zut de carbon sau L, care are performan\u021b\u0103 anti-sensibilizare \u00een timpul sud\u0103rii \u0219i tratamentului termic.<br \/>\nO\u021belul 317L are o rezisten\u021b\u0103 bun\u0103 la ap\u0103 de mare \u0219i SCC \u00een compara\u021bie cu 316L \u0219i este utilizat \u00een nave chimice, produse chimice, reactoare \u0219i alte echipamente chimice care necesit\u0103 rezisten\u021b\u0103 ridicat\u0103 la coroziune.<br \/>\nSUS317L Compozi\u021bie chimic\u0103: carbon (C) \u2264 0,030, mangan (Mn) \u2264 2,00, nichel (Ni) 11,0-15,0, siliciu (Si) \u2264 1,00, fosfor (P) \u2264 0,045, sulf (S)0,03\u2264 crom (S) \u2264 1,00 ) 18,0-20,0, molibden (Mo) 3,0-4,0<\/p>\n<p>DIN3352 316L Gate Valve,PN25 316L Gate Valve,DN50 316L Gate Valve,RF End 316L Gate Valve.<\/p>","protected":false},"excerpt":{"rendered":"<ul>\n<li>Capot\u0103: capot\u0103 cu \u0219uruburi sau capot\u0103 cu etan\u0219are sub presiune<\/li>\n<li>Pan\u0103: pan\u0103 flexibil\u0103 sau pan\u0103 solid\u0103<\/li>\n<li>Tulpina \u00een cre\u0219tere<\/li>\n<li>\u0218urub \u0219i jug exterior<\/li>\n<li>Scaun integral pentru caroserie sau inel de scaun regenerabil<\/li>\n<\/ul>","protected":false},"featured_media":18427,"template":"","meta":{"advanced_seo_description":"","jetpack_seo_html_title":"","jetpack_seo_noindex":false},"product_brand":[],"product_cat":[81],"product_tag":[503,505,504,506],"class_list":{"0":"post-18426","1":"product","2":"type-product","3":"status-publish","4":"has-post-thumbnail","6":"product_cat-gate-valves","7":"product_tag-din3352-316l-gate-valve","8":"product_tag-dn50-316l-gate-valve","9":"product_tag-pn25-316l-gate-valve","10":"product_tag-rf-end-316l-gate-valve","12":"first","13":"instock","14":"shipping-taxable","15":"product-type-simple"},"jetpack_sharing_enabled":true,"_links":{"self":[{"href":"https:\/\/oudianvalve.com\/ro\/wp-json\/wp\/v2\/product\/18426","targetHints":{"allow":["GET"]}}],"collection":[{"href":"https:\/\/oudianvalve.com\/ro\/wp-json\/wp\/v2\/product"}],"about":[{"href":"https:\/\/oudianvalve.com\/ro\/wp-json\/wp\/v2\/types\/product"}],"wp:featuredmedia":[{"embeddable":true,"href":"https:\/\/oudianvalve.com\/ro\/wp-json\/wp\/v2\/media\/18427"}],"wp:attachment":[{"href":"https:\/\/oudianvalve.com\/ro\/wp-json\/wp\/v2\/media?parent=18426"}],"wp:term":[{"taxonomy":"product_brand","embeddable":true,"href":"https:\/\/oudianvalve.com\/ro\/wp-json\/wp\/v2\/product_brand?post=18426"},{"taxonomy":"product_cat","embeddable":true,"href":"https:\/\/oudianvalve.com\/ro\/wp-json\/wp\/v2\/product_cat?post=18426"},{"taxonomy":"product_tag","embeddable":true,"href":"https:\/\/oudianvalve.com\/ro\/wp-json\/wp\/v2\/product_tag?post=18426"}],"curies":[{"name":"wp","href":"https:\/\/api.w.org\/{rel}","templated":true}]}}