{"id":18424,"date":"2025-06-14T07:32:06","date_gmt":"2025-06-14T07:32:06","guid":{"rendered":"https:\/\/oudianvalve.com\/?post_type=product&#038;p=18424"},"modified":"2025-06-14T07:38:47","modified_gmt":"2025-06-14T07:38:47","slug":"iso5211-mounting-pad-ball-valve-150lb-3-inch-rf-end","status":"publish","type":"product","link":"https:\/\/oudianvalve.com\/ro\/products\/ball-valves\/iso5211-mounting-pad-ball-valve-150lb-3-inch-rf-end\/","title":{"rendered":"Robinet cu bil\u0103 cu plac\u0103 de montare Iso5211, 150LB, 3 inch, cap\u0103t RF"},"content":{"rendered":"<p>Descrierea supapei:<br \/>\nTip supap\u0103: Supap\u0103 cu bil\u0103 plutitoare<br \/>\nMaterialul corpului: CF8.<br \/>\nDiametru nominal: 3\u2033<br \/>\nPresiune nominal\u0103: 150LB<br \/>\nConexiune final\u0103: Flan\u0219\u0103 RF<br \/>\nTemperatura de func\u021bionare: -29\u2103~+200\u2103.<br \/>\nFunc\u021bionare: P\u00e2rghie.<\/p>\n<p>Robinetul cu bil\u0103 cu plac\u0103 de montare Is05211 se bazeaz\u0103 pe robinetul cu bil\u0103 manual ANSI, cu o platform\u0103 amplasat\u0103 sub garnitur\u0103. Aceast\u0103 platform\u0103 poate fi \u00eemp\u0103r\u021bit\u0103 \u00eentr-o platform\u0103 \u00eenalt\u0103 \u0219i o platform\u0103 joas\u0103. Acest produs este un robinet cu bil\u0103 cu platform\u0103 joas\u0103 care utilizeaz\u0103 standardul ANSI. Robinetul cu bil\u0103 ANSI cu platform\u0103 joas\u0103 poate fi utilizat pentru platforme care sunt amplasate prin ac\u021bionare electric\u0103 sau pneumatic\u0103. Comparativ cu robinetul cu bil\u0103 ANSI care plaseaz\u0103 direct actuatorul manual, actuatorul este mai stabil, instalarea este mai precis\u0103 \u0219i simpl\u0103, iar structura general\u0103 este mai durabil\u0103. Dac\u0103 nu exist\u0103 o platform\u0103 joas\u0103, mul\u021bi produc\u0103tori vor folosi console de fier pentru a suda prin puncte direct sub garnitur\u0103, ceea ce arat\u0103 inestetic \u0219i este u\u0219or de separat \u0219i agitat sub ac\u021biune pe termen lung, deterior\u00e2nd direct actuatorul.<br \/>\nRobinetul cu bil\u0103 cu plac\u0103 de montare Is05211 poate fi selectat \u00een func\u021bie de diferite cerin\u021be. O\u021bel inoxidabil WCB 304, o\u021bel inoxidabil CF8, material 316, o\u021bel inoxidabil CF8M, o\u021bel inoxidabil 321, 2205, 2507, 304L, CN7M, 904L etc.<br \/>\nStandarde ANSI de implementare a robinetelor cu bil\u0103 cu platform\u0103 joas\u0103<\/p>\n<p>Dimensiuni de conectare de 150 lb \u0219i dimensiuni generale ale robinetului cu bil\u0103 cu plac\u0103 de montare Is05211 (mm)<\/p>\n<table style=\"height: 676px;\" border=\"1\" width=\"1045\" cellspacing=\"0\" cellpadding=\"0\">\n<tbody>\n<tr>\n<td colspan=\"2\">\nDiametrul normal<\/td>\n<td rowspan=\"2\">\nUnitate<\/td>\n<td rowspan=\"2\">L.<\/td>\n<td rowspan=\"2\">D.<\/td>\n<td rowspan=\"2\">C<\/td>\n<td rowspan=\"2\">G.<\/td>\n<td rowspan=\"2\">T.<\/td>\n<td rowspan=\"2\">n-\u0424<\/td>\n<td rowspan=\"2\">V<\/td>\n<td rowspan=\"2\">H<\/td>\n<\/tr>\n<tr>\n<td>\u00een<\/td>\n<td>mm<\/td>\n<\/tr>\n<tr>\n<td rowspan=\"2\">1\/2\u2033<\/td>\n<td rowspan=\"2\">15<\/td>\n<td>150 de livre<\/td>\n<td>108<\/td>\n<td>89<\/td>\n<td>60.5<\/td>\n<td>35<\/td>\n<td>12<\/td>\n<td>4-15<\/td>\n<td>115<\/td>\n<td>72<\/td>\n<\/tr>\n<tr>\n<td>10.000<\/td>\n<td>4.25<\/td>\n<td>3.5<\/td>\n<td>2.38<\/td>\n<td>1.38<\/td>\n<td>0.47<\/td>\n<td>4-0.59<\/td>\n<td>4.53<\/td>\n<td>28.3<\/td>\n<\/tr>\n<tr>\n<td rowspan=\"2\">3\/4\u2033<\/td>\n<td rowspan=\"2\">20<\/td>\n<td>150 de livre<\/td>\n<td>117<\/td>\n<td>98<\/td>\n<td>70<\/td>\n<td>43<\/td>\n<td>12<\/td>\n<td>4-15<\/td>\n<td>115<\/td>\n<td>76<\/td>\n<\/tr>\n<tr>\n<td>10.000<\/td>\n<td>4.61<\/td>\n<td>3.86<\/td>\n<td>2.76<\/td>\n<td>1.69<\/td>\n<td>0.47<\/td>\n<td>4-0.59<\/td>\n<td>4.53<\/td>\n<td>29.9<\/td>\n<\/tr>\n<tr>\n<td rowspan=\"2\">1\u2033<\/td>\n<td rowspan=\"2\">25<\/td>\n<td>150 de livre<\/td>\n<td>127<\/td>\n<td>108<\/td>\n<td>79.5<\/td>\n<td>51<\/td>\n<td>12<\/td>\n<td>4-15<\/td>\n<td>150<\/td>\n<td>92<\/td>\n<\/tr>\n<tr>\n<td>10.000<\/td>\n<td>5<\/td>\n<td>4.25<\/td>\n<td>3.13<\/td>\n<td>2<\/td>\n<td>0.47<\/td>\n<td>4-0.59<\/td>\n<td>5.9<\/td>\n<td>3.62<\/td>\n<\/tr>\n<tr>\n<td rowspan=\"2\">1 1\/2\u2033<\/td>\n<td rowspan=\"2\">40<\/td>\n<td>150 de livre<\/td>\n<td>165<\/td>\n<td>127<\/td>\n<td>98.5<\/td>\n<td>73<\/td>\n<td>14.3<\/td>\n<td>4-16<\/td>\n<td>200<\/td>\n<td>123<\/td>\n<\/tr>\n<tr>\n<td>10.000<\/td>\n<td>6.5<\/td>\n<td>5<\/td>\n<td>3.88<\/td>\n<td>2.88<\/td>\n<td>0.56<\/td>\n<td>4-0.62<\/td>\n<td>7.87<\/td>\n<td>4.84<\/td>\n<\/tr>\n<tr>\n<td rowspan=\"2\">2\u2033<\/td>\n<td rowspan=\"2\">50<\/td>\n<td>150 de livre<\/td>\n<td>178<\/td>\n<td>152<\/td>\n<td>120.5<\/td>\n<td>92<\/td>\n<td>15.9<\/td>\n<td>4-19<\/td>\n<td>200<\/td>\n<td>132<\/td>\n<\/tr>\n<tr>\n<td>10.000<\/td>\n<td>7<\/td>\n<td>6.00<\/td>\n<td>4.75<\/td>\n<td>3.62<\/td>\n<td>0.625<\/td>\n<td>4-0.75<\/td>\n<td>7.87<\/td>\n<td>5.20<\/td>\n<\/tr>\n<tr>\n<td rowspan=\"2\">2 1\/2\u2033<\/td>\n<td rowspan=\"2\">65<\/td>\n<td>150 de livre<\/td>\n<td>190<\/td>\n<td>178<\/td>\n<td>139.5<\/td>\n<td>105<\/td>\n<td>17.5<\/td>\n<td>4-19<\/td>\n<td>320<\/td>\n<td>164<\/td>\n<\/tr>\n<tr>\n<td>10.000<\/td>\n<td>7.5<\/td>\n<td>7<\/td>\n<td>5.50<\/td>\n<td>4.12<\/td>\n<td>0.69<\/td>\n<td>4-0.75<\/td>\n<td>12.6<\/td>\n<td>6.45<\/td>\n<\/tr>\n<tr>\n<td rowspan=\"2\">3\u2033<\/td>\n<td rowspan=\"2\">80<\/td>\n<td>150 de livre<\/td>\n<td>203<\/td>\n<td>190<\/td>\n<td>152.4<\/td>\n<td>127<\/td>\n<td>19.1<\/td>\n<td>4-19<\/td>\n<td>320<\/td>\n<td>173<\/td>\n<\/tr>\n<tr>\n<td>10.000<\/td>\n<td>8<\/td>\n<td>7.50<\/td>\n<td>6<\/td>\n<td>5<\/td>\n<td>0.75<\/td>\n<td>4-0.75<\/td>\n<td>12.6<\/td>\n<td>6.8<\/td>\n<\/tr>\n<tr>\n<td rowspan=\"2\">4\u2033<\/td>\n<td rowspan=\"2\">100<\/td>\n<td>150 de livre<\/td>\n<td>229<\/td>\n<td>229<\/td>\n<td>190.5<\/td>\n<td>157<\/td>\n<td>23.9<\/td>\n<td>8-19<\/td>\n<td>450<\/td>\n<td>210<\/td>\n<\/tr>\n<tr>\n<td>10.000<\/td>\n<td>9<\/td>\n<td>9<\/td>\n<td>7.5<\/td>\n<td>6.19<\/td>\n<td>0.94<\/td>\n<td>8-0.75<\/td>\n<td>17.72<\/td>\n<td>8.26<\/td>\n<\/tr>\n<tr>\n<td rowspan=\"2\">6\u2033<\/td>\n<td rowspan=\"2\">150<\/td>\n<td>150 de livre<\/td>\n<td>394<\/td>\n<td>279<\/td>\n<td>241.5<\/td>\n<td>216<\/td>\n<td>26<\/td>\n<td>8-22<\/td>\n<td>800<\/td>\n<td>288<\/td>\n<\/tr>\n<tr>\n<td>10.000<\/td>\n<td>15.5<\/td>\n<td>10.98<\/td>\n<td>9.50<\/td>\n<td>8.5<\/td>\n<td>1.02<\/td>\n<td>8-0.88<\/td>\n<td>31.5<\/td>\n<td>1.34<\/td>\n<\/tr>\n<tr>\n<td rowspan=\"2\">8\u2033<\/td>\n<td rowspan=\"2\">200<\/td>\n<td>150 de livre<\/td>\n<td>457<\/td>\n<td>343<\/td>\n<td>298.5<\/td>\n<td>270<\/td>\n<td>29<\/td>\n<td>8-22<\/td>\n<td>1120<\/td>\n<td>374<\/td>\n<\/tr>\n<tr>\n<td>10.000<\/td>\n<td>18.00<\/td>\n<td>13.50<\/td>\n<td>11.75<\/td>\n<td>10.62<\/td>\n<td>1.12<\/td>\n<td>8-0.88<\/td>\n<td>44.10<\/td>\n<td>14.72<\/td>\n<\/tr>\n<tr>\n<td rowspan=\"2\">10\u2033<\/td>\n<td rowspan=\"2\">250<\/td>\n<td>150 de livre<\/td>\n<td>553<\/td>\n<td>406<\/td>\n<td>362<\/td>\n<td>342<\/td>\n<td>31<\/td>\n<td>12-25<\/td>\n<td>1420<\/td>\n<td>366<\/td>\n<\/tr>\n<tr>\n<td>10.000<\/td>\n<td>20.98<\/td>\n<td>16<\/td>\n<td>14.75<\/td>\n<td>12.75<\/td>\n<td>1.2<\/td>\n<td>12-1<\/td>\n<td>55.12<\/td>\n<td>14.40<\/td>\n<\/tr>\n<tr>\n<td rowspan=\"2\">12\u2033<\/td>\n<td rowspan=\"2\">300<\/td>\n<td>150 de livre<\/td>\n<td>610<\/td>\n<td>483<\/td>\n<td>432<\/td>\n<td>381<\/td>\n<td>32<\/td>\n<td>12-25<\/td>\n<td>1420<\/td>\n<td>412<\/td>\n<\/tr>\n<tr>\n<td>10.000<\/td>\n<td>24<\/td>\n<td>19<\/td>\n<td>17<\/td>\n<td>15<\/td>\n<td>1.26<\/td>\n<td>12-1<\/td>\n<td>55.12<\/td>\n<td>16.22<\/td>\n<\/tr>\n<\/tbody>\n<\/table>\n<p>&nbsp;<\/p>\n<p>&nbsp;<\/p>\n<p>Produc\u0103tor de robinete cu bil\u0103 cu pad de montare Iso5211 din China, OUdian Furnizeaz\u0103 robinete cu bil\u0103 cu pad de montare Iso5211, robinete cu bil\u0103 cu pad de montare Iso5211, robinete cu bil\u0103 plutitoare, robinete cu bil\u0103 cu pad de montare Iso5211 de 3 inch, robinete cu bil\u0103 cu pad de montare Iso5211 de 150 lb, robinete cu bil\u0103 cu pad de montare Iso5211 cu cap\u0103t RF.<\/p>","protected":false},"excerpt":{"rendered":"<p>Standard de proiectare: API 6D\/API 608<br \/>\nProtec\u021bie \u00eempotriva incendiilor: API 607\/6FA<br \/>\nEvalu\u0103ri de temperatur\u0103 de presiune: ASME B16.34<br \/>\nInterval de dimensiuni: 2\u201d la 48\u201d (DN50-DN1200)<br \/>\nOrificiu: alezaj complet sau alezaj redus<br \/>\nInterval de presiune: 150LB p\u00e2n\u0103 la 2500LB<br \/>\nConexiuni la cap\u0103t: RF cu flan\u0219\u0103, RTJ, sudare cap la cap<br \/>\nTip bil\u0103: bil\u0103 solid\u0103 forjat\u0103<br \/>\nDimensiuni de cap\u0103t cu flan\u0219\u0103: ASME B16.5 (24\u201d \u0219i mai jos), ASME B16.47 Seria A sau B (peste 24\u201d)<br \/>\nDimensiuni cap\u0103t de sudare cap la cap: ASME B16.25<br \/>\nDimensiuni fa\u021b\u0103 \u00een fa\u021b\u0103: ASME B16.10<br \/>\nInspec\u021bie \u0219i testare: API 6D<br \/>\nMateriale caroserie: A105\/A105N, F304, F316, F316L, F51, F53, F55, C95800, UNS N08825, UNS N06625.<br \/>\nMateriale scaun: PTFE, RPTFE, DEVLON, NYLON, PEEK, metal asezat cu TCC\/STL\/Ni.<\/p>","protected":false},"featured_media":18425,"template":"","meta":{"advanced_seo_description":"","jetpack_seo_html_title":"","jetpack_seo_noindex":false},"product_brand":[],"product_cat":[83],"product_tag":[501,500,497,418,499,498,502],"class_list":{"0":"post-18424","1":"product","2":"type-product","3":"status-publish","4":"has-post-thumbnail","6":"product_cat-ball-valves","7":"product_tag-150lb-iso5211-mounting-pad-ball-valve","8":"product_tag-3-inch-iso5211-mounting-pad-ball-valve","9":"product_tag-china-iso5211-mounting-pad-ball-valve-manufacturer","10":"product_tag-floating-ball-valve","11":"product_tag-iso5211-mounting-pad-ball-valve","12":"product_tag-oudian-supplies-iso5211-mounting-pad-ball-valve","13":"product_tag-rf-end-iso5211-mounting-pad-ball-valve","15":"first","16":"instock","17":"shipping-taxable","18":"product-type-grouped"},"jetpack_sharing_enabled":true,"_links":{"self":[{"href":"https:\/\/oudianvalve.com\/ro\/wp-json\/wp\/v2\/product\/18424","targetHints":{"allow":["GET"]}}],"collection":[{"href":"https:\/\/oudianvalve.com\/ro\/wp-json\/wp\/v2\/product"}],"about":[{"href":"https:\/\/oudianvalve.com\/ro\/wp-json\/wp\/v2\/types\/product"}],"wp:featuredmedia":[{"embeddable":true,"href":"https:\/\/oudianvalve.com\/ro\/wp-json\/wp\/v2\/media\/18425"}],"wp:attachment":[{"href":"https:\/\/oudianvalve.com\/ro\/wp-json\/wp\/v2\/media?parent=18424"}],"wp:term":[{"taxonomy":"product_brand","embeddable":true,"href":"https:\/\/oudianvalve.com\/ro\/wp-json\/wp\/v2\/product_brand?post=18424"},{"taxonomy":"product_cat","embeddable":true,"href":"https:\/\/oudianvalve.com\/ro\/wp-json\/wp\/v2\/product_cat?post=18424"},{"taxonomy":"product_tag","embeddable":true,"href":"https:\/\/oudianvalve.com\/ro\/wp-json\/wp\/v2\/product_tag?post=18424"}],"curies":[{"name":"wp","href":"https:\/\/api.w.org\/{rel}","templated":true}]}}