{"id":18421,"date":"2025-06-14T07:21:52","date_gmt":"2025-06-14T07:21:52","guid":{"rendered":"https:\/\/oudianvalve.com\/?post_type=product&#038;p=18421"},"modified":"2025-06-14T07:29:08","modified_gmt":"2025-06-14T07:29:08","slug":"jis10k-ball-valve-50a-304-ff-end","status":"publish","type":"product","link":"https:\/\/oudianvalve.com\/ro\/products\/ball-valves\/jis10k-ball-valve-50a-304-ff-end\/","title":{"rendered":"Robinet cu bil\u0103 JIS10K, 50A, 304, cap\u0103t FF"},"content":{"rendered":"<p>Descrierea supapei:<br \/>\nTip supap\u0103: Supap\u0103 cu bil\u0103 plutitoare<br \/>\nMaterialul corpului: 304.<br \/>\nDiametru nominal: 2\u2033<br \/>\nPresiune nominal\u0103: JIS10K<br \/>\nConexiune final\u0103: Flan\u0219\u0103 FF<br \/>\nTemperatura de func\u021bionare: -29\u2103~+200\u2103.<br \/>\nFunc\u021bionare: P\u00e2rghie.<\/p>\n<p>Robinetul cu bil\u0103 cu platform\u0103 joas\u0103 standard japonez poate oferi o platform\u0103 de instalare pentru robinetele cu bil\u0103 standard japoneze cu actuatoare, cum ar fi robinetele cu bil\u0103 electrice standard japoneze \u0219i robinetele cu bil\u0103 pneumatice standard japoneze.<\/p>\n<p>Piesele (bilele) standard japoneze de deschidere \u0219i \u00eenchidere a robinetului cu bil\u0103 cu platform\u0103 joas\u0103 sunt ac\u021bionate de tija robinetului \u0219i se rotesc \u00een jurul axei acesteia. Acesta este utilizat \u00een principal pentru \u00eentreruperea sau conectarea mediului \u00een conduct\u0103 \u0219i poate fi utilizat \u0219i pentru reglarea \u0219i controlul fluidelor. Are o structur\u0103 compact\u0103, o etan\u0219are fiabil\u0103, o structur\u0103 simpl\u0103 \u0219i o \u00eentre\u021binere convenabil\u0103. Suprafa\u021ba de etan\u0219are \u0219i suprafa\u021ba sferic\u0103 sunt adesea \u00eentr-o stare \u00eenchis\u0103, nu sunt u\u0219or erodate de mediu, u\u0219or de operat \u0219i \u00eentre\u021binut, potrivite pentru medii de lucru generale, cum ar fi apa, solven\u021bii, acizii \u0219i gazele naturale, \u0219i, de asemenea, potrivite pentru medii cu condi\u021bii dure de lucru, cum ar fi oxigenul, peroxidul de hidrogen, metanul etc. \u0219i este utilizat pe scar\u0103 larg\u0103 \u00een diverse industrii. Corpul robinetului cu bil\u0103 poate fi integral sau combinat.<br \/>\nStandarde de implementare ale robinetului cu bil\u0103 cu platform\u0103 joas\u0103 standard japonez<br \/>\nProiectare \u0219i fabrica\u021bie conform ANSI B16.34, JIS 2071<br \/>\nLungimea structural\u0103 conform JIS B2002<br \/>\nDimensiunile conexiunii cu flan\u0219\u0103 conform JIS B2212, 2214<br \/>\nInspec\u021bie conform JIS B2003<\/p>\n<p>Materiale principale ale robinetului cu bil\u0103 cu platform\u0103 joas\u0103 standard japonez<\/p>\n<p>&nbsp;<\/p>\n<p>&nbsp;<\/p>\n<table style=\"height: 329px;\" border=\"1\" width=\"1054\" cellspacing=\"0\" cellpadding=\"0\">\n<tbody>\n<tr>\n<td colspan=\"2\">Numele pieselor<\/td>\n<td><strong>WCB<\/strong><\/td>\n<td><strong>CF8<\/strong><\/td>\n<td><strong>CF3<\/strong><\/td>\n<td><strong>CF8M<\/strong><\/td>\n<td><strong>CF3M<\/strong><\/td>\n<\/tr>\n<tr>\n<td colspan=\"2\"><strong>Caroserie\/Capot\u0103<\/strong><\/td>\n<td><strong>A216-WCB<\/strong><\/td>\n<td><strong>A315-CF8<\/strong><\/td>\n<td><strong>A35-CF3<\/strong><\/td>\n<td><strong>A351-CF8M<\/strong><\/td>\n<td><strong>A351-CF3M<\/strong><\/td>\n<\/tr>\n<tr>\n<td rowspan=\"2\"><strong>MINGE<\/strong><\/td>\n<td><strong>B8<\/strong><\/td>\n<td><strong>A105-1025<\/strong><\/td>\n<td><strong>A182-F304L<\/strong><\/td>\n<td><strong>A182-F304L<\/strong><\/td>\n<td><strong>A132-F316<\/strong><\/td>\n<td><strong>A182-F316L<\/strong><\/td>\n<\/tr>\n<tr>\n<td><strong>B8<\/strong><\/td>\n<td><strong>A216-WCB<\/strong><\/td>\n<td><strong>A351-CF8M<\/strong><\/td>\n<td><strong>A351-CF3<\/strong><\/td>\n<td><strong>A351-CF8M<\/strong><\/td>\n<td><strong>A351-CF3M<\/strong><\/td>\n<\/tr>\n<tr>\n<td colspan=\"2\"><strong>STEM<\/strong><\/td>\n<td><strong>A182-F6a<\/strong><\/td>\n<td><strong>A182-F304<\/strong><\/td>\n<td><strong>A182-F304L<\/strong><\/td>\n<td><strong>A182-F336<\/strong><\/td>\n<td><strong>A182-F316L<\/strong><\/td>\n<\/tr>\n<tr>\n<td colspan=\"2\"><strong>SCAUN<\/strong><\/td>\n<td colspan=\"5\"><strong>PTFE\/RPTFE\/NYLIN PTFE\/PTFE armat\/Nyion<\/strong><\/td>\n<\/tr>\n<tr>\n<td colspan=\"2\">Inel de sus\u021binere a scaunului supapei<\/td>\n<td><strong>A105-1025<\/strong><\/td>\n<td><strong>A182-F304<\/strong><\/td>\n<td><strong>A182-F304L<\/strong><\/td>\n<td><strong>A182-F316<\/strong><\/td>\n<td><strong>A182-F316L<\/strong><\/td>\n<\/tr>\n<tr>\n<td colspan=\"2\"><strong>PRIM\u0102VAR\u0102<\/strong><\/td>\n<td><strong>\u00a0<\/strong><\/td>\n<td colspan=\"4\"><strong>3 ani - 7\/17-49 ore<\/strong><\/td>\n<\/tr>\n<tr>\n<td colspan=\"2\"><strong>INEL O<\/strong><\/td>\n<td><strong>BNR<\/strong><\/td>\n<td colspan=\"4\"><strong>VITON<\/strong><\/td>\n<\/tr>\n<tr>\n<td colspan=\"2\"><strong>\u0218URUB<\/strong><\/td>\n<td><strong>A193-B7<\/strong><\/td>\n<td colspan=\"4\"><strong>A193-B8<\/strong><\/td>\n<\/tr>\n<tr>\n<td colspan=\"2\"><strong>PIULI\u0162\u0102<\/strong><\/td>\n<td><strong>A194-2H<\/strong><\/td>\n<td colspan=\"4\"><strong>A194-8<\/strong><\/td>\n<\/tr>\n<\/tbody>\n<\/table>\n<table border=\"0\" cellspacing=\"0\" cellpadding=\"0\">\n<tbody>\n<tr>\n<td><strong>Dimensiuni \u0219i greutate conexiune principal\u0103 10K 20K 5K 30K 45K<\/strong><\/td>\n<\/tr>\n<\/tbody>\n<\/table>\n<table style=\"height: 115px;\" border=\"1\" width=\"1067\" cellspacing=\"0\" cellpadding=\"0\">\n<tbody>\n<tr>\n<td rowspan=\"2\"><strong>Dimensiune<\/strong><\/td>\n<td><strong>inch<\/strong><\/td>\n<td><strong>1\/2&#8243;<\/strong><\/td>\n<td><strong>3\/4&#8243;<\/strong><\/td>\n<td><strong>1&#8243;<\/strong><\/td>\n<td><strong>1-1\/2&#8243;<\/strong><\/td>\n<td><strong>2&#8243;<\/strong><\/td>\n<td><strong>2-1\/2&#8243;<\/strong><\/td>\n<td><strong>3&#8243;<\/strong><\/td>\n<td><strong>4&#8243;<\/strong><\/td>\n<td><strong>5&#8243;<\/strong><\/td>\n<td><strong>6&#8243;<\/strong><\/td>\n<td><strong>8&#8243;<\/strong><\/td>\n<td><strong>10&#8243;<\/strong><\/td>\n<\/tr>\n<tr>\n<td><strong>DN<\/strong><\/td>\n<td><strong>15<\/strong><\/td>\n<td><strong>20<\/strong><\/td>\n<td><strong>25<\/strong><\/td>\n<td><strong>40<\/strong><\/td>\n<td><strong>50<\/strong><\/td>\n<td><strong>65<\/strong><\/td>\n<td><strong>80<\/strong><\/td>\n<td><strong>100<\/strong><\/td>\n<td><strong>125<\/strong><\/td>\n<td><strong>150<\/strong><\/td>\n<td><strong>200<\/strong><\/td>\n<td><strong>250<\/strong><\/td>\n<\/tr>\n<tr>\n<td><strong>L.<\/strong><\/td>\n<td><strong>mm<\/strong><\/td>\n<td><strong>108<\/strong><\/td>\n<td><strong>117<\/strong><\/td>\n<td><strong>127<\/strong><\/td>\n<td><strong>165<\/strong><\/td>\n<td><strong>178<\/strong><\/td>\n<td><strong>190<\/strong><\/td>\n<td><strong>203<\/strong><\/td>\n<td><strong>229<\/strong><\/td>\n<td><strong>356<\/strong><\/td>\n<td><strong>394<\/strong><\/td>\n<td><strong>457<\/strong><\/td>\n<td><strong>533<\/strong><\/td>\n<\/tr>\n<tr>\n<td><strong>H<\/strong><\/td>\n<td><strong>mm<\/strong><\/td>\n<td><strong>59<\/strong><\/td>\n<td><strong>63<\/strong><\/td>\n<td><strong>75<\/strong><\/td>\n<td><strong>97<\/strong><\/td>\n<td><strong>107<\/strong><\/td>\n<td><strong>142<\/strong><\/td>\n<td><strong>152<\/strong><\/td>\n<td><strong>178<\/strong><\/td>\n<td><strong>252<\/strong><\/td>\n<td><strong>272<\/strong><\/td>\n<td><strong>342<\/strong><\/td>\n<td><strong>345<\/strong><\/td>\n<\/tr>\n<tr>\n<td><strong>V<\/strong><\/td>\n<td><strong>mm<\/strong><\/td>\n<td><strong>130<\/strong><\/td>\n<td><strong>130<\/strong><\/td>\n<td><strong>160<\/strong><\/td>\n<td><strong>230<\/strong><\/td>\n<td><strong>230<\/strong><\/td>\n<td><strong>400<\/strong><\/td>\n<td><strong>400<\/strong><\/td>\n<td><strong>700<\/strong><\/td>\n<td><strong>1100<\/strong><\/td>\n<td><strong>1100<\/strong><\/td>\n<td><strong>1500<\/strong><\/td>\n<td><strong>1500<\/strong><\/td>\n<\/tr>\n<tr>\n<td><strong>Greutate<\/strong><\/td>\n<td><strong>kg<\/strong><\/td>\n<td><strong>2.3<\/strong><\/td>\n<td><strong>3.0<\/strong><\/td>\n<td><strong>4.5<\/strong><\/td>\n<td><strong>7.0<\/strong><\/td>\n<td><strong>9.5<\/strong><\/td>\n<td><strong>15.0<\/strong><\/td>\n<td><strong>19.0<\/strong><\/td>\n<td><strong>33.0<\/strong><\/td>\n<td><strong>58.0<\/strong><\/td>\n<td><strong>93.0<\/strong><\/td>\n<td><strong>160.0<\/strong><\/td>\n<td><strong>200.0<\/strong><\/td>\n<\/tr>\n<\/tbody>\n<\/table>\n<p>Produc\u0103tor de robinete cu bil\u0103 JIS10K din China, OUdian furnizeaz\u0103 robinete cu bil\u0103 JIS10K, robinete cu bil\u0103 JIS10K 304, robinete cu bil\u0103 JIS10K plutitoare, robinete cu bil\u0103 JIS10K 50A, robinete cu bil\u0103 JIS10K cu cap\u0103t FF.<\/p>","protected":false},"excerpt":{"rendered":"<p>1. Proiectare \u0219i fabrica\u021bie: JIS 2071<br \/>\n2. Fa\u021b\u0103 \u00een fa\u021b\u0103: JIS B2002<br \/>\n3. Cap\u0103t cu flan\u0219\u0103: JIS B2212, 2214<br \/>\n4. Dimensiune nominal\u0103: DN15 \u2013 DN200<br \/>\n5. Presiune minim\u0103: JIS10K, JIS20K;<br \/>\n6. Materiale ale corpului: WCB, LCB, CF8, CF8M, CF3, CF3M etc.<br \/>\n7. Finisaj: 13CR, o\u021bel inoxidabil 304, o\u021bel inoxidabil 316, o\u021bel inoxidabil duplex;<br \/>\n8. Tip alezaj: Alezaj complet<br \/>\n9. Actuator: P\u00e2rghie, Angrenaj melcat;<\/p>\n<p><strong>ROBIN\u0102 CU SFER\u0102 PLUTITOARE DIN PENTRU PN16, PN25<\/strong><\/p>\n<p>Conexiuni la cap\u0103t: RF cu flan\u0219\u0103, RTJ, sudare cap la cap<br \/>\nTip bil\u0103: bil\u0103 solid\u0103 forjat\u0103<br \/>\nMateriale scaun: PTFE, RPTFE, DEVLON, NYLON, PEEK, metal asezat cu TCC\/STL\/Ni.<\/p>","protected":false},"featured_media":18422,"template":"","meta":{"advanced_seo_description":"","jetpack_seo_html_title":"","jetpack_seo_noindex":false},"product_brand":[],"product_cat":[83],"product_tag":[493,495,491,496,494,492],"class_list":{"0":"post-18421","1":"product","2":"type-product","3":"status-publish","4":"has-post-thumbnail","6":"product_cat-ball-valves","7":"product_tag-304-jis10k-ball-valve","8":"product_tag-50a-jis10k-ball-valve","9":"product_tag-china-jis10k-ball-valve-manufacturer","10":"product_tag-ff-end-jis10k-ball-valve","11":"product_tag-floating-jis10k-ball-valve","12":"product_tag-oudian-supplies-jis10k-ball-valve","14":"first","15":"instock","16":"shipping-taxable","17":"product-type-simple"},"jetpack_sharing_enabled":true,"_links":{"self":[{"href":"https:\/\/oudianvalve.com\/ro\/wp-json\/wp\/v2\/product\/18421","targetHints":{"allow":["GET"]}}],"collection":[{"href":"https:\/\/oudianvalve.com\/ro\/wp-json\/wp\/v2\/product"}],"about":[{"href":"https:\/\/oudianvalve.com\/ro\/wp-json\/wp\/v2\/types\/product"}],"wp:featuredmedia":[{"embeddable":true,"href":"https:\/\/oudianvalve.com\/ro\/wp-json\/wp\/v2\/media\/18422"}],"wp:attachment":[{"href":"https:\/\/oudianvalve.com\/ro\/wp-json\/wp\/v2\/media?parent=18421"}],"wp:term":[{"taxonomy":"product_brand","embeddable":true,"href":"https:\/\/oudianvalve.com\/ro\/wp-json\/wp\/v2\/product_brand?post=18421"},{"taxonomy":"product_cat","embeddable":true,"href":"https:\/\/oudianvalve.com\/ro\/wp-json\/wp\/v2\/product_cat?post=18421"},{"taxonomy":"product_tag","embeddable":true,"href":"https:\/\/oudianvalve.com\/ro\/wp-json\/wp\/v2\/product_tag?post=18421"}],"curies":[{"name":"wp","href":"https:\/\/api.w.org\/{rel}","templated":true}]}}