{"id":18417,"date":"2025-06-14T07:05:46","date_gmt":"2025-06-14T07:05:46","guid":{"rendered":"https:\/\/oudianvalve.com\/?post_type=product&#038;p=18417"},"modified":"2025-06-14T07:20:13","modified_gmt":"2025-06-14T07:20:13","slug":"dial-indicator-ball-valve-pn16-dn50-304-rf-end","status":"publish","type":"product","link":"https:\/\/oudianvalve.com\/ro\/products\/ball-valves\/dial-indicator-ball-valve-pn16-dn50-304-rf-end\/","title":{"rendered":"Robinet cu bil\u0103 cu indicator cu cadran, PN16, DN50, 304, cap\u0103t RF"},"content":{"rendered":"<p>Descrierea supapei:<br \/>\nTip supap\u0103: Supap\u0103 cu bil\u0103 plutitoare<br \/>\nMaterialul corpului: 304.<br \/>\nDiametru nominal: 2\u2033<br \/>\nPresiune nominal\u0103: PN16<br \/>\nConexiune final\u0103: Flan\u0219\u0103 RF<br \/>\nTemperatura de func\u021bionare: -29\u2103~+200\u2103.<br \/>\nFunc\u021bionare: P\u00e2rghie.<\/p>\n<p>Numele valvei: Valv\u0103 cu bil\u0103 din o\u021bel inoxidabil cu cadran, valv\u0103 cu bil\u0103 cu indicator, valv\u0103 cu bil\u0103 cu scal\u0103<\/p>\n<p>Robinetul cu bil\u0103 din o\u021bel inoxidabil cu robinet cu cadran este un robinet cu bil\u0103 \u0219i dispozitiv cu indicator. C\u00e2nd este pornit \u0219i oprit, deschiderea poate fi v\u0103zut\u0103 dintr-o privire.<br \/>\nAvantajele robinetului cu bil\u0103 din o\u021bel inoxidabil cu cadran:<br \/>\n1 Scaun de supap\u0103 avansat: Scaunul de supap\u0103 proiectat cu mul\u021bi ani de experien\u021b\u0103 \u00een fabricarea de supape cu bil\u0103 asigur\u0103 etan\u0219area supapelor, un coeficient de frecare redus, un cuplu de func\u021bionare mic, o varietate de materiale pentru scaunele de supap\u0103 \u0219i o gam\u0103 larg\u0103 de adaptabilitate.<br \/>\n2. M\u00e2ner pentru comutare corect\u0103: Se utilizeaz\u0103 tija supapei cu cap plat, iar conexiunea cu m\u00e2nerul nu va fi plasat\u0103 gre\u0219it, astfel \u00eenc\u00e2t s\u0103 se asigure c\u0103 starea comutatorului indicat\u0103 de m\u00e2ner este \u00een concordan\u021b\u0103 cu supapa cu bil\u0103.<br \/>\n3. Dispozitiv de blocare: Pentru a preveni pornirea \u0219i oprirea accidental\u0103 a supapei, exist\u0103 orificii de blocare \u00een pozi\u021biile complet deschis \u0219i complet \u00eenchis ale supapei pentru a asigura c\u0103 aceasta se afl\u0103 \u00een pozi\u021bia corect\u0103.<br \/>\n4. Structur\u0103 anti-zburare a tijei supapei: Tija supapei este montat\u0103 \u00een partea inferioar\u0103 pentru a preveni proiectarea sub presiune. \u00cen acela\u0219i timp, poate forma contact metalic cu corpul supapei dup\u0103 un incendiu pentru a asigura etan\u0219eitatea tijei supapei.<br \/>\nRobinetul cu bil\u0103 din o\u021bel inoxidabil cu cadran este potrivit pentru: ap\u0103, gaz, ulei, gaze naturale \u0219i medii corozive acido-bazice.<br \/>\nTemperatur\u0103 aplicabil\u0103: -196\uff5e350\u2103<br \/>\nMod de ac\u021bionare: manual, pneumatic, electric, hidraulic etc.<br \/>\nDiametru nominal: DN 15-250 1\/2\u2033\uff5e10\u2033<br \/>\nModel de valv\u0103: DKDQ41F-10P\/DKDQ41F-16P\/DKDQ41F-25P\/DKDQ41F-40P\/DKDQ41F-64P<br \/>\nDKDQ41F-10C\/DKDQ41F16C\/ DKDQ41F-25C\/ DKDQ41F-40C\/DKDQ41F-64C<br \/>\nDKDQ41F-150LB\/DKDQ41F-300LB\/DKDQ41F-600LB<br \/>\nDKDQ41F-5K\/DKDQ41F-10K\/DKDQ41F-20K\/DKDQ41F-40K\/DKDQ41F-45K<br \/>\nActuatoare op\u021bionale: manuale, angrenaj conic, angrenaj melcat, pneumatice, electrice, hidraulice<br \/>\nProduse similare: robinet cu bil\u0103 cu cadran | robinet cu bil\u0103 cu indicator | robinet cu bil\u0103 cu scal\u0103<br \/>\nConexiune valv\u0103: flan\u0219\u0103 \/ sudare \/ plachet\u0103 \/ sudare cap la cap \/ sudare muf\u0103 \/ filet \/ filet interior \/ filet \/ filet<br \/>\nMaterial supap\u0103: o\u021bel inoxidabil \/ o\u021bel inoxidabil 304 \/ o\u021bel inoxidabil 316 \/ o\u021bel inoxidabil 304L \/ o\u021bel inoxidabil 316L \/ o\u021bel inoxidabil 321 \/ o\u021bel inoxidabil 310S rezistent \/ o\u021bel inoxidabil 2520 pentru temperaturi \u00eenalte \/ o\u021bel inoxidabil 904L \/ o\u021bel inoxidabil 317L \/ o\u021bel inoxidabil C4 \/ o\u021bel inoxidabil CF8 \/ o\u021bel inoxidabil CF8M \/ o\u021bel inoxidabil CF3 \/ o\u021bel inoxidabil CF3M \/ o\u021bel inoxidabil CF8C \/ 20# \/ 25# \/ o\u021bel pentru temperaturi joase \/ o\u021bel inoxidabil austenitic, o\u021bel inoxidabil duplex 2205, titan pur, nichel pur, zirconiu pur, o\u021bel crom-molibden ZG20CrMo, o\u021bel crom-molibden WC6, o\u021bel turnat, o\u021bel carbon, o\u021bel carbon WCB, o\u021bel carbon pentru temperaturi joase LCB, aliaj Hastelloy, aliaj Monel, o\u021bel forjat, A105, F11, F304 \/ F304L \/ F316L \/ WC6 \/ N6 N201, N200, CZ-100, N02200, N02201, UB6,<br \/>\nProduse similare: robinet cu bil\u0103 din o\u021bel inoxidabil cu cadran, robinet cu bil\u0103 cu indicator, robinet cu bil\u0103 cu scal\u0103<\/p>\n<p>&nbsp;<\/p>\n<p>Produc\u0103tor de robinete cu bil\u0103 cu indicator cu cadran din China, OUdian SuppliesRobinet cu bil\u0103 cu indicator cu cadran, robinet cu bil\u0103 indicator cu cadran 304, robinet cu bil\u0103 indicator cu cadran plutitor, robinet cu bil\u0103 indicator cu cadran de 2 inch, robinet cu bil\u0103 indicator cu cadran PN16, robinet cu bil\u0103 304, robinet cu bil\u0103 indicator cu cadran cu cap\u0103t RF.<\/p>","protected":false},"excerpt":{"rendered":"<p>1. Proiectare \u0219i fabrica\u021bie: DIN 3357<br \/>\n2. Fa\u021b\u0103 \u00een fa\u021b\u0103: DIN 3202<br \/>\n3. Cap\u0103t cu flan\u0219\u0103: DIN2501<br \/>\n4. Dimensiune nominal\u0103: DN15 \u2013 DN200<br \/>\n5. Presiune nominal\u0103: PN16, PN25;<br \/>\n6. Materiale ale corpului: WCB, LCB, CF8, CF8M, CF3, CF3M etc.<br \/>\n7. Finisaj: 13CR, o\u021bel inoxidabil 304, o\u021bel inoxidabil 316, o\u021bel inoxidabil duplex;<br \/>\n8. Tip alezaj: Alezaj complet<br \/>\n9. Actuator: P\u00e2rghie, Angrenaj melcat;<\/p>\n<p><strong>ROBIN\u0102 CU SFER\u0102 PLUTITOARE DIN PENTRU PN16, PN25<\/strong><\/p>\n<p>Conexiuni la cap\u0103t: RF cu flan\u0219\u0103, RTJ, sudare cap la cap<br \/>\nTip bil\u0103: bil\u0103 solid\u0103 forjat\u0103<br \/>\nMateriale scaun: PTFE, RPTFE, DEVLON, NYLON, PEEK, metal asezat cu TCC\/STL\/Ni.<\/p>","protected":false},"featured_media":18420,"template":"","meta":{"advanced_seo_description":"","jetpack_seo_html_title":"","jetpack_seo_noindex":false},"product_brand":[],"product_cat":[83],"product_tag":[487,489,485,481,482,483,486,484,488,490,480],"class_list":{"0":"post-18417","1":"product","2":"type-product","3":"status-publish","4":"has-post-thumbnail","6":"product_cat-ball-valves","7":"product_tag-2-inch-dial-indicator-ball-valve","8":"product_tag-304-ball-valve","9":"product_tag-304-dial-indicator-ball-valve","10":"product_tag-ball-valve-with-indicator","11":"product_tag-ball-valve-with-scale","12":"product_tag-china-dial-indicator-ball-valve-manufacturer","13":"product_tag-floating-dial-indicator-ball-valve","14":"product_tag-oudian-suppliesdial-indicator-ball-valve","15":"product_tag-pn16-dial-indicator-ball-valve","16":"product_tag-rf-end-dial-indicator-ball-valve","17":"product_tag-stainless-steel-ball-valve-with-dial","19":"first","20":"instock","21":"shipping-taxable","22":"product-type-simple"},"jetpack_sharing_enabled":true,"_links":{"self":[{"href":"https:\/\/oudianvalve.com\/ro\/wp-json\/wp\/v2\/product\/18417","targetHints":{"allow":["GET"]}}],"collection":[{"href":"https:\/\/oudianvalve.com\/ro\/wp-json\/wp\/v2\/product"}],"about":[{"href":"https:\/\/oudianvalve.com\/ro\/wp-json\/wp\/v2\/types\/product"}],"wp:featuredmedia":[{"embeddable":true,"href":"https:\/\/oudianvalve.com\/ro\/wp-json\/wp\/v2\/media\/18420"}],"wp:attachment":[{"href":"https:\/\/oudianvalve.com\/ro\/wp-json\/wp\/v2\/media?parent=18417"}],"wp:term":[{"taxonomy":"product_brand","embeddable":true,"href":"https:\/\/oudianvalve.com\/ro\/wp-json\/wp\/v2\/product_brand?post=18417"},{"taxonomy":"product_cat","embeddable":true,"href":"https:\/\/oudianvalve.com\/ro\/wp-json\/wp\/v2\/product_cat?post=18417"},{"taxonomy":"product_tag","embeddable":true,"href":"https:\/\/oudianvalve.com\/ro\/wp-json\/wp\/v2\/product_tag?post=18417"}],"curies":[{"name":"wp","href":"https:\/\/api.w.org\/{rel}","templated":true}]}}