{"id":18415,"date":"2025-06-14T06:54:32","date_gmt":"2025-06-14T06:54:32","guid":{"rendered":"https:\/\/oudianvalve.com\/?post_type=product&#038;p=18415"},"modified":"2025-06-14T07:00:12","modified_gmt":"2025-06-14T07:00:12","slug":"316ti-ball-valve-pn16-dn50-rf-end","status":"publish","type":"product","link":"https:\/\/oudianvalve.com\/ro\/products\/ball-valves\/316ti-ball-valve-pn16-dn50-rf-end\/","title":{"rendered":"Robinet cu bil\u0103 316TI, PN16, DN50, cap\u0103t RF"},"content":{"rendered":"<p>Descrierea supapei:<br \/>\nTip supap\u0103: Supap\u0103 cu bil\u0103 plutitoare<br \/>\nMaterialul corpului: 316TI.<br \/>\nDiametru nominal: 2\u2033<br \/>\nPresiune nominal\u0103: PN16<br \/>\nConexiune final\u0103: Flan\u0219\u0103 RF<br \/>\nTemperatura de func\u021bionare: -29\u2103~+200\u2103.<br \/>\nFunc\u021bionare: P\u00e2rghie.<\/p>\n<p>Robine\u021bii cu bil\u0103 din o\u021bel inoxidabil 316TI sunt un tip specific de robinet care utilizeaz\u0103 o bil\u0103 sferic\u0103 cu o gaur\u0103 \u00een mijloc pentru a controla fluxul de lichide sau gaze printr-o \u021beav\u0103. Aceste robinete cu bil\u0103 sunt fabricate din o\u021bel inoxidabil de calitate 316TI, un aliaj de \u00eenalt\u0103 performan\u021b\u0103 care este o versiune \u00eembun\u0103t\u0103\u021bit\u0103 a o\u021belului inoxidabil standard 316. Includerea titanului (notat cu \u201eTI\u201d) \u00een compozi\u021bie ofer\u0103 o rezisten\u021b\u0103 superioar\u0103 la medii cu temperaturi ridicate, coroziune \u0219i uzur\u0103. Robine\u021bii cu bil\u0103 din o\u021bel inoxidabil 316TI sunt utiliza\u021bi pe scar\u0103 larg\u0103 \u00een medii cu presiune \u00eenalt\u0103, temperatur\u0103 \u00eenalt\u0103 \u0219i corozive datorit\u0103 propriet\u0103\u021bilor lor de durabilitate \u0219i rezisten\u021b\u0103. Combina\u021bia titanului cu propriet\u0103\u021bile existente ale o\u021belului inoxidabil 316 face ca aceste robinete s\u0103 fie ideale pentru aplica\u021bii \u00een procese chimice agresive, medii marine \u0219i industrii \u00een care igiena este primordial\u0103.<\/p>\n<p>&nbsp;<\/p>\n<p>Produc\u0103tor de robinete cu bil\u0103 316TI din China, OUdian furnizeaz\u0103 robinete cu bil\u0103 316TI, robinete cu bil\u0103 316TI, robinete cu bil\u0103 plutitoare 316TI, robinete cu bil\u0103 316TI de 2 inch, robinete cu bil\u0103 316TI PN16, robinete cu bil\u0103 plutitoare 316TI, robinete cu bil\u0103 316TI cu cap\u0103t RF.<\/p>","protected":false},"excerpt":{"rendered":"<p>1. Proiectare \u0219i fabrica\u021bie: DIN 3357<br \/>\n2. Fa\u021b\u0103 \u00een fa\u021b\u0103: DIN 3202<br \/>\n3. Cap\u0103t cu flan\u0219\u0103: DIN2501<br \/>\n4. Dimensiune nominal\u0103: DN15 \u2013 DN200<br \/>\n5. Presiune nominal\u0103: PN16, PN25;<br \/>\n6. Materiale ale corpului: WCB, LCB, CF8, CF8M, CF3, CF3M etc.<br \/>\n7. Finisaj: 13CR, o\u021bel inoxidabil 304, o\u021bel inoxidabil 316, o\u021bel inoxidabil duplex;<br \/>\n8. Tip alezaj: Alezaj complet<br \/>\n9. Actuator: P\u00e2rghie, Angrenaj melcat;<\/p>\n<p><strong>ROBIN\u0102 CU SFER\u0102 PLUTITOARE DIN PENTRU PN16, PN25<\/strong><\/p>\n<p>Conexiuni la cap\u0103t: RF cu flan\u0219\u0103, RTJ, sudare cap la cap<br \/>\nTip bil\u0103: bil\u0103 solid\u0103 forjat\u0103<br \/>\nMateriale scaun: PTFE, RPTFE, DEVLON, NYLON, PEEK, metal asezat cu TCC\/STL\/Ni.<\/p>","protected":false},"featured_media":18416,"template":"","meta":{"advanced_seo_description":"","jetpack_seo_html_title":"","jetpack_seo_noindex":false},"product_brand":[],"product_cat":[83],"product_tag":[469,467,465,468,466,470,471],"class_list":{"0":"post-18415","1":"product","2":"type-product","3":"status-publish","4":"has-post-thumbnail","6":"product_cat-ball-valves","7":"product_tag-2-inch-316ti-ball-valve","8":"product_tag-316ti-ball-valve","9":"product_tag-china-316ti-ball-valve-manufacturer","10":"product_tag-floating-316ti-ball-valve","11":"product_tag-oudian-supplies-316ti-ball-valve","12":"product_tag-pn16-316ti-ball-valve","13":"product_tag-rf-end-316ti-ball-valve","15":"first","16":"instock","17":"shipping-taxable","18":"product-type-simple"},"jetpack_sharing_enabled":true,"_links":{"self":[{"href":"https:\/\/oudianvalve.com\/ro\/wp-json\/wp\/v2\/product\/18415","targetHints":{"allow":["GET"]}}],"collection":[{"href":"https:\/\/oudianvalve.com\/ro\/wp-json\/wp\/v2\/product"}],"about":[{"href":"https:\/\/oudianvalve.com\/ro\/wp-json\/wp\/v2\/types\/product"}],"wp:featuredmedia":[{"embeddable":true,"href":"https:\/\/oudianvalve.com\/ro\/wp-json\/wp\/v2\/media\/18416"}],"wp:attachment":[{"href":"https:\/\/oudianvalve.com\/ro\/wp-json\/wp\/v2\/media?parent=18415"}],"wp:term":[{"taxonomy":"product_brand","embeddable":true,"href":"https:\/\/oudianvalve.com\/ro\/wp-json\/wp\/v2\/product_brand?post=18415"},{"taxonomy":"product_cat","embeddable":true,"href":"https:\/\/oudianvalve.com\/ro\/wp-json\/wp\/v2\/product_cat?post=18415"},{"taxonomy":"product_tag","embeddable":true,"href":"https:\/\/oudianvalve.com\/ro\/wp-json\/wp\/v2\/product_tag?post=18415"}],"curies":[{"name":"wp","href":"https:\/\/api.w.org\/{rel}","templated":true}]}}