{"id":18410,"date":"2025-06-14T06:30:28","date_gmt":"2025-06-14T06:30:28","guid":{"rendered":"https:\/\/oudianvalve.com\/?post_type=product&#038;p=18410"},"modified":"2025-06-14T06:34:35","modified_gmt":"2025-06-14T06:34:35","slug":"wafer-pattern-ball-valves-pn16-dn125-wcb","status":"publish","type":"product","link":"https:\/\/oudianvalve.com\/ro\/products\/ball-valves\/wafer-pattern-ball-valves-pn16-dn125-wcb\/","title":{"rendered":"Robinete cu bil\u0103 cu model tip wafer, PN16, DN125, WCB"},"content":{"rendered":"<p>Descrierea supapei:<br \/>\nTip supap\u0103: Supap\u0103 cu bil\u0103 plutitoare<br \/>\nMaterialul corpului: ASTM 216 WCB<br \/>\nDiametru nominal: 5\u2033<br \/>\nPresiune nominal\u0103: PN16<br \/>\nConexiune final\u0103: plachet\u0103<br \/>\nTemperatura de func\u021bionare: -29\u2103~+200\u2103.<br \/>\nFunc\u021bionare: P\u00e2rghie.<\/p>\n<p>&nbsp;<\/p>\n<p>O van\u0103 cu bil\u0103 tip wafer este o van\u0103 care controleaz\u0103 curgerea fluidului prin rotirea miezului vanei. Corpul s\u0103u este proiectat \u00een stil wafer, ceea ce \u00eenseamn\u0103 c\u0103 vana este fixat\u0103 \u00eentre dou\u0103 segmente de conduct\u0103 cu \u0219uruburi, elimin\u00e2nd necesitatea spa\u021biului suplimentar necesar conexiunilor tradi\u021bionale cu flan\u0219\u0103. Vanele cu bil\u0103 tip wafer sunt de obicei utilizate pentru aplica\u021bii care implic\u0103 \u00eenchiderea, distribu\u021bia \u0219i schimbarea direc\u021biei de curgere.<\/p>\n<p><strong>Caracteristici structurale<\/strong><\/p>\n<p>1. Design compact:<\/p>\n<p>Robinetul cu bil\u0103 tip wafer are un design de tip wafer, ceea ce \u00eei face structura compact\u0103 \u0219i necesit\u0103 un spa\u021biu minim de instalare, ideal pentru sistemele de conducte cu spa\u021biu limitat.<\/p>\n<p>2. Greutate redus\u0103:<\/p>\n<p>Datorit\u0103 elimin\u0103rii flan\u0219elor \u0219i a conexiunilor cu \u0219uruburi, robinetul cu bil\u0103 tip wafer este relativ u\u0219or, ceea ce contribuie la reducerea \u00eenc\u0103rc\u0103rii sistemului de conducte.<\/p>\n<p>3. Instalare \u0219i \u00eentre\u021binere u\u0219oar\u0103:<\/p>\n<p>Instalarea \u0219i demontarea robinetelor cu bil\u0103 tip wafer sunt foarte convenabile; pur \u0219i simplu introduce\u021bi robinetul \u00eentre conducte \u0219i fixa\u021bi-l cu \u0219uruburi. Acest design simplific\u0103 foarte mult procesul de instalare \u0219i \u00eentre\u021binere a robinetului.<\/p>\n<p>4. Performan\u021b\u0103 bun\u0103 de etan\u0219are:<\/p>\n<p>Robinetele cu bil\u0103 tip wafer utilizeaz\u0103 de obicei structuri de etan\u0219are moi sau dure, asigur\u00e2nd performan\u021be excelente de etan\u0219are \u0219i prevenind eficient scurgerile de fluid.<\/p>\n<p><strong>Principiul de func\u021bionare<\/strong><\/p>\n<p>Principiul de func\u021bionare al valvei cu bil\u0103 tip wafer este relativ simplu, implic\u00e2nd \u00een principal rotirea miezului valvei (bilei) pentru a controla curgerea fluidului. Procesul specific este urm\u0103torul:<\/p>\n<p>1. Deschiderea valvei: C\u00e2nd maneta sau actuatorul este rotit, miezul (bila) valvei se rote\u0219te cu 90 de grade, aliniind canalul valvei cu canalul conductei, permi\u021b\u00e2nd fluidului s\u0103 treac\u0103 liber.<\/p>\n<p>2. \u00cenchiderea robinetului: Prin rotirea manetei sau a actuatorului \u00een direc\u021bia opus\u0103, miezul robinetului (bila) se rote\u0219te cu \u00eenc\u0103 90 de grade, f\u0103c\u00e2nd pasajul robinetului perpendicular pe pasajul conductei, bloc\u00e2nd curgerea fluidului \u0219i realiz\u00e2nd func\u021bia de \u00eenchidere.<\/p>\n<p><strong>Avantaj<\/strong><\/p>\n<p>1. Economie de spa\u021biu: Designul compact al robinetelor cu bil\u0103 tip wafer ocup\u0103 mai pu\u021bin spa\u021biu, fiind deosebit de potrivite pentru instala\u021biile cu spa\u021biu limitat.<\/p>\n<p>2. Greutate redus\u0103: Comparativ cu robinetele cu bil\u0103 cu flan\u0219\u0103 tradi\u021bionale, robinetele cu bil\u0103 tip wafer sunt mai u\u0219oare, ceea ce le face mai u\u0219or de transportat \u0219i instalat.<\/p>\n<p>3. Instalare u\u0219oar\u0103: Procesul de instalare a robinetelor cu bil\u0103 tip wafer este simplu \u0219i rapid. Acestea trebuie doar prinse \u00eentre \u021bevi \u0219i fixate cu \u0219uruburi, elimin\u00e2nd etapele greoaie ale conexiunilor cu flan\u0219\u0103.<\/p>\n<p>4. Performan\u021b\u0103 excelent\u0103 de etan\u0219are: Robinetele cu bil\u0103 tip wafer utilizeaz\u0103 materiale de etan\u0219are de \u00eenalt\u0103 calitate, oferind performan\u021be superioare de etan\u0219are potrivite pentru aplica\u021bii care necesit\u0103 standarde ridicate de etan\u0219are.<\/p>\n<p>5. Aplica\u021bii versatile: Robine\u021bii cu bil\u0103 tip wafer sunt potrivi\u021bi pentru diverse sisteme industriale de conducte, cum ar fi cele din industria de tratare a apei, industria chimic\u0103, petrol \u0219i gaze, industria farmaceutic\u0103 \u0219i cea alimentar\u0103.<\/p>\n<p><strong>Aplica\u021bie<\/strong><\/p>\n<p>1. Sisteme de tratare a apei: utilizate pentru controlul debitului \u0219i presiunii apei \u00een sistemele municipale \u0219i industriale de tratare a apei, asigur\u00e2nd func\u021bionarea eficient\u0103 a procesului de tratare a apei.<\/p>\n<p>2. Conducte chimice: utilizate \u00een produc\u021bia chimic\u0103 pentru transportul \u0219i controlul diverselor medii chimice, asigur\u00e2nd siguran\u021ba \u0219i stabilitatea \u00een procesul de produc\u021bie.<\/p>\n<p>3. Petrol \u0219i gaze: Se utilizeaz\u0103 \u00een conductele de petrol \u0219i gaze pentru a opri \u0219i distribui fluxul de fluide, asigur\u00e2nd func\u021bionarea normal\u0103 a sistemului de conducte.<\/p>\n<p>4. Industriile farmaceutic\u0103 \u0219i alimentar\u0103: Aplicate \u00een produc\u021bia farmaceutic\u0103 \u0219i alimentar\u0103 pentru transportul \u0219i controlul mediilor pure, \u00eendeplinind cerin\u021bele ridicate de cur\u0103\u021benie \u0219i igien\u0103.<\/p>\n<p>&nbsp;<\/p>\n<p>Fabrica\u021bie de robinete cu bil\u0103 cu model tip plachet\u0103, robinete cu bil\u0103 cu model tip plachet\u0103 PN16, robinete cu bil\u0103 cu model tip plachet\u0103 DN125, robinete cu bil\u0103 cu model tip plachet\u0103 WCB<\/p>","protected":false},"excerpt":{"rendered":"<p><strong>Material<\/strong>O\u021bel carbon, o\u021bel inoxidabil<br \/>\n<strong>Conector<\/strong>Conexiune cu flan\u0219\u0103, flan\u0219e conform SAE, DIN, ANSI, ISO<\/p>\n<p><strong>Descriere:<\/strong><\/p>\n<ul>\n<li><strong>Dimensiuni<\/strong>DN15 p\u00e2n\u0103 la DN200<\/li>\n<li><strong>Corp<\/strong>FSt-PI, o\u021bel de prelucrare rapid\u0103, S355J2G3, bil\u0103 + tij\u0103: o\u021bel de prelucrare rapid\u0103, o\u021bel inoxidabil (1.4571\/316Ti)<br \/>\netan\u0219are: materiale plastice<\/li>\n<li><strong>Interval de presiune<\/strong>p\u00e2n\u0103 la PN32\u00d8 (vede\u021bi tabelul cu dimensiuni)<\/li>\n<li><strong>Domeniu de aplicare<\/strong>Tehnologie de extrac\u021bie, instala\u021bii de procesare, inginerie de gaze, sisteme de stingere a incendiilor (Garnituri de acoperire \u0219i materiale de corp adaptate la aplica\u021bie!)<\/li>\n<li><strong>Interval de temperatur\u0103<\/strong>standard: -20\u00b0C p\u00e2n\u0103 la +60\u00b0C (-4 p\u00e2n\u0103 la +140\u00b0F)<\/li>\n<li><strong>Suprafa\u0163\u0103<\/strong>neacoperit, finisaj oxidat negru, f\u0103r\u0103 crom-VI<\/li>\n<\/ul>","protected":false},"featured_media":18411,"template":"","meta":{"advanced_seo_description":"","jetpack_seo_html_title":"","jetpack_seo_noindex":false},"product_brand":[],"product_cat":[83],"product_tag":[456,455,454,457],"class_list":{"0":"post-18410","1":"product","2":"type-product","3":"status-publish","4":"has-post-thumbnail","6":"product_cat-ball-valves","7":"product_tag-dn125-wafer-pattern-ball-valves","8":"product_tag-pn16-wafer-pattern-ball-valves","9":"product_tag-wafer-pattern-ball-valves-manufacture","10":"product_tag-wcb-wafer-pattern-ball-valves","12":"first","13":"instock","14":"shipping-taxable","15":"product-type-simple"},"jetpack_sharing_enabled":true,"_links":{"self":[{"href":"https:\/\/oudianvalve.com\/ro\/wp-json\/wp\/v2\/product\/18410","targetHints":{"allow":["GET"]}}],"collection":[{"href":"https:\/\/oudianvalve.com\/ro\/wp-json\/wp\/v2\/product"}],"about":[{"href":"https:\/\/oudianvalve.com\/ro\/wp-json\/wp\/v2\/types\/product"}],"wp:featuredmedia":[{"embeddable":true,"href":"https:\/\/oudianvalve.com\/ro\/wp-json\/wp\/v2\/media\/18411"}],"wp:attachment":[{"href":"https:\/\/oudianvalve.com\/ro\/wp-json\/wp\/v2\/media?parent=18410"}],"wp:term":[{"taxonomy":"product_brand","embeddable":true,"href":"https:\/\/oudianvalve.com\/ro\/wp-json\/wp\/v2\/product_brand?post=18410"},{"taxonomy":"product_cat","embeddable":true,"href":"https:\/\/oudianvalve.com\/ro\/wp-json\/wp\/v2\/product_cat?post=18410"},{"taxonomy":"product_tag","embeddable":true,"href":"https:\/\/oudianvalve.com\/ro\/wp-json\/wp\/v2\/product_tag?post=18410"}],"curies":[{"name":"wp","href":"https:\/\/api.w.org\/{rel}","templated":true}]}}