{"id":18399,"date":"2025-06-14T05:36:33","date_gmt":"2025-06-14T05:36:33","guid":{"rendered":"https:\/\/oudianvalve.com\/?post_type=product&#038;p=18399"},"modified":"2025-06-14T05:43:59","modified_gmt":"2025-06-14T05:43:59","slug":"fully-jacket-ball-valve-2205-pn16-dn80-rf-end","status":"publish","type":"product","link":"https:\/\/oudianvalve.com\/ro\/products\/ball-valves\/fully-jacket-ball-valve-2205-pn16-dn80-rf-end\/","title":{"rendered":"Fully Jacket Ball Valve,2205,PN16,DN80,RF End"},"content":{"rendered":"<p>Descrierea supapei:<br \/>\nTip supap\u0103: Supap\u0103 cu bil\u0103 plutitoare<br \/>\nMaterialul corpului: 2205.<br \/>\nDiametru nominal: DN80<br \/>\nPresiune nominal\u0103: PN16<br \/>\nConexiune final\u0103: Flan\u0219\u0103 RF<br \/>\nTemperatura de func\u021bionare: -29\u2103~+200\u2103.<br \/>\nFunc\u021bionare: P\u00e2rghie.<\/p>\n<p>The 2205 insulated ball valve is welded with a metal jacket on the basis of the ball valve, which is used to inject steam or other heat-insulating and cold-insulating media to ensure that the medium in the valve can work normally. The insulated jacket ball valve has good heat-insulating and cold-insulating properties, and the valve diameter is consistent with the pipe diameter, while effectively reducing the heat loss of the medium in the pipeline.<\/p>\n<p>The 2205 insulated ball valve has several structural forms such as integral insulated ball valve, two-piece insulated ball valve, and sandwich insulated ball valve according to the different structures of the ball valve. It is widely used in system pipelines in chemical, petroleum, pharmaceutical, metallurgical and other industries.<\/p>\n<p>2205 insulated ball valve application range:<br \/>\nInsulated jacket ball valves are mainly used in various systems such as petroleum, chemical, metallurgical, pharmaceutical, and food to transport heavy oil, rubber and other high-viscosity media that will solidify at room temperature.<\/p>\n<p>2205 insulation ball valve structural features:<br \/>\nThe insulation jacket ball valve adopts an integral jacket structure design, which can more evenly insulate heat and cold. The insulation ball valve is smaller in size and lighter in weight than ordinary ball valves, and has no leakage and good sealing performance. The jacket is welded with carbon steel pipe, which is more pressure-resistant and firm than casting. The jacket, the outer side of the valve body and the jacket pipe are welded, and the maximum pressure of steam or cold water is allowed to be 1MPa.<br \/>\n2205 insulation ball valve has good insulation and cold-keeping properties. Except for the reduced diameter insulation ball valve, the valve diameter and pipe diameter are the same, the medium flows in a straight line, the resistance is small, and the heat loss of the medium in the pipeline can be effectively reduced. Therefore, it has excellent performance for liquid media that are easy to solidify and have high viscosity.<\/p>\n<p>2205 Insulated Ball Valve Standard Specifications:<br \/>\nDesign and manufacturing standards: GB\/T12224, ASME B 16.34<br \/>\nStructural length standards: GB\/T 12221-2005, ASME B 16.10<br \/>\nConnection flange standards: JB\/T 79, GB\/T 9113, ASME B 16.5<br \/>\nPressure and temperature grades: GB\/T 12224-2005<br \/>\nTest and inspection standards: GB\/T 13927-2008, JB\/T9092, API 598<\/p>\n<p><strong>Fully jacketed jacket ball valve<\/strong><b>\u00a0<\/b><strong>specification<\/strong><\/p>\n<table border=\"1\" cellspacing=\"0\">\n<tbody>\n<tr>\n<td>Product Name<\/td>\n<td>Fully jacketed jacket ball valve<\/td>\n<\/tr>\n<tr>\n<td>1. Material<\/td>\n<td>WCB,CF8,CF3,CF8M,CF3M etc.<\/td>\n<\/tr>\n<tr>\n<td>2. Size<\/td>\n<td>1\/2~24 inch (\u00a0DN15~DN600)<\/td>\n<\/tr>\n<tr>\n<td>3. Structure<\/td>\n<td>Full jacket or partial jacket design<\/td>\n<\/tr>\n<tr>\n<td>4. Working Pressure<\/td>\n<td>150LB~600LB,PN10~PN100<\/td>\n<\/tr>\n<tr>\n<td>5. Connection Ends<\/td>\n<td>Flange<\/td>\n<\/tr>\n<tr>\n<td>6. Working Temp.<\/td>\n<td>-20~450\u00baC, or according to customer requirements for different industry.<\/td>\n<\/tr>\n<tr>\n<td>7. Suitable Medium<\/td>\n<td>\u00a0Easy to solidify, high viscosity medium<\/td>\n<\/tr>\n<tr>\n<td>8.\u00a0Operation<\/td>\n<td>Handle operated, Locking device is option<\/td>\n<\/tr>\n<\/tbody>\n<\/table>\n<p>&nbsp;<\/p>\n<p>China 2205 Fully Jacket Ball Valve Manufacturer ,OUdian Supplies 2205 Fully Jacket Floating Ball Valve, 2205 Fully Jacket Ball Valve, DN80 2205 Fully Jacket Ball Valve , PN16 2205 Fully Jacket Ball Valve.<\/p>","protected":false},"excerpt":{"rendered":"<p>1. Proiectare \u0219i fabrica\u021bie: DIN 3357<br \/>\n2. Fa\u021b\u0103 \u00een fa\u021b\u0103: DIN 3202<br \/>\n3. Cap\u0103t cu flan\u0219\u0103: DIN2501<br \/>\n4. Dimensiune nominal\u0103: DN15 \u2013 DN200<br \/>\n5. Presiune nominal\u0103: PN16, PN25;<br \/>\nInterval de dimensiuni: de la 2\u201d la 48\u201d<br \/>\nInterval de presiune: Clasa 150 p\u00e2n\u0103 la 2500<br \/>\nConexiuni la cap\u0103t: RF cu flan\u0219\u0103, RTJ, sudare cap la cap<br \/>\nTip bil\u0103: bil\u0103 solid\u0103 forjat\u0103, montat\u0103 pe trunion<br \/>\nDimensiuni de cap\u0103t cu flan\u0219\u0103: ASME B16.5 (\u226424\u201d), ASME B16.47 Seria A sau B (&gt;24\u201d)<br \/>\nDimensiuni cap\u0103t de sudare cap la cap: ASME B16.25 fa\u021b\u0103 \u00een fa\u021b\u0103<br \/>\nDimensiuni fa\u021b\u0103 \u00een fa\u021b\u0103: ASME B16.10<br \/>\nInspec\u021bie \u0219i testare: API 6D<br \/>\nMateriale caroserie: ZTA1, ZTA2, ZTA3, ZTA9, ZTA10, ZTC4 TA1, TA2, TA3, TA9, TA10, TC4 Titanium Gr2, Gr3, Gr5, Gr6, Gr7, Gr12 Titanium GrC2, GrC3, GrC5, GrC6, Ti-PrF2B, Ti-PrD2 Gr3F, GrF5, GrF6, GrF7, GrF12<br \/>\nMateriale scaun: PTFE, RPTFE, DEVLON, NYLON, PEEK, metal complet cu fa\u021ba dur\u0103.<\/p>\n<p>&nbsp;<\/p>\n<p>Caracteristicile produsului<\/p>\n<p>.Rezisten\u021ba la curgere este mic\u0103;<br \/>\n2. Scaun piston, design de structur\u0103 anti-incendiu de protec\u021bie;<br \/>\n3. F\u0103r\u0103 limitare a direc\u021biei de curgere a mediului;<br \/>\n4. C\u00e2nd supapa este \u00een pozi\u021bie complet deschis\u0103, suprafe\u021bele scaunului sunt \u00een afara fluxului de curgere care \u00eentotdeauna \u00een contact complet cu poarta care poate proteja suprafe\u021bele scaunului \u0219i potrivite pentru conducta de porc;<br \/>\n5.Poate fi alese ambalajele cu prim\u0103var\u0103;<br \/>\n6. Ambalarea cu emisii sc\u0103zute poate fi aleas\u0103 \u00een conformitate cu cerin\u021bele ISO 15848;<br \/>\n7. Se poate alege un design extins cu tij\u0103;<br \/>\n8.Se poate alege designul scaunului din metal pe metal;<br \/>\n9.DBB\uff0cDIB-1\uff0cDesignul DIB-2 poate fi ales\uff1b<br \/>\n10.Mingea se fixeaz\u0103 cu o plac\u0103 de sprijin \u0219i un arbore fix;<\/p>","protected":false},"featured_media":18400,"template":"","meta":{"advanced_seo_description":"","jetpack_seo_html_title":"","jetpack_seo_noindex":false},"product_brand":[],"product_cat":[83],"product_tag":[432,430,433,431,434],"class_list":{"0":"post-18399","1":"product","2":"type-product","3":"status-publish","4":"has-post-thumbnail","6":"product_cat-ball-valves","7":"product_tag-2205-fully-jacket-ball-valve","8":"product_tag-china-2205-fully-jacket-ball-valve-manufacturer","9":"product_tag-dn80-2205-fully-jacket-ball-valve","10":"product_tag-oudian-supplies-2205-fully-jacket-floating-ball-valve","11":"product_tag-pn16-2205-fully-jacket-ball-valve","13":"first","14":"instock","15":"shipping-taxable","16":"product-type-simple"},"jetpack_sharing_enabled":true,"_links":{"self":[{"href":"https:\/\/oudianvalve.com\/ro\/wp-json\/wp\/v2\/product\/18399","targetHints":{"allow":["GET"]}}],"collection":[{"href":"https:\/\/oudianvalve.com\/ro\/wp-json\/wp\/v2\/product"}],"about":[{"href":"https:\/\/oudianvalve.com\/ro\/wp-json\/wp\/v2\/types\/product"}],"wp:featuredmedia":[{"embeddable":true,"href":"https:\/\/oudianvalve.com\/ro\/wp-json\/wp\/v2\/media\/18400"}],"wp:attachment":[{"href":"https:\/\/oudianvalve.com\/ro\/wp-json\/wp\/v2\/media?parent=18399"}],"wp:term":[{"taxonomy":"product_brand","embeddable":true,"href":"https:\/\/oudianvalve.com\/ro\/wp-json\/wp\/v2\/product_brand?post=18399"},{"taxonomy":"product_cat","embeddable":true,"href":"https:\/\/oudianvalve.com\/ro\/wp-json\/wp\/v2\/product_cat?post=18399"},{"taxonomy":"product_tag","embeddable":true,"href":"https:\/\/oudianvalve.com\/ro\/wp-json\/wp\/v2\/product_tag?post=18399"}],"curies":[{"name":"wp","href":"https:\/\/api.w.org\/{rel}","templated":true}]}}