{"id":18393,"date":"2025-06-14T05:15:10","date_gmt":"2025-06-14T05:15:10","guid":{"rendered":"https:\/\/oudianvalve.com\/?post_type=product&#038;p=18393"},"modified":"2025-06-14T06:45:26","modified_gmt":"2025-06-14T06:45:26","slug":"worm-gear-ball-valve-pn16-dn150-304-rf-end","status":"publish","type":"product","link":"https:\/\/oudianvalve.com\/ro\/products\/ball-valves\/worm-gear-ball-valve-pn16-dn150-304-rf-end\/","title":{"rendered":"Robinet cu bil\u0103 cu angrenaj melcat, PN16, DN150, 304, cap\u0103t RF"},"content":{"rendered":"<p>Descrierea supapei:<br \/>\nTip supap\u0103: Supap\u0103 cu bil\u0103 plutitoare<br \/>\nMaterialul corpului: 304.<br \/>\nDiametru nominal: 6\u2033<br \/>\nPresiune nominal\u0103: PN16<br \/>\nConexiune final\u0103: Flan\u0219\u0103 RF<br \/>\nTemperatura de func\u021bionare: -29\u2103~+200\u2103.<br \/>\nFunc\u021bionare: P\u00e2rghie.<\/p>\n<p>Robinetul cu bil\u0103 \u0219i flan\u0219\u0103 cu angrenaj melcat este un robinet utilizat pe scar\u0103 larg\u0103 \u00een sistemele de fluide. Principiul s\u0103u de func\u021bionare este de a deschide \u0219i \u00eenchide robinetul prin angrenarea melcului turbinei. Turbina este instalat\u0103 pe tija robinetului cu bil\u0103. C\u00e2nd turbina se rote\u0219te, melcul se rote\u0219te \u00een mod corespunz\u0103tor, ac\u021bion\u00e2nd astfel tija robinetului \u0219i bila pentru a ob\u021bine controlul robinetului. Este utilizat \u00een principal pentru a \u00eentrerupe, distribui \u0219i schimba direc\u021bia de curgere a mediului \u00een conduct\u0103. Are numeroase caracteristici \u0219i avantaje, ceea ce \u00eel face foarte popular \u00een sistemele de conducte \u00een diverse aplica\u021bii industriale, cum ar fi petrol, chimie, energie electric\u0103, \u00eenc\u0103lzire, metalurgie, medicin\u0103, \u00eengr\u0103\u0219\u0103minte, saline, fibre chimice, alimentare cu ap\u0103, protec\u021bia mediului, construc\u021bii industriale \u0219i civile, industria nuclear\u0103 etc.<br \/>\nMecanismul de transmisie a turbinei este o parte important\u0103 a supapei cu bil\u0103 cu flan\u0219\u0103 de transmisie a turbinei, care are urm\u0103toarele caracteristici: eficien\u021b\u0103 ridicat\u0103 a transmisiei: eficien\u021ba transmisiei de angrenare a melcului turbinei este mare, ceea ce face ca supapa s\u0103 se deschid\u0103 \u0219i s\u0103 se \u00eenchid\u0103 mai rapid; cuplu de func\u021bionare mic: datorit\u0103 principiului de angrenare al melcului turbinei, cuplul de func\u021bionare este mic, ceea ce este convenabil pentru operarea manual\u0103 sau se poate ad\u0103uga un actuator electric, dup\u0103 cum este necesar, pentru a utiliza operarea electric\u0103; fiabilitate ridicat\u0103: structura de angrenare a melcului turbinei este simpl\u0103, rata de defec\u021biune este sc\u0103zut\u0103, \u00eentre\u021binerea este u\u0219oar\u0103, iar fiabilitatea este ridicat\u0103.<\/p>\n<p>Principalele caracteristici ale robinetului cu bil\u0103 cu flan\u0219\u0103 pentru angrenaj melcat<br \/>\n1. Rezisten\u021b\u0103 redus\u0103 la fluide: Designul robinetului cu bil\u0103 \u00eel face aproape lipsit de rezisten\u021b\u0103 la fluide la deschidere, iar coeficientul s\u0103u de rezisten\u021b\u0103 este egal cu cel al unei sec\u021biuni de \u021beav\u0103 de aceea\u0219i lungime.<br \/>\n2. Structur\u0103 simpl\u0103, dimensiuni reduse \u0219i greutate redus\u0103: Acest lucru face ca robinetul cu bil\u0103 s\u0103 fie u\u0219or de instalat \u0219i de \u00eentre\u021binut.<br \/>\n3. Etan\u0219 \u0219i fiabil: Robinetul cu bil\u0103 are o bun\u0103 performan\u021b\u0103 de etan\u0219are, iar plasticul \u0219i alte materiale sunt utilizate pe scar\u0103 larg\u0103 ca suprafe\u021be de etan\u0219are, fiind potrivite pentru sistemele de vid.<br \/>\n4. Operare u\u0219oar\u0103: Se deschide \u0219i se \u00eenchide rapid \u0219i trebuie doar s\u0103 se roteasc\u0103 la 90\u00b0 pentru a realiza o deschidere sau o \u00eenchidere complet\u0103, ceea ce este convenabil pentru telecomand\u0103.<br \/>\n5. \u00centre\u021binere u\u0219oar\u0103: Supapa cu bil\u0103 are o structur\u0103 simpl\u0103, iar inelul de etan\u0219are este de obicei mobil, fiind u\u0219or de demontat \u0219i \u00eenlocuit.<br \/>\n6. Gam\u0103 larg\u0103 de aplica\u021bii: Diametrul robinetului cu bil\u0103 variaz\u0103 de la c\u00e2\u021biva milimetri la c\u00e2\u021biva metri \u0219i este potrivit pentru o gam\u0103 larg\u0103 de medii, de la vid \u00eenalt la presiune \u00eenalt\u0103<\/p>\n<table style=\"height: 295px;\" border=\"2\" width=\"1033\">\n<tbody>\n<tr>\n<td width=\"60\">NU<\/td>\n<td width=\"115\">DENUMIRE PIESE<\/td>\n<td colspan=\"6\" width=\"525\">MATERIALE PIESE<\/td>\n<\/tr>\n<tr>\n<td width=\"60\">1<\/td>\n<td width=\"115\">CORP<\/td>\n<td width=\"87\">SAF 2205<\/td>\n<td width=\"87\">SAF 2507<\/td>\n<td width=\"87\">A995 Gr.1B<\/td>\n<td width=\"87\">A995 Gr.4A<\/td>\n<td width=\"87\">A995 Gr.5A<\/td>\n<td width=\"88\">A995 Gr.6A<\/td>\n<\/tr>\n<tr>\n<td width=\"60\">2<\/td>\n<td width=\"115\">CAPOT\u0102<\/td>\n<td width=\"87\">SAF 2205<\/td>\n<td width=\"87\">SAF 2507<\/td>\n<td width=\"87\">A995 Gr.1B<\/td>\n<td width=\"87\">A995 Gr.4A<\/td>\n<td width=\"87\">A995 Gr.5A<\/td>\n<td width=\"88\">A995 Gr.6A<\/td>\n<\/tr>\n<tr>\n<td width=\"60\">3<\/td>\n<td width=\"115\">SCAUN<\/td>\n<td colspan=\"6\" width=\"525\">RPTFE, PTFE, TEFLON, NAILON, PPL, PEEK, DEVLON, O\u021bel inoxidabil duplex + tratament de c\u0103lire<\/td>\n<\/tr>\n<tr>\n<td width=\"60\">4<\/td>\n<td width=\"115\">MINGE<\/td>\n<td width=\"87\">2205<\/td>\n<td width=\"87\">2507<\/td>\n<td width=\"87\">S32550<\/td>\n<td width=\"87\">S31803<\/td>\n<td width=\"87\">S32750<\/td>\n<td width=\"88\">S32760<\/td>\n<\/tr>\n<tr>\n<td width=\"60\">5<\/td>\n<td width=\"115\">STEM<\/td>\n<td width=\"87\">2205<\/td>\n<td width=\"87\">2507<\/td>\n<td width=\"87\">S32550<\/td>\n<td width=\"87\">S31803<\/td>\n<td width=\"87\">S32750<\/td>\n<td width=\"88\">S32760<\/td>\n<\/tr>\n<tr>\n<td width=\"60\">6<\/td>\n<td width=\"115\">AMBALARE<\/td>\n<td colspan=\"6\" width=\"525\">GRAFIT, RPTFE, PTFE, TEFLON, PPL<\/td>\n<\/tr>\n<tr>\n<td width=\"60\">7<\/td>\n<td width=\"115\">\u0218URUB<\/td>\n<td width=\"87\">A193 B8M<\/td>\n<td width=\"87\">A193 B8M<\/td>\n<td width=\"87\">A193 B8M<\/td>\n<td width=\"87\">A193 B8M<\/td>\n<td width=\"87\">A193 B8M<\/td>\n<td width=\"88\">A193 B8M<\/td>\n<\/tr>\n<tr>\n<td width=\"60\">8<\/td>\n<td width=\"115\">PIULI\u0162\u0102<\/td>\n<td width=\"87\">A194 8M<\/td>\n<td width=\"87\">A194 8M<\/td>\n<td width=\"87\">A194 8M<\/td>\n<td width=\"87\">A194 8M<\/td>\n<td width=\"87\">A194 8M<\/td>\n<td width=\"88\">A194 8M<\/td>\n<\/tr>\n<\/tbody>\n<\/table>\n<p>Standarde pentru valve: Standard japonez\/JIS Standard japonez\/JPI Standard vechi Standard american Standard american API Standard american\/ANS Standard american\/standard german DIN Standard german\/Departamentul Mecanic JB\/Standard Chimic HG20592\/Standard na\u021bional\/Standard na\u021bional GB Standard na\u021bional JB<br \/>\nEtan\u0219are supap\u0103: etan\u0219are moale, etan\u0219are dur\u0103, STL.PPL.M, N, B, Cr13<br \/>\nStructura valvei: direct\u0103, cu dou\u0103 c\u0103i, cu trei c\u0103i, cu patru c\u0103i, plutitoare, fix\u0103<\/p>\n<p>Produc\u0103tor de robinete cu bil\u0103 cu angrenaj melcat din China, OUdian Supplies Robinete cu bil\u0103 cu angrenaj melcat, Robinete cu bil\u0103 plutitoare cu angrenaj melcat, Robinete cu bil\u0103 cu angrenaj melcat de 6 inch, Robinete cu bil\u0103 cu angrenaj melcat de 150 lb, Robinete cu bil\u0103 cu angrenaj melcat plutitoare, Robinete cu bil\u0103 cu angrenaj melcat cu cap\u0103t RF.<\/p>","protected":false},"excerpt":{"rendered":"<p>1. Proiectare \u0219i fabrica\u021bie: DIN 3357<br \/>\n2. Fa\u021b\u0103 \u00een fa\u021b\u0103: DIN 3202<br \/>\n3. Cap\u0103t cu flan\u0219\u0103: DIN2501<br \/>\n4. Dimensiune nominal\u0103: DN15 \u2013 DN200<br \/>\n5. Presiune nominal\u0103: PN16, PN25;<br \/>\n6. Materiale ale corpului: WCB, LCB, CF8, CF8M, CF3, CF3M etc.<br \/>\n7. Finisaj: 13CR, o\u021bel inoxidabil 304, o\u021bel inoxidabil 316, o\u021bel inoxidabil duplex;<br \/>\n8. Tip alezaj: Alezaj complet<br \/>\n9. Actuator: P\u00e2rghie, Angrenaj melcat;<\/p>\n<p><strong>ROBIN\u0102 CU SFER\u0102 PLUTITOARE DIN PENTRU PN16, PN25<\/strong><\/p>\n<p>Conexiuni la cap\u0103t: RF cu flan\u0219\u0103, RTJ, sudare cap la cap<br \/>\nTip bil\u0103: bil\u0103 solid\u0103 forjat\u0103<br \/>\nMateriale scaun: PTFE, RPTFE, DEVLON, NYLON, PEEK, metal asezat cu TCC\/STL\/Ni.<\/p>","protected":false},"featured_media":18414,"template":"","meta":{"advanced_seo_description":"","jetpack_seo_html_title":"","jetpack_seo_noindex":false},"product_brand":[],"product_cat":[83],"product_tag":[462,461,458,463,459,464,460],"class_list":{"0":"post-18393","1":"product","2":"type-product","3":"status-publish","4":"has-post-thumbnail","6":"product_cat-ball-valves","7":"product_tag-150lb-worm-gear-ball-valve","8":"product_tag-6-inch-worm-gear-ball-valve","9":"product_tag-china-worm-gear-ball-valve-manufacturer","10":"product_tag-floating-worm-gear-ball-valve","11":"product_tag-oudian-supplies-worm-gear-ball-valve","12":"product_tag-rf-end-worm-gear-ball-valve","13":"product_tag-worm-gear-floating-ball-valve","15":"first","16":"instock","17":"shipping-taxable","18":"product-type-simple"},"jetpack_sharing_enabled":true,"_links":{"self":[{"href":"https:\/\/oudianvalve.com\/ro\/wp-json\/wp\/v2\/product\/18393","targetHints":{"allow":["GET"]}}],"collection":[{"href":"https:\/\/oudianvalve.com\/ro\/wp-json\/wp\/v2\/product"}],"about":[{"href":"https:\/\/oudianvalve.com\/ro\/wp-json\/wp\/v2\/types\/product"}],"wp:featuredmedia":[{"embeddable":true,"href":"https:\/\/oudianvalve.com\/ro\/wp-json\/wp\/v2\/media\/18414"}],"wp:attachment":[{"href":"https:\/\/oudianvalve.com\/ro\/wp-json\/wp\/v2\/media?parent=18393"}],"wp:term":[{"taxonomy":"product_brand","embeddable":true,"href":"https:\/\/oudianvalve.com\/ro\/wp-json\/wp\/v2\/product_brand?post=18393"},{"taxonomy":"product_cat","embeddable":true,"href":"https:\/\/oudianvalve.com\/ro\/wp-json\/wp\/v2\/product_cat?post=18393"},{"taxonomy":"product_tag","embeddable":true,"href":"https:\/\/oudianvalve.com\/ro\/wp-json\/wp\/v2\/product_tag?post=18393"}],"curies":[{"name":"wp","href":"https:\/\/api.w.org\/{rel}","templated":true}]}}