{"id":18391,"date":"2025-06-14T02:54:18","date_gmt":"2025-06-14T02:54:18","guid":{"rendered":"https:\/\/oudianvalve.com\/?post_type=product&#038;p=18391"},"modified":"2025-06-14T03:02:24","modified_gmt":"2025-06-14T03:02:24","slug":"daikin-m111-seat-ball-valve-150lb-2-inch-rf-end","status":"publish","type":"product","link":"https:\/\/oudianvalve.com\/ro\/products\/ball-valves\/daikin-m111-seat-ball-valve-150lb-2-inch-rf-end\/","title":{"rendered":"Robinet cu bil\u0103 cu scaun Daikin M111, 150LB, 2 inch, cap\u0103t RF"},"content":{"rendered":"<p>Descrierea supapei:<br \/>\nTip supap\u0103: Supap\u0103 cu bil\u0103 plutitoare<br \/>\nMaterialul corpului: CF8.<br \/>\nDiametru nominal: 2\u2033<br \/>\nPresiune nominal\u0103: 150LB<br \/>\nConexiune final\u0103: Flan\u0219\u0103 RF<br \/>\nTemperatura de func\u021bionare: -29\u2103~+200\u2103.<br \/>\nFunc\u021bionare: P\u00e2rghie.<\/p>\n<p>Daikin M111 duplex steel ball valve is made of duplex stainless steel (ferrite and austenite each account for about 50% of the metal, and the content of the lesser phase must be at least 30%). In industrial manufacturing, common duplex steels are 2205, 2507, and 2520 (310S). This type of ball valve has better material performance than conventional 304, 8 nickel 18 chromium stainless steel, has sufficient plasticity and toughness, good local corrosion resistance and good corrosion resistance, and is often used in chloride-rich working environments, such as seawater evaporation systems, marine ships, and marine engineering pipelines; the medium in the pipeline is hydrogen peroxide, caustic soda, hydrochloric acid, etc., especially the performance of resistance to oxidative corrosion makes Daikin M111 duplex steel ball valve an excellent cut-off and cut-off equipment in nitric acid devices and strong organic acids.<\/p>\n<p>&nbsp;<\/p>\n<p>The seal of Daikin M111 duplex steel ball valve uses imported PTFE with batch number M111, which is produced in Daikin, Japan. It has better wear resistance, corrosion resistance, temperature resistance and cold resistance than ordinary domestic PTFE. The applicable temperature range is -180\u2103-200\u2103. In some occasions with high requirements for corrosion resistance, such as fine chemical industry, pharmaceutical industry, electronics industry and other related fields, it is recommended to use duplex steel ball valves using M111PTFE as seals. It also performs quite well in high or low temperature working environments.<br \/>\nDaikin M111 duplex steel ball valve related parts<\/p>\n<p><a href=\"http:\/\/www.oudianfm.com\/prolist-2240365-1.html\" target=\"_blank\" rel=\"noopener\">Daikin M111 Duplex Steel Ball Valve Related Parts<\/a><\/p>\n<p>&nbsp;<\/p>\n<table style=\"height: 295px;\" border=\"2\" width=\"1033\">\n<tbody>\n<tr>\n<td width=\"60\">NU<\/td>\n<td width=\"115\">DENUMIRE PIESE<\/td>\n<td colspan=\"6\" width=\"525\">MATERIALE PIESE<\/td>\n<\/tr>\n<tr>\n<td width=\"60\">1<\/td>\n<td width=\"115\">CORP<\/td>\n<td width=\"87\">SAF 2205<\/td>\n<td width=\"87\">SAF 2507<\/td>\n<td width=\"87\">A995 Gr.1B<\/td>\n<td width=\"87\">A995 Gr.4A<\/td>\n<td width=\"87\">A995 Gr.5A<\/td>\n<td width=\"88\">A995 Gr.6A<\/td>\n<\/tr>\n<tr>\n<td width=\"60\">2<\/td>\n<td width=\"115\">CAPOT\u0102<\/td>\n<td width=\"87\">SAF 2205<\/td>\n<td width=\"87\">SAF 2507<\/td>\n<td width=\"87\">A995 Gr.1B<\/td>\n<td width=\"87\">A995 Gr.4A<\/td>\n<td width=\"87\">A995 Gr.5A<\/td>\n<td width=\"88\">A995 Gr.6A<\/td>\n<\/tr>\n<tr>\n<td width=\"60\">3<\/td>\n<td width=\"115\">SCAUN<\/td>\n<td colspan=\"6\" width=\"525\">RPTFE, PTFE, TEFLON, NAILON, PPL, PEEK, DEVLON, O\u021bel inoxidabil duplex + tratament de c\u0103lire<\/td>\n<\/tr>\n<tr>\n<td width=\"60\">4<\/td>\n<td width=\"115\">MINGE<\/td>\n<td width=\"87\">2205<\/td>\n<td width=\"87\">2507<\/td>\n<td width=\"87\">S32550<\/td>\n<td width=\"87\">S31803<\/td>\n<td width=\"87\">S32750<\/td>\n<td width=\"88\">S32760<\/td>\n<\/tr>\n<tr>\n<td width=\"60\">5<\/td>\n<td width=\"115\">STEM<\/td>\n<td width=\"87\">2205<\/td>\n<td width=\"87\">2507<\/td>\n<td width=\"87\">S32550<\/td>\n<td width=\"87\">S31803<\/td>\n<td width=\"87\">S32750<\/td>\n<td width=\"88\">S32760<\/td>\n<\/tr>\n<tr>\n<td width=\"60\">6<\/td>\n<td width=\"115\">AMBALARE<\/td>\n<td colspan=\"6\" width=\"525\">GRAFIT, RPTFE, PTFE, TEFLON, PPL<\/td>\n<\/tr>\n<tr>\n<td width=\"60\">7<\/td>\n<td width=\"115\">\u0218URUB<\/td>\n<td width=\"87\">A193 B8M<\/td>\n<td width=\"87\">A193 B8M<\/td>\n<td width=\"87\">A193 B8M<\/td>\n<td width=\"87\">A193 B8M<\/td>\n<td width=\"87\">A193 B8M<\/td>\n<td width=\"88\">A193 B8M<\/td>\n<\/tr>\n<tr>\n<td width=\"60\">8<\/td>\n<td width=\"115\">PIULI\u0162\u0102<\/td>\n<td width=\"87\">A194 8M<\/td>\n<td width=\"87\">A194 8M<\/td>\n<td width=\"87\">A194 8M<\/td>\n<td width=\"87\">A194 8M<\/td>\n<td width=\"87\">A194 8M<\/td>\n<td width=\"88\">A194 8M<\/td>\n<\/tr>\n<\/tbody>\n<\/table>\n<p>Standarde pentru valve: Standard japonez\/JIS Standard japonez\/JPI Standard vechi Standard american Standard american API Standard american\/ANS Standard american\/standard german DIN Standard german\/Departamentul Mecanic JB\/Standard Chimic HG20592\/Standard na\u021bional\/Standard na\u021bional GB Standard na\u021bional JB<br \/>\nEtan\u0219are supap\u0103: etan\u0219are moale, etan\u0219are dur\u0103, STL.PPL.M, N, B, Cr13<br \/>\nStructura valvei: direct\u0103, cu dou\u0103 c\u0103i, cu trei c\u0103i, cu patru c\u0103i, plutitoare, fix\u0103<\/p>\n<p>China Daikin M111 Seat Ball Valve Manufacturer ,OUdian Supplies Daikin M111 Seat Ball Valve, Daikin M111 Seat \u00a0Floating Ball Valve, 2 Inch Daikin M111 Seat Ball Valve, 150lb Daikin M111 Seat \u00a0Floating Ball Valve.<\/p>","protected":false},"excerpt":{"rendered":"<p>Standard de proiectare: API 6D\/API 608<br \/>\nProtec\u021bie \u00eempotriva incendiilor: API 607\/6FA<br \/>\nEvalu\u0103ri de temperatur\u0103 de presiune: ASME B16.34<br \/>\nInterval de dimensiuni: 2\u201d la 48\u201d (DN50-DN1200)<br \/>\nOrificiu: alezaj complet sau alezaj redus<br \/>\nInterval de presiune: 150LB p\u00e2n\u0103 la 2500LB<br \/>\nConexiuni la cap\u0103t: RF cu flan\u0219\u0103, RTJ, sudare cap la cap<br \/>\nTip bil\u0103: bil\u0103 solid\u0103 forjat\u0103<br \/>\nDimensiuni de cap\u0103t cu flan\u0219\u0103: ASME B16.5 (24\u201d \u0219i mai jos), ASME B16.47 Seria A sau B (peste 24\u201d)<br \/>\nDimensiuni cap\u0103t de sudare cap la cap: ASME B16.25<br \/>\nDimensiuni fa\u021b\u0103 \u00een fa\u021b\u0103: ASME B16.10<br \/>\nInspec\u021bie \u0219i testare: API 6D<br \/>\nMateriale caroserie: A105\/A105N, F304, F316, F316L, F51, F53, F55, C95800, UNS N08825, UNS N06625.<br \/>\nMateriale scaun: PTFE, RPTFE, DEVLON, NYLON, PEEK, metal asezat cu TCC\/STL\/Ni.<\/p>","protected":false},"featured_media":18392,"template":"","meta":{"advanced_seo_description":"","jetpack_seo_html_title":"","jetpack_seo_noindex":false},"product_brand":[],"product_cat":[83],"product_tag":[412,411,408,410,409],"class_list":{"0":"post-18391","1":"product","2":"type-product","3":"status-publish","4":"has-post-thumbnail","6":"product_cat-ball-valves","7":"product_tag-150lb-daikin-m111-seat-floating-ball-valve","8":"product_tag-2-inch-daikin-m111-seat-ball-valve","9":"product_tag-china-daikin-m111-seat-ball-valve-manufacturer","10":"product_tag-daikin-m111-seat-floating-ball-valve","11":"product_tag-oudian-supplies-daikin-m111-seat-ball-valve","13":"first","14":"instock","15":"shipping-taxable","16":"product-type-simple"},"jetpack_sharing_enabled":true,"_links":{"self":[{"href":"https:\/\/oudianvalve.com\/ro\/wp-json\/wp\/v2\/product\/18391","targetHints":{"allow":["GET"]}}],"collection":[{"href":"https:\/\/oudianvalve.com\/ro\/wp-json\/wp\/v2\/product"}],"about":[{"href":"https:\/\/oudianvalve.com\/ro\/wp-json\/wp\/v2\/types\/product"}],"wp:featuredmedia":[{"embeddable":true,"href":"https:\/\/oudianvalve.com\/ro\/wp-json\/wp\/v2\/media\/18392"}],"wp:attachment":[{"href":"https:\/\/oudianvalve.com\/ro\/wp-json\/wp\/v2\/media?parent=18391"}],"wp:term":[{"taxonomy":"product_brand","embeddable":true,"href":"https:\/\/oudianvalve.com\/ro\/wp-json\/wp\/v2\/product_brand?post=18391"},{"taxonomy":"product_cat","embeddable":true,"href":"https:\/\/oudianvalve.com\/ro\/wp-json\/wp\/v2\/product_cat?post=18391"},{"taxonomy":"product_tag","embeddable":true,"href":"https:\/\/oudianvalve.com\/ro\/wp-json\/wp\/v2\/product_tag?post=18391"}],"curies":[{"name":"wp","href":"https:\/\/api.w.org\/{rel}","templated":true}]}}