{"id":18376,"date":"2025-06-14T00:57:58","date_gmt":"2025-06-14T00:57:58","guid":{"rendered":"https:\/\/oudianvalve.com\/?post_type=product&#038;p=18376"},"modified":"2025-06-14T01:01:23","modified_gmt":"2025-06-14T01:01:23","slug":"ta2-ball-valve-pn16-dn25-rf-end","status":"publish","type":"product","link":"https:\/\/oudianvalve.com\/ro\/products\/ball-valves\/ta2-ball-valve-pn16-dn25-rf-end\/","title":{"rendered":"Robinet cu bil\u0103 TA2, PN16, DN25, cap\u0103t RF"},"content":{"rendered":"<p>Descrierea supapei:<br \/>\nTip supap\u0103: Supap\u0103 cu bil\u0103 plutitoare<br \/>\nMaterialul corpului: Titan TA2.<br \/>\nDiametru nominal: DN25<br \/>\nPresiune nominal\u0103: PN16<br \/>\nConexiune final\u0103: Flan\u0219\u0103 RF<br \/>\nTemperatura de func\u021bionare: -29\u2103~+200\u2103.<br \/>\nFunc\u021bionare: P\u00e2rghie.<\/p>\n<p>Domenii de aplicare \u0219i caracteristici ale produsului robinetului cu bil\u0103 din titan prin presare izostatic\u0103 la cald<br \/>\nCa valv\u0103 de \u00eenalt\u0103 performan\u021b\u0103, valva cu bil\u0103 din titan presat\u0103 izostatic la cald a fost utilizat\u0103 pe scar\u0103 larg\u0103 \u00een multe domenii datorit\u0103 materialului \u0219i designului structural unic. Principalele sale domenii de aplicare includ petrolul, industria chimic\u0103, produc\u021bia de sare, clor-alcali, sod\u0103 calcinat\u0103, uree \u0219i desalinizarea apei de mare. Valva cu bil\u0103 din titan presat\u0103 izostatic la cald adopt\u0103 o structur\u0103 de \u00eenc\u0103rcare superioar\u0103, care poate reduce \u0219uruburile de conectare ale corpului valvei \u00een condi\u021bii de presiune ridicat\u0103 \u0219i diametru mare, spore\u0219te fiabilitatea valvei \u0219i dep\u0103\u0219e\u0219te influen\u021ba greut\u0103\u021bii sistemului asupra func\u021bion\u0103rii normale a valvei.<\/p>\n<p>Caracteristicile robinetelor cu bil\u0103 din titan presate izostatic la cald sunt rezisten\u021ba excelent\u0103 la coroziune, rezisten\u021ba ridicat\u0103 \u0219i densitatea redus\u0103. Titanul este un metal foarte activ chimic, cu o afinitate bun\u0103 pentru oxigen. C\u00e2nd intr\u0103 \u00een contact cu atmosfera sau cu orice mediu care con\u021bine oxigen, poate forma imediat o pelicul\u0103 de oxid pasiv, puternic\u0103 \u0219i dens\u0103, pe suprafa\u021ba sa. Aceast\u0103 pelicul\u0103 de oxid este foarte stabil\u0103 \u0219i dificil de dizolvat. Chiar dac\u0103 este deteriorat\u0103 mecanic, se va regenera rapid at\u00e2ta timp c\u00e2t exist\u0103 oxigen. Prin urmare, robinetele cu bil\u0103 din titan au performan\u021be bune \u00eentr-o varietate de medii corozive, fiind potrivite \u00een special pentru echipamente din industria clor-alcalin\u0103, sod\u0103 calcinat\u0103, farmaceutic\u0103, uree \u0219i petrochimic\u0103. \u00cen plus, robinetele cu bil\u0103 din titan au \u0219i dou\u0103 forme: etan\u0219are moale \u0219i etan\u0219are metalic\u0103 dur\u0103, care pot rezolva problemele de coroziune dificil de rezolvat cu robinete precum o\u021bel inoxidabil, aliaj de cupru, aluminiu sau plastic \u00een conductele industriale.<\/p>\n<p>Introducerea \u0219i aplicarea tehnologiei de presare izostatic\u0103 la cald<br \/>\nPresarea izostatic\u0103 la cald (HIP) este un proces special de tratament termic pentru materiale metalice sau ceramice \u0219i reprezint\u0103 un mijloc important de preparare a materialelor de \u00eenalt\u0103 performan\u021b\u0103. Acest proces densific\u0103 structura intern\u0103 a materialului prin ac\u021biunea combinat\u0103 a temperaturii ridicate \u0219i a presiunii ridicate, iar to\u021bi porii \u0219i defectele dispar pentru a forma un \u00eentreg uniform \u0219i dens, \u00eembun\u0103t\u0103\u021bind considerabil rezisten\u021ba la uzur\u0103, rezisten\u021ba la coroziune \u0219i propriet\u0103\u021bile mecanice ale materialului. Tehnologia de presare izostatic\u0103 la cald poate fi aplicat\u0103 la formarea metalurgiei pulberilor sau la densificarea pieselor turnate formate (cum ar fi piesele turnate cu contrac\u021bie liber\u0103, cum ar fi aliajele de titan, aliajele pentru temperaturi \u00eenalte, aliajele de aluminiu etc.).<\/p>\n<p>Dispozitivul de presare izostatic\u0103 la cald este compus \u00een principal dintr-un vas sub presiune r\u0103cit cu ap\u0103, un cuptor de \u00eenc\u0103lzire \u0219i facilit\u0103\u021bi suplimentare, cum ar fi controlul, siguran\u021ba \u0219i manipularea. Procesul de operare include introducerea pulberii sau a compactului de pulbere \u00een ambalaj, sigilarea \u00een vid dup\u0103 \u00eendep\u0103rtarea gazului, plasarea \u00eentr-un vas sub presiune, pomparea gazului inert la o anumit\u0103 presiune \u0219i apoi \u00eenc\u0103lzirea la temperatura necesar\u0103 pentru a finaliza formarea \u0219i sinterizarea. Tehnologia de presare izostatic\u0103 la cald este utilizat\u0103 pe scar\u0103 larg\u0103 \u00een domeniul maritim, aviatic, aerospa\u021bial, auto \u0219i alte domenii, deoarece combin\u0103 avantajele pres\u0103rii la cald \u0219i ale pres\u0103rii izostatice, are o temperatur\u0103 de formare sc\u0103zut\u0103, produse dense \u0219i performan\u021be excelente.<\/p>\n<p>\u00cen procesul de produc\u021bie a robinetelor cu bil\u0103 din titan prin presare izostatic\u0103 la cald, tehnologia de presare izostatic\u0103 la cald poate fi utilizat\u0103 pentru a \u00eembun\u0103t\u0103\u021bi densitatea \u0219i propriet\u0103\u021bile mecanice ale materialelor din titan, \u00eembun\u0103t\u0103\u021bind astfel calitatea \u0219i fiabilitatea general\u0103 a robinetului. Prin tratamentul de presare izostatic\u0103 la cald, rezisten\u021ba la uzur\u0103, rezisten\u021ba la coroziune \u0219i durata de via\u021b\u0103 la oboseal\u0103 a robinetelor cu bil\u0103 din titan sunt \u00eembun\u0103t\u0103\u021bite semnificativ, f\u0103c\u00e2ndu-le mai durabile \u00een diverse condi\u021bii dure de lucru.<\/p>\n<p>Caracteristicile materialelor \u0219i con\u021binutul de elemente chimice ale materialelor din titan<br \/>\nTitanul este un metal cu propriet\u0103\u021bi excelente. Este u\u0219or, dur, rezistent la coroziune \u0219i are o biocompatibilitate bun\u0103. Densitatea titanului este de aproximativ 4,5 g\/cm\u00b3, ceea ce reprezint\u0103 doar 57% din cea a o\u021belului, dar rezisten\u021ba sa specific\u0103 (raportul dintre rezisten\u021b\u0103 \u0219i densitate) este foarte mare, de aproximativ 2 ori mai mare dec\u00e2t duritatea o\u021belului obi\u0219nuit \u0219i de aproximativ 6 ori mai mare dec\u00e2t cea a aluminiului. Titanul are o rezisten\u021b\u0103 excelent\u0103 la coroziune \u0219i poate r\u0103m\u00e2ne necoroziv \u00een apa de mare timp de 20 p\u00e2n\u0103 la 50 de ani \u0219i poate rezista chiar \u0219i eroziunii apei regie.<\/p>\n<p>Printre compozi\u021biile chimice ale materialelor din titan, titanul pur industrial, cum ar fi TA1, are un con\u021binut de titan mai mare de 99,5%, iar con\u021binutul de impurit\u0103\u021bi, cum ar fi oligoelemente precum fier, hidrogen, azot \u0219i carbon, este foarte sc\u0103zut. Aceste impurit\u0103\u021bi au un efect subtil asupra performan\u021bei materialelor din titan. De exemplu, titanul pur industrial, cum ar fi TA2 \u0219i TA3, are o rezisten\u021b\u0103 \u0219i o duritate \u00eembun\u0103t\u0103\u021bite \u00een compara\u021bie cu TA1. Aliajele de titan, cum ar fi TC4 (Ti-6Al-4V), au o rezisten\u021b\u0103 mai mare \u0219i o rezisten\u021b\u0103 mai bun\u0103 la temperaturi ridicate \u0219i sunt utilizate pe scar\u0103 larg\u0103 \u00een domeniul aerospa\u021bial, medical \u0219i \u00een alte domenii.<\/p>\n<p>\u00cen concluzie, robinetele cu bil\u0103 din titan prin presare izostatic\u0103 la cald au fost utilizate pe scar\u0103 larg\u0103 \u00een multe domenii datorit\u0103 rezisten\u021bei lor excelente la coroziune, rezisten\u021bei ridicate \u0219i densit\u0103\u021bii reduse. Ca mijloc important de preparare a materialelor de \u00eenalt\u0103 performan\u021b\u0103, tehnologia de presare izostatic\u0103 la cald \u00eembun\u0103t\u0103\u021be\u0219te \u0219i mai mult calitatea \u0219i fiabilitatea robinetelor cu bil\u0103 din titan prin \u00eembun\u0103t\u0103\u021birea densit\u0103\u021bii \u0219i propriet\u0103\u021bilor mecanice ale materialelor din titan. Caracteristicile materialului \u0219i con\u021binutul de elemente chimice al titanului ofer\u0103 o baz\u0103 solid\u0103 pentru aplicarea sa \u00een diverse condi\u021bii de lucru dure.<\/p>\n<p>Tehnologie de presare izostatic\u0103 la cald, supap\u0103 cu bil\u0103 din titan, tabel de aplicare a calibrului de presiune<\/p>\n<p>Putem produce robinete cu bil\u0103 din aliaj de titan TA2, robinete cu poart\u0103 din titan, robinete cu glob, robinete de sens etc.<\/p>\n<table border=\"1\" width=\"100%\" cellspacing=\"0\" cellpadding=\"0\">\n<tbody>\n<tr>\n<td rowspan=\"3\" align=\"middle\" bgcolor=\"#8c9e9c\">Presiunea nominal\u0103 sau nivelul presiunii<\/td>\n<td colspan=\"13\" align=\"middle\" bgcolor=\"#8c9e9c\">DN\/NPS (mm\/in)<\/td>\n<\/tr>\n<tr>\n<td align=\"middle\" bgcolor=\"#8c9e9c\">15<\/td>\n<td align=\"middle\" bgcolor=\"#8c9e9c\">20<\/td>\n<td align=\"middle\" bgcolor=\"#8c9e9c\">25<\/td>\n<td align=\"middle\" bgcolor=\"#8c9e9c\">32<\/td>\n<td align=\"middle\" bgcolor=\"#8c9e9c\">40<\/td>\n<td align=\"middle\" bgcolor=\"#8c9e9c\">50<\/td>\n<td align=\"middle\" bgcolor=\"#8c9e9c\">65<\/td>\n<td align=\"middle\" bgcolor=\"#8c9e9c\">80<\/td>\n<td align=\"middle\" bgcolor=\"#8c9e9c\">100<\/td>\n<td align=\"middle\" bgcolor=\"#8c9e9c\">125<\/td>\n<td align=\"middle\" bgcolor=\"#8c9e9c\">150<\/td>\n<td align=\"middle\" bgcolor=\"#8c9e9c\">200<\/td>\n<td align=\"middle\" bgcolor=\"#8c9e9c\">250<\/td>\n<\/tr>\n<tr>\n<td align=\"middle\" bgcolor=\"#8c9e9c\">1\/2<\/td>\n<td align=\"middle\" bgcolor=\"#8c9e9c\">3\/4<\/td>\n<td align=\"middle\" bgcolor=\"#8c9e9c\">1<\/td>\n<td align=\"middle\" bgcolor=\"#8c9e9c\">11\/4<\/td>\n<td align=\"middle\" bgcolor=\"#8c9e9c\">11\/2<\/td>\n<td align=\"middle\" bgcolor=\"#8c9e9c\">2<\/td>\n<td align=\"middle\" bgcolor=\"#8c9e9c\">21\/2<\/td>\n<td align=\"middle\" bgcolor=\"#8c9e9c\">3<\/td>\n<td align=\"middle\" bgcolor=\"#8c9e9c\">4<\/td>\n<td align=\"middle\" bgcolor=\"#8c9e9c\">5<\/td>\n<td align=\"middle\" bgcolor=\"#8c9e9c\">6<\/td>\n<td align=\"middle\" bgcolor=\"#8c9e9c\">8<\/td>\n<td align=\"middle\" bgcolor=\"#8c9e9c\">10<\/td>\n<\/tr>\n<tr>\n<td align=\"middle\" valign=\"top\">PN16<\/td>\n<td align=\"middle\">\u221a<\/td>\n<td align=\"middle\" valign=\"top\">\u221a<\/td>\n<td align=\"middle\">\u221a<\/td>\n<td align=\"middle\" valign=\"top\">\u221a<\/td>\n<td align=\"middle\">\u221a<\/td>\n<td align=\"middle\" valign=\"top\">\u221a<\/td>\n<td align=\"middle\">\u221a<\/td>\n<td align=\"middle\" valign=\"top\">\u221a<\/td>\n<td align=\"middle\">\u221a<\/td>\n<td align=\"middle\" valign=\"top\">\u221a<\/td>\n<td align=\"middle\">\u221a<\/td>\n<td align=\"middle\" valign=\"top\">\u221a<\/td>\n<td align=\"middle\" valign=\"top\"><\/td>\n<\/tr>\n<tr>\n<td align=\"middle\" valign=\"top\">PN25<\/td>\n<td align=\"middle\">\u221a<\/td>\n<td align=\"middle\">\u221a<\/td>\n<td align=\"middle\" valign=\"top\">\u221a<\/td>\n<td align=\"middle\">\u221a<\/td>\n<td align=\"middle\" valign=\"top\">\u221a<\/td>\n<td align=\"middle\">\u221a<\/td>\n<td align=\"middle\" valign=\"top\">\u221a<\/td>\n<td align=\"middle\">\u221a<\/td>\n<td align=\"middle\" valign=\"top\">\u221a<\/td>\n<td align=\"middle\">\u221a<\/td>\n<td align=\"middle\" valign=\"top\">\u221a<\/td>\n<td align=\"middle\">\u221a<\/td>\n<td align=\"middle\" valign=\"top\"><\/td>\n<\/tr>\n<tr>\n<td align=\"middle\" valign=\"top\">PN40<\/td>\n<td align=\"middle\">\u221a<\/td>\n<td align=\"middle\">\u221a<\/td>\n<td align=\"middle\" valign=\"top\">\u221a<\/td>\n<td align=\"middle\">\u221a<\/td>\n<td align=\"middle\" valign=\"top\">\u221a<\/td>\n<td align=\"middle\">\u221a<\/td>\n<td align=\"middle\" valign=\"top\">\u221a<\/td>\n<td align=\"middle\">\u221a<\/td>\n<td align=\"middle\" valign=\"top\">\u221a<\/td>\n<td align=\"middle\">\u221a<\/td>\n<td align=\"middle\" valign=\"top\">\u221a<\/td>\n<td align=\"middle\">\u221a<\/td>\n<td align=\"middle\" valign=\"top\"><\/td>\n<\/tr>\n<tr>\n<td align=\"middle\" valign=\"top\">PN63<\/td>\n<td align=\"middle\">\u221a<\/td>\n<td align=\"middle\">\u221a<\/td>\n<td align=\"middle\" valign=\"top\">\u221a<\/td>\n<td align=\"middle\">\u221a<\/td>\n<td align=\"middle\" valign=\"top\">\u221a<\/td>\n<td align=\"middle\">\u221a<\/td>\n<td align=\"middle\" valign=\"top\">\u221a<\/td>\n<td align=\"middle\">\u221a<\/td>\n<td align=\"middle\" valign=\"top\">\u221a<\/td>\n<td align=\"middle\"><\/td>\n<td align=\"middle\" valign=\"top\"><\/td>\n<td align=\"middle\"><\/td>\n<td align=\"middle\" valign=\"top\"><\/td>\n<\/tr>\n<tr>\n<td align=\"middle\" valign=\"top\">PN100<\/td>\n<td align=\"middle\">\u221a<\/td>\n<td align=\"middle\" valign=\"top\">\u221a<\/td>\n<td align=\"middle\">\u221a<\/td>\n<td align=\"middle\" valign=\"top\">\u221a<\/td>\n<td align=\"middle\">\u221a<\/td>\n<td align=\"middle\" valign=\"top\">\u221a<\/td>\n<td align=\"middle\">\u221a<\/td>\n<td align=\"middle\" valign=\"top\">\u221a<\/td>\n<td align=\"middle\">\u221a<\/td>\n<td align=\"middle\" valign=\"top\"><\/td>\n<td align=\"middle\"><\/td>\n<td align=\"middle\" valign=\"top\"><\/td>\n<td align=\"middle\" valign=\"top\"><\/td>\n<\/tr>\n<tr>\n<td align=\"middle\" valign=\"top\">PN160<\/td>\n<td align=\"middle\">\u221a<\/td>\n<td align=\"middle\" valign=\"top\">\u221a<\/td>\n<td align=\"middle\">\u221a<\/td>\n<td align=\"middle\" valign=\"top\">\u221a<\/td>\n<td align=\"middle\">\u221a<\/td>\n<td align=\"middle\" valign=\"top\">\u221a<\/td>\n<td align=\"middle\">\u221a<\/td>\n<td align=\"middle\" valign=\"top\">\u221a<\/td>\n<td align=\"middle\">\u221a<\/td>\n<td align=\"middle\"><\/td>\n<td align=\"middle\" valign=\"top\"><\/td>\n<td align=\"middle\"><\/td>\n<td align=\"middle\"><\/td>\n<\/tr>\n<tr>\n<td align=\"middle\" valign=\"top\">Clasa 150 (PN20)<\/td>\n<td align=\"middle\">\u221a<\/td>\n<td align=\"middle\">\u221a<\/td>\n<td align=\"middle\">\u221a<\/td>\n<td align=\"middle\">\u221a<\/td>\n<td align=\"middle\">\u221a<\/td>\n<td align=\"middle\">\u221a<\/td>\n<td align=\"middle\">\u221a<\/td>\n<td align=\"middle\">\u221a<\/td>\n<td align=\"middle\">\u221a<\/td>\n<td align=\"middle\">\u221a<\/td>\n<td align=\"middle\">\u221a<\/td>\n<td align=\"middle\">\u221a<\/td>\n<td align=\"middle\">\u221a<\/td>\n<\/tr>\n<tr>\n<td align=\"middle\" valign=\"top\">Clasa 300 (PN50)<\/td>\n<td align=\"middle\">\u221a<\/td>\n<td align=\"middle\">\u221a<\/td>\n<td align=\"middle\">\u221a<\/td>\n<td align=\"middle\">\u221a<\/td>\n<td align=\"middle\">\u221a<\/td>\n<td align=\"middle\">\u221a<\/td>\n<td align=\"middle\">\u221a<\/td>\n<td align=\"middle\">\u221a<\/td>\n<td align=\"middle\">\u221a<\/td>\n<td align=\"middle\">\u221a<\/td>\n<td align=\"middle\">\u221a<\/td>\n<td align=\"middle\">\u221a<\/td>\n<td align=\"middle\"><\/td>\n<\/tr>\n<tr>\n<td align=\"middle\" valign=\"top\">Clasa 600 (PN110)<\/td>\n<td align=\"middle\">\u221a<\/td>\n<td align=\"middle\">\u221a<\/td>\n<td align=\"middle\">\u221a<\/td>\n<td align=\"middle\">\u221a<\/td>\n<td align=\"middle\">\u221a<\/td>\n<td align=\"middle\">\u221a<\/td>\n<td align=\"middle\">\u221a<\/td>\n<td align=\"middle\">\u221a<\/td>\n<td align=\"middle\">\u221a<\/td>\n<td align=\"middle\"><\/td>\n<td align=\"middle\"><\/td>\n<td align=\"middle\"><\/td>\n<td align=\"middle\"><\/td>\n<\/tr>\n<tr>\n<td align=\"middle\" valign=\"top\">Clasa 900 (PN150)<\/td>\n<td align=\"middle\">\u221a<\/td>\n<td align=\"middle\">\u221a<\/td>\n<td align=\"middle\">\u221a<\/td>\n<td align=\"middle\">\u221a<\/td>\n<td align=\"middle\">\u221a<\/td>\n<td align=\"middle\">\u221a<\/td>\n<td align=\"middle\"><\/td>\n<td align=\"middle\"><\/td>\n<td align=\"middle\"><\/td>\n<td align=\"middle\"><\/td>\n<td align=\"middle\"><\/td>\n<td align=\"middle\"><\/td>\n<td align=\"middle\"><\/td>\n<\/tr>\n<tr>\n<td align=\"middle\" valign=\"top\">Clasa 1500\/PN260<\/td>\n<td align=\"middle\">\u221a<\/td>\n<td align=\"middle\">\u221a<\/td>\n<td align=\"middle\">\u221a<\/td>\n<td align=\"middle\">\u221a<\/td>\n<td align=\"middle\">\u221a<\/td>\n<td align=\"middle\">\u221a<\/td>\n<td align=\"middle\"><\/td>\n<td align=\"middle\"><\/td>\n<td align=\"middle\"><\/td>\n<td align=\"middle\"><\/td>\n<td align=\"middle\"><\/td>\n<td align=\"middle\"><\/td>\n<td align=\"middle\"><\/td>\n<\/tr>\n<tr>\n<td align=\"middle\" valign=\"top\">JIS 10K<\/td>\n<td align=\"middle\">\u221a<\/td>\n<td align=\"middle\">\u221a<\/td>\n<td align=\"middle\">\u221a<\/td>\n<td align=\"middle\">\u221a<\/td>\n<td align=\"middle\">\u221a<\/td>\n<td align=\"middle\">\u221a<\/td>\n<td align=\"middle\">\u221a<\/td>\n<td align=\"middle\">\u221a<\/td>\n<td align=\"middle\">\u221a<\/td>\n<td align=\"middle\">\u221a<\/td>\n<td align=\"middle\">\u221a<\/td>\n<td align=\"middle\">\u221a<\/td>\n<td align=\"middle\">\u221a<\/td>\n<\/tr>\n<tr>\n<td align=\"middle\" valign=\"top\">JIS 20K<\/td>\n<td align=\"middle\">\u221a<\/td>\n<td align=\"middle\">\u221a<\/td>\n<td align=\"middle\">\u221a<\/td>\n<td align=\"middle\">\u221a<\/td>\n<td align=\"middle\">\u221a<\/td>\n<td align=\"middle\">\u221a<\/td>\n<td align=\"middle\">\u221a<\/td>\n<td align=\"middle\">\u221a<\/td>\n<td align=\"middle\">\u221a<\/td>\n<td align=\"middle\">\u221a<\/td>\n<td align=\"middle\">\u221a<\/td>\n<td align=\"middle\">\u221a<\/td>\n<td align=\"middle\"><\/td>\n<\/tr>\n<\/tbody>\n<\/table>\n<p>Produc\u0103tor de robinete cu bil\u0103 din titan din China, OUdian furnizeaz\u0103 robinete cu bil\u0103 plutitoare din titan, robinete cu bil\u0103 plutitoare TA2, robinete cu bil\u0103 din titan DN25, robinete cu bil\u0103 plutitoare din titan PN16.<\/p>","protected":false},"excerpt":{"rendered":"<p>Standard de proiectare: API 6D<br \/>\nProtec\u021bie \u00eempotriva incendiilor: API 607\/6FA<br \/>\nEvalu\u0103ri presiune-temperatura: ASME B16.34<br \/>\nInterval de dimensiuni: de la 2\u201d la 48\u201d<br \/>\nInterval de presiune: Clasa 150 p\u00e2n\u0103 la 2500<br \/>\nConexiuni la cap\u0103t: RF cu flan\u0219\u0103, RTJ, sudare cap la cap<br \/>\nTip bil\u0103: bil\u0103 solid\u0103 forjat\u0103, montat\u0103 pe trunion<br \/>\nDimensiuni de cap\u0103t cu flan\u0219\u0103: ASME B16.5 (\u226424\u201d), ASME B16.47 Seria A sau B (&gt;24\u201d)<br \/>\nDimensiuni cap\u0103t de sudare cap la cap: ASME B16.25 fa\u021b\u0103 \u00een fa\u021b\u0103<br \/>\nDimensiuni fa\u021b\u0103 \u00een fa\u021b\u0103: ASME B16.10<br \/>\nInspec\u021bie \u0219i testare: API 6D<br \/>\nMateriale caroserie: ZTA1, ZTA2, ZTA3, ZTA9, ZTA10, ZTC4 TA1, TA2, TA3, TA9, TA10, TC4 Titanium Gr2, Gr3, Gr5, Gr6, Gr7, Gr12 Titanium GrC2, GrC3, GrC5, GrC6, Ti-PrF2B, Ti-PrD2 Gr3F, GrF5, GrF6, GrF7, GrF12<br \/>\nMateriale scaun: PTFE, RPTFE, DEVLON, NYLON, PEEK, metal complet cu fa\u021ba dur\u0103.<\/p>\n<p>&nbsp;<\/p>\n<p>Caracteristicile produsului<\/p>\n<p>.Rezisten\u021ba la curgere este mic\u0103;<br \/>\n2. Scaun piston, design de structur\u0103 anti-incendiu de protec\u021bie;<br \/>\n3. F\u0103r\u0103 limitare a direc\u021biei de curgere a mediului;<br \/>\n4. C\u00e2nd supapa este \u00een pozi\u021bie complet deschis\u0103, suprafe\u021bele scaunului sunt \u00een afara fluxului de curgere care \u00eentotdeauna \u00een contact complet cu poarta care poate proteja suprafe\u021bele scaunului \u0219i potrivite pentru conducta de porc;<br \/>\n5.Poate fi alese ambalajele cu prim\u0103var\u0103;<br \/>\n6. Ambalarea cu emisii sc\u0103zute poate fi aleas\u0103 \u00een conformitate cu cerin\u021bele ISO 15848;<br \/>\n7. Se poate alege un design extins cu tij\u0103;<br \/>\n8.Se poate alege designul scaunului din metal pe metal;<br \/>\n9.DBB\uff0cDIB-1\uff0cDesignul DIB-2 poate fi ales\uff1b<br \/>\n10.Mingea se fixeaz\u0103 cu o plac\u0103 de sprijin \u0219i un arbore fix;<\/p>","protected":false},"featured_media":18377,"template":"","meta":{"advanced_seo_description":"","jetpack_seo_html_title":"","jetpack_seo_noindex":false},"product_brand":[],"product_cat":[83],"product_tag":[378,384,379,382,383],"class_list":{"0":"post-18376","1":"product","2":"type-product","3":"status-publish","4":"has-post-thumbnail","6":"product_cat-ball-valves","7":"product_tag-china-titanium-ball-valve-manufacturer","8":"product_tag-dn25-titanium-ball-valve","9":"product_tag-oudian-supplies-titanium-floating-ball-valve","10":"product_tag-pn16-titanium-floating-ball-valve","11":"product_tag-ta2-floating-ball-valve","13":"first","14":"instock","15":"shipping-taxable","16":"product-type-simple"},"jetpack_sharing_enabled":true,"_links":{"self":[{"href":"https:\/\/oudianvalve.com\/ro\/wp-json\/wp\/v2\/product\/18376","targetHints":{"allow":["GET"]}}],"collection":[{"href":"https:\/\/oudianvalve.com\/ro\/wp-json\/wp\/v2\/product"}],"about":[{"href":"https:\/\/oudianvalve.com\/ro\/wp-json\/wp\/v2\/types\/product"}],"wp:featuredmedia":[{"embeddable":true,"href":"https:\/\/oudianvalve.com\/ro\/wp-json\/wp\/v2\/media\/18377"}],"wp:attachment":[{"href":"https:\/\/oudianvalve.com\/ro\/wp-json\/wp\/v2\/media?parent=18376"}],"wp:term":[{"taxonomy":"product_brand","embeddable":true,"href":"https:\/\/oudianvalve.com\/ro\/wp-json\/wp\/v2\/product_brand?post=18376"},{"taxonomy":"product_cat","embeddable":true,"href":"https:\/\/oudianvalve.com\/ro\/wp-json\/wp\/v2\/product_cat?post=18376"},{"taxonomy":"product_tag","embeddable":true,"href":"https:\/\/oudianvalve.com\/ro\/wp-json\/wp\/v2\/product_tag?post=18376"}],"curies":[{"name":"wp","href":"https:\/\/api.w.org\/{rel}","templated":true}]}}