{"id":18374,"date":"2025-06-14T00:42:54","date_gmt":"2025-06-14T00:42:54","guid":{"rendered":"https:\/\/oudianvalve.com\/?post_type=product&#038;p=18374"},"modified":"2025-06-14T00:54:46","modified_gmt":"2025-06-14T00:54:46","slug":"ta10-ball-valve-pn16-dn20-rf-end","status":"publish","type":"product","link":"https:\/\/oudianvalve.com\/ro\/products\/ball-valves\/ta10-ball-valve-pn16-dn20-rf-end\/","title":{"rendered":"Robinet cu bil\u0103 TA10, PN16, DN20, cap\u0103t RF"},"content":{"rendered":"<p>Descrierea supapei:<br \/>\nTip supap\u0103: Supap\u0103 cu bil\u0103 plutitoare<br \/>\nMaterialul corpului: Titan TA10.<br \/>\nDiametru nominal: DN20<br \/>\nPresiune nominal\u0103: PN16<br \/>\nConexiune final\u0103: Flan\u0219\u0103 RF<br \/>\nTemperatura de func\u021bionare: -29\u2103~+200\u2103.<br \/>\nFunc\u021bionare: P\u00e2rghie.<\/p>\n<p>Robinetul cu bil\u0103 din o\u021bel forjat TA10 este un robinet cu bil\u0103 cu trecere total\u0103. Robinetul se deschide sau se \u00eenchide prin rotirea tijei robinetului la un unghi de 90 de grade. \u00cen func\u021bie de diferitele presiuni de aplicare, acesta poate fi \u00eemp\u0103r\u021bit \u00een robinete cu bil\u0103 din o\u021bel forjat de joas\u0103 presiune \u0219i robinete cu bil\u0103 din o\u021bel forjat de \u00eenalt\u0103 presiune. Acest tip de robinet cu bil\u0103 este de dimensiuni reduse, u\u0219or, simplu ca structur\u0103, fiabil \u00een etan\u0219are, iar mediul curge \u00eentr-o singur\u0103 direc\u021bie conform s\u0103ge\u021bii marcate pe corpul robinetului. Piesele sunt interschimbabile, iar \u00eentre\u021binerea ulterioar\u0103 este convenabil\u0103 \u0219i u\u0219oar\u0103, iar costul de \u00eentre\u021binere este sc\u0103zut.<br \/>\nComparativ cu robinetul cu bil\u0103 turnat,<\/p>\n<p>Robinetul cu bil\u0103 din o\u021bel forjat TA10 este relativ compact \u0219i nu prezint\u0103 probleme precum g\u0103uri de nisip, bule \u0219i sl\u0103biciuni. Datorit\u0103 influen\u021bei procesului de forjare, de obicei, robinetul nu este format dintr-o dat\u0103 \u0219i trebuie forjat modular separat, apoi conectat \u00eempreun\u0103 prin \u0219uruburi, piuli\u021be sau sudur\u0103. Prin urmare, calibrul de produc\u021bie va avea anumite limit\u0103ri. Diametrul scaunului robinetului forjat este relativ fix. La unele dimensiuni de robinet, diametrul acestuia este relativ mic, ceea ce afecteaz\u0103 debitul. Dac\u0103 o robinet mare trebuie forjat\u0103, din cauza limit\u0103rilor procesului de forjare a robinetelor mari, se adopt\u0103 de obicei structura turn\u0103rii centrale a corpului robinetului \u0219i forjarea la ambele capete. Prin urmare, indiferent dac\u0103 este vorba de o turnare sau de o forjare, pot exista deficien\u021be corespunz\u0103toare \u00een procesul de procesare care trebuie dep\u0103\u0219ite din punct de vedere tehnic.<\/p>\n<p>Robinetul cu bil\u0103 din o\u021bel forjat TA10 este produs prin forjarea aliajului de titan TA10. TA10 este un aliaj de titan rezistent la coroziune. Este un aliaj aproape \u03b1, dezvoltat pentru a \u00eembun\u0103t\u0103\u021bi performan\u021ba titanului pur la coroziune \u00een fisuri. Nichelul \u00eembun\u0103t\u0103\u021be\u0219te rezisten\u021ba titanului la coroziune \u00een fisuri \u00een solu\u021bie de acid clorhidric. Aliajul con\u021bine 0,3% Mo \u0219i 0,8% Ni (Ti-0,3Mo-0,8Ni). \u00cen acidul reduc\u0103tor, se poate ad\u0103uga molibden \u00een mod corespunz\u0103tor pentru a-i \u00eembun\u0103t\u0103\u021bi rezisten\u021ba la coroziune \u00een mediile reduc\u0103toare.<\/p>\n<p>Compozi\u021bia materialului robinetului cu bil\u0103 din o\u021bel forjat TA10<\/p>\n<p>&nbsp;<\/p>\n<table style=\"height: 317px;\" border=\"2\" width=\"850\" cellspacing=\"0\" cellpadding=\"0\">\n<tbody>\n<tr>\n<td colspan=\"3\" valign=\"top\" width=\"30\" height=\"40\">Compozi\u021bie principal\u0103<\/p>\n<p>&nbsp;<\/td>\n<td colspan=\"7\" valign=\"top\" width=\"70\" height=\"40\">Impurit\u0103\u021bi, nu mai mult de<\/td>\n<\/tr>\n<tr>\n<td rowspan=\"2\" valign=\"top\" width=\"10\" height=\"40\">Ti<\/td>\n<td rowspan=\"2\" valign=\"top\" width=\"10\" height=\"40\">Luni<\/td>\n<td rowspan=\"2\" valign=\"top\" width=\"10\" height=\"40\">Ni<\/td>\n<td rowspan=\"2\" valign=\"top\" width=\"10\" height=\"40\">Fe<\/td>\n<td rowspan=\"2\" valign=\"top\" width=\"10\" height=\"40\">C<\/td>\n<td rowspan=\"2\" valign=\"top\" width=\"10\" height=\"40\">N<\/td>\n<td rowspan=\"2\" valign=\"top\" width=\"10\" height=\"40\">H<\/td>\n<td rowspan=\"2\" valign=\"top\" width=\"10\" height=\"40\">O<\/td>\n<td colspan=\"2\" valign=\"top\" width=\"140\" height=\"40\">Alte elemente<\/td>\n<\/tr>\n<tr>\n<td valign=\"top\" width=\"10\" height=\"40\">Unitate<\/td>\n<td valign=\"top\" width=\"10\" height=\"40\">Total<\/td>\n<\/tr>\n<tr>\n<td valign=\"top\" width=\"10\" height=\"40\">marj\u0103<\/td>\n<td valign=\"top\" width=\"10\" height=\"40\">0,2\uff5e0,4<\/td>\n<td valign=\"top\" width=\"10\" height=\"40\">0,6\uff5e0,9<\/td>\n<td valign=\"top\" width=\"10\" height=\"40\">0.30<\/td>\n<td valign=\"top\" width=\"10\" height=\"40\">0.08<\/td>\n<td valign=\"top\" width=\"10\" height=\"40\">0.03<\/td>\n<td valign=\"top\" width=\"10\" height=\"40\">0.015<\/td>\n<td valign=\"top\" width=\"10\" height=\"40\">0.25<\/td>\n<td valign=\"top\" width=\"10\" height=\"40\">0.10<\/td>\n<td valign=\"top\" width=\"10\" height=\"40\">0.40<\/td>\n<\/tr>\n<\/tbody>\n<\/table>\n<p>Putem produce robinete cu bil\u0103 din aliaj de titan TA10, robinete cu poart\u0103 din titan, robinete cu glob, robinete de sens etc.<br \/>\nProduc\u0103tor de robinete cu bil\u0103 din titan din China, OUdian furnizeaz\u0103 robinete cu bil\u0103 plutitoare din titan, robinete cu bil\u0103 plutitoare TA10, robinete cu bil\u0103 din titan DN20, robinete cu bil\u0103 plutitoare din titan PN16.<\/p>","protected":false},"excerpt":{"rendered":"<p>Standard de proiectare: API 6D<br \/>\nProtec\u021bie \u00eempotriva incendiilor: API 607\/6FA<br \/>\nEvalu\u0103ri presiune-temperatura: ASME B16.34<br \/>\nInterval de dimensiuni: de la 2\u201d la 48\u201d<br \/>\nInterval de presiune: Clasa 150 p\u00e2n\u0103 la 2500<br \/>\nConexiuni la cap\u0103t: RF cu flan\u0219\u0103, RTJ, sudare cap la cap<br \/>\nTip bil\u0103: bil\u0103 solid\u0103 forjat\u0103, montat\u0103 pe trunion<br \/>\nDimensiuni de cap\u0103t cu flan\u0219\u0103: ASME B16.5 (\u226424\u201d), ASME B16.47 Seria A sau B (&gt;24\u201d)<br \/>\nDimensiuni cap\u0103t de sudare cap la cap: ASME B16.25 fa\u021b\u0103 \u00een fa\u021b\u0103<br \/>\nDimensiuni fa\u021b\u0103 \u00een fa\u021b\u0103: ASME B16.10<br \/>\nInspec\u021bie \u0219i testare: API 6D<br \/>\nMateriale caroserie: ZTA1, ZTA2, ZTA3, ZTA9, ZTA10, ZTC4 TA1, TA2, TA3, TA9, TA10, TC4 Titanium Gr2, Gr3, Gr5, Gr6, Gr7, Gr12 Titanium GrC2, GrC3, GrC5, GrC6, Ti-PrF2B, Ti-PrD2 Gr3F, GrF5, GrF6, GrF7, GrF12<br \/>\nMateriale scaun: PTFE, RPTFE, DEVLON, NYLON, PEEK, metal complet cu fa\u021ba dur\u0103.<\/p>\n<p>&nbsp;<\/p>\n<p>Caracteristicile produsului<\/p>\n<p>.Rezisten\u021ba la curgere este mic\u0103;<br \/>\n2. Scaun piston, design de structur\u0103 anti-incendiu de protec\u021bie;<br \/>\n3. F\u0103r\u0103 limitare a direc\u021biei de curgere a mediului;<br \/>\n4. C\u00e2nd supapa este \u00een pozi\u021bie complet deschis\u0103, suprafe\u021bele scaunului sunt \u00een afara fluxului de curgere care \u00eentotdeauna \u00een contact complet cu poarta care poate proteja suprafe\u021bele scaunului \u0219i potrivite pentru conducta de porc;<br \/>\n5.Poate fi alese ambalajele cu prim\u0103var\u0103;<br \/>\n6. Ambalarea cu emisii sc\u0103zute poate fi aleas\u0103 \u00een conformitate cu cerin\u021bele ISO 15848;<br \/>\n7. Se poate alege un design extins cu tij\u0103;<br \/>\n8.Se poate alege designul scaunului din metal pe metal;<br \/>\n9.DBB\uff0cDIB-1\uff0cDesignul DIB-2 poate fi ales\uff1b<br \/>\n10.Mingea se fixeaz\u0103 cu o plac\u0103 de sprijin \u0219i un arbore fix;<\/p>","protected":false},"featured_media":18375,"template":"","meta":{"advanced_seo_description":"","jetpack_seo_html_title":"","jetpack_seo_noindex":false},"product_brand":[],"product_cat":[83],"product_tag":[378,381,379,382,380,377,376],"class_list":{"0":"post-18374","1":"product","2":"type-product","3":"status-publish","4":"has-post-thumbnail","6":"product_cat-ball-valves","7":"product_tag-china-titanium-ball-valve-manufacturer","8":"product_tag-dn20-titanium-ball-valve","9":"product_tag-oudian-supplies-titanium-floating-ball-valve","10":"product_tag-pn16-titanium-floating-ball-valve","11":"product_tag-ta10-floating-ball-valve","12":"product_tag-ta10-titanium-floating-ball-valve","13":"product_tag-titanium-floating-ball-valve","15":"first","16":"instock","17":"shipping-taxable","18":"product-type-simple"},"jetpack_sharing_enabled":true,"_links":{"self":[{"href":"https:\/\/oudianvalve.com\/ro\/wp-json\/wp\/v2\/product\/18374","targetHints":{"allow":["GET"]}}],"collection":[{"href":"https:\/\/oudianvalve.com\/ro\/wp-json\/wp\/v2\/product"}],"about":[{"href":"https:\/\/oudianvalve.com\/ro\/wp-json\/wp\/v2\/types\/product"}],"wp:featuredmedia":[{"embeddable":true,"href":"https:\/\/oudianvalve.com\/ro\/wp-json\/wp\/v2\/media\/18375"}],"wp:attachment":[{"href":"https:\/\/oudianvalve.com\/ro\/wp-json\/wp\/v2\/media?parent=18374"}],"wp:term":[{"taxonomy":"product_brand","embeddable":true,"href":"https:\/\/oudianvalve.com\/ro\/wp-json\/wp\/v2\/product_brand?post=18374"},{"taxonomy":"product_cat","embeddable":true,"href":"https:\/\/oudianvalve.com\/ro\/wp-json\/wp\/v2\/product_cat?post=18374"},{"taxonomy":"product_tag","embeddable":true,"href":"https:\/\/oudianvalve.com\/ro\/wp-json\/wp\/v2\/product_tag?post=18374"}],"curies":[{"name":"wp","href":"https:\/\/api.w.org\/{rel}","templated":true}]}}