{"id":18371,"date":"2025-06-01T14:39:06","date_gmt":"2025-06-01T14:39:06","guid":{"rendered":"https:\/\/oudianvalve.com\/?post_type=product&#038;p=18371"},"modified":"2025-06-01T14:39:07","modified_gmt":"2025-06-01T14:39:07","slug":"perfluoroether-o-ring-ball-valve-300lb-3-inch-cf8-rf-end","status":"publish","type":"product","link":"https:\/\/oudianvalve.com\/ro\/products\/ball-valves\/perfluoroether-o-ring-ball-valve-300lb-3-inch-cf8-rf-end\/","title":{"rendered":"Robinet cu bil\u0103 cu inel O perfluoroeter, 300LB, 3 inch, CF8, cap\u0103t RF"},"content":{"rendered":"<p>1. Introducere la robinetul cu bil\u0103 cu inel O din perfluoroeter<br \/>\n\u00cen domeniul controlului fluidelor industriale, valvele sunt componente cheie, iar performan\u021ba lor este direct legat\u0103 de siguran\u021ba, fiabilitatea \u0219i eficien\u021ba sistemului. Odat\u0103 cu avansarea continu\u0103 a tehnologiei industriale, se impun cerin\u021be tot mai mari privind adaptabilitatea valvelor \u00een condi\u021bii extreme de lucru. Fiind un produs inovator care combin\u0103 materiale de etan\u0219are de \u00eenalt\u0103 performan\u021b\u0103 cu structuri avansate de valve cu bil\u0103, valvele cu bil\u0103 cu inel O din perfluoroeter devin treptat cea mai bun\u0103 solu\u021bie pentru controlul fluidelor \u00een domenii de \u00eenalt\u0103 performan\u021b\u0103, cum ar fi industria chimic\u0103, petrolier\u0103 \u0219i aerospa\u021bial\u0103. Acest articol va analiza \u00een detaliu avantajele principale ale valvelor cu bil\u0103 cu inel O din perfluoroeter din punct de vedere al caracteristicilor structurale, propriet\u0103\u021bilor materialelor \u0219i domeniilor de aplicare.<\/p>\n<p>2. Caracteristici structurale \u0219i design func\u021bional ale robinetelor cu bil\u0103 cu inel O din perfluoroeter<br \/>\n(I) Diferen\u021ba principal\u0103 dintre bilele plutitoare \u0219i bilele fixe<br \/>\nRobinetele cu bil\u0103 cu inel O din perfluoroeter pot fi \u00eemp\u0103r\u021bite \u00een dou\u0103 tipuri: bile plutitoare \u0219i bile fixe, \u00een func\u021bie de metoda de fixare a bilei. Diferen\u021bele structurale determin\u0103 direct scenariile aplicabile:<\/p>\n<p>Robinet cu bil\u0103 plutitor<br \/>\nBila este conectat\u0103 la corpul supapei doar prin tija inferioar\u0103 a supapei, iar tija superioar\u0103 a supapei transmite doar cuplul f\u0103r\u0103 constr\u00e2ngeri fixe.<br \/>\n\u00cen timpul func\u021bion\u0103rii, presiunea medie \u00eempinge bila spre cap\u0103tul de ie\u0219ire pentru a forma o etan\u0219are dinamic\u0103 cu scaunul supapei.<br \/>\nAvantaje: structur\u0103 simpl\u0103, cost redus, potrivit pentru condi\u021bii de lucru \u00een medii curate \u0219i cu presiune sc\u0103zut\u0103.<br \/>\nLimit\u0103ri: sub presiune ridicat\u0103, frecarea dintre bil\u0103 \u0219i scaunul supapei se intensific\u0103, ceea ce poate duce cu u\u0219urin\u021b\u0103 la uzura suprafe\u021bei de etan\u0219are \u0219i la o stabilitate insuficient\u0103 pe termen lung.<br \/>\nRobinet cu bil\u0103 fix<br \/>\nBila este conectat\u0103 rigid la corpul supapei prin tijele superioare \u0219i inferioare ale supapei \u0219i se mi\u0219c\u0103 doar \u00een jurul axei atunci c\u00e2nd se rote\u0219te.<br \/>\nScaunul supapei adopt\u0103 o structur\u0103 elastic\u0103 de pre-str\u00e2ngere, care compenseaz\u0103 automat uzura prin presiunea medie pentru a asigura etan\u0219area pe termen lung.<br \/>\nAvantaje: capacitate mare de sus\u021binere a presiunii, performan\u021b\u0103 stabil\u0103 de etan\u0219are, potrivit\u0103 pentru condi\u021bii de lucru \u00een medii corozive, sub presiune ridicat\u0103, temperatur\u0103 ridicat\u0103.<br \/>\nAplica\u021bii tipice: conducte de petrol, reactoare chimice, sisteme hidraulice aerospa\u021biale etc.<br \/>\n(II) Design ignifug \u0219i antistatic \u0219i anti-zbur\u0103tor al tijei supapei<br \/>\nPentru condi\u021bii de lucru cu risc ridicat, robinetul cu bil\u0103 cu inel O din perfluoroeter adopt\u0103 mai multe modele de siguran\u021b\u0103:<\/p>\n<p>Func\u021bie ignifug\u0103 \u0219i antistatic\u0103<br \/>\nCorpul valvei \u0219i bila adopt\u0103 un design de contact metal-metal, iar electricitatea static\u0103 poate fi eliberat\u0103 c\u0103tre \u00eemp\u0103m\u00e2ntarea sistemului printr-o cale conductiv\u0103.<br \/>\nMaterialul de etan\u0219are este cauciuc perfluoroeter (FFKM), a c\u0103rui rezisten\u021b\u0103 ridicat\u0103 la temperaturi poate preveni defectarea etan\u0219\u0103rii \u00een timpul incendiului \u0219i poate evita dezastrele secundare cauzate de scurgerile mediului.<br \/>\nStructur\u0103 anti-zbor a tijei supapei<br \/>\n\u00cen partea inferioar\u0103 a tijei supapei este proiectat\u0103 o treapt\u0103 de limitare, iar \u00een partea superioar\u0103 este configurat\u0103 o piuli\u021b\u0103 antiderapant\u0103 pentru a asigura c\u0103 tija supapei r\u0103m\u00e2ne conectat\u0103 la sfer\u0103 \u00een condi\u021bii de presiune \u00eenalt\u0103.<br \/>\nSuprafa\u021ba tijei supapei este placat\u0103 cu crom dur pentru a \u00eembun\u0103t\u0103\u021bi rezisten\u021ba la uzur\u0103 \u0219i la coroziune \u0219i a prelungi durata de via\u021b\u0103.<br \/>\n(III) Rolul principal al inelelor O din perfluoroeter<br \/>\nCa component\u0103 cheie de etan\u0219are a robinetului cu bil\u0103, performan\u021ba inelelor O din perfluoroeter determin\u0103 direct fiabilitatea robinetului:<\/p>\n<p>Compensarea dinamic\u0103 a etan\u0219\u0103rii<br \/>\nLa robinetele cu bil\u0103 plutitoare, inelele O compenseaz\u0103 spa\u021biul dintre bil\u0103 \u0219i scaunul robinetului prin deformare elastic\u0103 pentru a asigura etan\u0219area \u00een condi\u021bii de presiune sc\u0103zut\u0103.<br \/>\n\u00cen cazul robinetelor cu bil\u0103 fix\u0103, inelele O servesc ca purt\u0103tori elastici ai for\u021bei de pretensionare a scaunului robinetului \u0219i rezist\u0103 la impactul mediilor de \u00eenalt\u0103 presiune f\u0103r\u0103 a se defecta.<br \/>\nGaran\u021bie de compatibilitate media<br \/>\nIner\u021bia chimic\u0103 a cauciucului perfluoroeter poate rezista la coroziunea a peste 1.600 de medii, cum ar fi acizi puternici, alcali puternici \u0219i solven\u021bi organici, evit\u00e2nd umflarea sau dizolvarea materialelor de etan\u0219are.<br \/>\nRezisten\u021ba la temperaturi ridicate (utilizare pe termen lung la 300\u00b0C, utilizare intermitent\u0103 la 327\u00b0C) asigur\u0103 stabilitatea etan\u0219\u0103rii \u00een condi\u021bii de temperatur\u0103 ridicat\u0103.<br \/>\nAnti-\u00eemb\u0103tr\u00e2nire \u0219i durat\u0103 lung\u0103 de via\u021b\u0103<br \/>\nNu exist\u0103 leg\u0103turi CH \u00een structura lan\u021bului molecular al cauciucului perfluoroeter, care poate rezista eficient factorilor de \u00eemb\u0103tr\u00e2nire din mediu, cum ar fi ozonul \u0219i razele ultraviolete.<br \/>\nRata sc\u0103zut\u0103 de deformare prin compresie (\u226450% la 300\u00b0C) asigur\u0103 men\u021binerea performan\u021bei de etan\u0219are dup\u0103 utilizare pe termen lung.<br \/>\nIII. Analiza materialelor din cauciuc perfluoroeter (FFKM)<br \/>\n(I) Compozi\u021bia chimic\u0103 \u0219i structura molecular\u0103<br \/>\nCauciucul perfluoroeter (FFKM) este un terpolimer cu politetrafluoroetilen\u0103 (PTFE) ca lan\u021b principal \u0219i perfluorometil vinileter (PMVE) ca lan\u021b lateral. Caracteristicile structurii sale moleculare includ:<\/p>\n<p>Segment de lan\u021b complet fluorurat<br \/>\nLan\u021bul principal \u0219i lan\u021bul lateral sunt \u00eenlocuite cu atomi de fluor pentru a forma un strat protector dens de fluorocarbon, care confer\u0103 materialului o iner\u021bie chimic\u0103 excelent\u0103.<br \/>\nStructura re\u021belei reticulate<br \/>\nRe\u021beaua reticulat\u0103 tridimensional\u0103 este format\u0103 prin vulcanizare cu peroxid sau sistem de vulcanizare cu bisfenol pentru a \u00eembun\u0103t\u0103\u021bi rezisten\u021ba mecanic\u0103 \u0219i stabilitatea termic\u0103 a materialului.<br \/>\n(II) Propriet\u0103\u021bi fizice \u0219i chimice<br \/>\nRezisten\u021b\u0103 la temperaturi ridicate<br \/>\nTemperatur\u0103 de utilizare continu\u0103: 260-290\u2103<br \/>\nRezisten\u021b\u0103 la temperatur\u0103 pe termen scurt: 316\u2103 (temperatur\u0103 constant\u0103), 343\u2103 (intermitent\u0103)<br \/>\nPerforman\u021b\u0103 la temperatur\u0103 sc\u0103zut\u0103: -19\u2103 (temperatura de tranzi\u021bie vitroas\u0103)<br \/>\nRezisten\u021b\u0103 chimic\u0103<br \/>\nRezisten\u021b\u0103 puternic\u0103 la acid: acid sulfuric, acid clorhidric, acid azotic (concentra\u021bie \u226498%)<br \/>\nRezisten\u021b\u0103 puternic\u0103 la alcali: hidroxid de sodiu, hidroxid de potasiu (concentra\u021bie \u226450%)<br \/>\nRezisten\u021b\u0103 la solven\u021bi organici: cetone, esteri, eteri, hidrocarburi aromatice<br \/>\nRezisten\u021b\u0103 la oxidare: poate fi expus la medii puternic oxidante, cum ar fi ozonul \u0219i peroxidul de hidrogen, pentru o perioad\u0103 lung\u0103 de timp<br \/>\nPropriet\u0103\u021bi mecanice<br \/>\nDuritate (Shore A): 60-90<br \/>\nRezisten\u021b\u0103 la trac\u021biune: 10-20 MPa<br \/>\nAlungire la rupere: 150-300%<br \/>\nRata de deformare prin compresie (300\u2103\u00d770h): \u226450%<br \/>\n(III) Compararea rezisten\u021bei la coroziune<br \/>\nRezisten\u021ba la coroziune a cauciucului perfluoroeter este semnificativ mai bun\u0103 dec\u00e2t cea a fluorocauciucului tradi\u021bional (FKM) \u0219i a cauciucului nitrilic (NBR):<br \/>\nTip mediu Cauciuc perfluoroeter (FFKM) Cauciuc fluorurat (FKM) Cauciuc nitrilic (NBR)<br \/>\nAcid sulfuric concentrat (98%) Grad A (f\u0103r\u0103 umflare) Grad C (umflare par\u021bial\u0103) Grad D (complet dizolvat)<br \/>\nHidroxid de sodiu (50%) Grad A Grad B (umflare u\u0219oar\u0103) Grad D<br \/>\nToluen Grad A Grad B Grad D<br \/>\nPeroxid de hidrogen (30%) Grad A Grad C Grad D<br \/>\nIV. Aplicarea industrial\u0103 a supapei cu bil\u0103 cu inel O din perfluoroeter<br \/>\n(I) Industria chimic\u0103 \u0219i petrolier\u0103<br \/>\nEtan\u0219are reactor \u0219i agitator<br \/>\n\u00cen condi\u021bii de acid puternic, alcali puternici \u0219i solven\u021bi organici la temperatur\u0103 \u00eenalt\u0103, robinetele cu bil\u0103 cu inel O din perfluoroeter pot asigura func\u021bionarea reactorului f\u0103r\u0103 scurgeri \u0219i pot evita contaminarea \u00eencruci\u0219at\u0103 a mediului.<br \/>\nConducte \u0219i valve petroliere<br \/>\n\u00cen pu\u021burile de petrol extrem de corozive care con\u021bin hidrogen sulfurat \u0219i dioxid de carbon, robinetele cu bil\u0103 fixe cu inele O din perfluoroeter pot rezista la o presiune de 20 MPa \u0219i pot prelungi durata de via\u021b\u0103 a conductei.<br \/>\n(II) Domeniul aerospa\u021bial<br \/>\nSistem hidraulic al motorului aerospa\u021bial<br \/>\n\u00cen condi\u021bii de diferen\u021be extreme de temperatur\u0103 de la -55\u2103 la 300\u2103, robinetele cu bil\u0103 cu inel O din perfluoroeter pot men\u021bine etan\u0219area sistemului de alimentare cu combustibil \u0219i pot preveni scurgerile de ulei hidraulic care ar putea provoca incendii.<br \/>\nSistemul de propulsie al navei spa\u021biale<br \/>\n\u00cen vid \u0219i \u00een medii oxidante (cum ar fi propulsorul cu oxigen lichid), rezisten\u021ba la temperatur\u0103 sc\u0103zut\u0103 \u0219i la oxidare a cauciucului perfluoroeter asigur\u0103 func\u021bionarea fiabil\u0103 pe termen lung a supapei.<br \/>\n(III) Industria de fabricare a semiconductorilor<br \/>\nTransportul mediilor de \u00eenalt\u0103 puritate<br \/>\n\u00cen procese precum gravarea cipurilor \u0219i depunerea chimic\u0103 \u00een faz\u0103 de vapori (CVD), supapele cu bil\u0103 din inel O din perfluoroeter pot \u00eempiedica precipitarea ionilor metalici \u0219i contaminarea suprafe\u021bei plachetei.<br \/>\nEtan\u0219are sistem vid<br \/>\nCu suprafa\u021ba de etan\u0219are metalic\u0103, supapa poate atinge un vid ultra-\u00eenalt de 1,33\u00d710\u207b\u2077 Pa, \u00eendeplinind cerin\u021bele stricte de cur\u0103\u021benie ale echipamentelor semiconductoare.<br \/>\n(IV) Biomedicin\u0103 \u0219i procesare alimentar\u0103<br \/>\nEchipament de umplere aseptic\u0103<br \/>\nCaracteristicile non-toxice \u0219i f\u0103r\u0103 precipitare ale inelelor O din perfluoroeter \u00eendeplinesc standardele FDA, asigur\u00e2nd siguran\u021ba \u0219i conformitatea produc\u021biei de medicamente \u0219i alimente.<br \/>\nSistem de sterilizare la temperatur\u0103 \u00eenalt\u0103<br \/>\n\u00cen condi\u021bii de sterilizare cu abur de 121\u2103, robinetul cu bil\u0103 poate rezista la 500 de cicluri de sterilizare f\u0103r\u0103 defec\u021biuni, prelungind ciclul de \u00eentre\u021binere al echipamentului.<\/p>","protected":false},"excerpt":{"rendered":"<p>Standard de proiectare: API 6D<br \/>\nProtec\u021bie \u00eempotriva incendiilor: API 607\/6FA<br \/>\nEvalu\u0103ri presiune-temperatura: ASME B16.34<br \/>\nInterval de dimensiuni: de la 2\u201d la 48\u201d<br \/>\nInterval de presiune: Clasa 150 p\u00e2n\u0103 la 2500<br \/>\nConexiuni la cap\u0103t: RF cu flan\u0219\u0103, RTJ, sudare cap la cap<br \/>\nTip bil\u0103: bil\u0103 solid\u0103 forjat\u0103, montat\u0103 pe trunion<br \/>\nDimensiuni de cap\u0103t cu flan\u0219\u0103: ASME B16.5 (\u226424\u201d), ASME B16.47 Seria A sau B (&gt;24\u201d)<br \/>\nDimensiuni cap\u0103t de sudare cap la cap: ASME B16.25 fa\u021b\u0103 \u00een fa\u021b\u0103<br \/>\nDimensiuni fa\u021b\u0103 \u00een fa\u021b\u0103: ASME B16.10<br \/>\nInspec\u021bie \u0219i testare: API 6D<br \/>\nMateriale caroserie: WCB, CF8, CF8M CF3M, 4A,5A,6A, C95800.<br \/>\nMateriale scaun: PTFE, RPTFE, DEVLON, NYLON, PEEK, metal complet cu fa\u021ba dur\u0103.<\/p>\n<p>&nbsp;<\/p>\n<p>Caracteristicile produsului<\/p>\n<p>.Rezisten\u021ba la curgere este mic\u0103;<br \/>\n2. Scaun piston, design de structur\u0103 anti-incendiu de protec\u021bie;<br \/>\n3. F\u0103r\u0103 limitare a direc\u021biei de curgere a mediului;<br \/>\n4. C\u00e2nd supapa este \u00een pozi\u021bie complet deschis\u0103, suprafe\u021bele scaunului sunt \u00een afara fluxului de curgere care \u00eentotdeauna \u00een contact complet cu poarta care poate proteja suprafe\u021bele scaunului \u0219i potrivite pentru conducta de porc;<br \/>\n5.Poate fi alese ambalajele cu prim\u0103var\u0103;<br \/>\n6. Ambalarea cu emisii sc\u0103zute poate fi aleas\u0103 \u00een conformitate cu cerin\u021bele ISO 15848;<br \/>\n7. Se poate alege un design extins cu tij\u0103;<br \/>\n8.Se poate alege designul scaunului din metal pe metal;<br \/>\n9.DBB\uff0cDIB-1\uff0cDesignul DIB-2 poate fi ales\uff1b<br \/>\n10.Mingea se fixeaz\u0103 cu o plac\u0103 de sprijin \u0219i un arbore fix;<\/p>","protected":false},"featured_media":18372,"template":"","meta":{"advanced_seo_description":"","jetpack_seo_html_title":"","jetpack_seo_noindex":false},"product_brand":[],"product_cat":[83],"product_tag":[373,372,374,371,375],"class_list":{"0":"post-18371","1":"product","2":"type-product","3":"status-publish","4":"has-post-thumbnail","6":"product_cat-ball-valves","7":"product_tag-3-inch-perfluoroether-o-ring-ball-valve","8":"product_tag-300lb-perfluoroether-o-ring-ball-valve","9":"product_tag-cf8-perfluoroether-o-ring-ball-valve","10":"product_tag-perfluoroether-o-ring-ball-valve","11":"product_tag-rf-end-perfluoroether-o-ring-ball-valve","13":"first","14":"instock","15":"shipping-taxable","16":"product-type-simple"},"jetpack_sharing_enabled":true,"_links":{"self":[{"href":"https:\/\/oudianvalve.com\/ro\/wp-json\/wp\/v2\/product\/18371","targetHints":{"allow":["GET"]}}],"collection":[{"href":"https:\/\/oudianvalve.com\/ro\/wp-json\/wp\/v2\/product"}],"about":[{"href":"https:\/\/oudianvalve.com\/ro\/wp-json\/wp\/v2\/types\/product"}],"wp:featuredmedia":[{"embeddable":true,"href":"https:\/\/oudianvalve.com\/ro\/wp-json\/wp\/v2\/media\/18372"}],"wp:attachment":[{"href":"https:\/\/oudianvalve.com\/ro\/wp-json\/wp\/v2\/media?parent=18371"}],"wp:term":[{"taxonomy":"product_brand","embeddable":true,"href":"https:\/\/oudianvalve.com\/ro\/wp-json\/wp\/v2\/product_brand?post=18371"},{"taxonomy":"product_cat","embeddable":true,"href":"https:\/\/oudianvalve.com\/ro\/wp-json\/wp\/v2\/product_cat?post=18371"},{"taxonomy":"product_tag","embeddable":true,"href":"https:\/\/oudianvalve.com\/ro\/wp-json\/wp\/v2\/product_tag?post=18371"}],"curies":[{"name":"wp","href":"https:\/\/api.w.org\/{rel}","templated":true}]}}