{"id":18369,"date":"2025-06-01T14:11:32","date_gmt":"2025-06-01T14:11:32","guid":{"rendered":"https:\/\/oudianvalve.com\/?post_type=product&#038;p=18369"},"modified":"2025-06-01T14:19:59","modified_gmt":"2025-06-01T14:19:59","slug":"pn63-wedge-gate-valve-dn300-gs-c25-din-3352-en-1984","status":"publish","type":"product","link":"https:\/\/oudianvalve.com\/ro\/products\/gate-valves\/pn63-wedge-gate-valve-dn300-gs-c25-din-3352-en-1984\/","title":{"rendered":"Van\u0103 cu poart\u0103 cu pan\u0103 PN63, DN300, GS-C25, DIN 3352, EN 1984"},"content":{"rendered":"<p>Descrierea valvei:<br \/>\nNume produs: Valv\u0103 cu poart\u0103 cu pan\u0103 PN63<br \/>\nProiectare: EN 1984, DIN 3352<br \/>\nMaterial: GS-C25.<br \/>\nDimensiune nominal\u0103: DN300<br \/>\nPresiune nominal\u0103: PN63.<br \/>\nCapete de conectare: RF X RF, conform EN 1092-1\/B1.<br \/>\nFa\u021b\u0103 \u00een fa\u021b\u0103: EN 558-1\/linia 15<br \/>\nModel de func\u021bionare: Roat\u0103 de m\u00e2n\u0103, cutie de viteze, tij\u0103 neacoperit\u0103<br \/>\nTestare \u0219i inspec\u021bie: EN 12266-1.<\/p>\n<p>Parametri \u0219i caracteristici tehnice<br \/>\nTip produs: Van\u0103 cu poart\u0103.<br \/>\nGam\u0103 de dimensiuni: NPS 2 \u2013 60 inch, DN50 \u2013 DN1500.<br \/>\nPresiune de proiectare: clasa 150 \u2013 2500 LB, PN10 \u2013 PN420.<br \/>\nStandard de proiectare: API 600, ASME B16.34, EN 1984, DIN 3352.<br \/>\nTemperatura de proiectare: -196\u2103 \u2013 573\u2103.<br \/>\nMaterial: ASTM A216 WCB, ASTM A216 WCC, ASTM A217 WC6, ASTM A217 WC9<br \/>\nASTM A217 C5, ASTM A217 C12A, ASTM A352 LCB, ASTM A352 LCC<br \/>\nASTM A351 CF8, ASTM A351 CF8M, ASTM A351 CF3M, ASTM A351 CF8C<br \/>\nCN3MN, CK3MCUN, CN7M, ASTM A890 4A (CD3MN), ASTM A890 5A (CE3MN),<br \/>\nASTM A890 6A (CD3MWCuN)<br \/>\nASTM B148 C95800, ASTM B148 C95500<br \/>\nCap\u0103t de conectare: ASME B16.5, ASME B16.25, seria EN 1092.<br \/>\nAc\u021bionare: Roat\u0103 manual\u0103, cutie de viteze, electric\u0103<br \/>\nAplica\u021bie: energie electric\u0103, rafinarea petrolului, inginerie petrochimic\u0103, petrol offshore, inginerie chimic\u0103<br \/>\nFabrica\u021bie de robinete cu poart\u0103 cu pan\u0103 PN63 din China, China<br \/>\nFurnizor de robinete cu poart\u0103 cu pan\u0103 PN63, pre\u021b de fabric\u0103 pentru robinete cu poart\u0103 cu pan\u0103 PN63 din China.<\/p>","protected":false},"excerpt":{"rendered":"<p>Oudian Valve este o fabric\u0103 de vane cu poart\u0103 PN63! Ne specializ\u0103m \u00een fabricarea de vane cu poart\u0103 de \u00eenalt\u0103 calitate, cum ar fi modelul GS-C25. Aceast\u0103 van\u0103 cu poart\u0103 se m\u00e2ndre\u0219te cu specifica\u021bii impresionante, inclusiv dimensiunea DN300 (12 inch), clasa de rezisten\u021b\u0103 300 LB \u0219i dispune de o van\u0103 de scurgere convenabil\u0103. Fabricat\u0103 pentru a \u00eendeplini standardele EN 1984 \u0219i DIN 3352, vana noastr\u0103 cu poart\u0103 asigur\u0103 fiabilitate datorit\u0103 designului s\u0103u flexibil cu pan\u0103. Conform\u0103 standardelor API 600 \u0219i ASME B16.34, aceast\u0103 van\u0103 func\u021bioneaz\u0103 perfect. Controlul \u0219i operarea sunt u\u0219oare datorit\u0103 mecanismului ro\u021bii de m\u00e2n\u0103. Alege\u021bi fabrica de vane cu poart\u0103 PN63 pentru excelen\u021b\u0103 \u00een solu\u021bii de vane cu poart\u0103.<\/p>","protected":false},"featured_media":18370,"template":"","meta":{"advanced_seo_description":"","jetpack_seo_html_title":"","jetpack_seo_noindex":false},"product_brand":[],"product_cat":[81],"product_tag":[364,362,363,361,370,365,369],"class_list":{"0":"post-18369","1":"product","2":"type-product","3":"status-publish","4":"has-post-thumbnail","6":"product_cat-gate-valves","7":"product_tag-din-gate-valves","8":"product_tag-din3202-f5-gate-valve","9":"product_tag-din3202-f7-gate-valves","10":"product_tag-din3352-gate-valve","11":"product_tag-dn300-wedge-gate-valve","12":"product_tag-pn63-gate-valve","13":"product_tag-pn63-wedge-gate-valve","15":"first","16":"instock","17":"shipping-taxable","18":"product-type-simple"},"jetpack_sharing_enabled":true,"_links":{"self":[{"href":"https:\/\/oudianvalve.com\/ro\/wp-json\/wp\/v2\/product\/18369","targetHints":{"allow":["GET"]}}],"collection":[{"href":"https:\/\/oudianvalve.com\/ro\/wp-json\/wp\/v2\/product"}],"about":[{"href":"https:\/\/oudianvalve.com\/ro\/wp-json\/wp\/v2\/types\/product"}],"wp:featuredmedia":[{"embeddable":true,"href":"https:\/\/oudianvalve.com\/ro\/wp-json\/wp\/v2\/media\/18370"}],"wp:attachment":[{"href":"https:\/\/oudianvalve.com\/ro\/wp-json\/wp\/v2\/media?parent=18369"}],"wp:term":[{"taxonomy":"product_brand","embeddable":true,"href":"https:\/\/oudianvalve.com\/ro\/wp-json\/wp\/v2\/product_brand?post=18369"},{"taxonomy":"product_cat","embeddable":true,"href":"https:\/\/oudianvalve.com\/ro\/wp-json\/wp\/v2\/product_cat?post=18369"},{"taxonomy":"product_tag","embeddable":true,"href":"https:\/\/oudianvalve.com\/ro\/wp-json\/wp\/v2\/product_tag?post=18369"}],"curies":[{"name":"wp","href":"https:\/\/api.w.org\/{rel}","templated":true}]}}