{"id":18362,"date":"2025-06-01T13:19:30","date_gmt":"2025-06-01T13:19:30","guid":{"rendered":"https:\/\/oudianvalve.com\/?post_type=product&#038;p=18362"},"modified":"2025-06-01T13:19:31","modified_gmt":"2025-06-01T13:19:31","slug":"dn125-pn63-gate-valve-gs-c25-din-3352-en-1984","status":"publish","type":"product","link":"https:\/\/oudianvalve.com\/ro\/products\/gate-valves\/dn125-pn63-gate-valve-gs-c25-din-3352-en-1984\/","title":{"rendered":"Supap\u0103 cu gur\u0103 DN125 PN63, GS-C25, DIN 3352, EN 1984"},"content":{"rendered":"<p>Descrierea valvei:<br \/>\nProduct Name: DN125 PN63 Gate Valve<br \/>\nProiectare: EN 1984, DIN 3352<br \/>\nMaterial: GS-C25.<br \/>\nDimensiune nominal\u0103: DN125<br \/>\nPresiune nominal\u0103: PN63.<br \/>\nCapete de conectare: RF X RF, conform EN 1092-1\/B1.<br \/>\nFa\u021b\u0103 \u00een fa\u021b\u0103: EN 558-1\/linia 15<br \/>\nModel de func\u021bionare: Roat\u0103 de m\u00e2n\u0103, cutie de viteze, tij\u0103 neacoperit\u0103<br \/>\nTestare \u0219i inspec\u021bie: EN 12266-1.<\/p>\n<p>Parametri \u0219i caracteristici tehnice<br \/>\nTip produs: Van\u0103 cu poart\u0103.<br \/>\nGam\u0103 de dimensiuni: NPS 2 \u2013 60 inch, DN50 \u2013 DN1500.<br \/>\nPresiune de proiectare: clasa 150 \u2013 2500 LB, PN10 \u2013 PN420.<br \/>\nStandard de proiectare: API 600, ASME B16.34, EN 1984, DIN 3352.<br \/>\nTemperatura de proiectare: -196\u2103 \u2013 573\u2103.<br \/>\nMaterial: ASTM A216 WCB, ASTM A216 WCC, ASTM A217 WC6, ASTM A217 WC9<br \/>\nASTM A217 C5, ASTM A217 C12A, ASTM A352 LCB, ASTM A352 LCC<br \/>\nASTM A351 CF8, ASTM A351 CF8M, ASTM A351 CF3M, ASTM A351 CF8C<br \/>\nCN3MN, CK3MCUN, CN7M, ASTM A890 4A (CD3MN), ASTM A890 5A (CE3MN),<br \/>\nASTM A890 6A (CD3MWCuN)<br \/>\nASTM B148 C95800, ASTM B148 C95500<br \/>\nCap\u0103t de conectare: ASME B16.5, ASME B16.25, seria EN 1092.<br \/>\nAc\u021bionare: Roat\u0103 manual\u0103, cutie de viteze, electric\u0103<br \/>\nAplica\u021bie: energie electric\u0103, rafinarea petrolului, inginerie petrochimic\u0103, petrol offshore, inginerie chimic\u0103<\/p>","protected":false},"excerpt":{"rendered":"<p>Oudian Valve Are a reliable DN125 PN63 Gate Valve Supplier, We offer top-quality gate valves made from ASTM A216 WCB, DIN 3352, and EN 1984 standards. Our valves are available in various specifications, including 32 Inch, Class 300 LB, RF, 2 &#8211; 60 Inch, DN50 &#8211; DN1500, and 150 &#8211; 2500 LB, PN10 &#8211; PN420. Contact us for all your valve needs.<\/p>","protected":false},"featured_media":18363,"template":"","meta":{"advanced_seo_description":"","jetpack_seo_html_title":"","jetpack_seo_noindex":false},"product_brand":[],"product_cat":[81],"product_tag":[364,362,363,361,366,365],"class_list":{"0":"post-18362","1":"product","2":"type-product","3":"status-publish","4":"has-post-thumbnail","6":"product_cat-gate-valves","7":"product_tag-din-gate-valves","8":"product_tag-din3202-f5-gate-valve","9":"product_tag-din3202-f7-gate-valves","10":"product_tag-din3352-gate-valve","11":"product_tag-dn125-gate-valve","12":"product_tag-pn63-gate-valve","14":"first","15":"instock","16":"shipping-taxable","17":"product-type-simple"},"jetpack_sharing_enabled":true,"_links":{"self":[{"href":"https:\/\/oudianvalve.com\/ro\/wp-json\/wp\/v2\/product\/18362","targetHints":{"allow":["GET"]}}],"collection":[{"href":"https:\/\/oudianvalve.com\/ro\/wp-json\/wp\/v2\/product"}],"about":[{"href":"https:\/\/oudianvalve.com\/ro\/wp-json\/wp\/v2\/types\/product"}],"wp:featuredmedia":[{"embeddable":true,"href":"https:\/\/oudianvalve.com\/ro\/wp-json\/wp\/v2\/media\/18363"}],"wp:attachment":[{"href":"https:\/\/oudianvalve.com\/ro\/wp-json\/wp\/v2\/media?parent=18362"}],"wp:term":[{"taxonomy":"product_brand","embeddable":true,"href":"https:\/\/oudianvalve.com\/ro\/wp-json\/wp\/v2\/product_brand?post=18362"},{"taxonomy":"product_cat","embeddable":true,"href":"https:\/\/oudianvalve.com\/ro\/wp-json\/wp\/v2\/product_cat?post=18362"},{"taxonomy":"product_tag","embeddable":true,"href":"https:\/\/oudianvalve.com\/ro\/wp-json\/wp\/v2\/product_tag?post=18362"}],"curies":[{"name":"wp","href":"https:\/\/api.w.org\/{rel}","templated":true}]}}