{"id":18346,"date":"2024-05-13T04:20:45","date_gmt":"2024-05-13T04:20:45","guid":{"rendered":"https:\/\/oudianvalve.com\/?post_type=product&#038;p=18346"},"modified":"2024-05-13T04:20:45","modified_gmt":"2024-05-13T04:20:45","slug":"hastelloy-c276-globe-valve-150lb-2-inch-rf-end","status":"publish","type":"product","link":"https:\/\/oudianvalve.com\/ro\/products\/globe-valves\/hastelloy-c276-globe-valve-150lb-2-inch-rf-end\/","title":{"rendered":"Supap\u0103 cu glob Hastelloy C276, 150 LB, 2 inch, cap\u0103t RF"},"content":{"rendered":"<p>Standard de proiectare: ASME B16.34<br \/>\nEvalu\u0103ri presiune-temperatura: ASME B16.34<br \/>\nInterval de dimensiuni: de la 2\u201d la 48\u201d<br \/>\nInterval de presiune: Clasa 150 p\u00e2n\u0103 la 2500<br \/>\nConexiuni la cap\u0103t: RF cu flan\u0219\u0103, RTJ, sudare cap la cap<br \/>\nDimensiuni de cap\u0103t cu flan\u0219\u0103: ASME B16.5 (\u226424\u201d), ASME B16.47 Seria A sau B (&gt;24\u201d)<br \/>\nDimensiuni cap\u0103t de sudare cap la cap: ASME B16.25 fa\u021b\u0103 \u00een fa\u021b\u0103<br \/>\nDimensiuni fa\u021b\u0103 \u00een fa\u021b\u0103: ASME B16.10<br \/>\nInspec\u021bie \u0219i testare: API 598<br \/>\nMateriale caroserie: ASTM A351 CF8, ASTM A351 CF8M, ASTM A351 CF3M, ASTM A351 CF8C<br \/>\nCN3MN, CK3MCUN, CN7M, ASTM A890 4A(CD3MN), ASTM A890 5A(CE3MN),<br \/>\nASTM A890 6A(CD3MWCuN)<br \/>\nASTM B148 C95800, ASTM B148 C95500.<br \/>\nMateriale de ambalare: Ptfe, PPL, grafit, grafit cu s\u00e2rm\u0103 inconel<\/p>\n<p>&nbsp;<\/p>\n<p>Supapele cu glob din aliaj Hastelloy sunt \u00een prezent \u00eemp\u0103r\u021bite \u00een principal \u00een trei serii: B, C \u0219i G. Sunt utilizate \u00een principal \u00een medii puternice corozive, cum ar fi o\u021bel inoxidabil Cr Ni sau Cr Ni Mo pe baz\u0103 de fier, materiale nemetalice etc. fi folosit. Pentru a \u00eembun\u0103t\u0103\u021bi rezisten\u021ba la coroziune \u0219i performan\u021ba de lucru la rece \u0219i la cald a aliajului Hastelloy, aliajul Hastelloy a suferit trei \u00eembun\u0103t\u0103\u021biri majore, iar procesul s\u0103u de dezvoltare este dup\u0103 cum urmeaz\u0103: Seria B: B \u2192 B-2 (00Ni70Mo28) \u2192 B-3<br \/>\nSeria C: C \u2192 C-276 (00Cr16M016W4) \u2192 C-4 (00Cr16M016) \u2192 C-22 (00Cr22M013W3) \u2013 C-2000 (00Cr20M016) Seria G: GG-3 (00Cr22Ni48Mo70Cu) Utilizate anterior * Utilizate pe scar\u0103 larg\u0103 sunt materialele de a doua genera\u021bie N10665 (B-2), N10276 (C-276), N06022 (C-22), N06455 (C-4) \u0219i N06985 (G-3). Hastelloy are o rezisten\u021b\u0103 excelent\u0103 la coroziune pentru supapele cu glob. Un aliaj N-MO cu con\u021binut extrem de sc\u0103zut de carbon \u0219i c\u0103r\u0103mid\u0103, care reduce precipitarea carburilor \u0219i a altor faze \u00een zona de sudare \u0219i c\u0103ldur\u0103 afectat\u0103, asigur\u00e2nd o bun\u0103 rezisten\u021b\u0103 la coroziune chiar \u0219i \u00een stare sudat\u0103. Dup\u0103 cum se \u0219tie, aliajele Hastelloy au o rezisten\u021b\u0103 excelent\u0103 la coroziune \u00een diferite medii reduc\u0103toare \u0219i pot rezista la coroziune cu acid clorhidric la orice temperatur\u0103 \u0219i concentra\u021bie sub presiune normal\u0103. Are o rezisten\u021b\u0103 excelent\u0103 la coroziune \u00een acid sulfuric neoxidant de concentra\u021bie medie care nu se umfl\u0103, diferite concentra\u021bii de acid fosforic, acid acetic la temperatur\u0103 \u00eenalt\u0103, acid formic \u0219i al\u021bi acizi organici, acid bromic \u0219i acid clorhidric gazos. \u00cen acela\u0219i timp, este \u0219i rezistent la coroziunea catalizatorilor halogena\u021bi. Prin urmare, aliajul Hastelloy B-2 este utilizat \u00een mod obi\u0219nuit \u00een diferite procese petroliere \u0219i chimice dure, cum ar fi distilarea \u0219i concentra\u021bia acidului clorhidric; \u00cen procesul de produc\u021bie de alchilare a etilbenzenului \u0219i sinteza de carbonilare la presiune joas\u0103 a acidului acetic.<\/p>","protected":false},"excerpt":{"rendered":"<p>Supapa cu glob din aliaj Hastelloy este un tip de aliaj pe baz\u0103 de nichel, \u00een prezent \u00eemp\u0103r\u021bit \u00een principal \u00een trei serii: B, C \u0219i G. Este utilizat \u00een principal \u00een medii puternice corozive, cum ar fi o\u021belul inoxidabil Cr-NI sau Cr-Ni-Mo pe baz\u0103 de fier. , materiale nemetalice etc. A fost utilizat pe scar\u0103 larg\u0103 \u00een multe domenii, cum ar fi petrol, chimie \u0219i protec\u021bia mediului \u00een str\u0103in\u0103tate.<\/p>","protected":false},"featured_media":18347,"template":"","meta":{"advanced_seo_description":"","jetpack_seo_html_title":"","jetpack_seo_noindex":false},"product_brand":[],"product_cat":[80],"product_tag":[353,354,352,351],"class_list":{"0":"post-18346","1":"product","2":"type-product","3":"status-publish","4":"has-post-thumbnail","6":"product_cat-globe-valves","7":"product_tag-150lb-hastelloy-c276-globe-valve","8":"product_tag-2-inch-hastelloy-c276-globe-valve","9":"product_tag-china-hastelloy-c276-globe-valve","10":"product_tag-hastelloy-c276-globe-valve","12":"first","13":"instock","14":"shipping-taxable","15":"product-type-simple"},"jetpack_sharing_enabled":true,"_links":{"self":[{"href":"https:\/\/oudianvalve.com\/ro\/wp-json\/wp\/v2\/product\/18346","targetHints":{"allow":["GET"]}}],"collection":[{"href":"https:\/\/oudianvalve.com\/ro\/wp-json\/wp\/v2\/product"}],"about":[{"href":"https:\/\/oudianvalve.com\/ro\/wp-json\/wp\/v2\/types\/product"}],"wp:featuredmedia":[{"embeddable":true,"href":"https:\/\/oudianvalve.com\/ro\/wp-json\/wp\/v2\/media\/18347"}],"wp:attachment":[{"href":"https:\/\/oudianvalve.com\/ro\/wp-json\/wp\/v2\/media?parent=18346"}],"wp:term":[{"taxonomy":"product_brand","embeddable":true,"href":"https:\/\/oudianvalve.com\/ro\/wp-json\/wp\/v2\/product_brand?post=18346"},{"taxonomy":"product_cat","embeddable":true,"href":"https:\/\/oudianvalve.com\/ro\/wp-json\/wp\/v2\/product_cat?post=18346"},{"taxonomy":"product_tag","embeddable":true,"href":"https:\/\/oudianvalve.com\/ro\/wp-json\/wp\/v2\/product_tag?post=18346"}],"curies":[{"name":"wp","href":"https:\/\/api.w.org\/{rel}","templated":true}]}}