{"id":18344,"date":"2024-05-13T03:48:48","date_gmt":"2024-05-13T03:48:48","guid":{"rendered":"https:\/\/oudianvalve.com\/?post_type=product&#038;p=18344"},"modified":"2025-06-02T00:55:56","modified_gmt":"2025-06-02T00:55:56","slug":"ta10-globe-valve-2-inch-class-900-lb-rf-end","status":"publish","type":"product","link":"https:\/\/oudianvalve.com\/ro\/products\/globe-valves\/ta10-globe-valve-2-inch-class-900-lb-rf-end\/","title":{"rendered":"Valv\u0103 globular\u0103 TA10, 2 inch, clasa 900 LB, cap\u0103t RF"},"content":{"rendered":"<p>Dimensiune: 2\u2033-20\u2033<br \/>\nCorp \\ Minge \\ Material tij\u0103:<br \/>\nTitan: TA1\u3001TA2\u3001TA9\u3001TA10\u3001TC4<br \/>\nTitan ASTM A182 316Ti: Gr2,Gr3,Gr5,Gr6,Gr7,Gr12<br \/>\nStandard: GB, DIN, ANSI<br \/>\nPresiune nominal\u0103: clasa 150lb, 300lb,PN16,PN25,PN40<br \/>\nMetoda de conectare: Flan\u0219\u0103, filet<br \/>\nActuator: supapa de reglare pneumatica.valapa de comanda electrica<br \/>\n<strong>Alte materiale speciale pentru supape:<\/strong><br \/>\nSupape Monel: M-30C\u3001M35-1\u3001M35C\u3001M35-2\u3001Monel 400\u3001Monel K500\u3001Monel 600<br \/>\nSupape Hastelloy: Hastelloy C276, Hastelloy G30, Hastelloy C4, Hastelloy C22, Hastelloy B<br \/>\nSupape de nichel: N6, nichel 201, nichel 200, CZ-100, N02200, N02201<br \/>\nSupape Inconel: Inconel 600, Inconel625, Inconel690, Incoloy800, Incoloy825<br \/>\nSupape din o\u021bel duplex: 2205\u30012507\u30011.4529\u3001F51\u3001F53\u3001F55<br \/>\nSupape cu zirconiu: zirconiu 702, zirconiu 705<\/p>\n<p>Supapele cu glob TA10 din aliaj de titan au o rezisten\u021b\u0103 bun\u0103 la coroziunea \u00een cr\u0103p\u0103turi la temperatur\u0103 ridicat\u0103 \u0219i cloruri de concentra\u021bie mare \u0219i sunt utilizate \u00een industria aerospa\u021bial\u0103, avia\u021bie, naviga\u021bie, nave, desalinizarea apei de mare, petrol, industria chimic\u0103, echipamente mecanice, echipamente nucleare, echipamente electrice, auto \u0219i componente pentru motociclete, sport \u0219i agrement, componente medicale, o\u021bel \u0219i metalurgie \u0219i domenii de \u00eenalt\u0103 tehnologie. Supapa cu glob din aliaj de titan TA10 se nume\u0219te aliaj de titan molibden nichel cu o compozi\u021bie nominal\u0103 de T1-0,3M0-0,8Ni. Este un aliaj T-12 dezvoltat de Statele Unite la mijlocul anilor 1970 \u0219i este un aliaj de titan care este rezistent la coroziunea \u00een cr\u0103p\u0103turi. Tija de nichel titan molibden TA10 are o rezisten\u021b\u0103 la trac\u021biune mai mare dec\u00e2t titanul pur TA2 \u0219i o rezisten\u021b\u0103 mai mic\u0103 dec\u00e2t TC4, iar tehnologia sa de procesare este practic aceea\u0219i cu titanul pur. Rezisten\u021ba la trac\u021biune a aliajului TA10 este de dou\u0103 ori mai mare dec\u00e2t a titanului pur la 300 de grade, iar rezisten\u021ba sa la coroziune \u00een mediile reduc\u0103toare este \u00eembun\u0103t\u0103\u021bit\u0103 semnificativ. Nu sufer\u0103 coroziune crevioas\u0103 \u00een cloruri la 150-200 de grade. Clasele standard na\u021bionale utilizate \u00een mod obi\u0219nuit pentru titan sunt TA1, TA2, TA3, TA7, TA9, TA10, TA15, TA18, TC4TC4ELI, TC6, TC9, TC10, TC11, iar clasele standard americane sunt GR1, GR2, GR3, GR5, GR7 , \u0219i GR12.<\/p>\n<p>Standarde comune pentru supapele cu glob din aliaj de titan TA10, standarde na\u021bionale: GB\/2965-2007, GBT13810 Standarde americane: ASTM B348, ASTM F136, ASTM F67, AMS4928<br \/>\nStandard de referin\u021b\u0103 pentru supap\u0103 cu glob din aliaj de titan TA10<br \/>\n1. GB 228 Metode de \u00eencercare la \u00eentindere a metalelor<br \/>\n2. GBIT 3620.1 Titan \u0219i aliaj de titan * * * Num\u0103r \u0219i compozi\u021bie chimic\u0103<br \/>\n3.GB\/T3620.2 Compozi\u021bia chimic\u0103 \u0219i abaterea permis\u0103 a produselor prelucrate cu titan \u0219i aliaje de titan<br \/>\n4.GB 4698 Metode de analiz\u0103 chimic\u0103 pentru burete de titan, titan \u0219i aliaje de titan 4<\/p>","protected":false},"excerpt":{"rendered":"<p>Frecare redus\u0103 \u0219i durat\u0103 lung\u0103 de via\u021b\u0103:<br \/>\n1. Structura este simpl\u0103, iar produc\u021bia \u0219i \u00eentre\u021binerea sunt relativ convenabile.<br \/>\n2. Cursa de lucru mica si timp scurt de deschidere si inchidere.<br \/>\n3. Performan\u021b\u0103 bun\u0103 de etan\u0219are, frecare sc\u0103zut\u0103 \u00eentre suprafe\u021bele de etan\u0219are \u0219i durat\u0103 lung\u0103 de via\u021b\u0103.<br \/>\n4. \u00cen timpul procesului de deschidere \u0219i \u00eenchidere, for\u021ba de frecare a suprafe\u021bei de etan\u0219are este mai mic\u0103 dec\u00e2t cea a supapei cu poart\u0103 \u0219i este rezistent\u0103 la uzur\u0103.<br \/>\n5. De obicei, exist\u0103 o singur\u0103 suprafa\u021b\u0103 de etan\u0219are, cu tehnologie de fabrica\u021bie bun\u0103 \u0219i \u00eentre\u021binere u\u0219oar\u0103.<br \/>\n6. Formele structurale ale corpului supapei glob includ direct, flux direct \u0219i unghi drept.<\/p>","protected":false},"featured_media":18345,"template":"","meta":{"advanced_seo_description":"","jetpack_seo_html_title":"","jetpack_seo_noindex":false},"product_brand":[],"product_cat":[80],"product_tag":[348,347,350,349],"class_list":{"0":"post-18344","1":"product","2":"type-product","3":"status-publish","4":"has-post-thumbnail","6":"product_cat-globe-valves","7":"product_tag-2-inch-ta10-globe-valve","8":"product_tag-900lb-ta10-globe-valve","9":"product_tag-china-ta10-globe-valve","10":"product_tag-rf-end-ta10-globe-valve","12":"first","13":"instock","14":"shipping-taxable","15":"product-type-simple"},"jetpack_sharing_enabled":true,"_links":{"self":[{"href":"https:\/\/oudianvalve.com\/ro\/wp-json\/wp\/v2\/product\/18344","targetHints":{"allow":["GET"]}}],"collection":[{"href":"https:\/\/oudianvalve.com\/ro\/wp-json\/wp\/v2\/product"}],"about":[{"href":"https:\/\/oudianvalve.com\/ro\/wp-json\/wp\/v2\/types\/product"}],"wp:featuredmedia":[{"embeddable":true,"href":"https:\/\/oudianvalve.com\/ro\/wp-json\/wp\/v2\/media\/18345"}],"wp:attachment":[{"href":"https:\/\/oudianvalve.com\/ro\/wp-json\/wp\/v2\/media?parent=18344"}],"wp:term":[{"taxonomy":"product_brand","embeddable":true,"href":"https:\/\/oudianvalve.com\/ro\/wp-json\/wp\/v2\/product_brand?post=18344"},{"taxonomy":"product_cat","embeddable":true,"href":"https:\/\/oudianvalve.com\/ro\/wp-json\/wp\/v2\/product_cat?post=18344"},{"taxonomy":"product_tag","embeddable":true,"href":"https:\/\/oudianvalve.com\/ro\/wp-json\/wp\/v2\/product_tag?post=18344"}],"curies":[{"name":"wp","href":"https:\/\/api.w.org\/{rel}","templated":true}]}}