{"id":18266,"date":"2023-07-12T07:00:32","date_gmt":"2023-07-12T07:00:32","guid":{"rendered":"https:\/\/oudianvalve.com\/?post_type=product&#038;p=18266"},"modified":"2023-07-12T07:00:32","modified_gmt":"2023-07-12T07:00:32","slug":"astm-a105n-metal-seated-ball-valve24-inch300lbrf-end","status":"publish","type":"product","link":"https:\/\/oudianvalve.com\/ro\/products\/ball-valves\/astm-a105n-metal-seated-ball-valve24-inch300lbrf-end\/","title":{"rendered":"Supap\u0103 cu bil\u0103 cu a\u0219ezare metalic\u0103 ASTM A105N, 24 inch, 300 LB, cap\u0103t RF"},"content":{"rendered":"<p>Standard de proiectare: API 6D ISO 17292<\/p>\n<p>Domeniul de aplicare al produsului:<br \/>\n1. Domeniu de presiune: CLASA 150Lb~2500Lb<br \/>\n2. Diametru nominal: NPS 2~48\u2033<br \/>\n3. Material caroserie: WCB\uff64LCB\uff64WCC\uff64CF8\uff64CF8M\uff64CF3\uff64C3M\uff64A890 4A\uff64A105\uff64LF2\uff64F304\uff64F316\uff64F304L\uff64F316L etc.<\/p>\n<p>4. \u00cencheierea conexiunii: RF RTJ BW<\/p>\n<p>5. Test ignifug: API 607\/API 6FA<br \/>\n6. Dispozitiv de antrenare: p\u00e2rghie, cutie de viteze, dispozitiv electric, pneumatic, hidraulic etc;<\/p>\n<h4>Caracteristicile produsului<\/h4>\n<p>1. Rezisten\u021ba la curgere este mic\u0103;<br \/>\n2. Scaun piston, design de structur\u0103 anti-incendiu de protec\u021bie;<br \/>\n3. F\u0103r\u0103 limitare a direc\u021biei de curgere a mediului;<br \/>\n4. C\u00e2nd supapa este \u00een pozi\u021bie complet deschis\u0103, suprafe\u021bele scaunului sunt \u00een afara fluxului de curgere care \u00eentotdeauna \u00een contact complet cu poarta care poate proteja suprafe\u021bele scaunului \u0219i potrivite pentru conducta de porc;<br \/>\n5.Poate fi alese ambalajele cu prim\u0103var\u0103;<br \/>\n6. Ambalarea cu emisii sc\u0103zute poate fi aleas\u0103 \u00een conformitate cu cerin\u021bele ISO 15848;<br \/>\n7. Se poate alege un design extins cu tij\u0103;<br \/>\n8.Se poate alege designul scaunului din metal pe metal;<br \/>\n9.DBB\uff0cDIB-1\uff0cDesignul DIB-2 poate fi ales\uff1b<br \/>\n10.Mingea se fixeaz\u0103 cu o plac\u0103 de sprijin \u0219i un arbore fix;<\/p>","protected":false},"excerpt":{"rendered":"<p>Fabrica\u021bie de robinet cu bil\u0103 cu a\u0219ezare metalic\u0103 ASTM A105N \u00een China: Ofer\u0103 Oudian Robine cu bil\u0103 cu a\u0219ezare metalic\u0103 ASTM A105N, 25 inch (DN600), clasa 300 (300LB), capete cu flan\u0219\u0103 RF.<\/p>","protected":false},"featured_media":18267,"template":"","meta":{"advanced_seo_description":"","jetpack_seo_html_title":"","jetpack_seo_noindex":false},"product_brand":[],"product_cat":[83],"product_tag":[340,339,337,338,336],"class_list":{"0":"post-18266","1":"product","2":"type-product","3":"status-publish","4":"has-post-thumbnail","6":"product_cat-ball-valves","7":"product_tag-24-inch-metal-ball-valve","8":"product_tag-300lb-metal-ball-valve","9":"product_tag-a105-ball-valve","10":"product_tag-api-6d-ball-valve","11":"product_tag-astm-a105n-metal-seated-ball-valve","13":"first","14":"instock","15":"shipping-taxable","16":"product-type-simple"},"jetpack_sharing_enabled":true,"_links":{"self":[{"href":"https:\/\/oudianvalve.com\/ro\/wp-json\/wp\/v2\/product\/18266","targetHints":{"allow":["GET"]}}],"collection":[{"href":"https:\/\/oudianvalve.com\/ro\/wp-json\/wp\/v2\/product"}],"about":[{"href":"https:\/\/oudianvalve.com\/ro\/wp-json\/wp\/v2\/types\/product"}],"wp:featuredmedia":[{"embeddable":true,"href":"https:\/\/oudianvalve.com\/ro\/wp-json\/wp\/v2\/media\/18267"}],"wp:attachment":[{"href":"https:\/\/oudianvalve.com\/ro\/wp-json\/wp\/v2\/media?parent=18266"}],"wp:term":[{"taxonomy":"product_brand","embeddable":true,"href":"https:\/\/oudianvalve.com\/ro\/wp-json\/wp\/v2\/product_brand?post=18266"},{"taxonomy":"product_cat","embeddable":true,"href":"https:\/\/oudianvalve.com\/ro\/wp-json\/wp\/v2\/product_cat?post=18266"},{"taxonomy":"product_tag","embeddable":true,"href":"https:\/\/oudianvalve.com\/ro\/wp-json\/wp\/v2\/product_tag?post=18266"}],"curies":[{"name":"wp","href":"https:\/\/api.w.org\/{rel}","templated":true}]}}