{"id":18264,"date":"2023-07-12T06:50:35","date_gmt":"2023-07-12T06:50:35","guid":{"rendered":"https:\/\/oudianvalve.com\/?post_type=product&#038;p=18264"},"modified":"2023-07-12T06:50:35","modified_gmt":"2023-07-12T06:50:35","slug":"api599-lubricated-plug-valve-hc276-body-150lb-dn40-rf-end","status":"publish","type":"product","link":"https:\/\/oudianvalve.com\/ro\/products\/plug-valves\/api599-lubricated-plug-valve-hc276-body-150lb-dn40-rf-end\/","title":{"rendered":"Supap\u0103 cu dop lubrifiat API599, corp HC276, 150 LB, DN40, cap\u0103t RF"},"content":{"rendered":"<p>API Nelubrificat Plug Valveacc. la API599 StandardI se aplic\u0103 la t\u0103ierea \u0219i conectarea conductelor medii care sunt utilizate \u00een diverse industrii, cum ar fi petrol, industria chimic\u0103, farmacie, \u00eengr\u0103\u0219\u0103minte chimice, industria energetic\u0103 etc. la presiune nominal\u0103 de 150LB ~ 2500LB \u0219i temperatura de lucru de-29-180 \u00b0C.<\/p>\n<p>Standard de proiectare: API 599 API 6D<\/p>\n<p>Fa\u021b\u0103 \u00een fa\u021b\u0103: ASME B16.5<\/p>\n<p>Test de inspec\u021bie: API598<\/p>\n<p>Domeniul de aplicare al produsului:<\/p>\n<p>Standard de proiectare: API 599 API6D<\/p>\n<p>Domeniul de aplicare al produsului:<\/p>\n<p>1. Domeniu de presiune: CLASA 150Lb~2500Lb<br \/>\n2.Diametru nominal: NPS 1\/2-40\u2033<\/p>\n<p>3. Material caroserie: A105\uff64LF2\uff64F304\uff64F316\uff64F304L\uff64F316L\uff64F51,WCB\uff64LCB\uff64WCC\uff64CF8\uff64CF8M\uff64CF3\uff64CF3M\uff64A890 4A etc.<\/p>\n<p>4. \u00cencheierea conexiunii: RF RTJ BW<br \/>\n5. Dispozitiv de antrenare: p\u00e2rghie, cutie de viteze, dispozitiv electric, pneumatic, hidraulic etc.;<\/p>","protected":false},"excerpt":{"rendered":"<p>Supap\u0103 cu dop lubrifiat API599 Produc\u0103tor: Oudian Oferta Supap\u0103 cu dop lubrifiat API599, Corp HC276, 150 LB, DN40, Cap\u0103t RF<\/p>","protected":false},"featured_media":18265,"template":"","meta":{"advanced_seo_description":"","jetpack_seo_html_title":"","jetpack_seo_noindex":false},"product_brand":[],"product_cat":[156],"product_tag":[333,317,334,332,335],"class_list":{"0":"post-18264","1":"product","2":"type-product","3":"status-publish","4":"has-post-thumbnail","6":"product_cat-plug-valves","7":"product_tag-150lb-api599-lubricated-plug-valve","8":"product_tag-api599-lubricated-plug-valve","9":"product_tag-dn40-api599-lubricated-plug-valve","10":"product_tag-hc276-api599-lubricated-plug-valve","11":"product_tag-rf-end-api599-lubricated-plug-valve","13":"first","14":"instock","15":"shipping-taxable","16":"product-type-simple"},"jetpack_sharing_enabled":true,"_links":{"self":[{"href":"https:\/\/oudianvalve.com\/ro\/wp-json\/wp\/v2\/product\/18264","targetHints":{"allow":["GET"]}}],"collection":[{"href":"https:\/\/oudianvalve.com\/ro\/wp-json\/wp\/v2\/product"}],"about":[{"href":"https:\/\/oudianvalve.com\/ro\/wp-json\/wp\/v2\/types\/product"}],"wp:featuredmedia":[{"embeddable":true,"href":"https:\/\/oudianvalve.com\/ro\/wp-json\/wp\/v2\/media\/18265"}],"wp:attachment":[{"href":"https:\/\/oudianvalve.com\/ro\/wp-json\/wp\/v2\/media?parent=18264"}],"wp:term":[{"taxonomy":"product_brand","embeddable":true,"href":"https:\/\/oudianvalve.com\/ro\/wp-json\/wp\/v2\/product_brand?post=18264"},{"taxonomy":"product_cat","embeddable":true,"href":"https:\/\/oudianvalve.com\/ro\/wp-json\/wp\/v2\/product_cat?post=18264"},{"taxonomy":"product_tag","embeddable":true,"href":"https:\/\/oudianvalve.com\/ro\/wp-json\/wp\/v2\/product_tag?post=18264"}],"curies":[{"name":"wp","href":"https:\/\/api.w.org\/{rel}","templated":true}]}}