{"id":18260,"date":"2023-07-12T06:09:46","date_gmt":"2023-07-12T06:09:46","guid":{"rendered":"https:\/\/oudianvalve.com\/?post_type=product&#038;p=18260"},"modified":"2023-07-12T06:13:05","modified_gmt":"2023-07-12T06:13:05","slug":"din-3357-ball-valve-2205-body-pn160-dn65-flange-end","status":"publish","type":"product","link":"https:\/\/oudianvalve.com\/ro\/products\/ball-valves\/din-3357-ball-valve-2205-body-pn160-dn65-flange-end\/","title":{"rendered":"Supap\u0103 cu bil\u0103 DIN 3357, corp 2205, PN160, DN65, cap\u0103t cu flan\u0219\u0103"},"content":{"rendered":"<p>Standard de proiectare \u0219i fabrica\u021bie: API 6D, API 608, BS 5351\/DIN3357\/JIS B2071<\/p>\n<p>Standard de presiune \u0219i temperatur\u0103: ASME B16.34\/DIN3230<\/p>\n<p>Standard de dimensiuni fa\u021b\u0103 \u00een fa\u021b\u0103: ASME B16.10\/DIN3202\/JIS B2002<\/p>\n<p>Standard de flan\u0219\u0103: ASME B16.5, ASME B16.47\/DIN2543-2545-2501\/JIS B2220<\/p>\n<p>Standard de testare \u0219i inspectare: API 598, API 6D\/DIN2401\/JIS B2003.<\/p>\n<p>Dimensiune: 1\/2\u201d-10\u201d(DN15~DN250)<\/p>\n<p>Presiune nominal\u0103: 150LB-600LB\/PN16~PN100\/10K~60K)<\/p>\n<p>Material: Duplex S31803\u3001Super Duplex S32750\u3001Super Duplex S327601A\u3001\u30012A\u30013A\u30014A\u30015A\u30016A\u30011B\u30011C,CD4MCu\u3001CD4MCuN\u3001CD3MCuMN\u3001CD3MCuMN\u3001CD3MCuMN\u3001CEMCuMN3\u3001CEMCuMN3\u3001CEMN3\u3001 CD3MWCuNF51\u3001F53\u3001F55\u3001F60<\/p>\n<p>Temperatura potrivit\u0103: -196\u00baC ~ 450\u00baC (temperatur\u0103 diferit\u0103 alege materiale diferite).<\/p>\n<p>Mediu potrivit: ap\u0103, abur, petrol \u0219i gaze naturale etc.<\/p>","protected":false},"excerpt":{"rendered":"<p>DIN 3357 Produc\u0103tor de supape cu bil\u0103 din China: supap\u0103 cu bil\u0103 2205, cu a\u0219ezare metalic\u0103, 21\/2 inch, PN160, capete RF, API 608, pentru temperatur\u0103 ridicat\u0103.<\/p>","protected":false},"featured_media":18261,"template":"","meta":{"advanced_seo_description":"","jetpack_seo_html_title":"","jetpack_seo_noindex":false},"product_brand":[],"product_cat":[83],"product_tag":[324,323,326,325],"class_list":{"0":"post-18260","1":"product","2":"type-product","3":"status-publish","4":"has-post-thumbnail","6":"product_cat-ball-valves","7":"product_tag-2205-din-3357-ball-valve","8":"product_tag-din-3357-ball-valve","9":"product_tag-flange-end-din-3357-ball-valve","10":"product_tag-pn160din-3357-ball-valve","12":"first","13":"instock","14":"shipping-taxable","15":"product-type-simple"},"jetpack_sharing_enabled":true,"_links":{"self":[{"href":"https:\/\/oudianvalve.com\/ro\/wp-json\/wp\/v2\/product\/18260","targetHints":{"allow":["GET"]}}],"collection":[{"href":"https:\/\/oudianvalve.com\/ro\/wp-json\/wp\/v2\/product"}],"about":[{"href":"https:\/\/oudianvalve.com\/ro\/wp-json\/wp\/v2\/types\/product"}],"wp:featuredmedia":[{"embeddable":true,"href":"https:\/\/oudianvalve.com\/ro\/wp-json\/wp\/v2\/media\/18261"}],"wp:attachment":[{"href":"https:\/\/oudianvalve.com\/ro\/wp-json\/wp\/v2\/media?parent=18260"}],"wp:term":[{"taxonomy":"product_brand","embeddable":true,"href":"https:\/\/oudianvalve.com\/ro\/wp-json\/wp\/v2\/product_brand?post=18260"},{"taxonomy":"product_cat","embeddable":true,"href":"https:\/\/oudianvalve.com\/ro\/wp-json\/wp\/v2\/product_cat?post=18260"},{"taxonomy":"product_tag","embeddable":true,"href":"https:\/\/oudianvalve.com\/ro\/wp-json\/wp\/v2\/product_tag?post=18260"}],"curies":[{"name":"wp","href":"https:\/\/api.w.org\/{rel}","templated":true}]}}