{"id":18257,"date":"2023-07-10T06:43:47","date_gmt":"2023-07-10T06:43:47","guid":{"rendered":"https:\/\/oudianvalve.com\/?post_type=product&#038;p=18257"},"modified":"2023-07-10T07:33:37","modified_gmt":"2023-07-10T07:33:37","slug":"api599-lubricated-plug-valve-wcb-body-600lb-26-inch-flange-end","status":"publish","type":"product","link":"https:\/\/oudianvalve.com\/ro\/products\/plug-valves\/api599-lubricated-plug-valve-wcb-body-600lb-26-inch-flange-end\/","title":{"rendered":"Supap\u0103 cu dop lubrifiat API599, corp WCB, 600 LB, 26 inchi, cap\u0103t cu flan\u0219\u0103"},"content":{"rendered":"<p>Standard de proiectare: API 599 API6D<\/p>\n<p>Domeniul de aplicare al produsului:<br \/>\n1. Domeniul de presiune: CLASA 150Lb~2500Lb<br \/>\n2.Diametru nominal: NPS 1\/2-40\u2033<br \/>\n3.Materialul corpului: A105\uff64LF2\uff64F304\uff64F316\uff64F304L\uff64F316L\uff64F51,WCB\uff64LCB\uff64WCC\uff64CF8\uff64CF8M\uff64CF3\uff64CF3M\uff64A890 4A etc.<\/p>\n<p>4. Termina\u021bi conexiunea: RF RTJ BW<br \/>\n5. Dispozitiv de antrenare: p\u00e2rghie, cutie de viteze, dispozitiv electric, pneumatic, hidraulic etc.;<\/p>\n<h4>CARACTERISTICI STRUCTURALE PRODUSULUI<\/h4>\n<p>Supap\u0103 de tip buj lubrifiat cu echilibru de presiune inversat conform. conform ANSI este aplicabil la t\u0103ierea \u0219i conectarea conductelor medii care sunt utilizate \u00een diverse industrii, cum ar fi petrol, industria chimic\u0103, farmacie, \u00eengr\u0103\u0219\u0103minte chimice, industria energiei electrice etc. la presiune nominal\u0103 de CLASA 150-900LBS \u0219i la temperatur\u0103 de lucru de -29-180\u00b0 C<\/p>\n<p>&nbsp;<\/p>\n<h4>PRINCIPALE CARACTERISTICI STRUCTURALE<\/h4>\n<p>Are structur\u0103 logic\u0103, etan\u0219are fiabil\u0103, performan\u021b\u0103 excelent\u0103 \u0219i design frumos.<\/p>\n<p>Are structura de presiune echilibrabil\u0103 flip-chip \u0219i func\u021bionare u\u0219oar\u0103 pornire\/oprire.<\/p>\n<p>\u00centre corpul supapei \u0219i suprafa\u021ba de etan\u0219are este stabilit\u0103 o canelur\u0103 de ulei, care poate infuza unsoare pentru etan\u0219are pentru a cre\u0219te capacitatea de etan\u0219are.<\/p>\n<p>Materialele piesei \u0219i dimensiunea flan\u0219ei pot fi selectate \u00een func\u021bie de starea de func\u021bionare curent\u0103 \u0219i de cerin\u021bele utilizatorilor, astfel \u00eenc\u00e2t s\u0103 \u00eendeplineasc\u0103 cerin\u021bele diferitelor inginerie.<\/p>","protected":false},"excerpt":{"rendered":"<p>Furnizorul de supape lubrifiate API599 din China, Oudian, furnizeaz\u0103 supap\u0103 cu clapet\u0103 lubrifiat\u0103 cu presiune echilibrat\u0103 API 599: ASTM A216 WCb, 26IN, CL600, cap\u0103t cu flan\u0219\u0103.<\/p>","protected":false},"featured_media":18258,"template":"","meta":{"advanced_seo_description":"","jetpack_seo_html_title":"","jetpack_seo_noindex":false},"product_brand":[],"product_cat":[156],"product_tag":[319,318,322,317,320,321],"class_list":{"0":"post-18257","1":"product","2":"type-product","3":"status-publish","4":"has-post-thumbnail","6":"product_cat-plug-valves","7":"product_tag-26-inch-api599-lubricated-plug-valve","8":"product_tag-300lb-api599-lubricated-plug-valve","9":"product_tag-600lb-api599-lubricated-plug-valve","10":"product_tag-api599-lubricated-plug-valve","11":"product_tag-flange-end-api599-lubricated-plug-valve","12":"product_tag-wcb-api599-lubricated-plug-valve","14":"first","15":"instock","16":"shipping-taxable","17":"product-type-simple"},"jetpack_sharing_enabled":true,"_links":{"self":[{"href":"https:\/\/oudianvalve.com\/ro\/wp-json\/wp\/v2\/product\/18257","targetHints":{"allow":["GET"]}}],"collection":[{"href":"https:\/\/oudianvalve.com\/ro\/wp-json\/wp\/v2\/product"}],"about":[{"href":"https:\/\/oudianvalve.com\/ro\/wp-json\/wp\/v2\/types\/product"}],"wp:featuredmedia":[{"embeddable":true,"href":"https:\/\/oudianvalve.com\/ro\/wp-json\/wp\/v2\/media\/18258"}],"wp:attachment":[{"href":"https:\/\/oudianvalve.com\/ro\/wp-json\/wp\/v2\/media?parent=18257"}],"wp:term":[{"taxonomy":"product_brand","embeddable":true,"href":"https:\/\/oudianvalve.com\/ro\/wp-json\/wp\/v2\/product_brand?post=18257"},{"taxonomy":"product_cat","embeddable":true,"href":"https:\/\/oudianvalve.com\/ro\/wp-json\/wp\/v2\/product_cat?post=18257"},{"taxonomy":"product_tag","embeddable":true,"href":"https:\/\/oudianvalve.com\/ro\/wp-json\/wp\/v2\/product_tag?post=18257"}],"curies":[{"name":"wp","href":"https:\/\/api.w.org\/{rel}","templated":true}]}}