{"id":18255,"date":"2023-07-10T06:28:37","date_gmt":"2023-07-10T06:28:37","guid":{"rendered":"https:\/\/oudianvalve.com\/?post_type=product&#038;p=18255"},"modified":"2023-07-10T06:29:19","modified_gmt":"2023-07-10T06:29:19","slug":"din-non-lubricated-plug-valve904ldn100pn25flange-end","status":"publish","type":"product","link":"https:\/\/oudianvalve.com\/ro\/products\/plug-valves\/din-non-lubricated-plug-valve904ldn100pn25flange-end\/","title":{"rendered":"Supap\u0103 DIN f\u0103r\u0103 lubrifiere, 904L, DN100, PN25, cap\u0103t cu flan\u0219\u0103"},"content":{"rendered":"<p>Supap\u0103 cu dop nelubrificat DINacc. conform DIN StandardI este aplicabil la t\u0103ierea \u0219i conectarea conductelor medii care sunt utilizate \u00een diverse industrii, cum ar fi petrol, industria chimic\u0103, farmacie, \u00eengr\u0103\u0219\u0103minte chimice, industria energetic\u0103 etc., sub presiune nominal\u0103 de PN16 ~ PN150 \u0219i temperatur\u0103 de lucru de - 29-180 \u00b0C.<\/p>\n<p>Standard de proiectare: API 599 API 6D<\/p>\n<p>Fa\u021b\u0103 \u00een fa\u021b\u0103: EN558 F1\/F4\/F5<\/p>\n<p>Inspec\u021bie de testare: DIN3230<\/p>\n<p>Domeniul de aplicare al produsului:<br \/>\n1. Interval de presiune: PN16~PN150<br \/>\n2. Diametru nominal: NPS 1\/2-40\u2033<br \/>\n3. Material caroserie: A105\uff64LF2\uff64F304\uff64F316\uff64F304L\uff64F316L\uff64F51,WCB\uff64LCB\uff64WCC\uff64CF8\uff64CF8M\uff64CF3\uff64CF3M\uff64A890 4A etc.<\/p>\n<p>4. Termina\u021bi conexiunea: RF RTJ BW<br \/>\n5. Dispozitiv de antrenare: p\u00e2rghie, cutie de viteze, electric, pneumatic, dispozitiv hidraulic, dispozitiv pneumatic-hidraulic;<\/p>","protected":false},"excerpt":{"rendered":"<p>Standard de proiectare: API 599 API 6D<br \/>\nFa\u021b\u0103 \u00een fa\u021b\u0103: EN558 F1\/F4\/F5<br \/>\nInspec\u021bie de testare: DIN3230<\/p>\n<p>Supap\u0103 cu dop nelubrificat DIN Produc\u0103tor: ,904L supap\u0103 cu dop nelubrificat, DN100, PN25, cap\u0103t cu flan\u0219\u0103, API 599.<\/p>","protected":false},"featured_media":18256,"template":"","meta":{"advanced_seo_description":"","jetpack_seo_html_title":"","jetpack_seo_noindex":false},"product_brand":[],"product_cat":[156],"product_tag":[313,312,314,316,315],"class_list":{"0":"post-18255","1":"product","2":"type-product","3":"status-publish","4":"has-post-thumbnail","6":"product_cat-plug-valves","7":"product_tag-904l-din-non-lubricated-plug-valve","8":"product_tag-din-non-lubricated-plug-valve","9":"product_tag-dn100-din-non-lubricated-plug-valve","10":"product_tag-flange-end-din-non-lubricated-plug-valve","11":"product_tag-pn25-din-non-lubricated-plug-valve","13":"first","14":"instock","15":"shipping-taxable","16":"product-type-simple"},"jetpack_sharing_enabled":true,"_links":{"self":[{"href":"https:\/\/oudianvalve.com\/ro\/wp-json\/wp\/v2\/product\/18255","targetHints":{"allow":["GET"]}}],"collection":[{"href":"https:\/\/oudianvalve.com\/ro\/wp-json\/wp\/v2\/product"}],"about":[{"href":"https:\/\/oudianvalve.com\/ro\/wp-json\/wp\/v2\/types\/product"}],"wp:featuredmedia":[{"embeddable":true,"href":"https:\/\/oudianvalve.com\/ro\/wp-json\/wp\/v2\/media\/18256"}],"wp:attachment":[{"href":"https:\/\/oudianvalve.com\/ro\/wp-json\/wp\/v2\/media?parent=18255"}],"wp:term":[{"taxonomy":"product_brand","embeddable":true,"href":"https:\/\/oudianvalve.com\/ro\/wp-json\/wp\/v2\/product_brand?post=18255"},{"taxonomy":"product_cat","embeddable":true,"href":"https:\/\/oudianvalve.com\/ro\/wp-json\/wp\/v2\/product_cat?post=18255"},{"taxonomy":"product_tag","embeddable":true,"href":"https:\/\/oudianvalve.com\/ro\/wp-json\/wp\/v2\/product_tag?post=18255"}],"curies":[{"name":"wp","href":"https:\/\/api.w.org\/{rel}","templated":true}]}}