{"id":18253,"date":"2023-07-10T03:28:53","date_gmt":"2023-07-10T03:28:53","guid":{"rendered":"https:\/\/oudianvalve.com\/?post_type=product&#038;p=18253"},"modified":"2023-07-10T03:28:53","modified_gmt":"2023-07-10T03:28:53","slug":"upward-discharge-valve-cf8-pn16-dn80-flange-end","status":"publish","type":"product","link":"https:\/\/oudianvalve.com\/ro\/products\/globe-valves\/upward-discharge-valve-cf8-pn16-dn80-flange-end\/","title":{"rendered":"Supap\u0103 de desc\u0103rcare \u00een sus, CF8, PN16, DN80, cap\u0103t cu flan\u0219\u0103"},"content":{"rendered":"<p>Prezentare general\u0103 a supapei de refulare \u00een sus:<br \/>\nSupapa de desc\u0103rcare \u00een sus este utilizat\u0103 \u00een principal pentru evacuarea de jos, desc\u0103rcarea, prelevarea de probe \u0219i opera\u021biunile de oprire f\u0103r\u0103 zone moarte ale reactoarelor, rezervoarelor de stocare \u0219i a altor containere. Roata de m\u00e2n\u0103 a supapei de refulare \u00een sus se rote\u0219te la dreapta pentru a \u00eenchide \u0219i la st\u00e2nga pentru a deschide. Este utilizat \u00een principal pentru desc\u0103rcarea de jos a reactoarelor, rezervoarelor de stocare \u0219i a altor containere. Cu ajutorul flan\u0219ei inferioare a supapei, aceasta este sudat\u0103 pe fundul rezervorului de stocare \u0219i al altor recipiente, elimin\u00e2nd astfel fenomenul de medii reziduale de la fundul recipientului. Supapa de refulare este proiectat\u0103 ca un fund plat \u00een func\u021bie de situa\u021bia actual\u0103, cu un corp de supap\u0103 \u00een form\u0103 de Y \u0219i un disc de supap\u0103 pentru opera\u021biunea de ridicare. Cavitatea interioar\u0103 a corpului supapei este echipat\u0103 cu un inel de etan\u0219are rezistent la eroziune \u0219i coroziune, care poate proteja corpul supapei de eroziunea medie \u0219i coroziunea \u00een momentul deschiderii supapei. Inelul de etan\u0219are este tratat special pentru a ob\u021bine o duritate a suprafe\u021bei de HRC56~62, cu func\u021bii de rezisten\u021b\u0103 ridicat\u0103 la uzur\u0103 \u0219i rezisten\u021b\u0103 la coroziune. Garnitura discului supapei este sudat\u0103 cu un aliaj dur pe capac, dup\u0103 cum este necesar, iar suprafa\u021ba de etan\u0219are este sigilat\u0103 cu s\u00e2rm\u0103 pentru a asigura fiabilitatea etan\u0219\u0103rii \u0219i pentru a preveni cicatricile. \u00cen acela\u0219i timp, este adoptat un design cu disc al supapei cu curs\u0103 scurt\u0103. Folosit pe scar\u0103 larg\u0103 \u00een industrii precum chimic\u0103, petrol, metalurgie, farmaceutic\u0103, pesticide, coloran\u021bi \u0219i prelucrarea alimentelor. Diverse metode de operare, cum ar fi manual\u0103, pneumatic\u0103 (tip cu retur cu arc, tip cu dubl\u0103 ac\u021biune, cu \u0219i f\u0103r\u0103 roat\u0103 de m\u00e2n\u0103), electric\u0103, hidraulic\u0103, angrenaj etc.<\/p>\n<p>Caracteristica de proiectare a supapei de refulare<\/p>\n<div class=\"overflow-x\">\n<table style=\"height: 410px;\" width=\"522\" cellspacing=\"0\">\n<tbody>\n<tr class=\"firstRow\">\n<td>Proiecta<\/td>\n<td>HG5-89-1 \u0219i HG-16-79<\/td>\n<\/tr>\n<tr>\n<td>Testare<\/td>\n<td>API 598<\/td>\n<\/tr>\n<tr>\n<td>Dimensiunea fa\u021b\u0103 \u00een fa\u021b\u0103<\/td>\n<td>Conform MFR<\/td>\n<\/tr>\n<tr>\n<td>\u00cencheie conexiunea<\/td>\n<td>ASME B16.5 RF<\/td>\n<\/tr>\n<tr>\n<td>Evaluarea temperaturii de presiune<\/td>\n<td>ASME B16.34<\/td>\n<\/tr>\n<tr>\n<td>Marcare<\/td>\n<td>MSS SP-25<\/td>\n<\/tr>\n<tr>\n<td>Examinare nedistructiv\u0103<\/td>\n<td>VT, PT, RT, UT, MT<\/td>\n<\/tr>\n<\/tbody>\n<\/table>\n<\/div>\n<p>Performan\u021ba \u0219i avantajele supapei de refulare \u00een sus:<br \/>\n1. Camera interioar\u0103 a corpului supapei este echipat\u0103 cu un inel de etan\u0219are care este rezistent la eroziune \u0219i coroziune.<br \/>\n2. Garnitura discului supapei este sudat\u0103 cu aliaj dur pe capac dup\u0103 cum este necesar, care are rezisten\u021b\u0103 ridicat\u0103 la uzur\u0103 \u0219i rezisten\u021b\u0103 la coroziune.<br \/>\n3. Diverse metode de operare, cum ar fi manual\u0103, pneumatic\u0103 (tip cu retur cu arc, tip cu dubl\u0103 ac\u021biune, cu \u0219i f\u0103r\u0103 roat\u0103 de m\u00e2n\u0103), electric\u0103, hidraulic\u0103, angrenaj etc.<br \/>\nPerforman\u021ba principal\u0103 a echipamentului supapei de desc\u0103rcare \u00een sus:<br \/>\n\uff081\uff09 Rezisten\u021b\u0103 la coroziune<br \/>\n\u2605 \u2606 Utiliza\u021bi medii precum ap\u0103, aceton\u0103, alcool, amoniac, carbonat de bariu, benzen (temperatura final\u0103 sc\u0103zut\u0103 de utilizare a materialului WCB este -29 \u2103, iar temperatura maxim\u0103 este de 425 \u2103.)<br \/>\n\u2605 \u2606 Utiliza\u021bi medii precum particule, ulei, past\u0103 \u0219i dioxid de carbon (temperatura minim\u0103 de utilizare pentru materialele din o\u021bel inoxidabil este de -100 \u2103, iar temperatura maxim\u0103 de utilizare este de 232 \u2103)<br \/>\n\u2605 \u2606 Este strict interzis\u0103 utilizarea lichidelor ionice fluorurate (cum ar fi HF), precum \u0219i a bazelor puternice \u0219i a acidului fosforic (temperatura&gt;150 \u2103, concentra\u021bie&gt;30%)<br \/>\n\uff082\uff09 Temperatura general\u0103 de lucru a o\u021belului inoxidabil pentru supapa de desc\u0103rcare \u00een sus HG5-89-1: \u2264 150 \u2103<br \/>\n\uff083\uff09 Interval de presiune: 0,6~2,5Mpa (IV), interval de diametru: 25~250mm<\/p>\n<p>M\u0103suri de precau\u021bie pentru \u00eentre\u021binerea, instalarea \u0219i utilizarea supapei de refulare \u00een sus<br \/>\n1. Supapa trebuie depozitat\u0103 \u00een \u00eentregime \u00eentr-un depozit ventilat \u0219i uscat, iar stivuirea sau depozitarea \u00een aer liber este strict interzis\u0103. Ambele capete ale diametrului supapei trebuie blocate cu pl\u0103ci.<br \/>\n2. \u00cenainte de instalare, este necesar s\u0103 inspecta\u021bi cu aten\u021bie supapa \u0219i s\u0103 \u00eendep\u0103rta\u021bi orice daune cauzate \u00een timpul transportului \u0219i depozit\u0103rii.<br \/>\n3. \u00cenainte de instalare, trebuie acordat\u0103 aten\u021bie dac\u0103 \u0219uruburile din fiecare parte sunt echilibrate \u0219i dac\u0103 ridicarea (mi\u0219carea) este flexibil\u0103.<br \/>\n4. Supapa trebuie instalat\u0103 \u00eentr-un loc f\u0103r\u0103 vibra\u021bii \u0219i impact puternic, precum \u0219i \u00eentr-un loc \u00een care supapa este utilizat\u0103 f\u0103r\u0103 deteriorare.<br \/>\n5. C\u00e2nd desc\u0103rcarea este blocat\u0103, pot fi folosite tije metalice sau unelte dure pentru a o cur\u0103\u021ba. Este important s\u0103 folosi\u021bi tije metalice sau unelte dure pentru a evita deteriorarea suprafe\u021bei de contact dintre discul supapei \u0219i inelul de etan\u0219are.<br \/>\n6. \u00cencerca\u021bi s\u0103 evita\u021bi utilizarea alternativ\u0103 a mediilor acide \u0219i alcaline (cu excep\u021bia mediilor de reac\u021bie de neutralizare) pentru a evita scurtarea duratei de via\u021b\u0103.<br \/>\n7. \u00cen func\u021bie de performan\u021ba \u0219i durata de via\u021b\u0103 a mediului, inelul de etan\u0219are PTFE din partea superioar\u0103 a corpului supapei \u0219i placa sub\u021bire din PTFE de la orificiu trebuie inspectate \u00een mod regulat. Dac\u0103 se constat\u0103 vreo deteriorare, acesta trebuie \u00eenlocuit imediat \u00eenainte de utilizare.<br \/>\n8. Dac\u0103 se constat\u0103 deteriorarea fe\u021bei supapei, aceasta trebuie oprit\u0103 imediat \u0219i se pot folosi materiale specializate pentru repararea zonei afectate sau se pot \u00eencredin\u021ba unit\u0103\u021bi de produc\u021bie relevante pentru produc\u021bie.<\/p>\n<p>Supapa de desc\u0103rcare este utilizat\u0103 \u00een principal pentru desc\u0103rcarea materialelor \u00een partea de jos a rezervorului de stocare, a ibricului de reac\u021bie \u0219i a altor vase. Supapa este conectat\u0103 cu echipamentul \u0219i amplasat\u0103 \u00een partea inferioar\u0103 prin sudare cu flan\u0219\u0103 sau cap la cap, astfel \u00eenc\u00e2t s\u0103 se elimine fenomenul rezidual al mediului de proces de obicei la ie\u0219irea din vas. \u00cen func\u021bie de nevoile situa\u021biei actuale, acesta este \u00eemp\u0103r\u021bit \u00een tipuri de expozi\u021bii \u00een sus \u0219i \u00een jos. Tipul Upward este utilizat pentru desc\u0103rcarea reactorului cu supapa de desc\u0103rcare a agitatorului; tipul \u00een jos este utilizat pentru desc\u0103rcarea ibricului de reac\u021bie a agitatorului de ancorare de tip cadru.<\/p>\n<p>&nbsp;<\/p>","protected":false},"excerpt":{"rendered":"<p>Fabrica de supape de refulare ascendent\u0103 din China Oudian ofer\u0103 supap\u0103 de refulare ascendent\u0103, CF8, PN16, DN80, cap\u0103t de flan\u0219\u0103: ASTM 351 CF8, 3 inchi, ASME B16.5 RF, EN1092-1<\/p>","protected":false},"featured_media":18254,"template":"","meta":{"advanced_seo_description":"","jetpack_seo_html_title":"","jetpack_seo_noindex":false},"product_brand":[],"product_cat":[80],"product_tag":[308,310,311,309],"class_list":{"0":"post-18253","1":"product","2":"type-product","3":"status-publish","4":"has-post-thumbnail","6":"product_cat-globe-valves","7":"product_tag-cf8-upward-discharge-valve","8":"product_tag-dn80upward-discharge-valve","9":"product_tag-flange-end-upward-discharge-valve","10":"product_tag-pn16-upward-discharge-valve","12":"first","13":"instock","14":"shipping-taxable","15":"product-type-simple"},"jetpack_sharing_enabled":true,"_links":{"self":[{"href":"https:\/\/oudianvalve.com\/ro\/wp-json\/wp\/v2\/product\/18253","targetHints":{"allow":["GET"]}}],"collection":[{"href":"https:\/\/oudianvalve.com\/ro\/wp-json\/wp\/v2\/product"}],"about":[{"href":"https:\/\/oudianvalve.com\/ro\/wp-json\/wp\/v2\/types\/product"}],"wp:featuredmedia":[{"embeddable":true,"href":"https:\/\/oudianvalve.com\/ro\/wp-json\/wp\/v2\/media\/18254"}],"wp:attachment":[{"href":"https:\/\/oudianvalve.com\/ro\/wp-json\/wp\/v2\/media?parent=18253"}],"wp:term":[{"taxonomy":"product_brand","embeddable":true,"href":"https:\/\/oudianvalve.com\/ro\/wp-json\/wp\/v2\/product_brand?post=18253"},{"taxonomy":"product_cat","embeddable":true,"href":"https:\/\/oudianvalve.com\/ro\/wp-json\/wp\/v2\/product_cat?post=18253"},{"taxonomy":"product_tag","embeddable":true,"href":"https:\/\/oudianvalve.com\/ro\/wp-json\/wp\/v2\/product_tag?post=18253"}],"curies":[{"name":"wp","href":"https:\/\/api.w.org\/{rel}","templated":true}]}}