{"id":18251,"date":"2023-07-10T03:07:04","date_gmt":"2023-07-10T03:07:04","guid":{"rendered":"https:\/\/oudianvalve.com\/?post_type=product&#038;p=18251"},"modified":"2023-07-10T03:07:05","modified_gmt":"2023-07-10T03:07:05","slug":"din-y-type-bellow-globe-valve-dn65-pn40-rf-end","status":"publish","type":"product","link":"https:\/\/oudianvalve.com\/ro\/products\/globe-valves\/din-y-type-bellow-globe-valve-dn65-pn40-rf-end\/","title":{"rendered":"Supap\u0103 cu burduf tip DIN Y, DN65, PN40, cap\u0103t RF"},"content":{"rendered":"<p>Supap\u0103 cu glob cu \u021beav\u0103 ondulat\u0103 \u00een form\u0103 de Y standard german<br \/>\nModel produs: WJ45H<br \/>\nStandard de proiectare: EN 12516<br \/>\nLungimea structurii: EN 558<br \/>\nFlan\u0219\u0103 de leg\u0103tur\u0103: EN 1092-1<br \/>\nTestare \u0219i inspec\u021bie: EN 12266<br \/>\nMaterial corpul supapei: GS-C25\/CF8\/CF8M\/CF3\/CF3M\/WC6\/WC9<br \/>\nDiametru nominal: DN15-DN600<br \/>\nPresiune nominal\u0103: PN1.6MPa-10.0 MPa<br \/>\nMetoda de conectare: flansa, sudare<br \/>\nMedii aplicabile: abur, ulei de transfer termic, sare topit\u0103, alte medii chimice etc<br \/>\nIndustrii de aplicare: petrol, chimie, energie electric\u0103, farmaceutic\u0103, metalurgie, energie nou\u0103 \u0219i alte industrii<\/p>\n<p>Prezentarea produsului<\/p>\n<p>Supapa cu glob cu \u021beav\u0103 ondulat\u0103 DIN Y tip GlobeE este un nou tip de supap\u0103 cu glob. Datorit\u0103 designului s\u0103u de etan\u0219are dubl\u0103, performan\u021ba de etan\u0219are a acestei supape este mai fiabil\u0103 \u0219i mai bun\u0103 dec\u00e2t cea a supapelor superioare obi\u0219nuite. Folosit pe scar\u0103 larg\u0103 \u00een sistemele de ulei cald, sisteme de abur, sisteme de ap\u0103 rece \u0219i cald\u0103, etc. Performan\u021b\u0103 sigur\u0103 \u0219i fiabil\u0103, folosind \u021bevi ondulate pentru etan\u0219are, reduc\u00e2nd \u00eentre\u021binerea \u0219i repara\u021biile frecvente \u0219i oferind un mediu de lucru curat \u0219i sigur. Designul etan\u0219\u0103rii elimin\u0103 dezavantajul \u00eemb\u0103tr\u00e2nirii rapide \u0219i scurgerii u\u0219oare a tijelor de supap\u0103 obi\u0219nuite, ceea ce nu numai c\u0103 \u00eembun\u0103t\u0103\u021be\u0219te eficien\u021ba energetic\u0103, ci \u0219i m\u0103re\u0219te echipamentul de produc\u021bie<\/p>\n<p>Caracteristicile produsului:<br \/>\n1. Canalul de curgere al corpului supapei al supapei de oprire cu burduf \u00een form\u0103 de Y este o structur\u0103 cu flux direct. Rezisten\u021ba la fluide a acestei structuri este mai mic\u0103 dec\u00e2t cea a structurii drepte, ceea ce poate accelera tensiunea medie, reduce pierderea de presiune \u0219i reduce consumul de energie, \u00een special pentru materialele cu v\u00e2scozitate \u0219i aglomerare u\u0219oar\u0103. 2. Corpul supapei adopt\u0103 tehnologia de turnare cu nisip acoperit\u0103 cu film german, care \u00eembun\u0103t\u0103\u021be\u0219te foarte mult finisarea suprafe\u021bei \u0219i propriet\u0103\u021bile mecanice ale corpului supapei, reduce apari\u021bia porilor, g\u0103urilor de nisip \u0219i fisurilor \u0219i \u00eembun\u0103t\u0103\u021be\u0219te rezisten\u021ba la trac\u021biune a turn\u0103rii.<br \/>\nC\u00e2nd supapa este \u00eenchis\u0103, suprafa\u021ba de etan\u0219are conic\u0103 cu un \u201eefect de r\u0103zuire\u201d poate \u00eendep\u0103rta automat impurit\u0103\u021bile de suprafa\u021b\u0103, asigur\u00e2nd o etan\u0219are fiabil\u0103 \u0219i o durat\u0103 de via\u021b\u0103 mai lung\u0103 a discului supapei.<br \/>\nDesign dublu de etan\u0219are (\u021beav\u0103 ondulat\u0103+ambalaj), \u00een conformitate cu standardele interna\u021bionale de etan\u0219are. 4<br \/>\n5. Toate \u021bevile ondulate au trecut testele de amoniac \u0219i toate supapele au trecut testele standard pentru a asigura scurgeri zero.<br \/>\n6. Produsele peste DN150 sunt echipate cu dispozitive speciale pentru a preveni eficient vibra\u021biile supapei, zgomotul \u0219i deteriorarea intern\u0103 \u00een timpul utiliz\u0103rii, cresc\u00e2nd efectiv durata de via\u021b\u0103 cu peste 150%.<br \/>\n7. Pot fi furnizate diferite modele de discuri cu supape \u00een func\u021bie de condi\u021biile de lucru, cum ar fi discuri cu supape de reglare, discuri cu supape de oprire etc.<\/p>","protected":false},"excerpt":{"rendered":"<p>Fabrica de supape cu burduf tip DIN Y din China Oudian ofer\u0103 robinete cu burduf tip Y: GS-C25, 21\/2 inch, PN40, EN 12266, EN 1092-1.<\/p>","protected":false},"featured_media":18252,"template":"","meta":{"advanced_seo_description":"","jetpack_seo_html_title":"","jetpack_seo_noindex":false},"product_brand":[],"product_cat":[80],"product_tag":[304,306,305,307],"class_list":{"0":"post-18251","1":"product","2":"type-product","3":"status-publish","4":"has-post-thumbnail","6":"product_cat-globe-valves","7":"product_tag-din-y-type-bellow-globe-valve","8":"product_tag-dn65-din-y-type-bellow-globe-valve","9":"product_tag-pn40-din-y-type-bellow-globe-valve","10":"product_tag-rf-end-din-y-type-bellow-globe-valve","12":"first","13":"instock","14":"shipping-taxable","15":"product-type-simple"},"jetpack_sharing_enabled":true,"_links":{"self":[{"href":"https:\/\/oudianvalve.com\/ro\/wp-json\/wp\/v2\/product\/18251","targetHints":{"allow":["GET"]}}],"collection":[{"href":"https:\/\/oudianvalve.com\/ro\/wp-json\/wp\/v2\/product"}],"about":[{"href":"https:\/\/oudianvalve.com\/ro\/wp-json\/wp\/v2\/types\/product"}],"wp:featuredmedia":[{"embeddable":true,"href":"https:\/\/oudianvalve.com\/ro\/wp-json\/wp\/v2\/media\/18252"}],"wp:attachment":[{"href":"https:\/\/oudianvalve.com\/ro\/wp-json\/wp\/v2\/media?parent=18251"}],"wp:term":[{"taxonomy":"product_brand","embeddable":true,"href":"https:\/\/oudianvalve.com\/ro\/wp-json\/wp\/v2\/product_brand?post=18251"},{"taxonomy":"product_cat","embeddable":true,"href":"https:\/\/oudianvalve.com\/ro\/wp-json\/wp\/v2\/product_cat?post=18251"},{"taxonomy":"product_tag","embeddable":true,"href":"https:\/\/oudianvalve.com\/ro\/wp-json\/wp\/v2\/product_tag?post=18251"}],"curies":[{"name":"wp","href":"https:\/\/api.w.org\/{rel}","templated":true}]}}