{"id":18202,"date":"2023-07-06T03:21:05","date_gmt":"2023-07-06T03:21:05","guid":{"rendered":"https:\/\/oudianvalve.com\/?post_type=product&#038;p=18202"},"modified":"2023-07-06T03:21:06","modified_gmt":"2023-07-06T03:21:06","slug":"api-6d-lubricated-plug-valve-a216-wcb-8-inch-600lb-flange-end","status":"publish","type":"product","link":"https:\/\/oudianvalve.com\/ro\/products\/plug-valves\/api-6d-lubricated-plug-valve-a216-wcb-8-inch-600lb-flange-end\/","title":{"rendered":"Supap\u0103 cu dopul lubrifiat API 6D, A216 WCB, 8 inchi, 600 LB, cap\u0103t cu flan\u0219\u0103"},"content":{"rendered":"<p>Supapa de dopul lubrifiat API 6D este disponibil\u0103 \u00een model scurt, obi\u0219nuit \u0219i Venturi. Diferitele modele variaz\u0103 \u00een ceea ce prive\u0219te dimensiunea cap\u0103t la cap\u0103t \u0219i zona orificiului pentru o anumit\u0103 dimensiune a supapei. Supapele cu model obi\u0219nuit au cea mai mare suprafa\u021b\u0103 de port. Supapele cu model scurt au o suprafa\u021b\u0103 redus\u0103 a orificiului ca urmare a dimensiunilor lor compacte fa\u021b\u0103 \u00een fa\u021b\u0103, care sunt identice cu cele pentru supapele cu \u0219art\u0103 cu pan\u0103. Supapele Venturi Pattern au o zon\u0103 redus\u0103 a portului \u0219i o cale de curgere care se aproximeaz\u0103 la forma Venturi pentru a ajuta la recuperarea presiunii. Proiectele supapelor sunt conforme cu API 599, API 6D \u0219i B16.34. Dimensiunile fa\u021b\u0103 \u00een fa\u021b\u0103 \u0219i de la cap\u0103t la cap\u0103t sunt conforme cu ANSI B16.10.<\/p>\n<p>Standard de proiectare: API 599 API6D<\/p>\n<p>Domeniul de aplicare al produsului:<\/p>\n<p>1. Domeniu de presiune: CLASA 150Lb~2500Lb<br \/>\n2.Diametru nominal: NPS 1\/2-40\u2033<br \/>\n3. Material caroserie: A216 WCB, WCC, A217 WC6, WC9, C5, A352 LCB, LCC,<br \/>\nA351 CF8, CF8M, CF3M, CF8C, CN3MN, CN7M,<br \/>\nA890 4A(CD3MN), 5A(CE3MN), 6A(CD3MWCuN),<br \/>\nASTM B 148 C95800, C95500 etc.<br \/>\n4. \u00cencheierea conexiunii: RF RTJ BW<br \/>\n5. Dispozitiv de antrenare: p\u00e2rghie, cutie de viteze, dispozitiv electric, pneumatic, hidraulic etc.;<\/p>\n<h4>CARACTERISTICI STRUCTURALE PRODUSULUI<\/h4>\n<p>Supap\u0103 de tip buj lubrifiat cu echilibru de presiune inversat conform. conform ANSI este aplicabil la t\u0103ierea \u0219i conectarea conductelor medii care sunt utilizate \u00een diverse industrii, cum ar fi petrol, industria chimic\u0103, farmacie, \u00eengr\u0103\u0219\u0103minte chimice, industria energiei electrice etc., sub presiune nominal\u0103 de CLASA 150-900LBS \u0219i temperatur\u0103 de lucru de -29-180\u00b0 C.<\/p>","protected":false},"excerpt":{"rendered":"<p>Furnizorul de supape lubrifiate API 6D din China, Oudian, furnizeaz\u0103 supap\u0103 cu obturator lubrifiat cu presiune echilibrat\u0103 API 599: ASTM A216 WCb, 8IN, CL600, cap\u0103t cu flan\u0219\u0103.<\/p>","protected":false},"featured_media":18203,"template":"","meta":{"advanced_seo_description":"","jetpack_seo_html_title":"","jetpack_seo_noindex":false},"product_brand":[],"product_cat":[156],"product_tag":[291,292,290,289,293],"class_list":{"0":"post-18202","1":"product","2":"type-product","3":"status-publish","4":"has-post-thumbnail","6":"product_cat-plug-valves","7":"product_tag-600lb-lubricated-plug-valve","8":"product_tag-8-inch-lubricated-plug-valve","9":"product_tag-a216-lubricated-plug-valve","10":"product_tag-api-6d-lubricated-plug-valve","11":"product_tag-flange-end-lubricated-plug-valve","13":"first","14":"instock","15":"shipping-taxable","16":"product-type-simple"},"jetpack_sharing_enabled":true,"_links":{"self":[{"href":"https:\/\/oudianvalve.com\/ro\/wp-json\/wp\/v2\/product\/18202","targetHints":{"allow":["GET"]}}],"collection":[{"href":"https:\/\/oudianvalve.com\/ro\/wp-json\/wp\/v2\/product"}],"about":[{"href":"https:\/\/oudianvalve.com\/ro\/wp-json\/wp\/v2\/types\/product"}],"wp:featuredmedia":[{"embeddable":true,"href":"https:\/\/oudianvalve.com\/ro\/wp-json\/wp\/v2\/media\/18203"}],"wp:attachment":[{"href":"https:\/\/oudianvalve.com\/ro\/wp-json\/wp\/v2\/media?parent=18202"}],"wp:term":[{"taxonomy":"product_brand","embeddable":true,"href":"https:\/\/oudianvalve.com\/ro\/wp-json\/wp\/v2\/product_brand?post=18202"},{"taxonomy":"product_cat","embeddable":true,"href":"https:\/\/oudianvalve.com\/ro\/wp-json\/wp\/v2\/product_cat?post=18202"},{"taxonomy":"product_tag","embeddable":true,"href":"https:\/\/oudianvalve.com\/ro\/wp-json\/wp\/v2\/product_tag?post=18202"}],"curies":[{"name":"wp","href":"https:\/\/api.w.org\/{rel}","templated":true}]}}