{"id":18200,"date":"2023-07-07T02:11:01","date_gmt":"2023-07-07T02:11:01","guid":{"rendered":"https:\/\/oudianvalve.com\/?post_type=product&#038;p=18200"},"modified":"2023-07-07T02:11:01","modified_gmt":"2023-07-07T02:11:01","slug":"high-pressure-gate-valve-1500lb-wcb-6-inch-flange-end","status":"publish","type":"product","link":"https:\/\/oudianvalve.com\/ro\/products\/gate-valves\/high-pressure-gate-valve-1500lb-wcb-6-inch-flange-end\/","title":{"rendered":"Supap\u0103 de \u00eenalt\u0103 presiune, 1500 LB, WCB, 6 inch, cap\u0103t cu flan\u0219\u0103"},"content":{"rendered":"<p>Supapa de \u00eenalt\u0103 presiune, numit\u0103 \u0219i supap\u0103 de etan\u0219are de presiune, este proiectat\u0103 \u0219i fabricat\u0103 conform ASME B16.34, API600, iar supapa are caracteristicile aspectului frumos, structurii compacte \u0219i etan\u0219\u0103rii fiabile. Este potrivit pentru diferite conducte de la Clasa 900 la Clasa 2500.<\/p>\n<p>Standard de proiectare: API 600<br \/>\nEvalu\u0103ri presiune-temperatura: ASME B16.34<br \/>\nInterval de dimensiuni: de la 2\u201d la 48\u201d<br \/>\nInterval de presiune: Clasa 150 p\u00e2n\u0103 la 2500<br \/>\nConexiuni la cap\u0103t: RF cu flan\u0219\u0103, RTJ, sudare cap la cap<br \/>\nDimensiuni de cap\u0103t cu flan\u0219\u0103: ASME B16.5 (\u226424\u201d), ASME B16.47 Seria A sau B (&gt;24\u201d)<br \/>\nDimensiuni cap\u0103t de sudare cap la cap: ASME B16.25 fa\u021b\u0103 \u00een fa\u021b\u0103<br \/>\nDimensiuni fa\u021b\u0103 \u00een fa\u021b\u0103: ASME B16.10<br \/>\nInspec\u021bie \u0219i testare: API 598<br \/>\nMateriale caroserie: WCB, CF8, CF3, CF3M, CF8M, A995 4A, 5A, 6A, C95800, INCONEL 625, INCONEL 825, MONEL, WC6, WC9.<br \/>\nMateriale de t\u0103iere: 1#, 5#, 8#, 10#, 12#, 16#<br \/>\nMateriale de ambalare: grafit, grafit cu s\u00e2rm\u0103 inconel<\/p>\n<p>&nbsp;<\/p>\n<p>Principiul de func\u021bionare supap\u0103 de presiune:<br \/>\n\u00cenainte ca supapa de \u00eenalt\u0103 presiune s\u0103 fie amplificat\u0103, roti\u021bi \u0219urubul de str\u00e2ngere pentru a ridica capacul, astfel \u00eenc\u00e2t formarea ini\u021bial\u0103 dintre capot\u0103, inelul segmentului \u0219i corpul supapei s\u0103 creeze o condi\u021bie de etan\u0219are - presiune de pre\u00eenc\u0103rcare pe suprafa\u021ba de etan\u0219are. C\u00e2nd presiunea mediului cre\u0219te, presiunea de etan\u0219are dintre capot\u0103, segment, corpul supapei cre\u0219te treptat odat\u0103 cu cre\u0219terea presiunii medii. \u00cen etan\u0219area automat\u0103, presiunea de etan\u0219are de lucru pe suprafa\u021ba de etan\u0219are este sintetizat\u0103 prin dou\u0103 p\u0103r\u021bi: una este presiunea etan\u0219\u0103rii pre-etan\u0219e, iar cealalt\u0103 este presiunea format\u0103 de presiunea mediului. Trebuie subliniat faptul c\u0103: presiunea mediului \u00eentr-o etan\u0219are cu auto-str\u00e2ngere tinde \u00eentotdeauna s\u0103 creasc\u0103 presiunea etan\u0219\u0103rii de pre\u00eenc\u0103rcare pentru a cre\u0219te performan\u021ba de etan\u0219are. Cu c\u00e2t presiunea media este mai mare, cu at\u00e2t presiunea de etan\u0219are de func\u021bionare este mai mare \u0219i performan\u021ba de etan\u0219are este mai bun\u0103.<\/p>\n<p>&nbsp;<\/p>\n<p>Principalele caracteristici ale supapei de \u00eenalt\u0103 presiune:<br \/>\n\u2460 Structura de auto-etan\u0219are poate face leg\u0103tura dintre corpul supapei \u0219i capacul supapei de \u00eenalt\u0103 presiune s\u0103 fie bine structurat\u0103, economisind for\u021b\u0103 de munc\u0103 \u0219i material, sigur\u0103 \u0219i fiabil\u0103.<br \/>\n\u2461 Supapa de \u00eenalt\u0103 presiune utilizeaz\u0103 o structur\u0103 combinat\u0103 la presiunea capotei auto-etan\u0219are, pentru a ob\u021bine o etan\u0219are liniar\u0103, \u00een timp ce inelul s\u0103u de etan\u0219are folose\u0219te o\u021bel inoxidabil austenitic, anticoroziv, prelunge\u0219te durata de utilizare, asigur\u00e2nd astfel c\u0103 etan\u0219area supapei nu se scurge la diferen\u021ba de presiune ridicat\u0103.<br \/>\n\u2462 C\u00e2nd supapa de \u00eenalt\u0103 presiune se afl\u0103 la 2500LB \u0219i mai sus, cavitatea interioar\u0103 a corpului supapei \u0219i zona de contact a inelului de etan\u0219are sunt sudate cu material din o\u021bel inoxidabil pentru a evita erodarea zonei de etan\u0219are a corpului supapei de aer \u0219i ap\u0103 \u00een condi\u021bii ridicate. diferen\u021ba de presiune, care poate provoca scurgeri prin pitting, asigur\u00e2nd astfel func\u021bionarea \u00een siguran\u021b\u0103 \u0219i pe termen lung a supapei.<\/p>\n<p>&nbsp;<\/p>\n<p>Structura de auto-etan\u0219are a supapei de \u00eenalt\u0103 presiune:<br \/>\nSupapa de etan\u0219are sub presiune utilizeaz\u0103 o structur\u0103 de etan\u0219are combinat\u0103 cu etan\u0219area exterioar\u0103 a ambalajului \u0219i auto-etan\u0219area sub presiune intern\u0103 la etan\u0219area tijei pentru a se asigura c\u0103 mediul nu se scurge. Garnitura exterioar\u0103 a tijei este umplut\u0103 cu politetrafluoren sau garnitur\u0103 inelar\u0103, care este presat\u0103 str\u00e2ns cu presa de etan\u0219are. Sub ac\u021biunea presiunii mediului, se genereaz\u0103 presiunea ascendent\u0103, cu c\u00e2t presiunea mediului este mai mare, cu at\u00e2t for\u021ba de etan\u0219are este mai mare, aceast\u0103 structur\u0103 este potrivit\u0103 pentru medii mari.<\/p>","protected":false},"excerpt":{"rendered":"<p>Aceast\u0103 supap\u0103 cu capac de etan\u0219are sub presiune este fabricat\u0103 cu material ASTM A216 WCB de \u00eenalt\u0103 calitate. Are o dimensiune de 6 inchi \u0219i o presiune nominal\u0103 de 1500 LB. Cu o desemnare DN150 \u0219i PN250, respect\u0103 standardele API 600 \u0219i este proiectat cu un cap\u0103t cu flan\u0219\u0103 ASME B16.5 Rf. Supapa a fost testat\u0103 conform cerin\u021belor API 598.<\/p>\n<p>Design complet portului<br \/>\nOS&amp; Y, \u0219urub \u0219i jug exterior<br \/>\nPSB, capot\u0103 de etan\u0219are la presiune<br \/>\nPan\u0103 flexibil\u0103, complet ghidat\u0103<br \/>\nAlegere pan\u0103 solid\u0103 sau despicat\u0103<br \/>\nInele de scaun regenerabile<br \/>\nTija forjat\u0103 cu cap \u00een T<br \/>\nTij\u0103 \u00een sus \u0219i roat\u0103 de m\u00e2n\u0103 care nu se ridic\u0103<br \/>\nCapetele cu flan\u0219e sau sudate cap la cap<br \/>\nDisponibil cu operator bg<\/p>","protected":false},"featured_media":18243,"template":"","meta":{"advanced_seo_description":"","jetpack_seo_html_title":"","jetpack_seo_noindex":false},"product_brand":[],"product_cat":[81],"product_tag":[295,298,299,294,297,296],"class_list":{"0":"post-18200","1":"product","2":"type-product","3":"status-publish","4":"has-post-thumbnail","6":"product_cat-gate-valves","7":"product_tag-1500lb-high-pressure-gate-valve","8":"product_tag-6-inch-high-pressure-gate-valve","9":"product_tag-flange-end-high-pressure-gate-valve","10":"product_tag-high-pressure-gate-valve","11":"product_tag-pressure-seal-high-pressure-gate-valve","12":"product_tag-wcb-high-pressure-gate-valve","14":"first","15":"instock","16":"shipping-taxable","17":"product-type-simple"},"jetpack_sharing_enabled":true,"_links":{"self":[{"href":"https:\/\/oudianvalve.com\/ro\/wp-json\/wp\/v2\/product\/18200","targetHints":{"allow":["GET"]}}],"collection":[{"href":"https:\/\/oudianvalve.com\/ro\/wp-json\/wp\/v2\/product"}],"about":[{"href":"https:\/\/oudianvalve.com\/ro\/wp-json\/wp\/v2\/types\/product"}],"wp:featuredmedia":[{"embeddable":true,"href":"https:\/\/oudianvalve.com\/ro\/wp-json\/wp\/v2\/media\/18243"}],"wp:attachment":[{"href":"https:\/\/oudianvalve.com\/ro\/wp-json\/wp\/v2\/media?parent=18200"}],"wp:term":[{"taxonomy":"product_brand","embeddable":true,"href":"https:\/\/oudianvalve.com\/ro\/wp-json\/wp\/v2\/product_brand?post=18200"},{"taxonomy":"product_cat","embeddable":true,"href":"https:\/\/oudianvalve.com\/ro\/wp-json\/wp\/v2\/product_cat?post=18200"},{"taxonomy":"product_tag","embeddable":true,"href":"https:\/\/oudianvalve.com\/ro\/wp-json\/wp\/v2\/product_tag?post=18200"}],"curies":[{"name":"wp","href":"https:\/\/api.w.org\/{rel}","templated":true}]}}