{"id":18196,"date":"2023-07-05T02:43:17","date_gmt":"2023-07-05T02:43:17","guid":{"rendered":"https:\/\/oudianvalve.com\/?post_type=product&#038;p=18196"},"modified":"2023-07-05T03:02:39","modified_gmt":"2023-07-05T03:02:39","slug":"flange-segment-ball-valve-a216-wcb-dn200-pn16","status":"publish","type":"product","link":"https:\/\/oudianvalve.com\/ro\/products\/ball-valves\/flange-segment-ball-valve-a216-wcb-dn200-pn16\/","title":{"rendered":"Supap\u0103 cu bil\u0103 cu segment de flan\u0219\u0103, A216 WCB, DN200, PN16"},"content":{"rendered":"<p>Segmentul cu flan\u0219\u0103 Supapa cu bil\u0103 combin\u0103 avantajul supapei de control cu glob cu eficien\u021ba unei supape cu bil\u0103 rotativ\u0103 care satisface nevoile de accelera\u021bie \u0219i de oprire a fluxului \u00een industria proceselor automate. -func\u021bie de cur\u0103\u021bare. Cu rotirea sfertului de bil\u0103 a segmentului, zona de trecere se schimb\u0103 \u00een form\u0103 ectorial\u0103. Conduc\u00e2nd la controlul precis al debitului, este supapa ideal\u0103 pentru majoritatea h\u00e2rtiei \u0219i aplicarea procesului de celuloz\u0103, controlul precis cu valoare CV sc\u0103zut\u0103 este disponibil prin crest\u0103tur\u0103 special\u0103 \u00een V pe bila de segment DN25.<\/p>\n<p>&nbsp;<\/p>\n<p>Date tehnice<\/p>\n<p>Dimensiuni:<\/p>\n<p>DN 25~500mm NPS 1\u201d-20\u201d (tip flan\u0219\u0103)<\/p>\n<p>Material scaun:<\/p>\n<p>Rezistent: PTFE\/RPTFE\/PEEK\/DEVLON\/NYLON<\/p>\n<p>Metal: Carbur\u0103 de tungsten\/Satelit\/Ni60<\/p>\n<p>Evaluarea presiunii:<\/p>\n<p>PN 10\/16<\/p>\n<p>ANSI 150\/300<\/p>\n<p>Actuator:<\/p>\n<p>Angrenaj melcat\/pneumatic\/electric<\/p>\n<p>Standard:<\/p>\n<p>Conexiune flansa:ISA S75.04, IEC\/DIN 534-3-2<\/p>\n<p>Standard de conectare: ASME B16.5 \/ EN 1092-1<\/p>\n<p>Standard de testare \u0219i inspectare: DIN3230, ISO5208, ANSI \/FCI 70-2,<\/p>\n<p>Evaluare de presiune \u0219i temperatur\u0103 Standard: ASME B16.34<\/p>\n<p>&nbsp;<\/p>\n<p>CARACTERISTICI<\/p>\n<p>1. Capacitate excelent\u0103 de etan\u0219are - Clasa V Standard<\/p>\n<p>2. Conturarea precis\u0103 a crest\u0103turii \u00een V ofer\u0103 caracteristici excelente de control pentru o varietate extins\u0103 de aplica\u021bii de flux.<\/p>\n<p>3. Op\u021biunea robust\u0103 cu a\u0219ezare metalic\u0103 cu auto-ajustare este ideal\u0103 pentru aplica\u021bii la temperaturi \u00eenalte sau \u0219lamuri.<\/p>\n<p>4. Ac\u021biunea de forfecare \u00eentre bil\u0103 \u0219i etan\u0219are promoveaz\u0103 func\u021bionarea lin\u0103, f\u0103r\u0103 \u00eenfundare - perfect\u0103 pentru aplica\u021bii cu fibre sau \u0219lam.<\/p>\n<p>5. Scaune u\u0219or de schimbat, \u00eenseamn\u0103 costuri reduse pentru repara\u021biile supapelor.<\/p>\n<p>6. Construc\u021bia robust\u0103 cu trecere nerestric\u021bionat\u0103 prin calea fluxului ofer\u0103 o capacitate mare.<\/p>\n<p>7. Scaunul cu arc men\u021bine contactul constant cu mingea, oferind performan\u021be de etan\u0219are \u00eembun\u0103t\u0103\u021bite.<\/p>\n<p>8. Tehnologia superioar\u0103 a rulmen\u021bilor trunnion este proiectat\u0103 pentru o rezisten\u021b\u0103 excelent\u0103 la abraziune.<\/p>\n<p>9. Conexiunea canelat\u0103 \u00eentre arbore \u0219i bil\u0103 asigur\u0103 un control precis \u0219i histerezis sc\u0103zut.<\/p>\n<p>Aplica\u021bie:<br \/>\nCeluloz\u0103 \u0219i h\u00e2rtie\/Tratarea apelor uzate\/Alimente \u0219i<br \/>\nB\u0103uturi\/Uzine chimice\/ Centrale electrice\/ Industria siderurgic\u0103\/Et<\/p>","protected":false},"excerpt":{"rendered":"<p>Supapa cu bil\u0103 cu segment de flan\u0219\u0103 este proiectat\u0103 \u00een primul r\u00e2nd pentru controlul debitului \u0219i poate fi folosit\u0103 \u0219i pentru func\u021bionarea de \u00eenchidere. Orificiul crestat al bilei segmentului contribuie la for\u021ba de forfecare puternic\u0103 pentru a t\u0103ia mediile cu fibre \u0219i particule. \u00cen consecin\u021b\u0103, aceast\u0103 supap\u0103 cu segment V-port este o supap\u0103 de control general bun\u0103 pentru majoritatea aplica\u021biilor de procesare a celulozei \u0219i h\u00e2rtiei, sau fluxul similar con\u021bine fibre \u0219i particule<\/p>","protected":false},"featured_media":18197,"template":"","meta":{"advanced_seo_description":"","jetpack_seo_html_title":"","jetpack_seo_noindex":false},"product_brand":[],"product_cat":[83],"product_tag":[282,284,277,283,280],"class_list":{"0":"post-18196","1":"product","2":"type-product","3":"status-publish","4":"has-post-thumbnail","6":"product_cat-ball-valves","7":"product_tag-a216-wcb-flange-segment-ball-valve","8":"product_tag-dn200-flange-segment-ball-valve","9":"product_tag-flange-segment-ball-valve","10":"product_tag-pn16-flange-segment-ball-valve","11":"product_tag-rf-end-flange-segment-ball-valve","13":"first","14":"instock","15":"shipping-taxable","16":"product-type-simple"},"jetpack_sharing_enabled":true,"_links":{"self":[{"href":"https:\/\/oudianvalve.com\/ro\/wp-json\/wp\/v2\/product\/18196","targetHints":{"allow":["GET"]}}],"collection":[{"href":"https:\/\/oudianvalve.com\/ro\/wp-json\/wp\/v2\/product"}],"about":[{"href":"https:\/\/oudianvalve.com\/ro\/wp-json\/wp\/v2\/types\/product"}],"wp:featuredmedia":[{"embeddable":true,"href":"https:\/\/oudianvalve.com\/ro\/wp-json\/wp\/v2\/media\/18197"}],"wp:attachment":[{"href":"https:\/\/oudianvalve.com\/ro\/wp-json\/wp\/v2\/media?parent=18196"}],"wp:term":[{"taxonomy":"product_brand","embeddable":true,"href":"https:\/\/oudianvalve.com\/ro\/wp-json\/wp\/v2\/product_brand?post=18196"},{"taxonomy":"product_cat","embeddable":true,"href":"https:\/\/oudianvalve.com\/ro\/wp-json\/wp\/v2\/product_cat?post=18196"},{"taxonomy":"product_tag","embeddable":true,"href":"https:\/\/oudianvalve.com\/ro\/wp-json\/wp\/v2\/product_tag?post=18196"}],"curies":[{"name":"wp","href":"https:\/\/api.w.org\/{rel}","templated":true}]}}