{"id":18194,"date":"2023-07-05T02:28:20","date_gmt":"2023-07-05T02:28:20","guid":{"rendered":"https:\/\/oudianvalve.com\/?post_type=product&#038;p=18194"},"modified":"2023-07-05T02:28:21","modified_gmt":"2023-07-05T02:28:21","slug":"flange-segment-ball-valvecf8150lb6-inchrf-end","status":"publish","type":"product","link":"https:\/\/oudianvalve.com\/ro\/products\/ball-valves\/flange-segment-ball-valvecf8150lb6-inchrf-end\/","title":{"rendered":"Supap\u0103 cu bil\u0103 cu segment de flan\u0219\u0103, CF8,150LB, 6 inci, cap\u0103t RF"},"content":{"rendered":"<p>Supapa cu bil\u0103 cu segment de flan\u0219\u0103 este proiectat\u0103 \u00een primul r\u00e2nd pentru controlul debitului \u0219i poate fi folosit\u0103 \u0219i pentru func\u021bionarea de \u00eenchidere. Orificiul crestat al bilei segmentului contribuie la for\u021ba de forfecare puternic\u0103 pentru a t\u0103ia mediile cu fibre \u0219i particule. \u00cen consecin\u021b\u0103, aceast\u0103 supap\u0103 cu bil\u0103 segmentat\u0103 este o supap\u0103 de control general bun\u0103 (caracter de debit procentual egal) pentru majoritatea aplica\u021biilor de procesare a celulozei \u0219i h\u00e2rtiei, sau un flux similar con\u021bine fibre \u0219i particule.<\/p>\n<p>Evalu\u0103ri presiune-temperatura: ASME B16.34<br \/>\nInterval de dimensiuni: DN 25~500mm NPS 1\u201d-20\u201d (flansa)<br \/>\nInterval de presiune: PN 10\/16\/25\/40\/63 ANSI 150\/300\/600<br \/>\nConexiuni la cap\u0103t: ISA S75.04, IEC\/DIN 534-3-2 (flan\u0219\u0103)<br \/>\nTip de minge: minge solid\u0103 forjat\u0103, minge goal\u0103, minge plutitoare<br \/>\nInspec\u021bie \u0219i testare: DIN3230\uff0cAPI598<br \/>\nEtan\u0219eitate: Scaun metalic Clasa IV Scaun elastic Clasa VI<br \/>\nMateriale caroserie: WCB, CF8, CF8M CF3M, 4A,5A,6A, C95800.<br \/>\nMateriale scaun: o\u021bel inoxidabil + STL, PCTFE, PEEK (flan\u0219\u0103), o\u021bel inoxidabil + STL (napolitan\u0103)<br \/>\nTemp. Gama: Scaun metalic -29\u2026+450\u2103 Scaun elastic -29\u2026+150\u2103<br \/>\nOperare, manual, angrenaj melcat, pneumatic, electric.<\/p>\n<p>Caracteristici:<\/p>\n<p>1. Corp:<\/p>\n<p>a) Designul integral al corpului ofer\u0103 o rigiditate mai mare \u00eempotriva sarcinilor fluctuante ale conductei.<\/p>\n<p>b) Elimin\u0103 calea de scurgere asociat\u0103 cu modelele de caroserie din dou\u0103 piese.<\/p>\n<p>c) Sunt disponibile at\u00e2t racordul cu flan\u0219\u0103, c\u00e2t \u0219i racordul.<\/p>\n<p>2. Miez:<\/p>\n<p>a) Bila cu crest\u0103tur\u0103 \u00een V special conceput\u0103 asigur\u0103 stres puternic de t\u0103iere \u0219i etan\u0219are etan\u0219\u0103.<\/p>\n<p>b) Tratamentele cu crom dur, nitrurare \u0219i HCOF sunt toate disponibile pentru tratarea suprafe\u021bei mingii, \u00eembun\u0103t\u0103\u021bind duritatea,<\/p>\n<p>rezisten\u021b\u0103 la abraziune, rezisten\u021b\u0103 la oboseal\u0103, rezisten\u021b\u0103 la coroziune \u0219i performan\u021b\u0103 la temperaturi ridicate.<\/p>\n<p>c) Suprafa\u021ba bilei bine \u0219lefuit\u0103 asigur\u0103 un cuplu de operare mic \u0219i o etan\u0219are etan\u0219\u0103, \u00een special pentru a\u0219ezarea metalic\u0103<\/p>\n<p>supap\u0103 de segment.<\/p>\n<p>3. Scaun:<\/p>\n<p>a) Pentru supapa clasificat\u0103 sub clasa 150, elementul de re\u021binere este turnat pe corpul supapei pentru a elimina orice spa\u021biu posibil \u00eentre scaun<\/p>\n<p>inel \u0219i corp pentru acumularea reziduurilor. \u00cen consecin\u021b\u0103, acest lucru asigur\u0103 o etan\u0219are perfect\u0103.<\/p>\n<p>b) Designul special al arcului scade cuplul supapei, oferind \u00een acela\u0219i timp for\u021b\u0103 pentru etan\u0219area etan\u0219\u0103.<\/p>\n<p>c) Designul scaunului alimentat cu presiune ofer\u0103 o etan\u0219are excelent\u0103 chiar \u0219i la presiuni diferen\u021biale foarte mici.<\/p>\n<p>4. Tulpina:<\/p>\n<p>a) Tija este m\u0103cinat\u0103 fin pentru a se potrivi excelent cu actuatorul, ceea ce previne mi\u0219carea de balansare \u0219i poten\u021biala defec\u021biune<\/p>\n<p>a supapei segmentate.<\/p>\n<p>Aplica\u021bie:<br \/>\nCeluloz\u0103 \u0219i h\u00e2rtie\/Tratarea apelor uzate\/Alimente \u0219i<br \/>\nB\u0103uturi\/Uzine chimice\/Centrale electrice\/Industria siderurgic\u0103\/Etc<\/p>","protected":false},"excerpt":{"rendered":"<p>CARACTERISTICI<\/p>\n<p>1. Scaune u\u0219or de schimbat, \u00eenseamn\u0103 costuri reduse pentru repara\u021biile supapelor.<\/p>\n<p>2. Conturarea precis\u0103 a crest\u0103turii \u00een V ofer\u0103 caracteristici excelente de control pentru o varietate extins\u0103 de aplica\u021bii de flux.<\/p>\n<p>3. Conexiunea canelat\u0103 \u00eentre arbore \u0219i bil\u0103 asigur\u0103 un control precis \u0219i histerezis sc\u0103zut.<\/p>\n<p>4. Ac\u021biunea de forfecare \u00eentre bil\u0103 \u0219i etan\u0219are promoveaz\u0103 func\u021bionarea lin\u0103, f\u0103r\u0103 \u00eenfundare - perfect\u0103 pentru aplica\u021bii cu fibre sau \u0219lam.<\/p>\n<p>5. Scaunul cu arc men\u021bine contactul constant cu mingea, oferind performan\u021be de etan\u0219are \u00eembun\u0103t\u0103\u021bite.<\/p>\n<p>6. Construc\u021bia robust\u0103 cu trecere nerestric\u021bionat\u0103 prin calea fluxului ofer\u0103 o capacitate mare.<\/p>\n<p>7. Tehnologia superioar\u0103 a rulmen\u021bilor trunnion este proiectat\u0103 pentru o rezisten\u021b\u0103 excelent\u0103 la abraziune.<\/p>\n<p>8. Op\u021biunea robust\u0103 cu a\u0219ezare metalic\u0103 cu auto-ajustare este ideal\u0103 pentru aplica\u021bii la temperaturi ridicate sau \u0219lamuri.<\/p>\n<p>9. Capacitate excelent\u0103 de etan\u0219are - Clasa V Standard<\/p>","protected":false},"featured_media":18195,"template":"","meta":{"advanced_seo_description":"","jetpack_seo_html_title":"","jetpack_seo_noindex":false},"product_brand":[],"product_cat":[83],"product_tag":[281,279,278,277,280],"class_list":{"0":"post-18194","1":"product","2":"type-product","3":"status-publish","4":"has-post-thumbnail","6":"product_cat-ball-valves","7":"product_tag-150lb-flange-segment-ball-valve","8":"product_tag-6-inch-flange-segment-ball-valve","9":"product_tag-cf8-flange-segment-ball-valve","10":"product_tag-flange-segment-ball-valve","11":"product_tag-rf-end-flange-segment-ball-valve","13":"first","14":"instock","15":"shipping-taxable","16":"product-type-simple"},"jetpack_sharing_enabled":true,"_links":{"self":[{"href":"https:\/\/oudianvalve.com\/ro\/wp-json\/wp\/v2\/product\/18194","targetHints":{"allow":["GET"]}}],"collection":[{"href":"https:\/\/oudianvalve.com\/ro\/wp-json\/wp\/v2\/product"}],"about":[{"href":"https:\/\/oudianvalve.com\/ro\/wp-json\/wp\/v2\/types\/product"}],"wp:featuredmedia":[{"embeddable":true,"href":"https:\/\/oudianvalve.com\/ro\/wp-json\/wp\/v2\/media\/18195"}],"wp:attachment":[{"href":"https:\/\/oudianvalve.com\/ro\/wp-json\/wp\/v2\/media?parent=18194"}],"wp:term":[{"taxonomy":"product_brand","embeddable":true,"href":"https:\/\/oudianvalve.com\/ro\/wp-json\/wp\/v2\/product_brand?post=18194"},{"taxonomy":"product_cat","embeddable":true,"href":"https:\/\/oudianvalve.com\/ro\/wp-json\/wp\/v2\/product_cat?post=18194"},{"taxonomy":"product_tag","embeddable":true,"href":"https:\/\/oudianvalve.com\/ro\/wp-json\/wp\/v2\/product_tag?post=18194"}],"curies":[{"name":"wp","href":"https:\/\/api.w.org\/{rel}","templated":true}]}}