{"id":18191,"date":"2023-07-03T09:02:04","date_gmt":"2023-07-03T09:02:04","guid":{"rendered":"https:\/\/oudianvalve.com\/?post_type=product&#038;p=18191"},"modified":"2023-07-03T09:02:05","modified_gmt":"2023-07-03T09:02:05","slug":"1500lb-lift-check-valve-astm-a105n-3-inch-rf-end","status":"publish","type":"product","link":"https:\/\/oudianvalve.com\/ro\/products\/check-valves\/1500lb-lift-check-valve-astm-a105n-3-inch-rf-end\/","title":{"rendered":"Supap\u0103 de re\u021binere de ridicare de 1500 lb, ASTM A105N, 3 inchi, cap\u0103t RF"},"content":{"rendered":"<p>1. Proiectare \u0219i fabrica\u021bie: API 602<br \/>\n2. Construc\u021bii: OS&amp;Y, Capot\u0103 cu \u0219uruburi, Capot\u0103 sudat\u0103 \u0219i Capot\u0103 etan\u0219at\u0103 la presiune;<br \/>\n3. Port complet \/ Port redus<br \/>\n4. Interval de dimensiuni: 1\/2\u2033 p\u00e2n\u0103 la 4\u2033.<br \/>\n5. Presiune nominal\u0103: ANSI 800, 900, 1500 \u0219i 2500<br \/>\n6. Conexiuni la cap\u0103t: filetat, cu flan\u0219\u0103, sudur\u0103 cap la cap, sudur\u0103 cu muf\u0103.<br \/>\n7. Materiale Disponibil \u00een: A105, LF2, F5, F11, F22, F304, F316, F51 sau Echivalent;<br \/>\n8. Sunt disponibile diverse materiale de finisare pentru a se potrivi diferitelor condi\u021bii de service<br \/>\n9. NACE MR 0175 la cerere<br \/>\n10.Test \u0219i inspec\u021bie: API598<\/p>\n<p>&nbsp;<\/p>\n<p>Caracteristici importante:<br \/>\nUn design compact, dar extrem de robust pentru servicii de presiune \u0219i temperatur\u0103 ridicat\u0103 Design capac cu \u0219uruburi, capac u\u0219or de deschis<br \/>\nDisc de ghidare a corpului tip piston<br \/>\nAsigura\u021bi alinierea perfect\u0103 a discului \u0219i a arcului inel al scaunului, \u00eenc\u0103rcat la cerere<br \/>\nStellited F6 Disc &amp; Seat optional<br \/>\nElemente de fixare B7\/2H de \u00eenalt\u0103 rezisten\u021b\u0103<\/p>\n<p>Aplica\u021bie<br \/>\nCentrale electrice \u0219i industrii de procesUzini \u0219i rafin\u0103rii petrochimiceUzini de ciment \u0219i \u00eengr\u0103\u0219\u0103minte<br \/>\nO\u021bel\u0103rie<br \/>\nIndustrii de proces \u0219i generale<br \/>\nIndustrii de zah\u0103r \u0219i fabrici de distilerie<br \/>\nAp\u0103, abur, gaz, ulei \u0219i alte medii neagresive<\/p>","protected":false},"excerpt":{"rendered":"<p>1. Design &amp; Manufacture: API 602 2. Constructions: OS&amp;Y, Bolted Bonnet, Welded Bonnet &amp; Pressure Sealed Bonnet; 3. Full Port \/ Reduced Port 4. Size Range: 1\/2&#8243; to 4&#8243;. 5. Pressure Ratings: ANSI \u00a0800, 900, 1500 &amp; 2500 6. End Connections: Threaded, Flanged, Butt weld, Socket Weld. 7. Materials Available in: A105, LF2, F5, F11, [&hellip;]<\/p>\n","protected":false},"featured_media":18192,"template":"","meta":{"advanced_seo_description":"","jetpack_seo_html_title":"","jetpack_seo_noindex":false},"product_brand":[],"product_cat":[82],"product_tag":[272,274,273,275,276],"class_list":{"0":"post-18191","1":"product","2":"type-product","3":"status-publish","4":"has-post-thumbnail","6":"product_cat-check-valves","7":"product_tag-1500lb-lift-check-valve","8":"product_tag-3-inch-1500lb-lift-check-valve","9":"product_tag-a105-1500lb-lift-check-valve","10":"product_tag-aapi-602-1500lb-lift-check-valve","11":"product_tag-rf-end-1500lb-lift-check-valve","13":"first","14":"instock","15":"shipping-taxable","16":"product-type-simple"},"jetpack_sharing_enabled":true,"_links":{"self":[{"href":"https:\/\/oudianvalve.com\/ro\/wp-json\/wp\/v2\/product\/18191","targetHints":{"allow":["GET"]}}],"collection":[{"href":"https:\/\/oudianvalve.com\/ro\/wp-json\/wp\/v2\/product"}],"about":[{"href":"https:\/\/oudianvalve.com\/ro\/wp-json\/wp\/v2\/types\/product"}],"wp:featuredmedia":[{"embeddable":true,"href":"https:\/\/oudianvalve.com\/ro\/wp-json\/wp\/v2\/media\/18192"}],"wp:attachment":[{"href":"https:\/\/oudianvalve.com\/ro\/wp-json\/wp\/v2\/media?parent=18191"}],"wp:term":[{"taxonomy":"product_brand","embeddable":true,"href":"https:\/\/oudianvalve.com\/ro\/wp-json\/wp\/v2\/product_brand?post=18191"},{"taxonomy":"product_cat","embeddable":true,"href":"https:\/\/oudianvalve.com\/ro\/wp-json\/wp\/v2\/product_cat?post=18191"},{"taxonomy":"product_tag","embeddable":true,"href":"https:\/\/oudianvalve.com\/ro\/wp-json\/wp\/v2\/product_tag?post=18191"}],"curies":[{"name":"wp","href":"https:\/\/api.w.org\/{rel}","templated":true}]}}