{"id":18189,"date":"2023-07-03T08:18:53","date_gmt":"2023-07-03T08:18:53","guid":{"rendered":"https:\/\/oudianvalve.com\/?post_type=product&#038;p=18189"},"modified":"2023-07-03T08:19:23","modified_gmt":"2023-07-03T08:19:23","slug":"wafer-type-dual-plate-check-valve-150lb-cf8m-6-inch","status":"publish","type":"product","link":"https:\/\/oudianvalve.com\/ro\/products\/check-valves\/wafer-type-dual-plate-check-valve-150lb-cf8m-6-inch\/","title":{"rendered":"Supap\u0103 de re\u021binere cu dou\u0103 pl\u0103ci tip wafer, 150 LB, CF8M, 6 inchi"},"content":{"rendered":"<p>Lungime structural\u0103 scurt\u0103, doar 1\/4 ~ 1\/8 din cea a supapei de re\u021binere tradi\u021bionale cu flan\u0219\u0103;<\/p>\n<p>Volum redus, greutate redus\u0103, doar 1\/4 ~ 1\/20 din cele ale supapei de re\u021binere tradi\u021bionale cu flan\u0219\u0103;<\/p>\n<p>\u00cenchidere rapid\u0103 a discului supapei, presiune sc\u0103zut\u0103 a ciocanului de ariete;<\/p>\n<p>Aplicabil \u0219i u\u0219or de instalat pentru conducte verticale sau orizontale;<\/p>\n<p>Pasaj de curgere lin\u0103 \u0219i rezisten\u021b\u0103 mic\u0103 la fluid;<\/p>\n<p>Ac\u021biune flexibil\u0103 \u0219i performan\u021b\u0103 bun\u0103 de etan\u0219are;<\/p>\n<p>Curs\u0103 \u00eengust\u0103 a supapei \u0219i impact mic de \u00eenchidere;<\/p>\n<p>Structur\u0103 integrat\u0103, simpl\u0103 \u0219i compact\u0103, \u00eentr-o form\u0103 frumoas\u0103;<\/p>\n<p>Durat\u0103 lung\u0103 de via\u021b\u0103 \u0219i fiabilitate bun\u0103.<\/p>\n<p>Specifica\u021bia parametrului principal<\/p>\n<p>Proiectare \u0219i fabrica\u021bie:API594,API 6D<br \/>\nFa\u021b\u0103 \u00een fa\u021b\u0103 \u0219i cap\u0103t la cap\u0103t: API594, API6D, DIN3202<br \/>\nEvaluare presiune-temperatura: ASME B16.34, DIN2410,<br \/>\nInspec\u021bie \u0219i testare: API598<br \/>\nFlan\u0219\u0103 de \u021beav\u0103: ASME B16.5,DIN2543~2548,GB\/T13402,API605,ASME B16.47.<\/p>\n<p>Gam\u0103 de produse<\/p>\n<p>Material corpului: o\u021bel carbon, o\u021bel inoxidabil, o\u021bel aliat, bronz<\/p>\n<p>Diametru nominal: 1,5\u2033~60\u2033(DN40~DN1500)<\/p>\n<p>Termina\u021bi conexiunea: RF,RTJ, BW<\/p>\n<p>Interval de presiune: Class150~2500(PN16~PN420)<\/p>\n<p>Temperatura de lucru: -196\u2103~+560\u2103<\/p>\n<p>&nbsp;<\/p>\n<p>Supapele de re\u021binere cu pl\u0103ci duble sunt capete cu flan\u0219\u0103, cu urechi sau cu flan\u0219e, care \u00eendeplinesc API 6D sau API 594. Supapele de re\u021binere cu dou\u0103 pl\u0103ci sunt modele f\u0103r\u0103 re\u021binere pentru a evita c\u0103ile de scurgere prin corpul supapei.<\/p>\n<p>Supapa de re\u021binere cu pl\u0103ci duble folose\u0219te dou\u0103 pl\u0103ci cu arc, articulate pe un \u0219tift central de balama. Supapa de re\u021binere cu plac\u0103 dubl\u0103 este un fel de supap\u0103 de re\u021binere pivotant\u0103, cu caracteristici care sunt mult mai scurte \u0219i greutate mai mic\u0103 \u00een compara\u021bie cu o supap\u0103 de re\u021binere oscilant\u0103 conven\u021bional\u0103.<\/p>\n<p>Avantaje:<\/p>\n<p>\u2013 Supapele de re\u021binere cu dou\u0103 pl\u0103ci efectueaz\u0103 activitatea aproape a oric\u0103rei supape de re\u021binere oscilante. Cu toate acestea, dimensiunile sale mai mici \u00eel fac mai u\u0219or \u0219i, prin urmare, mai rentabil de cump\u0103rat, instalat \u0219i \u00eentre\u021binut.<\/p>\n<p>\u2013 Supapa de re\u021binere cu dou\u0103 pl\u0103ci este o supap\u0103 de re\u021binere silentioas\u0103; Datorit\u0103 designului s\u0103u inovator, nu se \u00eenchide la \u00eenchidere.<\/p>\n<p>\u2013 Supapa de re\u021binere cu dou\u0103 pl\u0103ci are o caracteristic\u0103 important\u0103 prin aceea c\u0103 nu se bazeaz\u0103 pe presiune sau debit pentru a centra pl\u0103cile \u00een raport cu suprafa\u021ba de etan\u0219are pentru a face etan\u0219area.<\/p>","protected":false},"excerpt":{"rendered":"<p>Supapa de re\u021binere cu plac\u0103 dubl\u0103 este un fel de supap\u0103 de re\u021binere oscilant\u0103, cu caracteristici care sunt mult mai scurte \u0219i greutate mai mic\u0103 \u00een compara\u021bie cu o supap\u0103 de re\u021binere oscilant\u0103 conven\u021bional\u0103.<\/p>","protected":false},"featured_media":18190,"template":"","meta":{"advanced_seo_description":"","jetpack_seo_html_title":"","jetpack_seo_noindex":false},"product_brand":[],"product_cat":[82],"product_tag":[269,270,271,268],"class_list":{"0":"post-18189","1":"product","2":"type-product","3":"status-publish","4":"has-post-thumbnail","6":"product_cat-check-valves","7":"product_tag-150lb-wafer-type-dual-plate-check-valve","8":"product_tag-6-inch-dual-plate-check-valve","9":"product_tag-cf8m-dual-plate-check-valve","10":"product_tag-wafer-type-dual-plate-check-valve","12":"first","13":"instock","14":"shipping-taxable","15":"product-type-simple"},"jetpack_sharing_enabled":true,"_links":{"self":[{"href":"https:\/\/oudianvalve.com\/ro\/wp-json\/wp\/v2\/product\/18189","targetHints":{"allow":["GET"]}}],"collection":[{"href":"https:\/\/oudianvalve.com\/ro\/wp-json\/wp\/v2\/product"}],"about":[{"href":"https:\/\/oudianvalve.com\/ro\/wp-json\/wp\/v2\/types\/product"}],"wp:featuredmedia":[{"embeddable":true,"href":"https:\/\/oudianvalve.com\/ro\/wp-json\/wp\/v2\/media\/18190"}],"wp:attachment":[{"href":"https:\/\/oudianvalve.com\/ro\/wp-json\/wp\/v2\/media?parent=18189"}],"wp:term":[{"taxonomy":"product_brand","embeddable":true,"href":"https:\/\/oudianvalve.com\/ro\/wp-json\/wp\/v2\/product_brand?post=18189"},{"taxonomy":"product_cat","embeddable":true,"href":"https:\/\/oudianvalve.com\/ro\/wp-json\/wp\/v2\/product_cat?post=18189"},{"taxonomy":"product_tag","embeddable":true,"href":"https:\/\/oudianvalve.com\/ro\/wp-json\/wp\/v2\/product_tag?post=18189"}],"curies":[{"name":"wp","href":"https:\/\/api.w.org\/{rel}","templated":true}]}}