{"id":18182,"date":"2023-07-03T07:41:37","date_gmt":"2023-07-03T07:41:37","guid":{"rendered":"https:\/\/oudianvalve.com\/?post_type=product&#038;p=18182"},"modified":"2023-07-03T07:50:12","modified_gmt":"2023-07-03T07:50:12","slug":"axial-flow-check-valve-wcb-body-600lb-12-inch-flange-end","status":"publish","type":"product","link":"https:\/\/oudianvalve.com\/ro\/products\/check-valves\/axial-flow-check-valve-wcb-body-600lb-12-inch-flange-end\/","title":{"rendered":"Supap\u0103 de re\u021binere a debitului axial, corp WCB, 600 LB, 12 inchi, cap\u0103t cu flan\u0219\u0103"},"content":{"rendered":"<p>Standard de proiectare: API 6D<br \/>\nEvalu\u0103ri presiune-temperatura: ASME B16.34<br \/>\nInterval de dimensiuni: de la 2\u201d la 48\u201d<br \/>\nInterval de presiune: Clasa 150 p\u00e2n\u0103 la 2500<br \/>\nConexiuni la cap\u0103t: RF cu flan\u0219\u0103, RTJ, sudare cap la cap<br \/>\nDimensiuni de cap\u0103t cu flan\u0219\u0103: ASME B16.5 (\u226424\u201d), ASME B16.47 Seria A sau B (&gt;24\u201d)<br \/>\nDimensiuni cap\u0103t de sudare cap la cap: ASME B16.25 fa\u021b\u0103 \u00een fa\u021b\u0103<br \/>\nDimensiuni fa\u021b\u0103 \u00een fa\u021b\u0103: ASME B16.10<br \/>\nInspec\u021bie \u0219i testare: API 598<br \/>\nMateriale caroserie: WCB, CF8, CF3, CF3M, CF8M, A995 4A, 5A, 6A, C95800, INCONEL 625, INCONEL 825, MONEL, WC6, WC9.<br \/>\nMateriale de t\u0103iere: 1#, 5#, 8#, 10#, 12#, 16#<br \/>\nMateriale de ambalare: grafit, grafit cu s\u00e2rm\u0103 inconel<\/p>\n<p>Aplica\u021bii Ciocan de Arie Ciocanul de Arie este fenomenul care apare atunci c\u00e2nd un lichid se opre\u0219te brusc \u0219i genereaz\u0103 unde de \u0219oc \u00een interiorul \u021bevii. Presiunea ridicat\u0103 rezultat\u0103 poate provoca daune semnificative conductelor, garniturilor, manometrelor, hangarelor de conducte \u0219i altor componente. Supapele de re\u021binere a fluxului axial Relia pot reduce efectele loviturii de berbec. Pulsa\u021biile de presiune Puls\u0103rile de presiune sunt cauzate de reducerea intermitent\u0103 a presiunii din cauza mi\u0219c\u0103rii alternative a unui compresor cu piston. Fluctua\u021bia de presiune provoac\u0103 unde de \u0219oc pulsatorie \u00een sistem, ceea ce cre\u0219te uzura componentelor sistemului. Cu toate acestea, supapele de re\u021binere axiale nu constau din piese oscilante \u0219i, prin urmare, reduc uzura componentelor sistemului, contribuind la o durat\u0103 de via\u021b\u0103 mai lung\u0103 \u00een compara\u021bie cu alte tipuri de supape. Scopul supapelor de re\u021binere a debitului axial Relia este de a l\u0103sa aerul \u0219i gazul s\u0103 ias\u0103 dintr-un compresor cu piston. Op\u021biuni de instalare: orizontal\u0103 sau vertical\u0103 O problem\u0103 comun\u0103 cu care se confrunt\u0103 atunci c\u00e2nd se utilizeaz\u0103 o pomp\u0103 este spa\u021biul limitat pentru supape \u0219i \u021bevi. Pompele sunt extrem de zgomotoase c\u00e2nd sunt \u00een func\u021biune. Prin urmare, de obicei sunt puse \u00een \u00eenc\u0103peri speciale. Acest lucru las\u0103 mai pu\u021bin spa\u021biu pentru supape \u0219i conducte. Supapele de debit axial pot face fa\u021b\u0103 turbulen\u021belor mai bine dec\u00e2t supapele de re\u021binere conven\u021bionale. Acest lucru le face o op\u021biune excelent\u0103 atunci c\u00e2nd spa\u021biul este limitat. \u00cen plus, supapele de re\u021binere a debitului axial pot fi instalate at\u00e2t pe \u021bevile verticale, c\u00e2t \u0219i pe cele orizontale.<\/p>\n<p>2, Caracteristici ale supapelor de re\u021binere a fluxului axial:<br \/>\n1. Produsul const\u0103 dintr-un corp de supap\u0103, un corp de ghidare, un disc de supap\u0103 care se mi\u0219c\u0103 axial \u0219i componente cu arc. Produsul poate preveni eficient refluxul media. Asigura\u021bi siguran\u021ba conductei.<br \/>\n2. Corpul supapei, discul \u0219i conul de coad\u0103 sunt proiectate ca canale ra\u021bionalizate, care au o performan\u021b\u0103 bun\u0103 a fluidului \u0219i reduc la minimum rezisten\u021ba la curgere \u0219i presiunea.<br \/>\n3. Folosind material de arc de \u00eenalt\u0103 performan\u021b\u0103 HT\/INCONELX-750, are o rezisten\u021b\u0103 excelent\u0103 la coroziune, rezisten\u021b\u0103 la oxidare \u0219i propriet\u0103\u021bi mecanice excelente, asigur\u00e2nd c\u0103 arcul func\u021bioneaz\u0103 \u00eentr-o stare de func\u021bionare pe termen lung.<br \/>\n4. Func\u021bionare silen\u021bioas\u0103 pentru a elimina zgomotul \u0219i loviturile de ap\u0103 din conductele de supap\u0103 \u0219i pentru a asigura siguran\u021ba echipamentelor \u0219i a conductelor.<br \/>\n5. Reac\u021biile de deschidere \u0219i \u00eenchidere sunt rapide, iar arcul de precomprimare extrem de fiabil permite discului supapei s\u0103 r\u0103spund\u0103 rapid la modific\u0103rile presiunii fluidului.<br \/>\n6. Structur\u0103 compact\u0103, u\u0219or de instalat, potrivit\u0103 at\u00e2t pentru instalare vertical\u0103, c\u00e2t \u0219i orizontal\u0103.<br \/>\n7. Supapa adopt\u0103 sudare prin suprapunere de o\u021bel aliat cu o suprafa\u021b\u0103 de etan\u0219are, care este rezistent\u0103 la uzur\u0103, rezistent\u0103 la coroziune \u0219i are o durat\u0103 de via\u021b\u0103 lung\u0103.<br \/>\n8. Domeniul de presiune al supapei este relativ larg.<\/p>","protected":false},"excerpt":{"rendered":"<p>Supapa de re\u021binere a fluxului axial determin\u0103 deschiderea \u0219i \u00eenchiderea discului supapei prin diferen\u021ba de presiune dintre capetele de intrare \u0219i de ie\u0219ire ale supapei. Supapa de re\u021binere a fluxului axial poate preveni eficient refluxul mediu \u0219i poate asigura siguran\u021ba conductei.<\/p>","protected":false},"featured_media":18183,"template":"","meta":{"advanced_seo_description":"","jetpack_seo_html_title":"","jetpack_seo_noindex":false},"product_brand":[],"product_cat":[82],"product_tag":[265,266,263,267,264],"class_list":{"0":"post-18182","1":"product","2":"type-product","3":"status-publish","4":"has-post-thumbnail","6":"product_cat-check-valves","7":"product_tag-12-inch-axial-flow-check-valve","8":"product_tag-600lb-axial-flow-check-valve","9":"product_tag-axial-flow-check-valve","10":"product_tag-non-slam-axial-flow-check-valve","11":"product_tag-wcb-axial-flow-check-valve","13":"first","14":"instock","15":"shipping-taxable","16":"product-type-simple"},"jetpack_sharing_enabled":true,"_links":{"self":[{"href":"https:\/\/oudianvalve.com\/ro\/wp-json\/wp\/v2\/product\/18182","targetHints":{"allow":["GET"]}}],"collection":[{"href":"https:\/\/oudianvalve.com\/ro\/wp-json\/wp\/v2\/product"}],"about":[{"href":"https:\/\/oudianvalve.com\/ro\/wp-json\/wp\/v2\/types\/product"}],"wp:featuredmedia":[{"embeddable":true,"href":"https:\/\/oudianvalve.com\/ro\/wp-json\/wp\/v2\/media\/18183"}],"wp:attachment":[{"href":"https:\/\/oudianvalve.com\/ro\/wp-json\/wp\/v2\/media?parent=18182"}],"wp:term":[{"taxonomy":"product_brand","embeddable":true,"href":"https:\/\/oudianvalve.com\/ro\/wp-json\/wp\/v2\/product_brand?post=18182"},{"taxonomy":"product_cat","embeddable":true,"href":"https:\/\/oudianvalve.com\/ro\/wp-json\/wp\/v2\/product_cat?post=18182"},{"taxonomy":"product_tag","embeddable":true,"href":"https:\/\/oudianvalve.com\/ro\/wp-json\/wp\/v2\/product_tag?post=18182"}],"curies":[{"name":"wp","href":"https:\/\/api.w.org\/{rel}","templated":true}]}}