{"id":18180,"date":"2023-07-03T07:14:51","date_gmt":"2023-07-03T07:14:51","guid":{"rendered":"https:\/\/oudianvalve.com\/?post_type=product&#038;p=18180"},"modified":"2023-07-03T08:02:40","modified_gmt":"2023-07-03T08:02:40","slug":"tilting-disc-check-valve-300lb-wcb-12-inch-rf-end","status":"publish","type":"product","link":"https:\/\/oudianvalve.com\/ro\/products\/check-valves\/tilting-disc-check-valve-300lb-wcb-12-inch-rf-end\/","title":{"rendered":"Supap\u0103 de re\u021binere cu disc basculant, 300 LB, WCB, 12 inch, cap\u0103t RF"},"content":{"rendered":"<p>Standard de proiectare: API 6D<br \/>\nEvalu\u0103ri presiune-temperatura: ASME B16.34<br \/>\nInterval de dimensiuni: de la 2\u201d la 48\u201d<br \/>\nInterval de presiune: Clasa 150 p\u00e2n\u0103 la 2500<br \/>\nConexiuni la cap\u0103t: RF cu flan\u0219\u0103, RTJ, sudare cap la cap<br \/>\nDimensiuni de cap\u0103t cu flan\u0219\u0103: ASME B16.5 (\u226424\u201d), ASME B16.47 Seria A sau B (&gt;24\u201d)<br \/>\nDimensiuni cap\u0103t de sudare cap la cap: ASME B16.25 fa\u021b\u0103 \u00een fa\u021b\u0103<br \/>\nDimensiuni fa\u021b\u0103 \u00een fa\u021b\u0103: ASME B16.10<br \/>\nInspec\u021bie \u0219i testare: API 598<br \/>\nMateriale caroserie: WCB, CF8, CF3, CF3M, CF8M, A995 4A, 5A, 6A, C95800, INCONEL 625, INCONEL 825, MONEL, WC6, WC9.<br \/>\nMateriale de t\u0103iere: 1#, 5#, 8#, 10#, 12#, 16#<br \/>\nMateriale de ambalare: grafit, grafit cu s\u00e2rm\u0103 inconel<\/p>\n<p>Supapele de re\u021binere a discului basculant realizeaz\u0103 deschiderea complet\u0103 a fluxului prin pivotarea sau \u00eenclinarea discului \u00een mediul de curgere. Gama cursei de deschidere este mult mai mic\u0103 dec\u00e2t cea a supapelor de re\u021binere batante conven\u021bionale, ceea ce reduce timpul de deschidere \u0219i \u00eenchidere. Este esen\u021bial pentru a controla inversarea fluxului \u0219i pentru a reduce lovitura de berbec. Designul supapei de re\u021binere cu disc basculant ofer\u0103 solu\u021bia permi\u021b\u00e2nd o \u00eenchidere rapid\u0103, chiar \u0219i \u00een cazul unei pierderi mici de debit.<\/p>\n<p>Supapele de re\u021binere cu disc basculant sunt proiectate s\u0103 se deschid\u0103 \u0219i s\u0103 se \u00eenchid\u0103 mai repede dec\u00e2t supapele de re\u021binere standard. Func\u021bionarea rapid\u0103 este necesar\u0103 ori de c\u00e2te ori componentele critice trebuie protejate imediat \u00eempotriva refluxului. Cu toate acestea, multe alte tipuri de supape de re\u021binere se pot \u00eenchide numai atunci c\u00e2nd debitul din amonte este pierdut complet.<\/p>\n<p>\u00cen sistemele \u00een care refluxul poate ap\u0103rea rapid, cum ar fi sistemele de pompe \u00eentr-un sistem de \u00eenalt\u0103 presiune, acest lucru poate duce la probleme majore. \u00cen cazuri extreme, ciocanul de ari rezultat poate perturba \u00eentregul sistem de conducte \u0219i pompe.<\/p>\n<p>\u2022 Stabilitatea debitului sc\u0103zut \u0219i pulsatoriu<\/p>\n<p>\u2022 O sc\u0103dere moderat\u0103 a presiunii<\/p>\n<p>\u2022 Etan\u0219are etan\u0219\u0103 a scaunului metalic<\/p>\n<p>\u2022 Contactele scaunului apar numai dup\u0103 ce discul este a\u015fezat \u015fi \u00eenchis.<\/p>\n<p>Aplica\u021bie:<\/p>\n<p>Deoarece discul unei supape de re\u021binere cu disc basculant este montat la un unghi de 15 grade, acesta se deschide la o vitez\u0103 medie, \u00eencep\u00e2nd cu 0,6 m\/sec cu un timp de r\u0103spuns scurt. Acest lucru previne \u201ecioc\u0103nirea\u201d discului la viteze mici \u0219i previne uzura tijei, arcurilor \u0219i rulmen\u021bilor. Etan\u0219area cu autocentrare asigur\u0103 o etan\u0219are excelent\u0103 at\u00e2t la diferen\u021bele de presiune \u00eenalt\u0103, c\u00e2t \u0219i la cele joase. \u00cen plus, supapele pot fi incluse cu arcuri suplimentare pentru a cre\u0219te viteza de r\u0103spuns dac\u0103 exist\u0103 un risc mare de reflux rapid.<\/p>\n<p>Rezultatul este o supap\u0103 de re\u021binere stabil\u0103, cu un timp de r\u0103spuns rapid, care necesit\u0103 \u00eentre\u021binere minim\u0103. Acest lucru face ca aceast\u0103 supap\u0103 s\u0103 fie potrivit\u0103 pentru orice aplica\u021bie care necesit\u0103 un r\u0103spuns rapid.<\/p>","protected":false},"excerpt":{"rendered":"<p>O supap\u0103 de re\u021binere cu disc basculant ofer\u0103 o solu\u021bie de \u00eenchidere rapid\u0103. Supapele de re\u021binere cu disc basculant ofer\u0103 o op\u021biune de corp despicat, etan\u0219are de presiune sau napolitan\u0103 cu un design f\u0103r\u0103 tr\u00e2ntire.<\/p>\n<p>Supapele de re\u021binere cu disc basculant sunt proiectate pentru ap\u0103 potabil\u0103 \u0219i alte lichide neutre \u0219i sunt instalate de obicei \u00een aplica\u021biile de pompare pentru a preveni refluxul \u00een sistem. Discul basculant necesit\u0103 doar o presiune foarte mic\u0103 pentru a se deschide.<\/p>\n<p>Caracteristica acestei supape este \u201enon-tr\u00e2ntire\u201d. Discul, cu forma sa, este men\u021binut \u00een pozi\u021bia deschis\u0103 de fluxul de fluid, iar revenirea lui \u00een pozi\u021bia \u00eenchis nu provoac\u0103 o lovire brusc\u0103 \u0219i violent\u0103 de scaun. Designul poate fi conform ASME B16.34 dar, de asemenea, conform EN 12516.<\/p>","protected":false},"featured_media":18181,"template":"","meta":{"advanced_seo_description":"","jetpack_seo_html_title":"","jetpack_seo_noindex":false},"product_brand":[],"product_cat":[82],"product_tag":[261,260,262,259],"class_list":{"0":"post-18180","1":"product","2":"type-product","3":"status-publish","4":"has-post-thumbnail","6":"product_cat-check-valves","7":"product_tag-12-inch-tilting-disc-check-valve","8":"product_tag-300lb-tilting-disc-check-valve","9":"product_tag-rf-end-tilting-disc-check-valve","10":"product_tag-tilting-disc-check-valve","12":"first","13":"instock","14":"shipping-taxable","15":"product-type-simple"},"jetpack_sharing_enabled":true,"_links":{"self":[{"href":"https:\/\/oudianvalve.com\/ro\/wp-json\/wp\/v2\/product\/18180","targetHints":{"allow":["GET"]}}],"collection":[{"href":"https:\/\/oudianvalve.com\/ro\/wp-json\/wp\/v2\/product"}],"about":[{"href":"https:\/\/oudianvalve.com\/ro\/wp-json\/wp\/v2\/types\/product"}],"wp:featuredmedia":[{"embeddable":true,"href":"https:\/\/oudianvalve.com\/ro\/wp-json\/wp\/v2\/media\/18181"}],"wp:attachment":[{"href":"https:\/\/oudianvalve.com\/ro\/wp-json\/wp\/v2\/media?parent=18180"}],"wp:term":[{"taxonomy":"product_brand","embeddable":true,"href":"https:\/\/oudianvalve.com\/ro\/wp-json\/wp\/v2\/product_brand?post=18180"},{"taxonomy":"product_cat","embeddable":true,"href":"https:\/\/oudianvalve.com\/ro\/wp-json\/wp\/v2\/product_cat?post=18180"},{"taxonomy":"product_tag","embeddable":true,"href":"https:\/\/oudianvalve.com\/ro\/wp-json\/wp\/v2\/product_tag?post=18180"}],"curies":[{"name":"wp","href":"https:\/\/api.w.org\/{rel}","templated":true}]}}