{"id":18165,"date":"2023-06-30T03:26:42","date_gmt":"2023-06-30T03:26:42","guid":{"rendered":"https:\/\/oudianvalve.com\/?post_type=product&#038;p=18165"},"modified":"2023-06-30T03:26:43","modified_gmt":"2023-06-30T03:26:43","slug":"din-wafer-ball-valve-pn16-dn80-cf8m-rf-end","status":"publish","type":"product","link":"https:\/\/oudianvalve.com\/ro\/products\/ball-valves\/din-wafer-ball-valve-pn16-dn80-cf8m-rf-end\/","title":{"rendered":"Supap\u0103 cu bil\u0103 vafer DIN, PN16, DN80, CF8M, cap\u0103t RF"},"content":{"rendered":"<p>Standard de proiectare \u0219i fabrica\u021bie: API 6D, API 608, BS 5351\/DIN3357\/JIS B2071<\/p>\n<p>Standard de presiune \u0219i temperatur\u0103: ASME B16.34\/DIN3230<\/p>\n<p>Standard de dimensiuni fa\u021b\u0103 \u00een fa\u021b\u0103: ASME B16.10\/DIN3202\/JIS B2002<\/p>\n<p>Standard de flan\u0219\u0103: ASME B16.5, ASME B16.47\/DIN2543-2545-2501\/JIS B2220<\/p>\n<p>Standard de testare \u0219i inspectare: API 598, API 6D\/DIN2401\/JIS B2003.<\/p>\n<p>Dimensiune: 1\/2\u201d-8\u201d(DN15~DN200)<\/p>\n<p>Presiune nominal\u0103: 150LB-300LB\/PN16~PN40\/10K~20K)<\/p>\n<p>Material: WCB\uff64LCB\uff64WCC\uff64CF8\uff64CF8M\uff64CF3\uff64C3M\uff64A890 4A\uff64A105\uff64LF2\uff64F304\uff64F316\uff64F304L\uff64F316L \u0219i<\/p>\n<p>Temperatura potrivit\u0103: -196\u00baC ~ 450\u00baC (temperatur\u0103 diferit\u0103 alege materiale diferite).<\/p>\n<p>Mediu potrivit: ap\u0103, abur, petrol \u0219i gaze naturale etc.<\/p>\n<h4>Caracteristicile produsului<\/h4>\n<p>1. Produsul este u\u0219or;<br \/>\n2. Rezisten\u021ba la curgere este mic\u0103;<br \/>\n3. Scaun de supap\u0103 de tip buz\u0103, u\u0219or pentru deschidere \u0219i \u00eenchidere;<br \/>\n4. F\u0103r\u0103 limitare a direc\u021biei fluxului;<br \/>\n5. Securitate la foc, design antistatic, tij\u0103 anti-explozie;<br \/>\n6. Se poate alege ambalajul cu arc;<br \/>\n7. Ambalajele cu emisii reduse pot fi alese conform cerin\u021belor ISO 15848;<br \/>\n8. Se poate alege un design extins de tij\u0103<br \/>\n9. Se pot alege scaun moale \u0219i scaun metal pe metal;<br \/>\n10. Se poate alege un design cu jachet\u0103.\uff1b<\/p>\n<p>Industria de aplicare a produselor<\/p>\n<p>Produsul este potrivit pentru industrii precum petrol, chimie, gaze naturale, biochimice, farmaceutice, protec\u021bia mediului \u0219i energie nou\u0103.<\/p>","protected":false},"excerpt":{"rendered":"<p>Caracteristici<\/p>\n<p>\uff0eInvesti\u0163ii de turnare<\/p>\n<p>\uff0eM\u00e2nerul dispozitivului de blocare<\/p>\n<p>\uff0eDispozitiv antistatic<\/p>\n<p>\uff0eTulp\u0103 rezistent\u0103 la explozie<\/p>\n<p>\uff0eAccesorii de automatizare<\/p>\n<p>\uff0eSoft de montare direct\u0103 ISO5211<\/p>\n<p>\uff0eDesign cu \u00eenc\u0103rcare live<\/p>","protected":false},"featured_media":18166,"template":"","meta":{"advanced_seo_description":"","jetpack_seo_html_title":"","jetpack_seo_noindex":false},"product_brand":[],"product_cat":[83],"product_tag":[248,245,247,246,249],"class_list":{"0":"post-18165","1":"product","2":"type-product","3":"status-publish","4":"has-post-thumbnail","6":"product_cat-ball-valves","7":"product_tag-cf8m-din-wafer-ball-valve","8":"product_tag-din-wafer-ball-valve","9":"product_tag-dn80-din-wafer-ball-valve","10":"product_tag-pn16-din-wafer-ball-valve","11":"product_tag-rf-end-din-wafer-ball-valve","13":"first","14":"instock","15":"shipping-taxable","16":"product-type-simple"},"jetpack_sharing_enabled":true,"_links":{"self":[{"href":"https:\/\/oudianvalve.com\/ro\/wp-json\/wp\/v2\/product\/18165","targetHints":{"allow":["GET"]}}],"collection":[{"href":"https:\/\/oudianvalve.com\/ro\/wp-json\/wp\/v2\/product"}],"about":[{"href":"https:\/\/oudianvalve.com\/ro\/wp-json\/wp\/v2\/types\/product"}],"wp:featuredmedia":[{"embeddable":true,"href":"https:\/\/oudianvalve.com\/ro\/wp-json\/wp\/v2\/media\/18166"}],"wp:attachment":[{"href":"https:\/\/oudianvalve.com\/ro\/wp-json\/wp\/v2\/media?parent=18165"}],"wp:term":[{"taxonomy":"product_brand","embeddable":true,"href":"https:\/\/oudianvalve.com\/ro\/wp-json\/wp\/v2\/product_brand?post=18165"},{"taxonomy":"product_cat","embeddable":true,"href":"https:\/\/oudianvalve.com\/ro\/wp-json\/wp\/v2\/product_cat?post=18165"},{"taxonomy":"product_tag","embeddable":true,"href":"https:\/\/oudianvalve.com\/ro\/wp-json\/wp\/v2\/product_tag?post=18165"}],"curies":[{"name":"wp","href":"https:\/\/api.w.org\/{rel}","templated":true}]}}