{"id":18163,"date":"2023-06-30T03:14:35","date_gmt":"2023-06-30T03:14:35","guid":{"rendered":"https:\/\/oudianvalve.com\/?post_type=product&#038;p=18163"},"modified":"2025-06-14T05:54:21","modified_gmt":"2025-06-14T05:54:21","slug":"duplex-2507-ball-valve-600lb-3-inch-flange-end","status":"publish","type":"product","link":"https:\/\/oudianvalve.com\/ro\/products\/ball-valves\/duplex-2507-ball-valve-600lb-3-inch-flange-end\/","title":{"rendered":"Robinet cu bil\u0103 Duplex 2507, 600LB, 3 inch, cap\u0103t cu flan\u0219\u0103"},"content":{"rendered":"<p>Standard de proiectare \u0219i fabrica\u021bie: API 6D, API 608, BS 5351\/DIN3357\/JIS B2071<\/p>\n<p>Standard de presiune \u0219i temperatur\u0103: ASME B16.34\/DIN3230<\/p>\n<p>Standard de dimensiuni fa\u021b\u0103 \u00een fa\u021b\u0103: ASME B16.10\/DIN3202\/JIS B2002<\/p>\n<p>Standard de flan\u0219\u0103: ASME B16.5, ASME B16.47\/DIN2543-2545-2501\/JIS B2220<\/p>\n<p>Standard de testare \u0219i inspectare: API 598, API 6D\/DIN2401\/JIS B2003.<\/p>\n<p>Dimensiune: 1\/2\u201d-10\u201d(DN15~DN250)<\/p>\n<p>Presiune nominal\u0103: 150LB-600LB\/PN16~PN100\/10K~60K)<\/p>\n<p>Material: Duplex S31803\u3001Super Duplex S32750\u3001Super Duplex S327601A\u3001\u30012A\u30013A\u30014A\u30015A\u30016A\u30011B\u30011C,CD4MCu\u3001CD4MCuN\u3001CD3MCuMN\u3001CD3MCuMN\u3001CD3MCuMN\u3001CEMCuMN3\u3001CEMCuMN3\u3001CEMN3\u3001 CD3MWCuNF51\u3001F53\u3001F55\u3001F60<\/p>\n<p>Temperatura potrivit\u0103: -196\u00baC ~ 450\u00baC (temperatur\u0103 diferit\u0103 alege materiale diferite).<\/p>\n<p>Mediu potrivit: ap\u0103, abur, petrol \u0219i gaze naturale etc.<\/p>\n<h4>Caracteristicile produsului<\/h4>\n<p>1. Produsul este u\u0219or;<br \/>\n2. Rezisten\u021ba la curgere este mic\u0103;<br \/>\n3. Scaun de supap\u0103 de tip buz\u0103, u\u0219or pentru deschidere \u0219i \u00eenchidere;<br \/>\n4. F\u0103r\u0103 limitare a direc\u021biei fluxului;<br \/>\n5. Securitate la foc, design antistatic, tij\u0103 anti-explozie;<br \/>\n6. Se poate alege ambalajul cu arc;<br \/>\n7. Ambalajele cu emisii reduse pot fi alese conform cerin\u021belor ISO 15848;<br \/>\n8. Se poate alege un design extins de tij\u0103<br \/>\n9. Se pot alege scaun moale \u0219i scaun metal pe metal;<br \/>\n10. Se poate alege un design cu jachet\u0103.\uff1b<\/p>\n<p>Furnizor de robinete cu bil\u0103 Duplex 2507, fabric\u0103 de robinete cu bil\u0103 2507 de 600LB, robinet cu bil\u0103 2507 de 3 inch, robinet cu bil\u0103 2507 cu cap\u0103t de flan\u0219\u0103<\/p>","protected":false},"excerpt":{"rendered":"<p>Bil\u0103 plutitoare, orificiu complet sau orificiu redus.<br \/>\nsuport de montare ISO5211 pentru op\u021biune.<br \/>\nDesign tulpin\u0103 rezistent la explozie.<br \/>\nGarnitura scaunului PTFE\/RPTFE (materialul etan\u0219\u0103rii scaunului poate fi decis la cererea clientului sau \u00een func\u021bie de starea medie \u0219i temperatur\u0103 a supapei).<br \/>\nDesign antistatic \u0219i API 607 Fire Safe<br \/>\nDesign disponibil Func\u021bionare: roat\u0103 de m\u00e2n\u0103, roat\u0103 melc, actuator pneumatic \u0219i ac\u021bionare electric\u0103<\/p>","protected":false},"featured_media":18164,"template":"","meta":{"advanced_seo_description":"","jetpack_seo_html_title":"","jetpack_seo_noindex":false},"product_brand":[],"product_cat":[83],"product_tag":[437,436,435,181],"class_list":{"0":"post-18163","1":"product","2":"type-product","3":"status-publish","4":"has-post-thumbnail","6":"product_cat-ball-valves","7":"product_tag-3-inch-2507-ball-valve","8":"product_tag-600lb-2507-ball-valve-factory","9":"product_tag-duplex-2507-ball-valve-supplier","10":"product_tag-flange-end-2507-ball-valve","12":"first","13":"instock","14":"shipping-taxable","15":"product-type-simple"},"jetpack_sharing_enabled":true,"_links":{"self":[{"href":"https:\/\/oudianvalve.com\/ro\/wp-json\/wp\/v2\/product\/18163","targetHints":{"allow":["GET"]}}],"collection":[{"href":"https:\/\/oudianvalve.com\/ro\/wp-json\/wp\/v2\/product"}],"about":[{"href":"https:\/\/oudianvalve.com\/ro\/wp-json\/wp\/v2\/types\/product"}],"wp:featuredmedia":[{"embeddable":true,"href":"https:\/\/oudianvalve.com\/ro\/wp-json\/wp\/v2\/media\/18164"}],"wp:attachment":[{"href":"https:\/\/oudianvalve.com\/ro\/wp-json\/wp\/v2\/media?parent=18163"}],"wp:term":[{"taxonomy":"product_brand","embeddable":true,"href":"https:\/\/oudianvalve.com\/ro\/wp-json\/wp\/v2\/product_brand?post=18163"},{"taxonomy":"product_cat","embeddable":true,"href":"https:\/\/oudianvalve.com\/ro\/wp-json\/wp\/v2\/product_cat?post=18163"},{"taxonomy":"product_tag","embeddable":true,"href":"https:\/\/oudianvalve.com\/ro\/wp-json\/wp\/v2\/product_tag?post=18163"}],"curies":[{"name":"wp","href":"https:\/\/api.w.org\/{rel}","templated":true}]}}