{"id":18159,"date":"2023-06-30T02:44:01","date_gmt":"2023-06-30T02:44:01","guid":{"rendered":"https:\/\/oudianvalve.com\/?post_type=product&#038;p=18159"},"modified":"2023-06-30T02:44:02","modified_gmt":"2023-06-30T02:44:02","slug":"300lb-trunnion-mounted-ball-valve6-inch-cf8-rf-end","status":"publish","type":"product","link":"https:\/\/oudianvalve.com\/ro\/products\/ball-valves\/300lb-trunnion-mounted-ball-valve6-inch-cf8-rf-end\/","title":{"rendered":"Supap\u0103 cu bil\u0103 montat\u0103 pe trunion de 300 LB, 6 inch, CF8, cap\u0103t RF"},"content":{"rendered":"<p>Standard de proiectare: API 6D<br \/>\nProtec\u021bie \u00eempotriva incendiilor: API 607\/6FA<br \/>\nEvalu\u0103ri presiune-temperatura: ASME B16.34<br \/>\nInterval de dimensiuni: de la 2\u201d la 48\u201d<br \/>\nInterval de presiune: Clasa 150 p\u00e2n\u0103 la 2500<br \/>\nConexiuni la cap\u0103t: RF cu flan\u0219\u0103, RTJ, sudare cap la cap<br \/>\nTip bil\u0103: bil\u0103 solid\u0103 forjat\u0103, montat\u0103 pe trunion<br \/>\nDimensiuni de cap\u0103t cu flan\u0219\u0103: ASME B16.5 (\u226424\u201d), ASME B16.47 Seria A sau B (&gt;24\u201d)<br \/>\nDimensiuni cap\u0103t de sudare cap la cap: ASME B16.25 fa\u021b\u0103 \u00een fa\u021b\u0103<br \/>\nDimensiuni fa\u021b\u0103 \u00een fa\u021b\u0103: ASME B16.10<br \/>\nInspec\u021bie \u0219i testare: API 6D<br \/>\nMateriale caroserie: WCB, CF8, CF8M CF3M, 4A,5A,6A, C95800.<br \/>\nMateriale scaun: PTFE, RPTFE, DEVLON, NYLON, PEEK, metal complet cu fa\u021ba dur\u0103.<\/p>\n<p>&nbsp;<\/p>\n<p>Caracteristicile produsului<\/p>\n<p>.Rezisten\u021ba la curgere este mic\u0103;<br \/>\n2. Scaun piston, design de structur\u0103 anti-incendiu de protec\u021bie;<br \/>\n3. F\u0103r\u0103 limitare a direc\u021biei de curgere a mediului;<br \/>\n4. C\u00e2nd supapa este \u00een pozi\u021bie complet deschis\u0103, suprafe\u021bele scaunului sunt \u00een afara fluxului de curgere care \u00eentotdeauna \u00een contact complet cu poarta care poate proteja suprafe\u021bele scaunului \u0219i potrivite pentru conducta de porc;<br \/>\n5.Poate fi alese ambalajele cu prim\u0103var\u0103;<br \/>\n6. Ambalarea cu emisii sc\u0103zute poate fi aleas\u0103 \u00een conformitate cu cerin\u021bele ISO 15848;<br \/>\n7. Se poate alege un design extins cu tij\u0103;<br \/>\n8.Se poate alege designul scaunului din metal pe metal;<br \/>\n9.DBB\uff0cDIB-1\uff0cDesignul DIB-2 poate fi ales\uff1b<br \/>\n10.Mingea se fixeaz\u0103 cu o plac\u0103 de sprijin \u0219i un arbore fix;<\/p>\n<p>Supapele cu bil\u0103 este o supap\u0103 de tip un sfert de tur\u0103, elementul colsure este o bil\u0103 care se poate roti la 90 \u00b0. C\u00e2nd supapa este pozi\u021bionat\u0103 acolo unde orificiul este aliniat \u00een aceea\u0219i direc\u021bie cu conducta, supapa este deschis\u0103 \u0219i rotind bila cu 90 \u00b0, apoi supapa \u00eenchis\u0103. Exist\u0103 o tulpin\u0103 \u0219i un trunion pentru a fixa mingea, iar mingea nu se poate mi\u0219ca ca o supap\u0103 cu bil\u0103 plutitoare, a\u0219a-numita supap\u0103 cu bil\u0103 montat\u0103 pe trunion. \u00cen compara\u021bie cu supapele cu mai multe rota\u021bii, supapele cu bil\u0103 cu timp de deschidere \u0219i \u00eenchidere mai scurt, durat\u0103 de via\u021b\u0103 mai lung\u0103 \u0219i spa\u021biu mai pu\u021bin pentru instalare, precum \u0219i starea deschis\u0103 sau \u00eenchis\u0103 a supapei pot fi detectate cu u\u0219urin\u021b\u0103 prin pozi\u021bia m\u00e2nerului. Supapa cu bil\u0103 este utilizat\u0103 pe scar\u0103 larg\u0103 \u00een industria petrolului \u0219i gazelor, petrochimice, energetice \u0219i, de obicei, pentru aplicarea pornit-oprit, nu este potrivit\u0103 pentru controlul capacit\u0103\u021bii.<\/p>","protected":false},"excerpt":{"rendered":"<ul>\n<li>\u00cenchidere dubl\u0103 \u0219i s\u00e2ngerare<\/li>\n<li>Corp v\u0103rsat sau intrare lateral\u0103, corp 2 sau 3 buc<\/li>\n<li>Piston cu efect simplu sau piston cu efect dublu (DIB-1, DIB-2)<\/li>\n<li>Capot\u0103 cu \u0219uruburi<\/li>\n<li>Dispozitiv antistatic<\/li>\n<li>Tij\u0103 anti-explozie<\/li>\n<li>Seif la foc<\/li>\n<li>Self Cavitry Relife<\/li>\n<li>Injec\u021bie de etan\u0219ant<\/li>\n<\/ul>","protected":false},"featured_media":18160,"template":"","meta":{"advanced_seo_description":"","jetpack_seo_html_title":"","jetpack_seo_noindex":false},"product_brand":[],"product_cat":[83],"product_tag":[232,233,234,235],"class_list":{"0":"post-18159","1":"product","2":"type-product","3":"status-publish","4":"has-post-thumbnail","6":"product_cat-ball-valves","7":"product_tag-300lb-trunnion-mounted-ball-valve","8":"product_tag-6-inch-300lb-trunnion-mounted-ball-valve","9":"product_tag-cf8-300lb-trunnion-mounted-ball-valve","10":"product_tag-rf-end-300lb-trunnion-mounted-ball-valve","12":"first","13":"instock","14":"shipping-taxable","15":"product-type-simple"},"jetpack_sharing_enabled":true,"_links":{"self":[{"href":"https:\/\/oudianvalve.com\/ro\/wp-json\/wp\/v2\/product\/18159","targetHints":{"allow":["GET"]}}],"collection":[{"href":"https:\/\/oudianvalve.com\/ro\/wp-json\/wp\/v2\/product"}],"about":[{"href":"https:\/\/oudianvalve.com\/ro\/wp-json\/wp\/v2\/types\/product"}],"wp:featuredmedia":[{"embeddable":true,"href":"https:\/\/oudianvalve.com\/ro\/wp-json\/wp\/v2\/media\/18160"}],"wp:attachment":[{"href":"https:\/\/oudianvalve.com\/ro\/wp-json\/wp\/v2\/media?parent=18159"}],"wp:term":[{"taxonomy":"product_brand","embeddable":true,"href":"https:\/\/oudianvalve.com\/ro\/wp-json\/wp\/v2\/product_brand?post=18159"},{"taxonomy":"product_cat","embeddable":true,"href":"https:\/\/oudianvalve.com\/ro\/wp-json\/wp\/v2\/product_cat?post=18159"},{"taxonomy":"product_tag","embeddable":true,"href":"https:\/\/oudianvalve.com\/ro\/wp-json\/wp\/v2\/product_tag?post=18159"}],"curies":[{"name":"wp","href":"https:\/\/api.w.org\/{rel}","templated":true}]}}