{"id":18156,"date":"2023-06-21T07:01:40","date_gmt":"2023-06-21T07:01:40","guid":{"rendered":"https:\/\/oudianvalve.com\/?post_type=product&#038;p=18156"},"modified":"2023-06-21T07:01:41","modified_gmt":"2023-06-21T07:01:41","slug":"duplex-2205-y-filter-600lb-2-inch-rtj-end","status":"publish","type":"product","link":"https:\/\/oudianvalve.com\/ro\/products\/y-strainer\/duplex-2205-y-filter-600lb-2-inch-rtj-end\/","title":{"rendered":"Filtru Duplex 2205 Y, 600 LB, 2 inchi, Cap\u0103t RTJ"},"content":{"rendered":"<p>Standarde pentru sita de tip Y<br \/>\nProiectare \u0219i fabrica\u021bie: ASME B16.34<br \/>\nInterval de dimensiuni: DN15 p\u00e2n\u0103 la DN1200<br \/>\nInterval de presiune: PN 10 p\u00e2n\u0103 la PN160<br \/>\nInspec\u021bie \u0219i testare: API 598<br \/>\nDimensiunea flan\u0219ei de cap\u0103t: ASME B16.5, ASME B16.47 A<br \/>\nDimensiune final\u0103 BW: ASME B16.25<br \/>\nFa\u021b\u0103 \u00een fa\u021b\u0103 \u0219i cap\u0103t la cap\u0103t: ASME B16.10<br \/>\nEvalu\u0103ri presiune-temperatura: ASME B16.34<br \/>\nMaterial: ASTM A351 CF8, ASTM A351 CF8M, ASTM A351 CF3M, ASTM A351 CF8C<br \/>\nCN3MN, CK3MCUN, CN7M, ASTM A890 4A(CD3MN), ASTM A890 5A(CE3MN)<\/p>\n<p>Filtrele de tip Y sunt de obicei instalate la intrarea supapelor de reducere a presiunii, supapelor de siguran\u021b\u0103, supapelor de nivel constant al apei sau alte echipamente pentru a \u00eendep\u0103rta impurit\u0103\u021bile din mediu \u0219i pentru a proteja utilizarea normal\u0103 a supapelor \u0219i echipamentelor.<br \/>\nFiltrul de tip Y are caracteristicile unei structuri avansate, rezisten\u021b\u0103 sc\u0103zut\u0103 \u0219i desc\u0103rcare convenabil\u0103.<br \/>\nMediul potrivit pentru filtrele de tip Y poate fi apa sau gazul uleios.<br \/>\nFiltrul 2205 produs de Oudian Valve are \u00een general o plas\u0103 de ap\u0103 de 18-30 ochiuri, o plas\u0103 de ventila\u021bie de 10-100 ochiuri \u0219i o plas\u0103 de ulei de 100-480 ochiuri.<br \/>\nFiltrul de tip 2205 Y ar trebui s\u0103 fie compus dintr-un corp de supap\u0103, o sit\u0103 de filtru, un capac de flan\u0219\u0103 \u0219i elemente de fixare. Dup\u0103 ce lichidul intr\u0103 \u00een sita filtrului prin conduct\u0103, impurit\u0103\u021bile solide \u0219i particulele sunt blocate \u00een interiorul sit\u0103i filtrului, \u00een timp ce fluidul curat trece prin sita filtrului \u0219i este evacuat de la ie\u0219irea filtrului.<\/p>\n<p>Caracteristicile filtrului 2205 Y:<br \/>\n1. \u00cen compara\u021bie cu o\u021belul inoxidabil austenitic 316L \u0219i 317L, aliajul 2205 de o\u021bel inoxidabil duplex are performan\u021be superioare \u00een ceea ce prive\u0219te rezisten\u021ba la coroziune pe puncte \u0219i la coroziunea fisurilor. Are rezisten\u021b\u0103 ridicat\u0103 la coroziune, coeficient de dilatare termic\u0103 mai sc\u0103zut \u0219i conductivitate termic\u0103 mai mare \u00een compara\u021bie cu austenita.<br \/>\n2. \u00cen compara\u021bie cu o\u021belul inoxidabil austenitic, aliajul duplex din o\u021bel inoxidabil 2205 are o rezisten\u021b\u0103 de dou\u0103 ori mai mare la compresiune. \u00cen compara\u021bie cu 316L \u0219i 317L, designerii \u00eei pot reduce greutatea. Supapa cu poart\u0103 22052205 este potrivit\u0103 \u00een special pentru intervalul de temperatur\u0103 de -50 \u00b0 F\/+600 \u00b0 F \u0219i poate fi folosit\u0103 \u0219i la temperaturi mai sc\u0103zute, sub restric\u021bii stricte (\u00een special pentru structurile sudate). Compozitie chimica: C0.030 Mns2.00 Si1.00 p0.030 S0.020 Cr 22.0~23.0 Ni 4.5-6.5 M3.0 3.5 N0.140.20 (tip ferita austenita)<\/p>","protected":false},"excerpt":{"rendered":"<p>Sita super duplex din o\u021bel inoxidabil tip Y o\u021bel turnat 5A \/ 2205 cu flan\u0219\u0103 la Ansi CL600LB<\/p>\n<p>Aliajul de filtru de tip 2205 Y este un o\u021bel inoxidabil duplex compus din aliaje compozite de crom 21%, zinc 2,5% \u0219i aliaje compozite de nichel 4,5%. Are o rezisten\u021b\u0103 ridicat\u0103, o rezisten\u021b\u0103 bun\u0103 la impact \u0219i o bun\u0103 rezisten\u021b\u0103 general\u0103 \u0219i local\u0103 la coroziune la stres.<\/p>\n<p>Filtrul 2205 Y este un dispozitiv de filtrare indispensabil \u00een sistemul de conducte pentru transportul mediilor,<\/p>","protected":false},"featured_media":18157,"template":"","meta":{"advanced_seo_description":"","jetpack_seo_html_title":"","jetpack_seo_noindex":false},"product_brand":[],"product_cat":[84],"product_tag":[226,225,224,227],"class_list":{"0":"post-18156","1":"product","2":"type-product","3":"status-publish","4":"has-post-thumbnail","6":"product_cat-y-strainer","7":"product_tag-2-inch-duplex-2205-y-filter","8":"product_tag-600lb-duplex-2205-y-filter","9":"product_tag-duplex-2205-y-filter","10":"product_tag-rtj-duplex-2205-y-filter","12":"first","13":"instock","14":"shipping-taxable","15":"product-type-simple"},"jetpack_sharing_enabled":true,"_links":{"self":[{"href":"https:\/\/oudianvalve.com\/ro\/wp-json\/wp\/v2\/product\/18156","targetHints":{"allow":["GET"]}}],"collection":[{"href":"https:\/\/oudianvalve.com\/ro\/wp-json\/wp\/v2\/product"}],"about":[{"href":"https:\/\/oudianvalve.com\/ro\/wp-json\/wp\/v2\/types\/product"}],"wp:featuredmedia":[{"embeddable":true,"href":"https:\/\/oudianvalve.com\/ro\/wp-json\/wp\/v2\/media\/18157"}],"wp:attachment":[{"href":"https:\/\/oudianvalve.com\/ro\/wp-json\/wp\/v2\/media?parent=18156"}],"wp:term":[{"taxonomy":"product_brand","embeddable":true,"href":"https:\/\/oudianvalve.com\/ro\/wp-json\/wp\/v2\/product_brand?post=18156"},{"taxonomy":"product_cat","embeddable":true,"href":"https:\/\/oudianvalve.com\/ro\/wp-json\/wp\/v2\/product_cat?post=18156"},{"taxonomy":"product_tag","embeddable":true,"href":"https:\/\/oudianvalve.com\/ro\/wp-json\/wp\/v2\/product_tag?post=18156"}],"curies":[{"name":"wp","href":"https:\/\/api.w.org\/{rel}","templated":true}]}}