{"id":18152,"date":"2023-06-21T06:17:37","date_gmt":"2023-06-21T06:17:37","guid":{"rendered":"https:\/\/oudianvalve.com\/?post_type=product&#038;p=18152"},"modified":"2023-06-21T06:34:57","modified_gmt":"2023-06-21T06:34:57","slug":"din3352-non-rising-gate-valve-dn100-pn16-304","status":"publish","type":"product","link":"https:\/\/oudianvalve.com\/ro\/products\/gate-valves\/din3352-non-rising-gate-valve-dn100-pn16-304\/","title":{"rendered":"DIN3352 Supap\u0103 cu gur\u0103 care nu se ridic\u0103, DN100, PN16,304"},"content":{"rendered":"<p>Standard de proiectare: EN 10434\/DIN3352<br \/>\nInterval de dimensiuni: DN p\u00e2n\u0103 la DN1200<br \/>\nInterval de presiune: PN 10 p\u00e2n\u0103 la PN160<br \/>\nConexiuni la cap\u0103t: RF cu flan\u0219\u0103, RTJ, sudare cap la cap<br \/>\nDimensiuni cap\u0103t cu flan\u0219\u0103: EN 1092-1<br \/>\nDimensiuni fa\u021b\u0103 \u00een fa\u021b\u0103: EN 558-1<br \/>\nInspec\u021bie \u0219i testare: EN 12266-1<br \/>\nMateriale caroserie: ASTM A351 CF8, ASTM A351 CF8M, ASTM A351 CF3M, ASTM A351 CF8C<br \/>\nCN3MN, CK3MCUN, CN7M, ASTM A890 4A(CD3MN), ASTM A890 5A(CE3MN)<\/p>\n<p>O supap\u0103 cu tij\u0103 care nu se ridic\u0103 este un tip de supap\u0103 cu poart\u0103 \u00een care tija nu se mi\u0219c\u0103 \u00een sus \u0219i \u00een jos cu poarta \u00een timp ce se deschide \u0219i se \u00eenchide. \u00cen schimb, poarta se mi\u0219c\u0103 \u00eentr-o direc\u021bie paralel\u0103 cu axa tijei supapei. Acest design permite o \u00een\u0103l\u021bime de instalare mai mic\u0103 \u0219i reduce spa\u021biul necesar pentru func\u021bionare. Supapele cu tij\u0103 care nu se ridic\u0103 sunt utilizate \u00een mod obi\u0219nuit \u00een sistemele de conducte \u00eengropate sau subterane, deoarece sunt mai pu\u021bin susceptibile la deteriorarea din cauza mi\u0219c\u0103rii solului.<\/p>\n<p>Func\u021bionarea unei supape cu tij\u0103 care nu se ridic\u0103 este relativ simpl\u0103. Supapa const\u0103 dintr-o poart\u0103, care este o plac\u0103 plat\u0103 care se mi\u0219c\u0103 \u00eentr-o direc\u021bie paralel\u0103 cu axa tijei supapei \u0219i o tij\u0103 care nu se ridic\u0103, care este conectat\u0103 la poart\u0103 \u0219i r\u0103m\u00e2ne \u00eentr-o pozi\u021bie fix\u0103 pe m\u0103sur\u0103 ce poarta se deschide \u0219i se inchide. C\u00e2nd supapa este complet deschis\u0103, poarta este pozi\u021bionat\u0103 paralel cu fluxul de fluid, permi\u021b\u00e2nd fluxul neobstruc\u021bionat. Pentru a \u00eenchide supapa, operatorul rote\u0219te pur \u0219i simplu roata de m\u00e2n\u0103 \u00een direc\u021bia opus\u0103, determin\u00e2nd conexiunea filetat\u0103 s\u0103 mi\u0219te poarta \u00eenapoi \u00eentr-o pozi\u021bie perpendicular\u0103 \u0219i s\u0103 opreasc\u0103 curgerea fluidului.<\/p>\n<p>Designul tijei care nu se ridic\u0103 permite o \u00een\u0103l\u021bime mai mic\u0103 de instalare \u0219i reduce spa\u021biul necesar pentru func\u021bionare, f\u0103c\u00e2ndu-l o alegere popular\u0103 pentru sistemele de conducte \u00eengropate sau subterane.<\/p>\n<p>&nbsp;<\/p>\n<p>&nbsp;<\/p>\n<p>&nbsp;<\/p>","protected":false},"excerpt":{"rendered":"<p>Avantajele supapei cu tij\u0103 care nu se ridic\u0103<\/p>\n<p>Design cu alezaj complet<br \/>\nAuto-cur\u0103\u021bare \u0219i pierdere de presiune sc\u0103zut\u0103<br \/>\nTija rulat\u0103 asigur\u0103 margini netede ale firului \u0219i filet dublu<br \/>\nCuplu de operare redus<br \/>\nIndustrii ale supapelor cu gur\u0103 care nu se ridic\u0103:<\/p>","protected":false},"featured_media":18153,"template":"","meta":{"advanced_seo_description":"","jetpack_seo_html_title":"","jetpack_seo_noindex":false},"product_brand":[],"product_cat":[81],"product_tag":[219,216,217,218],"class_list":{"0":"post-18152","1":"product","2":"type-product","3":"status-publish","4":"has-post-thumbnail","6":"product_cat-gate-valves","7":"product_tag-304-din-non-rising-gate-valve","8":"product_tag-din-non-rising-gate-valve","9":"product_tag-dn100-din-non-rising-gate-valve","10":"product_tag-pn16-din-non-rising-gate-valve","12":"first","13":"instock","14":"shipping-taxable","15":"product-type-simple"},"jetpack_sharing_enabled":true,"_links":{"self":[{"href":"https:\/\/oudianvalve.com\/ro\/wp-json\/wp\/v2\/product\/18152","targetHints":{"allow":["GET"]}}],"collection":[{"href":"https:\/\/oudianvalve.com\/ro\/wp-json\/wp\/v2\/product"}],"about":[{"href":"https:\/\/oudianvalve.com\/ro\/wp-json\/wp\/v2\/types\/product"}],"wp:featuredmedia":[{"embeddable":true,"href":"https:\/\/oudianvalve.com\/ro\/wp-json\/wp\/v2\/media\/18153"}],"wp:attachment":[{"href":"https:\/\/oudianvalve.com\/ro\/wp-json\/wp\/v2\/media?parent=18152"}],"wp:term":[{"taxonomy":"product_brand","embeddable":true,"href":"https:\/\/oudianvalve.com\/ro\/wp-json\/wp\/v2\/product_brand?post=18152"},{"taxonomy":"product_cat","embeddable":true,"href":"https:\/\/oudianvalve.com\/ro\/wp-json\/wp\/v2\/product_cat?post=18152"},{"taxonomy":"product_tag","embeddable":true,"href":"https:\/\/oudianvalve.com\/ro\/wp-json\/wp\/v2\/product_tag?post=18152"}],"curies":[{"name":"wp","href":"https:\/\/api.w.org\/{rel}","templated":true}]}}