{"id":18137,"date":"2023-06-21T02:31:07","date_gmt":"2023-06-21T02:31:07","guid":{"rendered":"https:\/\/oudianvalve.com\/?post_type=product&#038;p=18137"},"modified":"2023-06-21T02:31:07","modified_gmt":"2023-06-21T02:31:07","slug":"317l-ball-valve-150lb-2-inch-flange-end","status":"publish","type":"product","link":"https:\/\/oudianvalve.com\/ro\/products\/ball-valves\/317l-ball-valve-150lb-2-inch-flange-end\/","title":{"rendered":"Supap\u0103 cu bil\u0103 317L, 150 LB, 2 inci, cap\u0103t cu flan\u0219\u0103"},"content":{"rendered":"<p>Standard de proiectare \u0219i fabrica\u021bie: API 6D, API 608, BS 5351\/DIN3357\/JIS B2071<\/p>\n<p>Standard de presiune \u0219i temperatur\u0103: ASME B16.34\/DIN3230<\/p>\n<p>Standard de dimensiuni fa\u021b\u0103 \u00een fa\u021b\u0103: ASME B16.10\/DIN3202\/JIS B2002<\/p>\n<p>Standard de flan\u0219\u0103: ASME B16.5, ASME B16.47\/DIN2543-2545-2501\/JIS B2220<\/p>\n<p>Standard de testare \u0219i inspectare: API 598, API 6D\/DIN2401\/JIS B2003.<\/p>\n<p>Dimensiune: 1\/2\u201d-10\u201d(DN15~DN250)<\/p>\n<p>Presiune nominal\u0103: 150LB-600LB\/PN16~PN100\/10K~60K)<\/p>\n<p>Materialul principal al supapei cu bil\u0103 din o\u021bel inoxidabil 317L:<br \/>\nCF8, CF3, CF8M, CF3M, CG8M, CG3M, CF8C, CK20304, 304, 316, 316L, 316Ti, 317, 317L, 310, 310S<br \/>\nF304, F304, F316, F316L, F316Ti, F317, F317L, F310, F310S.<\/p>\n<p>Aliajul 317L (00Cr19Ni13Mo3, UNS S31726) este un o\u021bel inoxidabil austenitic pe baz\u0103 de molibden. Are o rezisten\u021b\u0103 mai puternic\u0103 la coroziune chimic\u0103 \u00een compara\u021bie cu o\u021belul inoxidabil austenitic conven\u021bional cu crom nichel, cum ar fi aliajul 304. \u00cen plus, \u00een compara\u021bie cu o\u021belul inoxidabil conven\u021bional, aliajul 317L are o ductilitate mai mare, rezisten\u021b\u0103 la coroziune, rezisten\u021b\u0103 la compresiune \u0219i rezisten\u021b\u0103 la temperaturi \u00eenalte. Este de grad sc\u0103zut de carbon sau L, care are performan\u021b\u0103 anti-sensibilizare \u00een timpul sud\u0103rii \u0219i tratamentului termic.<br \/>\nO\u021belul 317L are o rezisten\u021b\u0103 bun\u0103 la ap\u0103 de mare \u0219i SCC \u00een compara\u021bie cu 316L \u0219i este utilizat \u00een nave chimice, produse chimice, reactoare \u0219i alte echipamente chimice care necesit\u0103 rezisten\u021b\u0103 ridicat\u0103 la coroziune.<br \/>\nSUS317L Compozi\u021bie chimic\u0103: carbon (C) \u2264 0,030, mangan (Mn) \u2264 2,00, nichel (Ni) 11,0-15,0, siliciu (Si) \u2264 1,00, fosfor (P) \u2264 0,045, sulf (S)0,03\u2264 crom (S) \u2264 1,00 ) 18,0-20,0, molibden (Mo) 3,0-4,0<\/p>\n<p>Supap\u0103 cu bil\u0103 din o\u021bel inoxidabil 317L:<br \/>\nRobinetul cu bil\u0103 din o\u021bel inoxidabil 3171 produs de compania noastr\u0103 poate fi \u00eemp\u0103r\u021bit \u00een principal \u00een dou\u0103 tipuri, \u00een func\u021bie de deschiderea diferit\u0103 a miezului cu bil\u0103: tip 0 \u0219i tip V. Tipul 0 adopt\u0103 un design cu principiu plutitor, iar componentele principale ale supapei sunt turnat prin turnare compozit\u0103. Capacul de inspec\u021bie al scaunului supapei este fabricat din politetrafluoretilen\u0103. Cavitatea general\u0103 a corpului supapei nu are contrac\u021bie, scurgere zero, for\u021b\u0103 pozitiv\u0103 sc\u0103zut\u0103, debit mare, cuplu mic, comutator care economise\u0219te for\u021ba de munc\u0103, structur\u0103 simpl\u0103 \u0219i \u00eentre\u021binere \u0219i dezasamblare convenabil\u0103 \u00een etapa ulterioar\u0103. Robinetele cu bil\u0103 din o\u021bel inoxidabil folosesc \u00een mare parte supape fixe, cu un port \u00een form\u0103 de V pe miezul cu bile, care joac\u0103 un rol \u00een caracteristicile fluxului de forfecare ale materialelor individuale, f\u0103c\u00e2nd aceast\u0103 supap\u0103 utilizat\u0103 pe scar\u0103 larg\u0103 \u00een condi\u021bii de lucru cu v\u00e2scozitate ridicat\u0103, particule mici sau bogate \u00een fibre, cu o bun\u0103 reglabilitate. Prin urmare, \u00een func\u021bie de diferite condi\u021bii de lucru, putem alege diferite robinete cu bil\u0103 pentru dvs. Pentru cei care doresc s\u0103 aib\u0103 func\u021bia de reglare a conductei, pot alege robinete cu bil\u0103 tip V. Pentru cei care au doar func\u021bie de t\u0103iere, pot alege robinete cu bil\u0103 de tip 0.<\/p>\n<p>Introducere \u00een o\u021belul inoxidabil 317L: clasele relevante ale o\u021belului inoxidabil 317L includ 22r19Ni13M03 \u0219i SUS37L. Are performan\u021be bune de sudare, rezisten\u021b\u0103 la coroziune \u0219i performan\u021b\u0103 de sudare. Ad\u0103ugarea de platin\u0103 aduce rezisten\u021b\u0103 la temperatur\u0103 ridicat\u0103, cu granule mici \u0219i granule mari, iar deformarea are loc \u00een cea mai mare parte la grani\u021bele granulelor. Prin urmare, are o rezisten\u021b\u0103 bun\u0103 la cre\u0219terea cerealelor \u0219i poate men\u021bine o dimensiune \u0219i o structur\u0103 a granulelor relativ stabile \u00een timpul utiliz\u0103rii pe termen lung, prevenind apari\u021bia fisurilor, \u00eembun\u0103t\u0103\u021bind stabilitatea \u0219i durata de via\u021b\u0103 a materialelor.<\/p>","protected":false},"excerpt":{"rendered":"<p>Supape cu bil\u0103 SS 317L, supape cu bil\u0103 ASTM A961 SS 317L, Furnizori de supape 317 din o\u021bel inoxidabil forjat din China.<\/p>\n<p>Bil\u0103 plutitoare, orificiu complet sau orificiu redus.<br \/>\nsuport de montare ISO5211 pentru op\u021biune.<br \/>\nDesign tulpin\u0103 rezistent la explozie.<br \/>\nGarnitura scaunului PTFE\/RPTFE (materialul etan\u0219\u0103rii scaunului poate fi decis la cererea clientului sau \u00een func\u021bie de starea medie \u0219i temperatur\u0103 a supapei).<br \/>\nDesign antistatic \u0219i API 607 Fire Safe<br \/>\nDesign disponibil Func\u021bionare: roat\u0103 de m\u00e2n\u0103, roat\u0103 melc, actuator pneumatic \u0219i actuator electric.<\/p>","protected":false},"featured_media":18138,"template":"","meta":{"advanced_seo_description":"","jetpack_seo_html_title":"","jetpack_seo_noindex":false},"product_brand":[],"product_cat":[83],"product_tag":[196,197,195,198],"class_list":{"0":"post-18137","1":"product","2":"type-product","3":"status-publish","4":"has-post-thumbnail","6":"product_cat-ball-valves","7":"product_tag-150lb-317l-ball-valve","8":"product_tag-2-inch-317l-ball-valve","9":"product_tag-317l-ball-valve","10":"product_tag-flange-end-317l-ball-valve","12":"first","13":"instock","14":"shipping-taxable","15":"product-type-simple"},"jetpack_sharing_enabled":true,"_links":{"self":[{"href":"https:\/\/oudianvalve.com\/ro\/wp-json\/wp\/v2\/product\/18137","targetHints":{"allow":["GET"]}}],"collection":[{"href":"https:\/\/oudianvalve.com\/ro\/wp-json\/wp\/v2\/product"}],"about":[{"href":"https:\/\/oudianvalve.com\/ro\/wp-json\/wp\/v2\/types\/product"}],"wp:featuredmedia":[{"embeddable":true,"href":"https:\/\/oudianvalve.com\/ro\/wp-json\/wp\/v2\/media\/18138"}],"wp:attachment":[{"href":"https:\/\/oudianvalve.com\/ro\/wp-json\/wp\/v2\/media?parent=18137"}],"wp:term":[{"taxonomy":"product_brand","embeddable":true,"href":"https:\/\/oudianvalve.com\/ro\/wp-json\/wp\/v2\/product_brand?post=18137"},{"taxonomy":"product_cat","embeddable":true,"href":"https:\/\/oudianvalve.com\/ro\/wp-json\/wp\/v2\/product_cat?post=18137"},{"taxonomy":"product_tag","embeddable":true,"href":"https:\/\/oudianvalve.com\/ro\/wp-json\/wp\/v2\/product_tag?post=18137"}],"curies":[{"name":"wp","href":"https:\/\/api.w.org\/{rel}","templated":true}]}}