{"id":18130,"date":"2023-06-21T01:23:56","date_gmt":"2023-06-21T01:23:56","guid":{"rendered":"https:\/\/oudianvalve.com\/?post_type=product&#038;p=18130"},"modified":"2023-06-21T01:28:42","modified_gmt":"2023-06-21T01:28:42","slug":"duplex-2205-ball-valve150lb6-inchflange-end","status":"publish","type":"product","link":"https:\/\/oudianvalve.com\/ro\/products\/ball-valves\/duplex-2205-ball-valve150lb6-inchflange-end\/","title":{"rendered":"Supap\u0103 cu bil\u0103 duplex 2205, 150 LB, 6 inci, cap\u0103t cu flan\u0219\u0103"},"content":{"rendered":"<p>Standard de proiectare \u0219i fabrica\u021bie: API 6D, API 608, BS 5351\/DIN3357\/JIS B2071<\/p>\n<p>Standard de presiune \u0219i temperatur\u0103: ASME B16.34\/DIN3230<\/p>\n<p>Standard de dimensiuni fa\u021b\u0103 \u00een fa\u021b\u0103: ASME B16.10\/DIN3202\/JIS B2002<\/p>\n<p>Standard de flan\u0219\u0103: ASME B16.5, ASME B16.47\/DIN2543-2545-2501\/JIS B2220<\/p>\n<p>Standard de testare \u0219i inspectare: API 598, API 6D\/DIN2401\/JIS B2003.<\/p>\n<p>Dimensiune: 1\/2\u201d-10\u201d(DN15~DN250)<\/p>\n<p>Presiune nominal\u0103: 150LB-600LB\/PN16~PN100\/10K~60K)<\/p>\n<p>Material: Duplex S31803\u3001Super Duplex S32750\u3001Super Duplex S327601A\u3001\u30012A\u30013A\u30014A\u30015A\u30016A\u30011B\u30011C,CD4MCu\u3001CD4MCuN\u3001CD3MCuMN\u3001CD3MCuMN\u3001CD3MCuMN\u3001CEMCuMN3\u3001CEMCuMN3\u3001CEMN3\u3001 CD3MWCuNF51\u3001F53\u3001F55\u3001F60<\/p>\n<p>Temperatura potrivit\u0103: -196\u00baC ~ 450\u00baC (temperatur\u0103 diferit\u0103 alege materiale diferite).<\/p>\n<p>Mediu potrivit: ap\u0103, abur, petrol \u0219i gaze naturale etc.<\/p>\n<p>Supapa cu bil\u0103 etan\u0219at\u0103 2205 adopt\u0103 o structur\u0103 excentric\u0103. \u00cen timpul procesului de \u00eenchidere, raportul de presiune de etan\u0219are dintre scaunul supapei \u0219i bil\u0103 cre\u0219te rapid, asigur\u00e2nd etan\u0219area fiabil\u0103 a perechii de etan\u0219are. C\u00e2nd supapa este deschis\u0103, scaunul supapei \u0219i bila se pot deta\u0219a rapid, reduc\u00e2nd eficient cuplul de operare \u0219i minimiz\u00e2nd posibilitatea controlului deterior\u0103rii \u00eentre suprafa\u021ba scaunului supapei \u0219i suprafa\u021ba sferic\u0103. Supapa cu bil\u0103 etan\u0219at\u0103 dur 2205 adopt\u0103 o structur\u0103 de \u00eenc\u0103rcare elastic\u0103, asigur\u00e2nd contactul \u00eentre suprafa\u021ba de etan\u0219are a suprafe\u021bei sferice \u0219i etan\u0219area scaunului larg \u00een condi\u021bii normale de \u00eenchidere. \u00cen condi\u021bii de temperatur\u0103 ridicat\u0103, poate compensa eficient expansiunea termic\u0103 a componentelor interne, poate evita blocajele cauzate de temperatur\u0103 ridicat\u0103 \u0219i este potrivit pentru aplica\u021bii la temperaturi \u00eenalte ale porturilor mici \u0219i mijlocii.<br \/>\nSuprafa\u021ba sferic\u0103 a supapei cu bil\u0103 etan\u0219at\u0103 dur 2205 adopt\u0103 un tratament special de \u00eent\u0103rire, iar scaunul supapei este realizat din materiale dure speciale sau materiale dure stivuite local pentru a asigura o diferen\u021b\u0103 de duritate adecvat\u0103 \u00eentre perechile de etan\u0219are. \u00cen plus fa\u021b\u0103 de tratamentul special de suprafa\u021b\u0103 pe suprafa\u021ba bilei \u0219i a scaunului supapei, supapa cu bil\u0103 etan\u0219at\u0103 tare 2205 utilizeaz\u0103 grafit flexibil, garnituri metalice, etc. \u00een alte materiale de etan\u0219are, f\u0103c\u00e2ndu-l potrivit pentru condi\u021bii de temperatur\u0103 ridicat\u0103 \u0219i presiune ridicat\u0103 \u0219i are un functie de ardere rezistenta la foc.<br \/>\nRobinetul cu bil\u0103 etan\u0219at dur 2205 are o rezisten\u021b\u0103 bun\u0103 la mediile care con\u021bin elemente CL, cum ar fi apa de mare, clorur\u0103, etc. Este un o\u021bel inoxidabil duplex compus din 22% crom, 2.5% \u0219i 4.5% aliaj de azot. Are o rezisten\u021b\u0103 ridicat\u0103, o rezisten\u021b\u0103 bun\u0103 la impact \u0219i o bun\u0103 rezisten\u021b\u0103 general\u0103 \u0219i local\u0103 la coroziune la stres.<\/p>\n<p>Supap\u0103 cu bil\u0103 Duplex 2205 Componente principale: 22C-5 3N-3 2M0-0 16N: Standarde na\u021bionale: NAS 329J3L UNS S32205S31803 DINEN 1 4462 ASTM A240 ASME SA-240; Propriet\u0103\u021bi mecanice: rezisten\u021b\u0103 la trac\u021biune: b2640Mpa; Rata de alungire: 225%; Condi\u021bii tipice de func\u021bionare: 20% acid diluat, sub 60, rata anual\u0103 de coroziune &lt;0,1 mm; Sarma de sudura suport: ER2209. Cs0.030 Mn&lt;2.00 Si1.00 ps0.030 SS0.020 r 22.0 23.0 Ni 4.5 6.5 M3.0~3.5 N0.140.20 (tip ferit\u0103 austenit\u0103)<\/p>\n<p>Supap\u0103 cu bil\u0103 duplex 2205<br \/>\nIntroducere date:<br \/>\nCunoscut\u0103 \u0219i sub denumirea de supap\u0103 cu bil\u0103 de material 4A, are o rezisten\u021b\u0103 excelent\u0103 la coroziune. Este un comutator manual, supap\u0103 cu bil\u0103 cu flan\u0219\u0103 plutitoare, PTFE etan\u0219at \u0219i fabricat din o\u021bel 2205 dubl\u0103 faz\u0103. Poate fi utilizat \u00een medii de solven\u021bi acizi, cu o presiune de PN16-25, un Class150LB~300LB \u0219i un diametru de DN15-DN100. Este folosit \u00een principal \u00een industria energetic\u0103, petrol, chimic\u0103, gaze \u0219i alte industrii<br \/>\nJoac\u0103 un rol \u00een t\u0103ierea \u0219i conectarea conductelor, iar debitul supapelor cu bil\u0103 este mare<\/p>\n<p>3, Caracteristicile supapei cu bil\u0103 Duplex 2205<br \/>\n1. Structur\u0103 simpl\u0103, greutate redus\u0103 \u0219i rezisten\u021b\u0103 sc\u0103zut\u0103 la curgere<br \/>\n2. Adoptarea materialelor de etan\u0219are din plastic industrial sau de etan\u0219are tare, cu performan\u021be bune de etan\u0219are.<br \/>\n3. Func\u021bionare simpl\u0103, deschidere \u0219i \u00eenchidere rapid\u0103 \u0219i durat\u0103 lung\u0103 de via\u021b\u0103<br \/>\n4. C\u00e2nd structura supapei cu bil\u0103 este complet deschis\u0103 sau complet \u00eenchis\u0103, scaunul supapei este etan\u0219at \u0219i izolat de mediu, f\u0103c\u00e2ndu-l mai pu\u021bin susceptibil la coroziune medie sau deteriorarea prin frecare.<br \/>\n5. Structur\u0103 de \u00eentoarcere cu arc, design rezonabil \u0219i caracter practic puternic.<\/p>\n<p>&nbsp;<\/p>","protected":false},"excerpt":{"rendered":"<p>Supapa cu bil\u0103 din o\u021bel inoxidabil duplex din aliaj 2205 are o rezisten\u021b\u0103 excelent\u0103 la fisurarea prin coroziune sub tensiune \u0219i o rezisten\u021b\u0103 util\u0103 la pitting. Are o limit\u0103 de curgere ridicat\u0103, care poate fi de obicei cu 25% \u2013 50% mai mare dec\u00e2t o\u021belul inoxidabil austenitic conven\u021bional.<\/p>\n<p>Bil\u0103 plutitoare, orificiu complet sau orificiu redus.<br \/>\nsuport de montare ISO5211 pentru op\u021biune.<br \/>\nDesign tulpin\u0103 rezistent la explozie.<br \/>\nGarnitura scaunului PTFE\/RPTFE (materialul etan\u0219\u0103rii scaunului poate fi decis la cererea clientului sau \u00een func\u021bie de starea medie \u0219i temperatur\u0103 a supapei).<br \/>\nDesign antistatic \u0219i API 607 Fire Safe<br \/>\nDesign disponibil Func\u021bionare: roat\u0103 de m\u00e2n\u0103, roat\u0103 melc, actuator pneumatic \u0219i actuator electric.<\/p>","protected":false},"featured_media":18131,"template":"","meta":{"advanced_seo_description":"","jetpack_seo_html_title":"","jetpack_seo_noindex":false},"product_brand":[],"product_cat":[83],"product_tag":[188,189,187,190],"class_list":{"0":"post-18130","1":"product","2":"type-product","3":"status-publish","4":"has-post-thumbnail","6":"product_cat-ball-valves","7":"product_tag-150lb-duplex-2205-ball-valve","8":"product_tag-6-inch-duplex-2205-ball-valve","9":"product_tag-duplex-2205-ball-valve","10":"product_tag-flange-end-duplex-2205-ball-valve","12":"first","13":"instock","14":"shipping-taxable","15":"product-type-simple"},"jetpack_sharing_enabled":true,"_links":{"self":[{"href":"https:\/\/oudianvalve.com\/ro\/wp-json\/wp\/v2\/product\/18130","targetHints":{"allow":["GET"]}}],"collection":[{"href":"https:\/\/oudianvalve.com\/ro\/wp-json\/wp\/v2\/product"}],"about":[{"href":"https:\/\/oudianvalve.com\/ro\/wp-json\/wp\/v2\/types\/product"}],"wp:featuredmedia":[{"embeddable":true,"href":"https:\/\/oudianvalve.com\/ro\/wp-json\/wp\/v2\/media\/18131"}],"wp:attachment":[{"href":"https:\/\/oudianvalve.com\/ro\/wp-json\/wp\/v2\/media?parent=18130"}],"wp:term":[{"taxonomy":"product_brand","embeddable":true,"href":"https:\/\/oudianvalve.com\/ro\/wp-json\/wp\/v2\/product_brand?post=18130"},{"taxonomy":"product_cat","embeddable":true,"href":"https:\/\/oudianvalve.com\/ro\/wp-json\/wp\/v2\/product_cat?post=18130"},{"taxonomy":"product_tag","embeddable":true,"href":"https:\/\/oudianvalve.com\/ro\/wp-json\/wp\/v2\/product_tag?post=18130"}],"curies":[{"name":"wp","href":"https:\/\/api.w.org\/{rel}","templated":true}]}}