{"id":18128,"date":"2023-06-21T01:01:55","date_gmt":"2023-06-21T01:01:55","guid":{"rendered":"https:\/\/oudianvalve.com\/?post_type=product&#038;p=18128"},"modified":"2023-06-21T01:01:55","modified_gmt":"2023-06-21T01:01:55","slug":"astm-a890-gr-ce3mn-ball-valve-50lb-1-inch-flange-end","status":"publish","type":"product","link":"https:\/\/oudianvalve.com\/ro\/products\/ball-valves\/astm-a890-gr-ce3mn-ball-valve-50lb-1-inch-flange-end\/","title":{"rendered":"Supap\u0103 cu bil\u0103 ASTM A890 GR.CE3MN, 150 LB, 1 inch, cap\u0103t cu flan\u0219\u0103"},"content":{"rendered":"<p>Standard de proiectare \u0219i fabrica\u021bie: API 6D, API 608, BS 5351\/DIN3357\/JIS B2071<\/p>\n<p>Standard de presiune \u0219i temperatur\u0103: ASME B16.34\/DIN3230<\/p>\n<p>Standard de dimensiuni fa\u021b\u0103 \u00een fa\u021b\u0103: ASME B16.10\/DIN3202\/JIS B2002<\/p>\n<p>Standard de flan\u0219\u0103: ASME B16.5, ASME B16.47\/DIN2543-2545-2501\/JIS B2220<\/p>\n<p>Standard de testare \u0219i inspectare: API 598, API 6D\/DIN2401\/JIS B2003.<\/p>\n<p>Dimensiune: 1\/2\u201d-10\u201d(DN15~DN250)<\/p>\n<p>Presiune nominal\u0103: 150LB-600LB\/PN16~PN100\/10K~60K)<\/p>\n<p>Material: Duplex S31803\u3001Super Duplex S32750\u3001Super Duplex S327601A\u3001\u30012A\u30013A\u30014A\u30015A\u30016A\u30011B\u30011C,CD4MCu\u3001CD4MCuN\u3001CD3MCuMN\u3001CD3MCuMN\u3001CD3MCuMN\u3001CEMCuMN3\u3001CEMCuMN3\u3001CEMN3\u3001 CD3MWCuNF51\u3001F53\u3001F55\u3001F60<\/p>\n<p>Temperatura potrivit\u0103: -196\u00baC ~ 450\u00baC (temperatur\u0103 diferit\u0103 alege materiale diferite).<\/p>\n<p>Mediu potrivit: ap\u0103, abur, petrol \u0219i gaze naturale etc.<\/p>\n<p>&nbsp;<\/p>\n<p>Componentele corpului supapei cu bil\u0103 CE3MN standard american \u0219i robinetele cu bil\u0103 duplex din o\u021bel inoxidabil sunt turnate integral folosind piese turnate precum o\u021bel duplex SAF2507 sau ASTMA995 GRAD 5ACE3MN sau sunt forjate integral folosind materiale forjate precum F50, F51, F53, F55, F60, \u0219i F61 de la ASTMA182 (Societatea American\u0103 pentru Testare \u0219i Materiale). Supapa cu bil\u0103 standard american\u0103 din o\u021bel duplex 5A este potrivit\u0103 \u00een special pentru medii medii, cum ar fi apa de mare, cu con\u021binut ridicat de ioni de clorur\u0103 \u0219i con\u021binut de sulfur\u0103, utilizat \u00een condi\u021bii relativ dure. O\u021belul super dubl\u0103 faz\u0103 5A combin\u0103 avantajele o\u021belului inoxidabil ferit\u0103 \u0219i austenitic, av\u00e2nd rezisten\u021b\u0103 mecanic\u0103 ridicat\u0103 \u0219i rezisten\u021b\u0103 excelent\u0103 la coroziune, precum \u0219i superplasticitate, tenacitate ridicat\u0103 \u0219i rezisten\u021b\u0103 ridicat\u0103. Nu este potrivit doar pentru utilizare \u00een medii periculoase \u00een care apar coroziune intergranular\u0103, coroziune \u00een cr\u0103p\u0103turi, coroziune prin pitting \u0219i fisurare prin coroziune sub tensiune, dar este \u0219i aplicat \u00een zone precum sistemele electrice de r\u0103cire cu ap\u0103 de mare pentru incendiu, petrol \u0219i gaz, petrochimic, chimic, fabricarea h\u00e2rtiei, \u0219i sisteme de ap\u0103 de mare \u00cen domeniile epur\u0103rii apelor uzate, navelor de transport chimic, conductelor de petrol \u0219i gaze \u0219i domenii conexe.<\/p>\n<p>Legat de materialul din o\u021bel cu faz\u0103 cu valv\u0103 cu bil\u0103 CE3MN:<br \/>\nNum\u0103r material: A890 5A (25Cr-7Ni Mo-N), standard: ASTM A890, alias: CE3MN\/J93404CE3MN, compozi\u021bie chimic\u0103: carbon C: 0,03; Siliciu Si: 1,00; Mn: 1,50: fosfor P:. 040 S: 0,040: Cr: 24,00-26,00: argint Mo: 4,00-5,00: nichel Ni: 6,00-8,00; Cu cupru: \u2013; Azot N: 0,10-0,30;<\/p>","protected":false},"excerpt":{"rendered":"<p>Bil\u0103 plutitoare, orificiu complet sau orificiu redus.<br \/>\nsuport de montare ISO5211 pentru op\u021biune.<br \/>\nDesign tulpin\u0103 rezistent la explozie.<br \/>\nGarnitura scaunului PTFE\/RPTFE (materialul etan\u0219\u0103rii scaunului poate fi decis la cererea clientului sau \u00een func\u021bie de starea medie \u0219i temperatur\u0103 a supapei).<br \/>\nDesign antistatic \u0219i API 607 Fire Safe<br \/>\nDesign disponibil Func\u021bionare: roat\u0103 de m\u00e2n\u0103, roat\u0103 melc, actuator pneumatic \u0219i actuator electric.<\/p>","protected":false},"featured_media":18129,"template":"","meta":{"advanced_seo_description":"","jetpack_seo_html_title":"","jetpack_seo_noindex":false},"product_brand":[],"product_cat":[83],"product_tag":[186,184,183,182,185],"class_list":{"0":"post-18128","1":"product","2":"type-product","3":"status-publish","4":"has-post-thumbnail","6":"product_cat-ball-valves","7":"product_tag-1-inch-a890-gr-ce3mn-ball-valve","8":"product_tag-150lb-5a-ball-valve","9":"product_tag-150lb-a890-gr-ce3mn-ball-valve","10":"product_tag-a890-gr-ce3mn-ball-valve","11":"product_tag-flange-end-a890-gr-ce3mn-ball-valve","13":"first","14":"instock","15":"shipping-taxable","16":"product-type-simple"},"jetpack_sharing_enabled":true,"_links":{"self":[{"href":"https:\/\/oudianvalve.com\/ro\/wp-json\/wp\/v2\/product\/18128","targetHints":{"allow":["GET"]}}],"collection":[{"href":"https:\/\/oudianvalve.com\/ro\/wp-json\/wp\/v2\/product"}],"about":[{"href":"https:\/\/oudianvalve.com\/ro\/wp-json\/wp\/v2\/types\/product"}],"wp:featuredmedia":[{"embeddable":true,"href":"https:\/\/oudianvalve.com\/ro\/wp-json\/wp\/v2\/media\/18129"}],"wp:attachment":[{"href":"https:\/\/oudianvalve.com\/ro\/wp-json\/wp\/v2\/media?parent=18128"}],"wp:term":[{"taxonomy":"product_brand","embeddable":true,"href":"https:\/\/oudianvalve.com\/ro\/wp-json\/wp\/v2\/product_brand?post=18128"},{"taxonomy":"product_cat","embeddable":true,"href":"https:\/\/oudianvalve.com\/ro\/wp-json\/wp\/v2\/product_cat?post=18128"},{"taxonomy":"product_tag","embeddable":true,"href":"https:\/\/oudianvalve.com\/ro\/wp-json\/wp\/v2\/product_tag?post=18128"}],"curies":[{"name":"wp","href":"https:\/\/api.w.org\/{rel}","templated":true}]}}