{"id":18120,"date":"2023-06-20T07:44:26","date_gmt":"2023-06-20T07:44:26","guid":{"rendered":"https:\/\/oudianvalve.com\/?post_type=product&#038;p=18120"},"modified":"2023-06-21T01:30:11","modified_gmt":"2023-06-21T01:30:11","slug":"duplex-2507-ball-valve-pn63-dn80-flange-end","status":"publish","type":"product","link":"https:\/\/oudianvalve.com\/ro\/products\/ball-valves\/duplex-2507-ball-valve-pn63-dn80-flange-end\/","title":{"rendered":"Supap\u0103 cu bil\u0103 duplex 2507, PN63, DN80, cap\u0103t cu flan\u0219\u0103"},"content":{"rendered":"<p>Standard de proiectare \u0219i fabrica\u021bie: API 6D, API 608, BS 5351\/DIN3357\/JIS B2071<\/p>\n<p>Standard de presiune \u0219i temperatur\u0103: ASME B16.34\/DIN3230<\/p>\n<p>Standard de dimensiuni fa\u021b\u0103 \u00een fa\u021b\u0103: ASME B16.10\/DIN3202\/JIS B2002<\/p>\n<p>Standard de flan\u0219\u0103: ASME B16.5, ASME B16.47\/DIN2543-2545-2501\/JIS B2220<\/p>\n<p>Standard de testare \u0219i inspectare: API 598, API 6D\/DIN2401\/JIS B2003.<\/p>\n<p>Dimensiune: 1\/2\u201d-10\u201d(DN15~DN250)<\/p>\n<p>Presiune nominal\u0103: 150LB-600LB\/PN16~PN100\/10K~60K)<\/p>\n<p>Material: Duplex S31803\u3001Super Duplex S32750\u3001Super Duplex S327601A\u3001\u30012A\u30013A\u30014A\u30015A\u30016A\u30011B\u30011C,CD4MCu\u3001CD4MCuN\u3001CD3MCuMN\u3001CD3MCuMN\u3001CD3MCuMN\u3001CEMCuMN3\u3001CEMCuMN3\u3001CEMN3\u3001 CD3MWCuNF51\u3001F53\u3001F55\u3001F60<\/p>\n<p>Temperatura potrivit\u0103: -196\u00baC ~ 450\u00baC (temperatur\u0103 diferit\u0103 alege materiale diferite).<\/p>\n<p>Mediu potrivit: ap\u0103, abur, petrol \u0219i gaze naturale etc.<\/p>\n<p>&nbsp;<\/p>\n<p>Introducerea produsului a supapei cu bil\u0103 Duplex 2507 cu etan\u0219are dur\u0103:<\/p>\n<p>Supapa cu bil\u0103 Duplex 2507 cu etan\u0219are tare adopt\u0103 o structur\u0103 de etan\u0219are cu bil\u0103 \u0219i metal pe metal \u0219i adopt\u0103 o structur\u0103 de etan\u0219are cu \u00eenc\u0103rcare elastic\u0103. \u00cen condi\u021bii normale de deschidere \u0219i \u00eenchidere, asigur\u0103 un contact eficient \u00eentre suprafa\u021ba de etan\u0219are a bilei \u0219i etan\u0219area scaunului supapei, dep\u0103\u0219ind limit\u0103rile de temperatur\u0103 sc\u0103zut\u0103 \u0219i utilizarea necorespunz\u0103toare a mediilor granulare \u00een supapele cu bil\u0103 etan\u0219ate moi. \u00cen condi\u021bii de temperatur\u0103 ridicat\u0103, poate preveni \u00een mod eficient blocarea componentelor interne din cauza expansiunii termice cauzate de temperatura ridicat\u0103. Supapa cu bil\u0103 etan\u0219at\u0103 dubl\u0103 din o\u021bel 2507 adopt\u0103 un comutator manual \u0219i poate fi, de asemenea, echipat\u0103 cu actuatoare pneumatice sau electrice pentru a realiza controlul de la distan\u021b\u0103 \u0219i deschiderea \u0219i \u00eenchiderea inteligent\u0103. Supapa cu bil\u0103 dubl\u0103 din o\u021bel 2507 cu etan\u0219are tare este etan\u0219at\u0103 cu o etan\u0219are unidirec\u021bional\u0103 \u0219i nu poate fi instalat\u0103 invers, conform direc\u021biei s\u0103ge\u021bii. Bila de etan\u0219are dur\u0103 din o\u021bel 2507 are o rezisten\u021b\u0103 excelent\u0103 la fisurarea coroziunii prin efort. \u00cen mediul care con\u021bine ioni de clorur\u0103, are o rezisten\u021b\u0103 mai puternic\u0103 la coroziune sub tensiune dec\u00e2t o\u021belul inoxidabil austenitic obi\u0219nuit. Prin urmare, este utilizat pe scar\u0103 larg\u0103 \u00een sistemele industriale care con\u021bin ioni CL, cum ar fi desalinizarea apei de mare, sistemul de ap\u0103 de mare, industria h\u00e2rtiei, sistemul de cistern\u0103 chimic\u0103 etc.<\/p>\n<p>Supap\u0103 cu bil\u0103 Duplex 2507 Supap\u0103 cu bil\u0103 etan\u0219at tare Componente principale:<br \/>\nC&lt;0,03, Si0,80, Mns1,2, Cr: 24-26, N: 6-8, S0,02, P0,035, Mo: 3-5, N: 0,24-0,32 6\/MPa: 800-1000 , 60,2\/MPa: 2550<br \/>\n65\/%: 225, Duritate (HV): 290<br \/>\nStandarde na\u021bionale ASTM\/ASMEA240 UNS S32750, EURONORM: 1.4410- X2 Cr Ni MoN 25.7.4, AFNOR: Z3 CN 25.06 AZ, DIN\/EN 1.4410<br \/>\nASME SA-240<\/p>","protected":false},"excerpt":{"rendered":"<p>Bil\u0103 plutitoare, orificiu complet sau orificiu redus.<br \/>\nsuport de montare ISO5211 pentru op\u021biune.<br \/>\nDesign tulpin\u0103 rezistent la explozie.<br \/>\nGarnitura scaunului PTFE\/RPTFE (materialul etan\u0219\u0103rii scaunului poate fi decis la cererea clientului sau \u00een func\u021bie de starea medie \u0219i temperatur\u0103 a supapei).<br \/>\nDesign antistatic \u0219i API 607 Fire Safe<br \/>\nDesign disponibil Func\u021bionare: roat\u0103 de m\u00e2n\u0103, roat\u0103 melc, actuator pneumatic \u0219i actuator electric.<\/p>","protected":false},"featured_media":18121,"template":"","meta":{"advanced_seo_description":"","jetpack_seo_html_title":"","jetpack_seo_noindex":false},"product_brand":[],"product_cat":[83],"product_tag":[180,178,181,179],"class_list":{"0":"post-18120","1":"product","2":"type-product","3":"status-publish","4":"has-post-thumbnail","6":"product_cat-ball-valves","7":"product_tag-dn80-2507-ball-valve","8":"product_tag-duplex-2507-ball-valve","9":"product_tag-flange-end-2507-ball-valve","10":"product_tag-pn63-2507-ball-valve","12":"first","13":"instock","14":"featured","15":"shipping-taxable","16":"product-type-simple"},"jetpack_sharing_enabled":true,"_links":{"self":[{"href":"https:\/\/oudianvalve.com\/ro\/wp-json\/wp\/v2\/product\/18120","targetHints":{"allow":["GET"]}}],"collection":[{"href":"https:\/\/oudianvalve.com\/ro\/wp-json\/wp\/v2\/product"}],"about":[{"href":"https:\/\/oudianvalve.com\/ro\/wp-json\/wp\/v2\/types\/product"}],"wp:featuredmedia":[{"embeddable":true,"href":"https:\/\/oudianvalve.com\/ro\/wp-json\/wp\/v2\/media\/18121"}],"wp:attachment":[{"href":"https:\/\/oudianvalve.com\/ro\/wp-json\/wp\/v2\/media?parent=18120"}],"wp:term":[{"taxonomy":"product_brand","embeddable":true,"href":"https:\/\/oudianvalve.com\/ro\/wp-json\/wp\/v2\/product_brand?post=18120"},{"taxonomy":"product_cat","embeddable":true,"href":"https:\/\/oudianvalve.com\/ro\/wp-json\/wp\/v2\/product_cat?post=18120"},{"taxonomy":"product_tag","embeddable":true,"href":"https:\/\/oudianvalve.com\/ro\/wp-json\/wp\/v2\/product_tag?post=18120"}],"curies":[{"name":"wp","href":"https:\/\/api.w.org\/{rel}","templated":true}]}}