{"id":18093,"date":"2023-06-20T04:43:49","date_gmt":"2023-06-20T04:43:49","guid":{"rendered":"https:\/\/oudianvalve.com\/?post_type=product&#038;p=18093"},"modified":"2023-06-20T04:43:50","modified_gmt":"2023-06-20T04:43:50","slug":"cast-steel-globe-valves-din-3356-dn100-pn25","status":"publish","type":"product","link":"https:\/\/oudianvalve.com\/ro\/products\/globe-valves\/cast-steel-globe-valves-din-3356-dn100-pn25\/","title":{"rendered":"Supape cu glob din o\u021bel turnat, DIN 3356, DN100, PN25"},"content":{"rendered":"<p>Standard de proiectare: DIN3356,EN13709<br \/>\nGama de dimensiuni: DN50 \u2013 DN400.<br \/>\nPresiune de proiectare: PN10 \u2013 PN420.<br \/>\nTemperatur\u0103 de proiectare: -196\u2103 \u2013 573\u2103.<br \/>\nMaterial: ASTM A216 WCB, ASTM A216 WCC, ASTM A217 WC6, ASTM A217 WC9, ASTM A217 C5, ASTM A217 C12A, ASTM A352 LCB, ASTM A352 LCC, ASTM A351 CF8, ASTM A351 A351, CF851, ASTM CF851 CN3MN, CK3MCUN, CN7M, ASTM A890 4A (CD3MN), ASTM A890 5A (CE3MN), ASTM A890 6A (CD3MWCuN), ASTM B148 C95800, ASTM B148 C95500.<br \/>\nCap\u0103t conexiune: DIN2543-2548 ,EN1092<br \/>\nStandard de testare: DIN3230,EN12266<br \/>\nFa\u021b\u0103 \u00een fa\u021b\u0103: DIN3202-F32,EN558<\/p>\n<p>Supapa cu glob DIN3356 este pentru t\u0103ierea \u0219i conectarea conductelor medii care sunt utilizate pe scar\u0103 larg\u0103 \u00een diverse industrii precum petrol, industria chimic\u0103, farmacie, \u00eengr\u0103\u0219\u0103minte chimice, industria energetic\u0103 etc. Presiunea nominal\u0103 este PN1. 6~16MPa \u0219i temperatura de lucru \u00eentre -110~600\u00b0C.<\/p>","protected":false},"excerpt":{"rendered":"<p>Supap\u0103 cu glob din o\u021bel turnat DIN 3356 oferit\u0103 \u00een model drept, model Y, capot\u0103 cu \u0219uruburi \u0219i design de capot\u0103 sudat\u0103 \u00eentr-o gam\u0103 larg\u0103 de carbon, o\u021bel inoxidabil, o\u021bel inoxidabil duplex, aliaj \u0219i alte materiale speciale.<\/p>","protected":false},"featured_media":18094,"template":"","meta":{"advanced_seo_description":"","jetpack_seo_html_title":"","jetpack_seo_noindex":false},"product_brand":[],"product_cat":[80],"product_tag":[170,173,171,172,174],"class_list":{"0":"post-18093","1":"product","2":"type-product","3":"status-publish","4":"has-post-thumbnail","6":"product_cat-globe-valves","7":"product_tag-din-globe-valves-manufacturer","8":"product_tag-dn-100-cast-steel-globe-valves","9":"product_tag-en13709-din3356-globe-valves-supplier","10":"product_tag-gs-c25-1-0619-1-4408-1-4403","11":"product_tag-pn25-cast-steel-globe-valves","13":"first","14":"instock","15":"shipping-taxable","16":"product-type-simple"},"jetpack_sharing_enabled":true,"_links":{"self":[{"href":"https:\/\/oudianvalve.com\/ro\/wp-json\/wp\/v2\/product\/18093","targetHints":{"allow":["GET"]}}],"collection":[{"href":"https:\/\/oudianvalve.com\/ro\/wp-json\/wp\/v2\/product"}],"about":[{"href":"https:\/\/oudianvalve.com\/ro\/wp-json\/wp\/v2\/types\/product"}],"wp:featuredmedia":[{"embeddable":true,"href":"https:\/\/oudianvalve.com\/ro\/wp-json\/wp\/v2\/media\/18094"}],"wp:attachment":[{"href":"https:\/\/oudianvalve.com\/ro\/wp-json\/wp\/v2\/media?parent=18093"}],"wp:term":[{"taxonomy":"product_brand","embeddable":true,"href":"https:\/\/oudianvalve.com\/ro\/wp-json\/wp\/v2\/product_brand?post=18093"},{"taxonomy":"product_cat","embeddable":true,"href":"https:\/\/oudianvalve.com\/ro\/wp-json\/wp\/v2\/product_cat?post=18093"},{"taxonomy":"product_tag","embeddable":true,"href":"https:\/\/oudianvalve.com\/ro\/wp-json\/wp\/v2\/product_tag?post=18093"}],"curies":[{"name":"wp","href":"https:\/\/api.w.org\/{rel}","templated":true}]}}