{"id":18084,"date":"2023-06-20T02:23:39","date_gmt":"2023-06-20T02:23:39","guid":{"rendered":"https:\/\/oudianvalve.com\/?post_type=product&#038;p=18084"},"modified":"2023-06-20T02:23:40","modified_gmt":"2023-06-20T02:23:40","slug":"600lb-y-type-globe-valve-wcb-4-inch-gear-box","status":"publish","type":"product","link":"https:\/\/oudianvalve.com\/ro\/products\/globe-valves\/600lb-y-type-globe-valve-wcb-4-inch-gear-box\/","title":{"rendered":"Supap\u0103 cu glob tip Y de 600 LB, WCB, 4 inch, cutie de viteze"},"content":{"rendered":"<p>Standard de proiectare: API 623-2013<br \/>\nEvalu\u0103ri presiune-temperatura: ASME B16.34<br \/>\nInterval de dimensiuni: 2\u201d la 28\u201d<br \/>\nInterval de presiune: Clasa 150 p\u00e2n\u0103 la 2500<br \/>\nConexiuni la cap\u0103t: RF cu flan\u0219\u0103, RTJ, sudare cap la cap<br \/>\nDimensiuni de cap\u0103t cu flan\u0219\u0103: ASME B16.5 (\u226424\u201d), ASME B16.47 Seria A sau B (&gt;24\u201d)<br \/>\nDimensiuni cap\u0103t de sudare cap la cap: ASME B16.25 fa\u021b\u0103 \u00een fa\u021b\u0103<br \/>\nDimensiuni fa\u021b\u0103 \u00een fa\u021b\u0103: ASME B16.10<br \/>\nInspec\u021bie \u0219i testare: API 598<br \/>\nMateriale caroserie: WCB, WCC, LCB, LCC, WC6, WC9, CF8, CF3, CF3M, CF8M, A995 4A, 5A, 6A, C95800, INCONEL 625, INCONEL 825, Hastelloy C, MONEL.<br \/>\nMateriale de t\u0103iere: 1#, 5#, 8#, 10#, 12#, 16#<br \/>\nMateriale de ambalare: grafit, grafit cu fir inconel, PTFE<\/p>\n<p>&nbsp;<\/p>\n<p>Supapa cu glob de tip Y este potrivit\u0103 pentru t\u0103ierea sau conectarea mediului pe conducte cu o presiune nominal\u0103 de 150LB-2500LB \u0219i o temperatur\u0103 de lucru de -29~550 \u2103 \u00een diferite condi\u021bii de lucru, cum ar fi industria petrolier\u0103, chimic\u0103, farmaceutic\u0103, \u00eengr\u0103\u0219\u0103minte \u0219i energie. Mediile aplicabile includ ap\u0103, ulei, abur, medii acide etc. Metodele de operare includ manuale, pneumatice \u0219i electrice.<\/p>","protected":false},"excerpt":{"rendered":"<p>Supapa cu glob de tip Y are o structur\u0103 rezonabil\u0103, etan\u0219are fiabil\u0103, performan\u021b\u0103 excelent\u0103, aspect frumos \u0219i fabrica\u021bie \u0219i \u00eentre\u021binere convenabile;<br \/>\nCursa de lucru mica si timp scurt de deschidere si inchidere.<br \/>\nSuprafa\u021ba de etan\u0219are este sudat\u0103 cu aliaj dur Stellite, care este rezistent la uzur\u0103, rezistent la coroziune \u0219i are o bun\u0103 rezisten\u021b\u0103 la frecare \u0219i o durat\u0103 lung\u0103 de via\u021b\u0103<\/p>","protected":false},"featured_media":18085,"template":"","meta":{"advanced_seo_description":"","jetpack_seo_html_title":"","jetpack_seo_noindex":false},"product_brand":[],"product_cat":[80],"product_tag":[154,152,155,153],"class_list":{"0":"post-18084","1":"product","2":"type-product","3":"status-publish","4":"has-post-thumbnail","6":"product_cat-globe-valves","7":"product_tag-4-inch-600lb-y-type-globe-valve","8":"product_tag-600lb-y-type-globe-valve","9":"product_tag-gear-box-600lb-y-type-globe-valve","10":"product_tag-wcb-y-type-globe-valve","12":"first","13":"instock","14":"shipping-taxable","15":"product-type-simple"},"jetpack_sharing_enabled":true,"_links":{"self":[{"href":"https:\/\/oudianvalve.com\/ro\/wp-json\/wp\/v2\/product\/18084","targetHints":{"allow":["GET"]}}],"collection":[{"href":"https:\/\/oudianvalve.com\/ro\/wp-json\/wp\/v2\/product"}],"about":[{"href":"https:\/\/oudianvalve.com\/ro\/wp-json\/wp\/v2\/types\/product"}],"wp:featuredmedia":[{"embeddable":true,"href":"https:\/\/oudianvalve.com\/ro\/wp-json\/wp\/v2\/media\/18085"}],"wp:attachment":[{"href":"https:\/\/oudianvalve.com\/ro\/wp-json\/wp\/v2\/media?parent=18084"}],"wp:term":[{"taxonomy":"product_brand","embeddable":true,"href":"https:\/\/oudianvalve.com\/ro\/wp-json\/wp\/v2\/product_brand?post=18084"},{"taxonomy":"product_cat","embeddable":true,"href":"https:\/\/oudianvalve.com\/ro\/wp-json\/wp\/v2\/product_cat?post=18084"},{"taxonomy":"product_tag","embeddable":true,"href":"https:\/\/oudianvalve.com\/ro\/wp-json\/wp\/v2\/product_tag?post=18084"}],"curies":[{"name":"wp","href":"https:\/\/api.w.org\/{rel}","templated":true}]}}