{"id":18081,"date":"2023-06-20T02:06:19","date_gmt":"2023-06-20T02:06:19","guid":{"rendered":"https:\/\/oudianvalve.com\/?post_type=product&#038;p=18081"},"modified":"2023-06-20T02:08:51","modified_gmt":"2023-06-20T02:08:51","slug":"din3356-angle-globe-valve-pn16-dn80","status":"publish","type":"product","link":"https:\/\/oudianvalve.com\/ro\/products\/globe-valves\/din3356-angle-globe-valve-pn16-dn80\/","title":{"rendered":"DIN3356 Supap\u0103 unghiular\u0103, PN16, DN80"},"content":{"rendered":"<p>Standard de proiectare: DIN3356,EN13709<br \/>\nGama de dimensiuni: DN50 \u2013 DN400.<br \/>\nPresiune de proiectare: PN10 \u2013 PN40.<br \/>\nTemperatur\u0103 de proiectare: -196\u2103 \u2013 573\u2103.<br \/>\nMaterial: ASTM A216 WCB, ASTM A216 WCC, ASTM A217 WC6, ASTM A217 WC9, ASTM A217 C5, ASTM A217 C12A, ASTM A352 LCB, ASTM A352 LCC, ASTM A351 CF8, ASTM A351 A351, CF851, ASTM CF851 CN3MN, CK3MCUN, CN7M, ASTM A890 4A (CD3MN), ASTM A890 5A (CE3MN), ASTM A890 6A (CD3MWCuN), ASTM B148 C95800, ASTM B148 C95500.<br \/>\nCap\u0103t conexiune: DIN2543-2548 ,EN1092<br \/>\nStandard de testare: DIN3230,EN12266<br \/>\nFa\u021b\u0103 \u00een fa\u021b\u0103: DIN3202-F32,EN558<\/p>\n<p>Supapa cu glob unghiular este o versiune modificat\u0103 a supapei cu glob drept, cu capetele la un unghi de 90\u00b0. Este proiectat pentru a sus\u021bine fluxul de fluid \u00een conducte la un unghi de 90\u00b0 \u0219i, astfel, genereaz\u0103 c\u0103dere de presiune sc\u0103zut\u0103. Este ideal pentru reglarea diferitelor categorii de fluide\u3002partea de deschidere \u0219i \u00eenchidere a unei supape cu glob unghiular este un disc de supap\u0103 \u00een form\u0103 de dop, cu o suprafa\u021b\u0103 de etan\u0219are plan\u0103 sau conic\u0103. Discul supapei se deplaseaz\u0103 \u00een linie dreapt\u0103 de-a lungul liniei centrale a fluidului. Forma de mi\u0219care a tijei supapei poate fi fie tipul tijei de ridicare (cu tija supapei ridicat\u0103 \u0219i roata de m\u00e2n\u0103 nu se ridic\u0103), fie tipul tijei rotative de ridicare (cu roata de m\u00e2n\u0103 rotit\u0103 \u0219i ridicarea tijei supapei \u0219i piuli\u021ba instalat\u0103 pe corpul supapei). )<\/p>\n<p>Principalele avantaje ale produsului:<br \/>\n1. Discul supapei adopt\u0103 un design conic, cu suprafa\u021ba de etan\u0219are \u0219i mediu \u00eentr-o form\u0103 simplificat\u0103, performan\u021b\u0103 bun\u0103 de etan\u0219are \u0219i durat\u0103 de via\u021b\u0103 mai lung\u0103;<br \/>\n2. Modularea tijei supapei \u0219i tratarea de nitrurare a suprafe\u021bei, cu rezisten\u021b\u0103 bun\u0103 la coroziune \u0219i frecare;<br \/>\n3. Roat\u0103 de m\u00e2n\u0103 proiectat\u0103 ergonomic, cu durat\u0103 de via\u021b\u0103 mai lung\u0103, func\u021bionare u\u0219oar\u0103 \u0219i convenabil\u0103 \u0219i mai sigur\u0103 \u0219i mai fiabil\u0103;<br \/>\n4. Structur\u0103 rezonabil\u0103, etan\u0219are fiabil\u0103 \u0219i aspect frumos;<br \/>\nAplica\u021bii: industria petrolier\u0103, chimic\u0103, farmaceutic\u0103, \u00eengr\u0103\u0219\u0103minte, energie \u0219i alte industrii.<br \/>\nPresiune aplicabil\u0103: PN1.6~4.0Mpa<br \/>\nTemperatura aplicabila: -20 \u2103 ~ 350 \u2103<\/p>\n<p>Supapele cu glob unghiular pot fi utilizate \u00een conducte pentru benzin\u0103, minerale, farmaceutice, \u00eengr\u0103\u0219\u0103minte, energie electric\u0103, ma\u0219ini de reciclare, sisteme de alimentare cu gaz, sisteme de r\u0103cire \u0219i congelare, sisteme de abur pentru cazane \u0219i sisteme de ulei fierbinte \u0219i alte industrii. Poate fi folosit pentru a rupe sau a lega mediul conductei \u00een diferite condi\u021bii de lucru, de la presiuni nominale de 150LB la 2500LB \u0219i temperaturi de lucru de la -40 la 500\u00b0C.<\/p>\n<ul>\n<li>Sunt potrivite pentru conductele care nu au cerin\u021be stricte de rezisten\u021b\u0103 la fluide, adic\u0103 pierderea de presiune.<\/li>\n<li>Aceste supape vin \u00eentr-o dimensiune practic\u0103 limit\u0103 de NPS 12 (DN 300). Vanele mai mari dec\u00e2t NPS 12 (DN 300) sunt rareori utilizate. Cu toate acestea, au fost fabricate \u0219i utilizate dimensiuni p\u00e2n\u0103 la NPS 48 (DN 1200).<\/li>\n<li>Diferen\u021ba de presiune pe discul supapei nu trebuie s\u0103 dep\u0103\u0219easc\u0103 20% din presiunea maxim\u0103 din amonte sau 200 psi (1380 kPa), oricare dintre acestea este mai mic\u0103.<\/li>\n<li>Aceste supape pot fi luate \u00een considerare pentru echipamentele sau conductele cu fluid de curgere la temperatur\u0103 \u00eenalt\u0103 \u0219i presiune \u00eenalt\u0103, \u0219i conductele cu medii de abur \u0219i DN&lt;200mm.<\/li>\n<li>Aceste supape sunt instalate \u00een general pentru aplica\u021bii cu temperatur\u0103 sc\u0103zut\u0103 \u0219i presiune joas\u0103, astfel \u00eenc\u00e2t presiunea s\u0103 fie sub disc.<\/li>\n<li>Pentru aplica\u021bii cu temperatur\u0103 ridicat\u0103 \u0219i presiune \u00eenalt\u0103, cum ar fi aburul, supapele sunt instalate astfel \u00eenc\u00e2t presiunea s\u0103 fie deasupra discului.<\/li>\n<li>Aceste supape pot fi utilizate pentru aplica\u021bii mici ca supape pentru instrumente, prelevare de probe, manometru etc.<\/li>\n<li>Pentru mediile extrem de toxice, ar trebui utilizate supape cu garnituri de burduf.<\/li>\n<\/ul>","protected":false},"excerpt":{"rendered":"<p>OS&amp;Y, capot\u0103 cu \u0219uruburi, tij\u0103 \u00een sus<br \/>\nCurs\u0103 scurt\u0103 pentru deschidere\/\u00eenchidere u\u0219oar\u0103<br \/>\nPentru dimensiuni mari \u0219i presiune mare: con de relief = bypass intern<br \/>\nEtan\u0219area discului poate fi: etan\u0219are plat\u0103, con de accelera\u021bie = disc de reglare<br \/>\nScaunul corpului poate fi un scaun filetat sau un scaun sudat<\/p>","protected":false},"featured_media":18083,"template":"","meta":{"advanced_seo_description":"","jetpack_seo_html_title":"","jetpack_seo_noindex":false},"product_brand":[],"product_cat":[80],"product_tag":[147,148,149,150,151],"class_list":{"0":"post-18081","1":"product","2":"type-product","3":"status-publish","4":"has-post-thumbnail","6":"product_cat-globe-valves","7":"product_tag-angle-globe-valve","8":"product_tag-din-angle-globe-valve","9":"product_tag-din3202-f32-angle-globe-valve","10":"product_tag-din3356-angle-globe-valves","11":"product_tag-en-globe-valves","13":"first","14":"instock","15":"featured","16":"shipping-taxable","17":"product-type-simple"},"jetpack_sharing_enabled":true,"_links":{"self":[{"href":"https:\/\/oudianvalve.com\/ro\/wp-json\/wp\/v2\/product\/18081","targetHints":{"allow":["GET"]}}],"collection":[{"href":"https:\/\/oudianvalve.com\/ro\/wp-json\/wp\/v2\/product"}],"about":[{"href":"https:\/\/oudianvalve.com\/ro\/wp-json\/wp\/v2\/types\/product"}],"wp:featuredmedia":[{"embeddable":true,"href":"https:\/\/oudianvalve.com\/ro\/wp-json\/wp\/v2\/media\/18083"}],"wp:attachment":[{"href":"https:\/\/oudianvalve.com\/ro\/wp-json\/wp\/v2\/media?parent=18081"}],"wp:term":[{"taxonomy":"product_brand","embeddable":true,"href":"https:\/\/oudianvalve.com\/ro\/wp-json\/wp\/v2\/product_brand?post=18081"},{"taxonomy":"product_cat","embeddable":true,"href":"https:\/\/oudianvalve.com\/ro\/wp-json\/wp\/v2\/product_cat?post=18081"},{"taxonomy":"product_tag","embeddable":true,"href":"https:\/\/oudianvalve.com\/ro\/wp-json\/wp\/v2\/product_tag?post=18081"}],"curies":[{"name":"wp","href":"https:\/\/api.w.org\/{rel}","templated":true}]}}