{"id":18079,"date":"2023-06-20T01:40:46","date_gmt":"2023-06-20T01:40:46","guid":{"rendered":"https:\/\/oudianvalve.com\/?post_type=product&#038;p=18079"},"modified":"2023-06-20T02:08:50","modified_gmt":"2023-06-20T02:08:50","slug":"pressure-seal-bonnet-swing-check-valve-a216-wcb-6-in-cl1500","status":"publish","type":"product","link":"https:\/\/oudianvalve.com\/ro\/products\/check-valves\/pressure-seal-bonnet-swing-check-valve-a216-wcb-6-in-cl1500\/","title":{"rendered":"Supap\u0103 de re\u021binere a capotei cu etan\u0219are de presiune, A216 WCB, 6 IN CL1500"},"content":{"rendered":"<p>Standard de proiectare: Standard de proiectare: API 600, ASME B16.34\/E101<br \/>\nTip produs: Supap\u0103 cu poart\u0103.<br \/>\nGama de dimensiuni: NPS 2 \u2013 60 inch, DN50 \u2013 DN1500.<br \/>\nPresiune de proiectare: Clasa 150 \u2013 2500 LB, PN10 \u2013 PN420.<br \/>\nTemperatur\u0103 de proiectare: -196\u2103 \u2013 573\u2103.<br \/>\nMaterial: ASTM A216 WCB, ASTM A216 WCC, ASTM A217 WC6, ASTM A217 WC9, ASTM A217 C5, ASTM A217 C12A, ASTM A352 LCB, ASTM A352 LCC, ASTM A351 CF8, ASTM A351 A351, CF851, ASTM CF851 CN3MN, CK3MCUN, CN7M, ASTM A890 4A (CD3MN), ASTM A890 5A (CE3MN), ASTM A890 6A (CD3MWCuN), ASTM B148 C95800, ASTM B148 C95500.<br \/>\nCap\u0103t de conectare: seria ASME B16.5, ASME B16.25, EN1092.<br \/>\nFunc\u021bionare: roat\u0103 de m\u00e2n\u0103, cutie de viteze, electric\u0103.<br \/>\nAplica\u021bie: energie electric\u0103, rafinare a petrolului, inginerie petrochimic\u0103, petrol offshore, inginerie chimic\u0103.<\/p>\n<p>Prezentarea produsului:<\/p>\n<p>\u021aevile de ramificare a supapei de re\u021binere a capotei cu etan\u0219are la presiune sunt structuri sudate, iar canelura sudat\u0103 poate fi realizat\u0103 conform standardelor sau cerin\u021belor utilizatorului. Are avantaje precum rezisten\u021ba la uzur\u0103, rezisten\u021ba la temperaturi ridicate, rezisten\u021ba la coroziune, rezisten\u021ba la zg\u00e2rieturi \u0219i durata de via\u021b\u0103 lung\u0103. Este aplicabil la conductele de ap\u0103 la temperatur\u0103 \u00eenalt\u0103 \u0219i de \u00eenalt\u0103 presiune, abur, produse petroliere \u0219i abur supra\u00eenc\u0103lzit \u00een centrale termice, petrochimie, metalurgie \u0219i alte centrale termice cu presiune de lucru de Clss 15002500 \u0219i temperatur\u0103 de lucru de -29 ~ 570 \u2103, ca dispozitiv pentru a preveni refluxul media.<\/p>\n<p>Caracteristicile produsului:<\/p>\n<p>1. Proiectarea \u0219i fabricarea produsului sunt \u00een conformitate cu standardele ANSI B16.34 \u0219i E101 \u0219i pot fi echipate cu echipamente importate pentru utilizare. 2. Adopt\u00e2nd o structur\u0103 de auto-etan\u0219are sub presiune, etan\u0219area este fiabil\u0103 \u0219i potrivit\u0103 pentru condi\u021bii de lucru cu presiune ultra-\u00eenalt\u0103 \u0219i temperatur\u0103 ridicat\u0103.<br \/>\n3. Suprafe\u021bele de etan\u0219are ale discului supapei \u0219i ale scaunului supapei sunt realizate din sudare acoperit\u0103 din aliaj dur pe baz\u0103 de Stellite cobalt, care este rezistent\u0103 la uzur\u0103, rezistent\u0103 la temperaturi ridicate, cu o bun\u0103 rezisten\u021b\u0103 la zg\u00e2rieturi \u0219i o durat\u0103 lung\u0103 de via\u021b\u0103.<br \/>\n4. Discul supapei de balansare se \u00eenchide singur baz\u00e2ndu-se pe propria greutate \u0219i pe for\u021ba medie.<br \/>\n5. Discul supapei se rote\u0219te \u00een jurul axei \u0219tiftului \u00een afara scaunului supapei pentru a reduce impactul violent \u00een timpul \u00eenchiderii. 6. Structura \u00eencorporat\u0103 a arborelui \u0219tiftului reduce punctele de scurgere externe \u0219i o face mai fiabil\u0103 \u00een utilizare.<\/p>\n<p>&nbsp;<\/p>","protected":false},"excerpt":{"rendered":"<p>Capota de etan\u0219are de presiune<br \/>\nGarnitura capotei s\u0103 fie etan\u0219are metalic\u0103, inel RTJ \u2013 SS 304 pentru un serviciu \u00eendelungat<br \/>\nInteriorul arborelui\/ exteriorul arborelui<br \/>\n\u00cen exteriorul arborelui: poate fi montat p\u00e2rghie + contragreutate + amortizor<br \/>\nDimensiunile mari ale supapei de re\u021binere ar putea fi montate pe cilindru hidraulic de amortizare<\/p>","protected":false},"featured_media":18080,"template":"","meta":{"advanced_seo_description":"","jetpack_seo_html_title":"","jetpack_seo_noindex":false},"product_brand":[],"product_cat":[82],"product_tag":[145,143,144,142,146],"class_list":{"0":"post-18079","1":"product","2":"type-product","3":"status-publish","4":"has-post-thumbnail","6":"product_cat-check-valves","7":"product_tag-6-inch-swing-check-valv","8":"product_tag-a216-wcb-swing-check-valve","9":"product_tag-cl1500-swing-check-valv","10":"product_tag-pressure-seal-bonnet-swing-check-valve","11":"product_tag-rtj-flange-swing-check-valve","13":"first","14":"instock","15":"featured","16":"shipping-taxable","17":"product-type-simple"},"jetpack_sharing_enabled":true,"_links":{"self":[{"href":"https:\/\/oudianvalve.com\/ro\/wp-json\/wp\/v2\/product\/18079","targetHints":{"allow":["GET"]}}],"collection":[{"href":"https:\/\/oudianvalve.com\/ro\/wp-json\/wp\/v2\/product"}],"about":[{"href":"https:\/\/oudianvalve.com\/ro\/wp-json\/wp\/v2\/types\/product"}],"wp:featuredmedia":[{"embeddable":true,"href":"https:\/\/oudianvalve.com\/ro\/wp-json\/wp\/v2\/media\/18080"}],"wp:attachment":[{"href":"https:\/\/oudianvalve.com\/ro\/wp-json\/wp\/v2\/media?parent=18079"}],"wp:term":[{"taxonomy":"product_brand","embeddable":true,"href":"https:\/\/oudianvalve.com\/ro\/wp-json\/wp\/v2\/product_brand?post=18079"},{"taxonomy":"product_cat","embeddable":true,"href":"https:\/\/oudianvalve.com\/ro\/wp-json\/wp\/v2\/product_cat?post=18079"},{"taxonomy":"product_tag","embeddable":true,"href":"https:\/\/oudianvalve.com\/ro\/wp-json\/wp\/v2\/product_tag?post=18079"}],"curies":[{"name":"wp","href":"https:\/\/api.w.org\/{rel}","templated":true}]}}