{"id":18077,"date":"2023-06-20T01:29:02","date_gmt":"2023-06-20T01:29:02","guid":{"rendered":"https:\/\/oudianvalve.com\/?post_type=product&#038;p=18077"},"modified":"2023-06-20T02:08:49","modified_gmt":"2023-06-20T02:08:49","slug":"api-600-astm-a217-c12a-gate-valve-psb-8-inch-1500-lb","status":"publish","type":"product","link":"https:\/\/oudianvalve.com\/ro\/products\/gate-valves\/api-600-astm-a217-c12a-gate-valve-psb-8-inch-1500-lb\/","title":{"rendered":"Supap\u0103 cu poart\u0103 API 600 ASTM A217 C12A, PSB, 8 inchi, 1500 LB"},"content":{"rendered":"<p>Standard de proiectare: Standard de proiectare: API 600, ASME B16.34\/E101<br \/>\nTip produs: Supap\u0103 cu poart\u0103.<br \/>\nGama de dimensiuni: NPS 2 \u2013 60 inch, DN50 \u2013 DN1500.<br \/>\nPresiune de proiectare: Clasa 150 \u2013 2500 LB, PN10 \u2013 PN420.<br \/>\nTemperatur\u0103 de proiectare: -196\u2103 \u2013 573\u2103.<br \/>\nMaterial: ASTM A216 WCB, ASTM A216 WCC, ASTM A217 WC6, ASTM A217 WC9, ASTM A217 C5, ASTM A217 C12A, ASTM A352 LCB, ASTM A352 LCC, ASTM A351 CF8, ASTM A351 A351, CF851, ASTM CF851 CN3MN, CK3MCUN, CN7M, ASTM A890 4A (CD3MN), ASTM A890 5A (CE3MN), ASTM A890 6A (CD3MWCuN), ASTM B148 C95800, ASTM B148 C95500.<br \/>\nCap\u0103t de conectare: seria ASME B16.5, ASME B16.25, EN1092.<br \/>\nFunc\u021bionare: roat\u0103 de m\u00e2n\u0103, cutie de viteze, electric\u0103.<br \/>\nAplica\u021bie: energie electric\u0103, rafinare a petrolului, inginerie petrochimic\u0103, petrol offshore, inginerie chimic\u0103.<\/p>\n<p>Introducere<\/p>\n<p>\u00cen compara\u021bie cu alte produse cu supape, robinetul de \u00eenalt\u0103 presiune al centralei electrice se caracterizeaz\u0103 prin temperatur\u0103 ridicat\u0103 \u0219i presiune \u00eenalt\u0103, design unic cu autoetan\u0219are, cu c\u00e2t presiunea este mai mare, cu at\u00e2t etan\u0219area este mai fiabil\u0103. Datorita performantelor deosebite, caracteristicilor tehnice si conditiilor de lucru, produsul a format caracteristici pe care alte produse nu le pot inlocui. Supapele cu poart\u0103 de \u00eenalt\u0103 temperatur\u0103 \u0219i presiune \u00eenalt\u0103 sunt utilizate \u00een principal \u00een conductele diferitelor sisteme din centralele termice pentru a \u00eentrerupe sau conecta mediile de conduct\u0103.<\/p>\n<p>Caracteristici structurale<\/p>\n<p>1. Supapele cu poart\u0103 de \u00eenalt\u0103 temperatur\u0103 \u0219i presiune \u00eenalt\u0103 pentru centrala electric\u0103 adopt\u0103 un canal de curgere avansat \u0219i o alt\u0103 structur\u0103 direct\u0103, care reduce foarte mult coeficientul de rezisten\u021b\u0103 la curgere \u0219i pierderea de energie \u0219i \u00eembun\u0103t\u0103\u021be\u0219te semnificativ durata de via\u021b\u0103 \u0219i performan\u021ba supapei.<\/p>\n<p>2. Cavitatea mijlocie a supapei adopt\u0103 o structur\u0103 de etan\u0219are cu auto-str\u00e2ngere la presiune, cu performan\u021be bune de etan\u0219are. Ambele capete ale conductei de ramifica\u021bie sunt structuri sudate.<\/p>\n<p>3. Suprafa\u021ba de etan\u0219are a pl\u0103cii supapei \u0219i a scaunului supapei este realizat\u0103 din aliaj dur pe baz\u0103 de stellit cobalt, care are o bun\u0103 rezisten\u021b\u0103 la uzur\u0103, rezisten\u021b\u0103 la temperaturi ridicate, rezisten\u021b\u0103 la coroziune \u0219i rezisten\u021b\u0103 la zg\u00e2rieturi.<\/p>\n<p>4. Dup\u0103 c\u0103lire \u0219i revenire \u0219i nitrurare a suprafe\u021bei, tija supapei are o bun\u0103 rezisten\u021b\u0103 la coroziune \u0219i rezisten\u021b\u0103 la zg\u00e2rieturi.<\/p>\n<p>5. Structura pieselor de deschidere \u0219i de \u00eenchidere poate fi proiectat\u0103 \u00eentr-o singur\u0103 pan\u0103, pan\u0103 dubl\u0103, pan\u0103 dubl\u0103 paralel\u0103 \u0219i alte forme \u00een func\u021bie de cerin\u021bele utilizatorului.<\/p>","protected":false},"excerpt":{"rendered":"<p>\u00b7 Capot\u0103 cu \u0219uruburi sau capot\u0103 cu etan\u0219are sub presiune.<br \/>\n\u00b7 Pan\u0103 flexibil\u0103, pasaj complet.<br \/>\n\u00b7 Pentru tipul de capot\u0103 cu etan\u0219are sub presiune:<br \/>\nGarnitura capotei trebuie s\u0103 fie de etan\u0219are metalic\u0103, inel RTJ \u2013 SS 304 pentru utilizare \u00eendelungat\u0103.<br \/>\nTija filetat\u0103 nu intr\u0103 \u00een contact cu mediul pentru a evita posibilitatea coroziunii.<\/p>\n<p>&nbsp;<\/p>","protected":false},"featured_media":18078,"template":"","meta":{"advanced_seo_description":"","jetpack_seo_html_title":"","jetpack_seo_noindex":false},"product_brand":[],"product_cat":[81],"product_tag":[94,139,141,140],"class_list":{"0":"post-18077","1":"product","2":"type-product","3":"status-publish","4":"has-post-thumbnail","6":"product_cat-gate-valves","7":"product_tag-8-inch-gate-valve","8":"product_tag-a217-c12a-gate-valve","9":"product_tag-api-600-astm-a217-c12a-gate-valve","10":"product_tag-psb-1500lb-gate-valve","12":"first","13":"instock","14":"featured","15":"shipping-taxable","16":"product-type-simple"},"jetpack_sharing_enabled":true,"_links":{"self":[{"href":"https:\/\/oudianvalve.com\/ro\/wp-json\/wp\/v2\/product\/18077","targetHints":{"allow":["GET"]}}],"collection":[{"href":"https:\/\/oudianvalve.com\/ro\/wp-json\/wp\/v2\/product"}],"about":[{"href":"https:\/\/oudianvalve.com\/ro\/wp-json\/wp\/v2\/types\/product"}],"wp:featuredmedia":[{"embeddable":true,"href":"https:\/\/oudianvalve.com\/ro\/wp-json\/wp\/v2\/media\/18078"}],"wp:attachment":[{"href":"https:\/\/oudianvalve.com\/ro\/wp-json\/wp\/v2\/media?parent=18077"}],"wp:term":[{"taxonomy":"product_brand","embeddable":true,"href":"https:\/\/oudianvalve.com\/ro\/wp-json\/wp\/v2\/product_brand?post=18077"},{"taxonomy":"product_cat","embeddable":true,"href":"https:\/\/oudianvalve.com\/ro\/wp-json\/wp\/v2\/product_cat?post=18077"},{"taxonomy":"product_tag","embeddable":true,"href":"https:\/\/oudianvalve.com\/ro\/wp-json\/wp\/v2\/product_tag?post=18077"}],"curies":[{"name":"wp","href":"https:\/\/api.w.org\/{rel}","templated":true}]}}