{"id":18075,"date":"2023-06-20T01:17:25","date_gmt":"2023-06-20T01:17:25","guid":{"rendered":"https:\/\/oudianvalve.com\/?post_type=product&#038;p=18075"},"modified":"2023-06-20T02:08:49","modified_gmt":"2023-06-20T02:08:49","slug":"900lb-16inch-pressure-seal-gate-valve","status":"publish","type":"product","link":"https:\/\/oudianvalve.com\/ro\/products\/gate-valves\/900lb-16inch-pressure-seal-gate-valve\/","title":{"rendered":"Supap\u0103 de etan\u0219are cu presiune de 900LB, 16 inch"},"content":{"rendered":"<p>Standard de proiectare: API 600\/E101<br \/>\nEvalu\u0103ri presiune-temperatura: ASME B16.34<br \/>\nInterval de dimensiuni: de la 2\u201d la 48\u201d<br \/>\nInterval de presiune: Clasa 150 p\u00e2n\u0103 la 2500<br \/>\nConexiuni la cap\u0103t: RF cu flan\u0219\u0103, RTJ, sudare cap la cap<br \/>\nDimensiuni de cap\u0103t cu flan\u0219\u0103: ASME B16.5 (\u226424\u201d), ASME B16.47 Seria A sau B (&gt;24\u201d)<br \/>\nDimensiuni cap\u0103t de sudare cap la cap: ASME B16.25 fa\u021b\u0103 \u00een fa\u021b\u0103<br \/>\nDimensiuni fa\u021b\u0103 \u00een fa\u021b\u0103: ASME B16.10<br \/>\nInspec\u021bie \u0219i testare: API 598<br \/>\nMateriale caroserie: WCB, CF8, CF3, CF3M, CF8M, A995 4A, 5A, 6A, C95800, INCONEL 625, INCONEL 825, MONEL, WC6, WC9.<br \/>\nMateriale de t\u0103iere: 1#, 5#, 8#, 10#, 12#, 16#<br \/>\nMateriale de ambalare: grafit, grafit cu s\u00e2rm\u0103 inconel<\/p>\n<p>&nbsp;<\/p>\n<p>CORP &amp; CAPOC\u0102<br \/>\nDesignul caroseriei \u0219i al capotei este calculat pentru a ob\u021bine cea mai regulat\u0103 distribu\u021bie a stresului \u00een toate direc\u021biile, precum \u0219i<br \/>\nturbulen\u021be minime \u0219i rezisten\u021b\u0103 la curgere. Capotele supapelor sunt echipate cu o buc\u0219\u0103 pentru bancheta din spate. Jugul este turnat integral<br \/>\nClasele de presiune 150 \u0219i 300 p\u00e2n\u0103 la 12&quot; \u0219i p\u00e2n\u0103 la 10&quot; pe clasa 600 \u0219i evalu\u0103ri superioare.<\/p>\n<p>POART\u0102<br \/>\nToate por\u021bile sunt complet ghidate c\u0103tre scaune. \u00cen mod standard, supapele noastre sunt furnizate cu o poart\u0103 flexibil\u0103 solid\u0103 care are o cruce \u00een H conic\u0103.<br \/>\nsec\u021biune. Pena flexibil\u0103 este turnat\u0103 sau prelucrat\u0103 cu o canelur\u0103 circumferen\u021bial\u0103 pentru a permite suprafe\u021belor de \u0219edere s\u0103 se mi\u0219te independent<br \/>\n\u0219i se adapteaz\u0103 la mi\u0219carea scaunelor corpului. Acest design este benefic acolo unde este probabil\u0103 sarcina de linie sau expansiunea termic\u0103 a sistemului<br \/>\npentru a distorsiona fa\u021ba scaunului din supap\u0103. Acest design de poart\u0103 este ideal pentru abur sau alte servicii de temperatur\u0103 ridicat\u0103 \u0219i este<br \/>\ndeosebit de util pentru a preveni lipirea acolo unde supapele sunt \u00eenchise la cald \u0219i deschise la rece.<\/p>\n<p>INEL DE SCAZ<br \/>\nInelele de scaun sunt proiectate pentru a reduce \u0219i\/sau a preveni \u00een mare m\u0103sur\u0103 orice turbulen\u021b\u0103 \u0219i pentru a evita daunele cauzate de coroziune. Scaunul sun\u0103<br \/>\nsunt forjate sau laminate \u00eentr-o singur\u0103 bucat\u0103 \u0219i apoi sigila\u021bi sudate \u0219i suprapuse, dac\u0103 este necesar. Dup\u0103 sudare \u0219i toate tratamentele termice necesare,<br \/>\nFe\u021bele inelului scaunului sunt prelucrate, cur\u0103\u021bate temeinic \u0219i inspectate \u00eenainte de a pleca pentru asamblare.<\/p>\n<p>STEM<br \/>\nConexiunea tijei la poarta este un design cu cap T care este integral (fara sudura) cu tija. Precizia \u00een<br \/>\ndimensiunile \u0219i finisajele asigur\u0103 o durat\u0103 lung\u0103 de via\u021b\u0103 cu o etan\u0219eitate perfect\u0103 \u00een zona de ambalare, rezult\u00e2nd emisii fugitive mai mici. The<br \/>\nconexiunea tulpin\u0103 la poart\u0103 este conceput\u0103 pentru<br \/>\n\u00eempiedic\u0103 rotirea sau decuplarea tijei din pan\u0103 \u00een timp ce supapa este \u00een func\u021biune. Prin calcule \u0219i extreme<br \/>\nla testare, puterea conexiunii tij\u0103-poart\u0103 s-a dovedit a dep\u0103\u0219i rezisten\u021ba tijei la r\u0103d\u0103cina func\u021bion\u0103rii sale<br \/>\nfir.<\/p>\n<p>Prezentarea produsului<br \/>\nSupapa cu poart\u0103 sudat\u0103 standard american de \u00eenalt\u0103 temperatur\u0103 \u0219i presiune este un tip importat care urmeaz\u0103 standardele ANSIB16.34 \u0219i USL1E101. Partea din mijloc adopt\u0103 un tip de autostr\u00e2ngere la presiune f\u0103r\u0103 capac de supap\u0103, care are performan\u021be bune de etan\u0219are \u00een condi\u021bii de temperatur\u0103 \u0219i presiune ridicat\u0103. Exist\u0103 dou\u0103 materiale pentru inelele de autoetan\u0219are, unul este o\u021bel cu con\u021binut sc\u0103zut de carbon, iar cel\u0103lalt este s\u00e2rm\u0103 flexibil\u0103 de grafit 316 (plas\u0103). Stratul superior al suprafe\u021bei de etan\u0219are este sudat cu un aliaj dur pe baz\u0103 de foraj, iar stratul de metal pur prelucrat este \u2265 3 mm, care are avantaje precum rezisten\u021ba la uzur\u0103, rezisten\u021ba la temperaturi ridicate, rezisten\u021ba la coroziune, rezisten\u021ba la zg\u00e2rieturi \u0219i durata de via\u021b\u0103 lung\u0103. Cele dou\u0103 capete ale conductei de ramifica\u021bie sunt structuri sudate, iar canelura de sudur\u0103 poate fi realizat\u0103 conform standardelor sau cerin\u021belor utilizatorului. Supapa este potrivit\u0103 pentru conducte de ap\u0103, abur, produse petroliere \u0219i abur supra\u00eenc\u0103lzit cu temperatur\u0103 \u0219i presiune ridicat\u0103 \u00een centrale termice, industria petrochimic\u0103, metalurgie etc.<\/p>\n<p>caracteristicile produsului<br \/>\n1. Carcasa adopt\u0103 dou\u0103 op\u021biuni de proces: forjare \u0219i turnare, cu aspect neted \u0219i organizare uniform\u0103, \u00eendeplinind cerin\u021bele de temperatur\u0103 ridicat\u0103 \u0219i presiune \u00eenalt\u0103; Putem furniza o serie complet\u0103 de robinete de o\u021bel forjat \u00een func\u021bie de nevoile utilizatorului; 2. \u00cemperecherea materialelor speciale asigur\u0103 duritate ridicat\u0103 \u0219i duritate slab\u0103 a suprafe\u021bei de etan\u0219are; Slefuire de precizie, finisaj ca oglinda, rezistent la uzura si coroziune, prelungind eficient durata de viata;<br \/>\n3. Designul de etan\u0219are din spate protejeaz\u0103 eficient umplutura de etan\u0219are \u0219i previne scurgerile \u0219i scurgerile;<br \/>\n4. Teste multiple, cum ar fi rezisten\u021ba la ap\u0103 la presiune \u00eenalt\u0103, rezisten\u021ba la gaz la presiune \u00eenalt\u0103, testarea nedistructiv\u0103 etc., control\u00e2nd \u00een mod cuprinz\u0103tor calitatea pieselor care poart\u0103 presiunea;<br \/>\n5. Suprafa\u021ba tijei supapei a suferit un tratament de \u0219lefuire \u0219i \u00eent\u0103rire de precizie, care este rezistent la zg\u00e2rieturi \u0219i coroziune, reduc\u00e2nd eficient cuplul de deschidere \u0219i \u00eenchidere \u0219i u\u0219ur\u00e2nd operarea;<br \/>\n6. Adopt\u00e2nd un design special al structurii de ambalare rezistente la coroziune, este rezistent la temperatur\u0103 \u0219i presiune, non-coroziv, auto-lubrifiant, reduc\u00e2nd frecarea de deschidere \u0219i \u00eenchidere, evit\u00e2nd coroziunea pe suprafa\u021ba tijei supapei \u0219i evit\u00e2nd astfel scurgerile externe; 7. Designul de etan\u0219are cu presiune bidirec\u021bional\u0103 \u00eendepline\u0219te cerin\u021bele stricte ale diferitelor condi\u021bii speciale de lucru.<\/p>\n<p>Supapele de \u00eenalt\u0103 temperatur\u0103 \u0219i presiune \u00eenalt\u0103 pentru centrale electrice, cunoscute \u0219i sub denumirea de supape specializate pentru centrale electrice, sunt potrivite \u00een principal pentru t\u0103ierea sau conectarea mediilor de conducte pe diferite sisteme din centralele termice. Medii aplicabile: Medii necorozive, cum ar fi apa \u0219i aburul. Caracteristicile supapelor centralei electrice \u00een compara\u021bie cu alte produse cu supape sunt temperaturi \u0219i presiune ridicate, design unic de autoetan\u0219are \u0219i cu c\u00e2t presiunea este mai mare, cu at\u00e2t etan\u0219area este mai fiabil\u0103. Datorit\u0103 caracteristicilor unice ale tehnologiei de performan\u021b\u0103 \u0219i condi\u021biilor de lucru, produsul a format \u0219i caracteristici care nu pot fi \u00eenlocuite cu alte produse. Acest tip de supap\u0103 trebuie instalat \u00een general orizontal \u00een conducte<\/p>","protected":false},"excerpt":{"rendered":"<p>Design complet portului<br \/>\nOl&amp;Y, \u0219urub \u0219i jug exterior<br \/>\nPSB, capot\u0103 de etan\u0219are la presiune<br \/>\nPan\u0103 flexibil\u0103, complet ghidat\u0103<br \/>\nAlegere pan\u0103 solid\u0103 sau despicat\u0103<br \/>\nInele de scaun regenerabile<br \/>\nTija forjat\u0103 cu cap \u00een T<br \/>\nTij\u0103 \u00een sus \u0219i roat\u0103 de m\u00e2n\u0103 care nu se ridic\u0103<br \/>\nCapetele cu flan\u0219e sau sudate cap la cap<br \/>\nDisponibil cu operator bg<\/p>","protected":false},"featured_media":18076,"template":"","meta":{"advanced_seo_description":"","jetpack_seo_html_title":"","jetpack_seo_noindex":false},"product_brand":[],"product_cat":[81],"product_tag":[137,138,136],"class_list":{"0":"post-18075","1":"product","2":"type-product","3":"status-publish","4":"has-post-thumbnail","6":"product_cat-gate-valves","7":"product_tag-16inch-pressure-seal-gate-valve","8":"product_tag-900lb-pressure-seal-gate-valve","9":"product_tag-pressure-seal-gate-valve","11":"first","12":"instock","13":"featured","14":"shipping-taxable","15":"product-type-simple"},"jetpack_sharing_enabled":true,"_links":{"self":[{"href":"https:\/\/oudianvalve.com\/ro\/wp-json\/wp\/v2\/product\/18075","targetHints":{"allow":["GET"]}}],"collection":[{"href":"https:\/\/oudianvalve.com\/ro\/wp-json\/wp\/v2\/product"}],"about":[{"href":"https:\/\/oudianvalve.com\/ro\/wp-json\/wp\/v2\/types\/product"}],"wp:featuredmedia":[{"embeddable":true,"href":"https:\/\/oudianvalve.com\/ro\/wp-json\/wp\/v2\/media\/18076"}],"wp:attachment":[{"href":"https:\/\/oudianvalve.com\/ro\/wp-json\/wp\/v2\/media?parent=18075"}],"wp:term":[{"taxonomy":"product_brand","embeddable":true,"href":"https:\/\/oudianvalve.com\/ro\/wp-json\/wp\/v2\/product_brand?post=18075"},{"taxonomy":"product_cat","embeddable":true,"href":"https:\/\/oudianvalve.com\/ro\/wp-json\/wp\/v2\/product_cat?post=18075"},{"taxonomy":"product_tag","embeddable":true,"href":"https:\/\/oudianvalve.com\/ro\/wp-json\/wp\/v2\/product_tag?post=18075"}],"curies":[{"name":"wp","href":"https:\/\/api.w.org\/{rel}","templated":true}]}}